{"id":1794,"date":"2020-03-30T14:06:18","date_gmt":"2020-03-30T12:06:18","guid":{"rendered":"https:\/\/us.edu.pl\/instytut\/ismuz\/?page_id=1794"},"modified":"2020-03-30T16:32:43","modified_gmt":"2020-03-30T14:32:43","slug":"marcin-zupanski","status":"publish","type":"page","link":"https:\/\/us.edu.pl\/instytut\/ismuz\/pracownicy\/marcin-zupanski\/","title":{"rendered":"dr Marcin \u017bupa\u0144ski"},"content":{"rendered":"<p>[vc_row][vc_column]\r\n                <div class=\"text-modules reverse\">\r\n                    <div class=\"container\">\r\n                        <h3 class=\"section-title section-title_border-bottom\">dr Marcin \u017bupa\u0144ski<\/h3> \r\n                        <div class=\"row m-0\">\r\n                            <div class=\"text-modules__content\">\r\n                                <\/p>\n<p style=\"text-align: justify\"><strong>Marcin \u017bupa\u0144ski<\/strong> &#8211; multiinstrumentalista specjalizuj\u0105cy si\u0119 w\u00a0saksofonach, fletach oraz klarnecie basowym. Absolwent Wydzia\u0142u Jazzu i\u00a0Muzyki Rozrywkowej Akademii Muzycznej w\u00a0Katowicach. Doktor sztuki w\u00a0dyscyplinie &#8211;\u00a0instrumentalistyka. Laureat m.in.\u00a0<em>Jazz Juniors<\/em> oraz innych konkurs\u00f3w jazzowych. Kompozytor, aran\u017cer, muzyk czynnie udzielaj\u0105cy si\u0119 na polskiej i\u00a0zagranicznej scenie muzycznej jako lider w\u0142asnych projekt\u00f3w, a\u00a0tak\u017ce wsp\u00f3\u0142pracuj\u0105cy z\u00a0wieloma formacjami jazzowymi, etnicznymi, rozrywkowymi jak r\u00f3wnie\u017c w\u00a0projektach teatralnych i\u00a0musicalowych.<\/p>\n<p style=\"text-align: justify\">Na swoim koncie mo\u017ce odnotowa\u0107 wyst\u0119py na wielu mi\u0119dzynarodowych festiwalach jazzowych oraz wsp\u00f3\u0142prac\u0119 z\u00a0gwiazdami \u015bwiatowego formatu takimi jak Ron Carter czy Ronie Cuber, a\u00a0tak\u017ce z\u00a0polskimi muzykami takimi jak Marek Grechuta, Grzegorz Turnau, Stanis\u0142aw Sojka, Beata Przybytek, Jose Torres, Janusz Muniak, Urszula Dudziak,\u00a0Jan Ptaszyn Wr\u00f3blewski,\u00a0Piotr Wojtasik, Marek Ba\u0142ata, Kazimierz Jonkisz, Apostolis Anthimos oraz wieloma innymi. Od wielu lat prowadzi dzia\u0142alno\u015b\u0107 pedagogiczn\u0105, obecnie jako adiunkt w\u00a0Instytucie Sztuk Muzycznych na Wydziale Sztuki i\u00a0Nauk o\u00a0Edukacji Uniwersytetu \u015al\u0105skiego w\u00a0Katowicach.<\/p>\n<p>\u00a0 \r\n                                <div class=\"mt-3\"><\/div>\r\n                            <\/div>\r\n                            \r\n                            <div class=\"text-modules__img\"><img src=\"https:\/\/us.edu.pl\/instytut\/ismuz\/wp-content\/uploads\/sites\/54\/Nieprzypisane\/M.-\u017bupa\u0144ski.jpg\" alt=\"img\"><\/div>\r\n                        <\/div>\r\n                    <\/div>\r\n                <\/div>[\/vc_column][\/vc_row]<\/p>","protected":false},"excerpt":{"rendered":"<p>[vc_row][vc_column][\/vc_column][\/vc_row] [&#8230;]<\/p>\n<p><a class=\"btn btn-secondary understrap-read-more-link\" href=\"https:\/\/us.edu.pl\/instytut\/ismuz\/pracownicy\/marcin-zupanski\/\">Read More&#8230;<\/a><\/p>\n","protected":false},"author":362,"featured_media":0,"parent":189,"menu_order":10,"comment_status":"closed","ping_status":"closed","template":"","meta":{"_expiration-date-status":"saved","_expiration-date":0,"_expiration-date-type":"","_expiration-date-categories":[],"_expiration-date-options":[]},"acf":[],"_links":{"self":[{"href":"https:\/\/us.edu.pl\/instytut\/ismuz\/wp-json\/wp\/v2\/pages\/1794"}],"collection":[{"href":"https:\/\/us.edu.pl\/instytut\/ismuz\/wp-json\/wp\/v2\/pages"}],"about":[{"href":"https:\/\/us.edu.pl\/instytut\/ismuz\/wp-json\/wp\/v2\/types\/page"}],"author":[{"embeddable":true,"href":"https:\/\/us.edu.pl\/instytut\/ismuz\/wp-json\/wp\/v2\/users\/362"}],"replies":[{"embeddable":true,"href":"https:\/\/us.edu.pl\/instytut\/ismuz\/wp-json\/wp\/v2\/comments?post=1794"}],"version-history":[{"count":2,"href":"https:\/\/us.edu.pl\/instytut\/ismuz\/wp-json\/wp\/v2\/pages\/1794\/revisions"}],"predecessor-version":[{"id":1812,"href":"https:\/\/us.edu.pl\/instytut\/ismuz\/wp-json\/wp\/v2\/pages\/1794\/revisions\/1812"}],"up":[{"embeddable":true,"href":"https:\/\/us.edu.pl\/instytut\/ismuz\/wp-json\/wp\/v2\/pages\/189"}],"wp:attachment":[{"href":"https:\/\/us.edu.pl\/instytut\/ismuz\/wp-json\/wp\/v2\/media?parent=1794"}],"curies":[{"name":"wp","href":"https:\/\/api.w.org\/{rel}","templated":true}]}}