{"id":1798,"date":"2020-03-30T14:23:05","date_gmt":"2020-03-30T12:23:05","guid":{"rendered":"https:\/\/us.edu.pl\/instytut\/ismuz\/?page_id=1798"},"modified":"2020-03-30T14:23:51","modified_gmt":"2020-03-30T12:23:51","slug":"krzysztof-gawlas","status":"publish","type":"page","link":"https:\/\/us.edu.pl\/instytut\/ismuz\/pracownicy\/krzysztof-gawlas\/","title":{"rendered":"dr hab. Krzysztof Gawlas, prof. U\u015a"},"content":{"rendered":"<p>[vc_row][vc_column]\r\n                <div class=\"text-modules reverse\">\r\n                    <div class=\"container\">\r\n                        <h3 class=\"section-title section-title_border-bottom\">dr hab. Krzysztof Gawlas, prof. U\u015a<\/h3> \r\n                        <div class=\"row m-0\">\r\n                            <div class=\"text-modules__content\">\r\n                                <\/p>\n<p style=\"text-align: justify\"><strong>Krzysztof Gawlas<\/strong> \u2013 kompozytor, improwizator, re\u017cyser d\u017awi\u0119ku, sound designer.\u00a0 W 2006 roku uzyska\u0142 stopie\u0144 doktora a w 2014 doktora habilitowanego sztuki muzycznej, w dyscyplinie naukowej Kompozycja i Teoria Muzyki, na Akademii Muzycznej w Katowicach. Jest absolwentem kierunku Wychowanie Muzyczne, Uniwersytetu \u015al\u0105skiego, Filii w Cieszynie. W roku 2012 odby\u0142 sta\u017c artystyczny w zakresie re\u017cyserii muzycznej na Uniwersytecie Muzycznym Fryderyka Chopina w Warszawie.<\/p>\n<p style=\"text-align: justify\">Zajmuje si\u0119 muzyk\u0105 elektroniczn\u0105 oraz zastosowaniami komputera w kompozycji, wykonawstwie muzyki, syntezie i transformacji oraz projekcji przestrzennej d\u017awi\u0119ku. Uczestniczy\u0142 w kursach muzyki elektronicznej, m. in. organizowanych przez IRCAM w Krakowie i Pary\u017cu. Jego dorobek kompozytorski stanowi\u0105 utwory elektroniczne oraz kameralne z interaktywnym wykorzystaniem \u015brodk\u00f3w elektronicznych. Utwory te by\u0142y wykonywane na wielu presti\u017cowych festiwalach w kraju i za granic\u0105. Kompozycja <em>Spherical Voices I<\/em> uzyska\u0142a w roku 2012 wyr\u00f3\u017cnienie na mi\u0119dzynarodowym konkursie muzyki elektroakustycznej Musica Nova w Pradze.<\/p>\n<p style=\"text-align: justify\">Krzysztof Gawlas wsp\u00f3\u0142pracuje r\u00f3wnie\u017c z innymi kompozytorami tworz\u0105c warstw\u0119 elektroniczn\u0105 ich utwor\u00f3w lub uczestnicz\u0105c w ich wykonaniach. Wa\u017cn\u0105 pozycj\u0119 w jego dorobku artystycznym zajmuj\u0119 projekty multimedialne oraz muzyka do spektakli teatralnych. Inny, r\u00f3wnie\u017c istotny tor jego dzia\u0142alno\u015bci stanowi realizacja nagra\u0144.<\/p>\n<p style=\"text-align: justify\"><a href=\"https:\/\/krzysztofgawlas.bandcamp.com\/music\">https:\/\/krzysztofgawlas.bandcamp.com\/music<\/a><\/p>\n<div class=\"mt-3\"><\/div>\r\n                            <\/div>\r\n                            \r\n                            <div class=\"text-modules__img\"><img src=\"https:\/\/us.edu.pl\/instytut\/ismuz\/wp-content\/uploads\/sites\/54\/Nieprzypisane\/K.-Gawlas1.jpg\" alt=\"img\"><\/div>\r\n                        <\/div>\r\n                    <\/div>\r\n                <\/div>[\/vc_column][\/vc_row]<\/p>","protected":false},"excerpt":{"rendered":"<p>[vc_row][vc_column][\/vc_column][\/vc_row] [&#8230;]<\/p>\n<p><a class=\"btn btn-secondary understrap-read-more-link\" href=\"https:\/\/us.edu.pl\/instytut\/ismuz\/pracownicy\/krzysztof-gawlas\/\">Read More&#8230;<\/a><\/p>\n","protected":false},"author":362,"featured_media":0,"parent":189,"menu_order":10,"comment_status":"closed","ping_status":"closed","template":"","meta":{"_expiration-date-status":"saved","_expiration-date":0,"_expiration-date-type":"","_expiration-date-categories":[],"_expiration-date-options":[]},"acf":[],"_links":{"self":[{"href":"https:\/\/us.edu.pl\/instytut\/ismuz\/wp-json\/wp\/v2\/pages\/1798"}],"collection":[{"href":"https:\/\/us.edu.pl\/instytut\/ismuz\/wp-json\/wp\/v2\/pages"}],"about":[{"href":"https:\/\/us.edu.pl\/instytut\/ismuz\/wp-json\/wp\/v2\/types\/page"}],"author":[{"embeddable":true,"href":"https:\/\/us.edu.pl\/instytut\/ismuz\/wp-json\/wp\/v2\/users\/362"}],"replies":[{"embeddable":true,"href":"https:\/\/us.edu.pl\/instytut\/ismuz\/wp-json\/wp\/v2\/comments?post=1798"}],"version-history":[{"count":1,"href":"https:\/\/us.edu.pl\/instytut\/ismuz\/wp-json\/wp\/v2\/pages\/1798\/revisions"}],"predecessor-version":[{"id":1800,"href":"https:\/\/us.edu.pl\/instytut\/ismuz\/wp-json\/wp\/v2\/pages\/1798\/revisions\/1800"}],"up":[{"embeddable":true,"href":"https:\/\/us.edu.pl\/instytut\/ismuz\/wp-json\/wp\/v2\/pages\/189"}],"wp:attachment":[{"href":"https:\/\/us.edu.pl\/instytut\/ismuz\/wp-json\/wp\/v2\/media?parent=1798"}],"curies":[{"name":"wp","href":"https:\/\/api.w.org\/{rel}","templated":true}]}}