{"id":1802,"date":"2020-03-30T14:45:23","date_gmt":"2020-03-30T12:45:23","guid":{"rendered":"https:\/\/us.edu.pl\/instytut\/ismuz\/?page_id=1802"},"modified":"2025-09-29T10:03:12","modified_gmt":"2025-09-29T08:03:12","slug":"karol-pyka","status":"publish","type":"page","link":"https:\/\/us.edu.pl\/instytut\/ismuz\/pracownicy\/karol-pyka\/","title":{"rendered":"dr hab. Karol Pyka"},"content":{"rendered":"<p>[vc_row][vc_column]\r\n                <div class=\"text-modules reverse\">\r\n                    <div class=\"container\">\r\n                        <h3 class=\"section-title section-title_border-bottom\">dr hab. Karol Pyka<\/h3> \r\n                        <div class=\"row m-0\">\r\n                            <div class=\"text-modules__content\">\r\n                                <strong>Karol Pyka \u2013<\/strong> kompozytor, aran\u017cer, dyrygent, muzyk sesyjny, pedagog w Instytucie Sztuk Muzycznych na Wydziale Sztuki i Nauk o Edukacji Uniwersytetu \u015al\u0105skiego (zatrudniony od pa\u017adziernika 2009 r.).<\/p>\n<p>Absolwent Wydzia\u0142u Artystycznego Uniwersytetu \u015al\u0105skiego specjalizacji dyrygenckiej w\u00a0Instytucie Muzyki oraz specjalno\u015bci Kompozycja i\u00a0aran\u017cacja w\u00a0Instytucie Jazzu Akademii Muzycznej im.\u00a0K.\u00a0Szymanowskiego w\u00a0Katowicach. W\u00a02015\u00a0r. uzyska\u0142 stopie\u0144 doktora w\u00a0dyscyplinie artystycznej dyrygentura, na Wydziale Dyrygentury, Jazzu i\u00a0Edukacji Muzycznej w\u00a0Akademii Muzycznej im.\u00a0F.\u00a0Nowowiejskiego w\u00a0Bydgoszczy, w 2023 r. uzyska\u0142 stopie\u0144 doktora habilitowanego w dyscyplinie Sztuki muzyczne.<\/p>\n<p>Uczestnik licznych konferencji, warsztat\u00f3w oraz wydarze\u0144 muzycznych, koncert\u00f3w i\u00a0festiwali krajowych oraz mi\u0119dzynarodowych w\u00a0roli kompozytora, dyrygenta oraz instrumentalisty. Autor publikacji naukowych oraz opinii wydawnictw Polskiego Wydawnictwa Muzycznego.<\/p>\n<p>W latach 2009-2020 dyrygent Orkiestry Reprezentacyjnej Akademii G\u00f3rniczo-Hutniczej w Krakowie. Z zespo\u0142em tym wyst\u0105pi\u0142 z\u00a0licznymi sukcesami na\u00a0 festiwalach orkiestr d\u0119tych w\u00a0kraju i\u00a0za granic\u0105 (m.in.\u00a0I\u00a0nagroda na festiwalu\u00a0<em>Diffwinds 2010<\/em>\u00a0w\u00a0Luksemburgu, II\u00a0nagroda oraz wyr\u00f3\u017cnienie dla najlepszego dyrygenta podczas\u00a0<em>Festival Internazionale Bande Musicali Giulianova 2013<\/em>\u00a0(W\u0142ochy), Grand Prix podczas XXV Mi\u0119dzynarodowego Festiwalu Orkiestr D\u0119tych &#8222;Z\u0142ota lira&#8221; w\u00a0Rybniku (2016), I miejsce podczas 2019 WAMSB World Championships zorganizowanym przez World Association of Marching Showbands w Calgary (Kanada)).\u00a0 Z Orkiestr\u0105 t\u0105 uczestniczy\u0142 w nagraniu 5 album\u00f3w p\u0142ytowych.<\/p>\n<p>Od 2012 r. dyrygent Cieszy\u0144skiej Orkiestry D\u0119tej Uniwersytetu \u015al\u0105skiego, z kt\u00f3r\u0105 tak\u017ce wyst\u0105pi\u0142 na scenach festiwalowych w kraju i za granic\u0105 (m.in. I miejsce podczas V Mi\u0119dzynarodowego Festiwalu Orkiestr D\u0119tych Gminy Krzy\u017canowice w 2017 r., Srebrny Dyplom podczas XV Mi\u0119dzynarodowego Festiwalu Orkiestr D\u0119tych \u201eZ\u0142ota Tr\u0105bka 2017\u201d, Z\u0142ote Pasmo w konkursie podczas XXI Mi\u0119dzynarodowego Festiwalu Muzyki D\u0119tej Praga 2019, Z\u0142oty Dyplom podczas 12<sup>th<\/sup> International Youth Music Festival w Bratys\u0142awie (S\u0142owacja)). Uczestniczy\u0142 tak\u017ce z tym zespo\u0142em w nagraniu 3 album\u00f3w CD.<\/p>\n<p>W\u00a0latach 2010-2013 dyrygent big bandu studi\u00f3w niestacjonarnych Akademii Muzycznej w\u00a0Katowicach. Kierownik muzyczny oraz dyrygent Zespo\u0142u Pie\u015bni i Ta\u0144ca Ziemi Cieszy\u0144skiej im. Janiny Marcinkowej (2021-2023), obecnie nauczyciel w Pa\u0144stwowej Szkole Muzycznej im. Ignacego Paderewskiego w Cieszynie.<\/p>\n<p>Autor licznych kompozycji i aran\u017cacji orkiestrowych oraz ch\u00f3ralnych, a\u00a0tak\u017ce z gatunku muzyki rozrywkowej i\u00a0jazzowej na r\u00f3\u017cne sk\u0142ady instrumentalne dla licznych instytucji kultury w kraju. Zdobywca nagr\u00f3d i wyr\u00f3\u017cnie\u0144 w konkursach kompozytorskich w kraju oraz zagranic\u0105 (m.in. I miejsce w IV Mi\u0119dzynarodowym Konkursie Kompozytorskim \u201eFide et amore\u201d w \u017borach w 2020 r., III Miejsce w mi\u0119dzynarodowym konkursie Warsaw Wind Ensemble Composition Contest 2020, I Miejsce w konkursie kompozytorskim The Ninth International On-Line JSFest 2021 Composition Competition w Turku (Finlandia)).<\/p>\n<p>&nbsp;<\/p>\n<p><span style=\"font-size: 12pt;\"><a href=\"http:\/\/www.karolpyka.com.pl\/\" target=\"_blank\" rel=\"noopener noreferrer\">www.karolpyka.com.pl<\/a>\u00a0<\/span> \r\n                                <div class=\"mt-3\"><\/div>\r\n                            <\/div>\r\n                            \r\n                            <div class=\"text-modules__img\"><img src=\"https:\/\/us.edu.pl\/instytut\/ismuz\/wp-content\/uploads\/sites\/54\/Nieprzypisane\/K.-Pyka.jpg\" alt=\"img\"><\/div>\r\n                        <\/div>\r\n                    <\/div>\r\n                <\/div>[\/vc_column][\/vc_row]<\/p>","protected":false},"excerpt":{"rendered":"<p>[vc_row][vc_column][\/vc_column][\/vc_row] [&#8230;]<\/p>\n<p><a class=\"btn btn-secondary understrap-read-more-link\" href=\"https:\/\/us.edu.pl\/instytut\/ismuz\/pracownicy\/karol-pyka\/\">Read More&#8230;<\/a><\/p>\n","protected":false},"author":362,"featured_media":0,"parent":189,"menu_order":10,"comment_status":"closed","ping_status":"closed","template":"","meta":{"_expiration-date-status":"","_expiration-date":0,"_expiration-date-type":"","_expiration-date-categories":[],"_expiration-date-options":[]},"acf":[],"_links":{"self":[{"href":"https:\/\/us.edu.pl\/instytut\/ismuz\/wp-json\/wp\/v2\/pages\/1802"}],"collection":[{"href":"https:\/\/us.edu.pl\/instytut\/ismuz\/wp-json\/wp\/v2\/pages"}],"about":[{"href":"https:\/\/us.edu.pl\/instytut\/ismuz\/wp-json\/wp\/v2\/types\/page"}],"author":[{"embeddable":true,"href":"https:\/\/us.edu.pl\/instytut\/ismuz\/wp-json\/wp\/v2\/users\/362"}],"replies":[{"embeddable":true,"href":"https:\/\/us.edu.pl\/instytut\/ismuz\/wp-json\/wp\/v2\/comments?post=1802"}],"version-history":[{"count":7,"href":"https:\/\/us.edu.pl\/instytut\/ismuz\/wp-json\/wp\/v2\/pages\/1802\/revisions"}],"predecessor-version":[{"id":5488,"href":"https:\/\/us.edu.pl\/instytut\/ismuz\/wp-json\/wp\/v2\/pages\/1802\/revisions\/5488"}],"up":[{"embeddable":true,"href":"https:\/\/us.edu.pl\/instytut\/ismuz\/wp-json\/wp\/v2\/pages\/189"}],"wp:attachment":[{"href":"https:\/\/us.edu.pl\/instytut\/ismuz\/wp-json\/wp\/v2\/media?parent=1802"}],"curies":[{"name":"wp","href":"https:\/\/api.w.org\/{rel}","templated":true}]}}