{"id":1836,"date":"2020-03-31T09:52:07","date_gmt":"2020-03-31T07:52:07","guid":{"rendered":"https:\/\/us.edu.pl\/instytut\/ismuz\/?page_id=1836"},"modified":"2020-03-31T09:59:09","modified_gmt":"2020-03-31T07:59:09","slug":"anna-kijanowska","status":"publish","type":"page","link":"https:\/\/us.edu.pl\/instytut\/ismuz\/pracownicy\/anna-kijanowska\/","title":{"rendered":"dr hab. Anna Kijanowska, prof. U\u015a"},"content":{"rendered":"<p>[vc_row][vc_column]\r\n                <div class=\"text-modules reverse\">\r\n                    <div class=\"container\">\r\n                        <h3 class=\"section-title section-title_border-bottom\">dr hab. Anna Kijanowska, prof. U\u015a<\/h3> \r\n                        <div class=\"row m-0\">\r\n                            <div class=\"text-modules__content\">\r\n                                <\/p>\n<p style=\"text-align: justify\"><strong>Anna Kijanowska<\/strong> &#8211; pianistka, kameralistka, pedagog, pracownik Instytutu Sztuk Muzycznych w\u00a0Cieszynie na Wydziale Sztuki i\u00a0Nauk o\u00a0Edukacji Uniwersytetu \u015al\u0105skiego w\u00a0Katowicach. Zaanga\u017cowana w\u00a0r\u00f3\u017cne aspekty dzia\u0142alno\u015bci artystycznej z\u00a0\u0142atwo\u015bci\u0105 godzi publiczne wyst\u0119py na estradach sal koncertowych z\u00a0prac\u0105 pedagoga, wyk\u0142adowcy, a\u00a0przede wszystkim z\u00a0popularyzowaniem muzyki klasycznej na ca\u0142ym \u015bwiecie. Koncertowa\u0142a oraz wyk\u0142ada\u0142a w\u00a0Ameryce P\u00f3\u0142nocnej i\u00a0Po\u0142udniowej, Afryce, Azji, Europie, Australii i\u00a0Nowej Zelandii.<\/p>\n<p style=\"text-align: justify\">Pierwsze kroki na drodze do muzycznej kariery Kijanowskiej stanowi\u0142a edukacja &#8211; najpierw szko\u0142a muzyczna w\u00a0Bielsku-Bia\u0142ej, a\u00a0nast\u0119pnie Akademia Muzyczna im.\u00a0Karola Szymanowskiego w\u00a0Katowicach pod kierunkiem profesora J\u00f3zefa Stompla. Po uzyskaniu stopnia magistra w\u00a0Akademii Muzycznej we Wroc\u0142awiu w\u00a0klasie prof.\u00a0W\u0142odzimierza Obidowicza otrzyma\u0142a stypendium umo\u017cliwiaj\u0105ce nauk\u0119 u\u00a0dr\u00a0Madeleine Forte (uczennicy Alfreda Cortota, Rosine Lh\u00e9vinne, Wilhelma Kempffa) na Boise State University w\u00a0Stanach Zjednoczonych. Nast\u0119pnie uzyska\u0142a tytu\u0142 doktora na Manhattan School of Music w\u00a0Nowym Jorku, gdzie kszta\u0142ci\u0142a si\u0119 pod okiem Byrona Janisa (ucznia W\u0142adimira Horowitza i\u00a0Rosine Lh\u00e9vinne), Mykoli Suka (ucznia Lwa W\u0142asenko), Sary Davis Buechner (uczennicy Rudolfa Firkun\u00fd&#8217;ego i\u00a0Mieczys\u0142awa M\u00fcnza) i\u00a0Marca Silvermana.<\/p>\n<p style=\"text-align: justify\">W latach 2005-2014 Anna Kijanowska by\u0142a wyk\u0142adowc\u0105 w\u00a0College of William and Mary w\u00a0Wirginii (USA), a\u00a0nast\u0119pnie wygra\u0142a konkurs Fundacji Ko\u015bciuszkowskiej w\u00a0Nowym Jorku na stanowisko pierwszego profesora wizytuj\u0105cego w\u00a0katedrze <em>Artes Liberales<\/em> przy Uniwersytecie Warszawskim. Wcze\u015bniej wyk\u0142ada\u0142a te\u017c fortepian, pedagogik\u0119 i\u00a0muzyk\u0119 kameraln\u0105 na uniwersytecie w\u00a0Richmond, Nevadzie w\u00a0Las Vegas, Uniwersytecie w\u00a0Wirginii w\u00a0Charlottesville i\u00a0w\u00a0Levine School of Music w\u00a0Waszyngtonie.<\/p>\n<p style=\"text-align: justify\">Za swoje zas\u0142ugi na polu kszta\u0142cenia muzycznego i\u00a0pracy pedagogicznej Kijanowska zyska\u0142a mi\u0119dzynarodowe uznanie. Wyg\u0142asza go\u015bcinne wyk\u0142ady, prowadzi warsztaty i\u00a0wyst\u0119puje z\u00a0recitalami w\u00a0wielu czo\u0142owych uczelniach i\u00a0konserwatoriach, w\u0142\u0105cznie z\u00a0konserwatorium muzycznym Yong Siew Toh na Narodowym Uniwersytecie Singapuru, Akademi\u0105 Sztuk Pi\u0119knych w\u00a0Nanyang i\u00a0LaSalle College of Arts w\u00a0Singapurze, w\u00a0Hochschule f\u00fcr Music und Darstellende Kunst we Frankfurcie nad Menem (Niemcy), w\u00a0konserwatoriach w\u00a0Sydney (Australia), Limie (Peru) oraz Pekinie i\u00a0Xinghai Conservatory of Music w\u00a0Kantonie (Chiny), New Zealand School of Music na Uniwersytecie Wiktorii w\u00a0Wellington (Nowa Zelandia), na Australijskim Uniwersytecie Narodowym w\u00a0Canberze, Yayasan Pendidikan Music Conservatory w\u00a0D\u017cakarcie (Indonezja), North-West University w\u00a0Afryce Po\u0142udniowej, Royal University of Santo Tomas na Filipinach, na uniwersytetach w\u00a0Arizonie, Utah, Nevadzie, Wirginii i\u00a0Kalifornii, w\u00a0Bard College w\u00a0Nowym Jorku, na Uniwersytecie Harvarda w\u00a0Cambridge, Yale w\u00a0New Haven i\u00a0innych.<\/p>\n<div class=\"mt-3\"><\/div>\r\n                            <\/div>\r\n                            \r\n                            <div class=\"text-modules__img\"><img src=\"https:\/\/us.edu.pl\/instytut\/ismuz\/wp-content\/uploads\/sites\/54\/Nieprzypisane\/A.-Kijanowska.jpg\" alt=\"img\"><\/div>\r\n                        <\/div>\r\n                    <\/div>\r\n                <\/div>\r\n                <div class=\"text-modules\">\r\n                    <div class=\"container\">\r\n                        \r\n                        <div class=\"text-modules__content\"><\/p>\n<p style=\"text-align: justify\">W 2007 ameryka\u0144ski <em>The New York Times<\/em> uzna\u0142 Kijanowsk\u0105 za &#8222;wy\u015bmienit\u0105 m\u0142od\u0105 polsk\u0105 pianistk\u0119&#8221;. Koncerty Kijanowskiej doskonale odzwierciedlaj\u0105 osza\u0142amiaj\u0105c\u0105 r\u00f3\u017cnorodno\u015b\u0107 wsp\u00f3\u0142czesnej zglobalizowanej sceny muzyki klasycznej &#8211; artystka czuje si\u0119 w\u00a0swoim \u017cywiole zar\u00f3wno na scenie presti\u017cowej Carnegie Hall, jak i\u00a0na stepach Mongolii. W\u00a0Nowym Jorku zadebiutowa\u0142a w\u00a01997 roku, a\u00a0jej wyst\u0119p na \u017cywo transmitowa\u0142a nowojorska stacja WQXR. Od tamtej pory koncertowa\u0142a w\u00a0Carnegie Hall oraz Merkin Concert Hall (Nowy Jork), w\u00a0John F.\u00a0Kennedy Center for the Performing Arts i\u00a0w\u00a0National Gallery of Art (Waszyngton), a\u00a0tak\u017ce w\u00a0tak nadzwyczajnych miejscach, jak dorzecze Amazonki (Brazylia), Himalaje (Nepal) i\u00a0wreszcie Mongolia. Wykonanie przez Kijanowsk\u0105 mazurk\u00f3w Karola Szymanowskiego (DUX) zdoby\u0142o uznanie Adriana Corleonisa z\u00a0<em>Fanfare Magazine<\/em> jako &#8222;dalece przewy\u017cszaj\u0105ce wszystkie wcze\u015bniejsze interpretacje, a\u00a0zapewne i\u00a0te, kt\u00f3re pojawi\u0105 si\u0119 p\u00f3\u017aniej&#8221; i\u00a0otrzyma\u0142o pochlebne recenzje po obu stronach Atlantyku, cho\u0107by na \u0142amach wspomnianego ju\u017c dziennika <em>The New York Times<\/em> i\u00a0<em>BBC Magazine<\/em>. Pan Leonard z\u00a0<em>All Music Guide<\/em> napisa\u0142: &#8222;wyst\u0119py Kijanowskiej s\u0105 niesamowicie wirtuozowskie, osza\u0142amiaj\u0105co charyzmatyczne, zdumiewaj\u0105co g\u0142\u0119bokie i\u00a0nieodparcie fascynuj\u0105ce&#8221;. Natomiast pan Muse z\u00a0<em>Classic Reviews<\/em> nazwa\u0142 jej gr\u0119 &#8222;objawieniem&#8221;.<\/p>\n<p style=\"text-align: justify\">Jako koncertuj\u0105ca solistka i\u00a0kameralistka wzi\u0119\u0142a udzia\u0142 w\u00a0wielu festiwalach europejskich, m.in.\u00a0w\u00a0festiwalu Allena Forte na Uniwersytecie Yale w\u00a0Stanach Zjednoczonych (2018), w\u00a0Kijowie i\u00a0Chernighovie na Ukrainie (2003 i\u00a02007), Festiwalu Polart w\u00a0Australii (2012), Festiwalu Kompozytor\u00f3w Polskich pod patronatem Henryka Miko\u0142aja G\u00f3reckiego w\u00a0Bielsku-Bia\u0142ej (2008 i\u00a02009), w\u00a0Quartet Program na uniwersytecie w\u00a0Bucknell (USA, 2003) w\u00a0SUNY Fredonia (2004) w\u00a0Nowym Jorku i\u00a0Festiwalu Interharmony (2012 i 2013) and Clazz (2017 i\u00a02018) we\u00a0W\u0142oszech. Podczas tych wydarze\u0144 wyst\u0105pi\u0142a z\u00a0wieloma znanymi muzykami i\u00a0orkiestrami, w\u00a0tym ze skrzypkami Charlesem Castlemanem, Sharon Roffman i\u00a0Ayano Ninomiy\u0105 z\u00a0Ying Quartet, pianist\u0105 Blairem McMillenem z\u00a0Da Capo Chamber Players i\u00a0orkiestrami Hubei Symphony w\u00a0Chinach, Orquestra Sinf\u00f4nica do Paran\u00e1 w\u00a0Brazylii i\u00a0Filharmoni\u0105 \u015alask\u0105. Jej koncerty transmitowa\u0142y stacje WQXR i\u00a0WNYC w\u00a0Nowym Jorku, Chigaco Radio, Radio New Zealand, SBS National Public Broadcasting w\u00a0Australii. Wyst\u0119powa\u0142a r\u00f3wnie\u017c dla telewizji w\u00a0Polsce, Ukrainie, Brazylii, Australii, Nowej Zelandii i\u00a0Tajlandii.<\/p>\n<p style=\"text-align: justify\">Kijanowska zasiada te\u017c w\u00a0jury wielu mi\u0119dzynarodowych konkurs\u00f3w, m.in.\u00a0Yamaha Piano Competition w\u00a0Kantonie (Chiny), konkurs\u00f3w chopinowskich w\u00a0Nowym Jorku i\u00a0Indonezji, a\u00a0tak\u017ce w\u00a0Tennessee Piano Competition, Nashville, MTNA (Music Teachers National Association) Competition oraz Washington International Competition w\u00a0Stanach Zjednoczonych. Sama r\u00f3wnie\u017c zwyci\u0119\u017cy\u0142a w\u00a0licznych konkursach krajowych i\u00a0mi\u0119dzynarodowych. Dzi\u0119ki temu otrzyma\u0142a stypendium Fundacji Ko\u015bciuszkowskiej, Jewish Foundation for Education of Women, The Madeleine Forte Foundation, nowojorskiej Manhattan School of Music oraz warszawskiej Fundacji im.\u00a0Stefana Batorego i\u00a0Fundacji im.\u00a0Adama Mickiewicza.<\/p>\n<p style=\"text-align: justify\">W \u00a0017 uczestniczy\u0142a w\u00a0pracach przygotowawczych\u00a0 mi\u0119dzynarodowego projektu badawczego programu <em>Horyzont 2020, <\/em>pt. <em>Digitalizacja manuskrypt<\/em><em>\u00f3<\/em><em>w\u00a0muzycznych<\/em>. W\u00a0tym samym roku by\u0142a organizatorem i\u00a0kierownikiem artystycznym mi\u0119dzynarodowej konferencji pt.\u00a0<em>Nowe osobowo\u015bci w muzyce wsp\u00f3\u0142czesnej, <\/em>na Wydziale Artystycznym w\u00a0Cieszynie Uniwersytetu \u015al\u0105skiego w\u00a0Katowicach. Jest autork\u0105 monografii po\u015bwi\u0119conej mazurkom Karola Szymanowskiego, pt.\u00a0<em>Embracing Folk Material and Finding the New Objectivity: Karol Szymanowski\u2019s Twenty Mazurkas Op.\u00a050 and Two Mazurkas Op.\u00a062 <\/em>(Wydawnictwo Uniwersytetu \u015al\u0105skiego, 2018). W\u00a02018 ukaza\u0142a si\u0119 jej druga p\u0142yta solowa zatytu\u0142owana <em>Lush,<\/em> wydana przez presti\u017cow\u0105 firm\u0119 fonograficzn\u0105 w\u00a0Nowym Jorku &#8211; Romeo Records.<\/p>\n<p style=\"text-align: justify\"><a href=\"https:\/\/www.annakijanowska.com\">https:\/\/www.annakijanowska.com<\/a><\/p>\n<p>\n<\/div>\r\n                    <\/div>\r\n                <\/div>[\/vc_column][\/vc_row]<\/p>","protected":false},"excerpt":{"rendered":"<p>[vc_row][vc_column][\/vc_column][\/vc_row] [&#8230;]<\/p>\n<p><a class=\"btn btn-secondary understrap-read-more-link\" href=\"https:\/\/us.edu.pl\/instytut\/ismuz\/pracownicy\/anna-kijanowska\/\">Read More&#8230;<\/a><\/p>\n","protected":false},"author":362,"featured_media":0,"parent":189,"menu_order":10,"comment_status":"closed","ping_status":"closed","template":"","meta":{"_expiration-date-status":"saved","_expiration-date":0,"_expiration-date-type":"","_expiration-date-categories":[],"_expiration-date-options":[]},"acf":[],"_links":{"self":[{"href":"https:\/\/us.edu.pl\/instytut\/ismuz\/wp-json\/wp\/v2\/pages\/1836"}],"collection":[{"href":"https:\/\/us.edu.pl\/instytut\/ismuz\/wp-json\/wp\/v2\/pages"}],"about":[{"href":"https:\/\/us.edu.pl\/instytut\/ismuz\/wp-json\/wp\/v2\/types\/page"}],"author":[{"embeddable":true,"href":"https:\/\/us.edu.pl\/instytut\/ismuz\/wp-json\/wp\/v2\/users\/362"}],"replies":[{"embeddable":true,"href":"https:\/\/us.edu.pl\/instytut\/ismuz\/wp-json\/wp\/v2\/comments?post=1836"}],"version-history":[{"count":4,"href":"https:\/\/us.edu.pl\/instytut\/ismuz\/wp-json\/wp\/v2\/pages\/1836\/revisions"}],"predecessor-version":[{"id":1841,"href":"https:\/\/us.edu.pl\/instytut\/ismuz\/wp-json\/wp\/v2\/pages\/1836\/revisions\/1841"}],"up":[{"embeddable":true,"href":"https:\/\/us.edu.pl\/instytut\/ismuz\/wp-json\/wp\/v2\/pages\/189"}],"wp:attachment":[{"href":"https:\/\/us.edu.pl\/instytut\/ismuz\/wp-json\/wp\/v2\/media?parent=1836"}],"curies":[{"name":"wp","href":"https:\/\/api.w.org\/{rel}","templated":true}]}}