{"id":1849,"date":"2020-03-31T15:05:08","date_gmt":"2020-03-31T13:05:08","guid":{"rendered":"https:\/\/us.edu.pl\/instytut\/ismuz\/?page_id=1849"},"modified":"2020-03-31T15:05:41","modified_gmt":"2020-03-31T13:05:41","slug":"dariusz-gorniok","status":"publish","type":"page","link":"https:\/\/us.edu.pl\/instytut\/ismuz\/pracownicy\/dariusz-gorniok\/","title":{"rendered":"mgr Dariusz G\u00f3rniok"},"content":{"rendered":"<p>[vc_row][vc_column]\r\n                <div class=\"text-modules reverse\">\r\n                    <div class=\"container\">\r\n                        <h3 class=\"section-title section-title_border-bottom\">mgr Dariusz G\u00f3rniok<\/h3> \r\n                        <div class=\"row m-0\">\r\n                            <div class=\"text-modules__content\">\r\n                                <\/p>\n<p style=\"text-align: justufy\"><strong>Dariusz G\u00f3rniok<\/strong> &#8211; absolwent Wydzia\u0142u Jazzu i\u00a0Muzyki Rozrywkowej Akademii Muzycznej im.\u00a0K.\u00a0Szymanowskiego w\u00a0Katowicach oraz Uniwersytetu \u015al\u0105skiego w\u00a0Katowicach.<\/p>\n<p style=\"text-align: justufy\">Jako kompozytor i\u00a0pianista znany jest g\u0142\u00f3wnie jako autor muzyki do film\u00f3w Jana Jakuba Kolskiego takich jak \u201eAfonia i\u00a0pszczo\u0142y\u201d, \u201eWenecja\u201d, \u201eZabi\u0107 bobra\u201d, \u201eSerce serduszko\u201d czy \u201eU\u0142askawienie\u201d. Jest r\u00f3wnie\u017c autorem muzyki do wielu innych form audiowizualnych takich jak: film dokumentalny, muzyka teatralna, reklama\u00a0tv czy serial\u00a0tv. Swoje zainteresowania rozwija na gruncie kompozycji muzyki klasycznej, ch\u00f3ralnej i\u00a0jazzowej. Jako kompozytor skupia si\u0119 na badaniu wp\u0142ywu r\u00f3\u017cnych styl\u00f3w muzycznych w\u00a0sztukach audiowizualnych.<\/p>\n<p style=\"text-align: justufy\">Dariusz G\u00f3rniok jest autorem fanfary skomponowanej dla Uniwersytetu \u015al\u0105skiego w\u00a0Katowicach z\u00a0okazji jubileuszu 50-lecia.<\/p>\n<div class=\"mt-3\"><\/div>\r\n                            <\/div>\r\n                            \r\n                            <div class=\"text-modules__img\"><img src=\"https:\/\/us.edu.pl\/instytut\/ismuz\/wp-content\/uploads\/sites\/54\/Nieprzypisane\/D.-G\u00f3rniok1.jpg\" alt=\"img\"><\/div>\r\n                        <\/div>\r\n                    <\/div>\r\n                <\/div>[\/vc_column][\/vc_row]<\/p>","protected":false},"excerpt":{"rendered":"<p>[vc_row][vc_column][\/vc_column][\/vc_row] [&#8230;]<\/p>\n<p><a class=\"btn btn-secondary understrap-read-more-link\" href=\"https:\/\/us.edu.pl\/instytut\/ismuz\/pracownicy\/dariusz-gorniok\/\">Read More&#8230;<\/a><\/p>\n","protected":false},"author":362,"featured_media":0,"parent":189,"menu_order":0,"comment_status":"closed","ping_status":"closed","template":"","meta":{"_expiration-date-status":"saved","_expiration-date":0,"_expiration-date-type":"","_expiration-date-categories":[],"_expiration-date-options":[]},"acf":[],"_links":{"self":[{"href":"https:\/\/us.edu.pl\/instytut\/ismuz\/wp-json\/wp\/v2\/pages\/1849"}],"collection":[{"href":"https:\/\/us.edu.pl\/instytut\/ismuz\/wp-json\/wp\/v2\/pages"}],"about":[{"href":"https:\/\/us.edu.pl\/instytut\/ismuz\/wp-json\/wp\/v2\/types\/page"}],"author":[{"embeddable":true,"href":"https:\/\/us.edu.pl\/instytut\/ismuz\/wp-json\/wp\/v2\/users\/362"}],"replies":[{"embeddable":true,"href":"https:\/\/us.edu.pl\/instytut\/ismuz\/wp-json\/wp\/v2\/comments?post=1849"}],"version-history":[{"count":1,"href":"https:\/\/us.edu.pl\/instytut\/ismuz\/wp-json\/wp\/v2\/pages\/1849\/revisions"}],"predecessor-version":[{"id":1852,"href":"https:\/\/us.edu.pl\/instytut\/ismuz\/wp-json\/wp\/v2\/pages\/1849\/revisions\/1852"}],"up":[{"embeddable":true,"href":"https:\/\/us.edu.pl\/instytut\/ismuz\/wp-json\/wp\/v2\/pages\/189"}],"wp:attachment":[{"href":"https:\/\/us.edu.pl\/instytut\/ismuz\/wp-json\/wp\/v2\/media?parent=1849"}],"curies":[{"name":"wp","href":"https:\/\/api.w.org\/{rel}","templated":true}]}}