{"id":2,"date":"2019-10-28T12:16:03","date_gmt":"2019-10-28T11:16:03","guid":{"rendered":"https:\/\/us.edu.pl\/ismuz\/?page_id=2"},"modified":"2026-04-09T15:04:17","modified_gmt":"2026-04-09T13:04:17","slug":"przykladowa-strona","status":"publish","type":"page","link":"https:\/\/us.edu.pl\/instytut\/ismuz\/","title":{"rendered":"Strona g\u0142\u00f3wna"},"content":{"rendered":"<p>[vc_row][vc_column]\n            <div data-autotime=\"5\" class=\"slider reverse color_white bg_\" >\n                  <div class=\"slide slide_css\">\n                     <div class=\"slide__content_container container\">\n                        <div class=\"slide__content\">\n                           <a href=\"\" class=\"slide__link\">\n                              <div class=\"slide__title\">Instytut Sztuk Muzycznych<\/div>\n                              <div class=\"slide__text\">Od 2019 roku instytut badawczy kontynuuj\u0105cy tradycje i dorobek artystyczno-naukowy dzia\u0142aj\u0105cego od 1971 roku Instytutu Muzyki.<\/div>\n                           <\/a>\n                        <\/div>\n                     <\/div>\n                     <a href=\"\" class=\"slide__img thumbnail\"\n                           style=\"background-image: url('https:\/\/us.edu.pl\/instytut\/ismuz\/wp-content\/uploads\/sites\/54\/Nieprzypisane\/Slider-g\u0142\u00f3wny1-1100x575.jpg')\">\n                           <span class=\"d-none\">Instytut Sztuk Muzycznych Od 2019 roku instytut badawczy kontynuuj\u0105cy tradycje i dorobek artystyczno-naukowy dzia\u0142aj\u0105cego od 1971 roku Instytutu Muzyki.<\/span>\n                     <\/a>\n                  <\/div>\n                  <div class=\"slide slide_css\">\n                     <div class=\"slide__content_container container\">\n                        <div class=\"slide__content\">\n                           <a href=\"\" class=\"slide__link\">\n                              <div class=\"slide__title\">Instytut Sztuk Muzycznych<\/div>\n                              <div class=\"slide__text\">Od 2019 roku instytut badawczy kontynuuj\u0105cy tradycje i dorobek artystyczno-naukowy dzia\u0142aj\u0105cego od 1971 roku Instytutu Muzyki.<\/div>\n                           <\/a>\n                        <\/div>\n                     <\/div>\n                     <a href=\"\" class=\"slide__img thumbnail\"\n                           style=\"background-image: url('https:\/\/us.edu.pl\/instytut\/ismuz\/wp-content\/uploads\/sites\/54\/Nieprzypisane\/Slajder1a-1100x575.jpg')\">\n                           <span class=\"d-none\">Instytut Sztuk Muzycznych Od 2019 roku instytut badawczy kontynuuj\u0105cy tradycje i dorobek artystyczno-naukowy dzia\u0142aj\u0105cego od 1971 roku Instytutu Muzyki.<\/span>\n                     <\/a>\n                  <\/div>\n                  <div class=\"slide slide_css\">\n                     <div class=\"slide__content_container container\">\n                        <div class=\"slide__content\">\n                           <a href=\"\" class=\"slide__link\">\n                              <div class=\"slide__title\">Instytut Sztuk Muzycznych<\/div>\n                              <div class=\"slide__text\">Od 2019 roku instytut badawczy kontynuuj\u0105cy tradycje i dorobek artystyczno-naukowy dzia\u0142aj\u0105cego od 1971 roku Instytutu Muzyki.<\/div>\n                           <\/a>\n                        <\/div>\n                     <\/div>\n                     <a href=\"\" class=\"slide__img thumbnail\"\n                           style=\"background-image: url('https:\/\/us.edu.pl\/instytut\/ismuz\/wp-content\/uploads\/sites\/54\/Nieprzypisane\/Slider-g\u0142\u00f3wny3-1100x575.jpg')\">\n                           <span class=\"d-none\">Instytut Sztuk Muzycznych Od 2019 roku instytut badawczy kontynuuj\u0105cy tradycje i dorobek artystyczno-naukowy dzia\u0142aj\u0105cego od 1971 roku Instytutu Muzyki.<\/span>\n                     <\/a>\n                  <\/div>\n                  <div class=\"slide slide_css\">\n                     <div class=\"slide__content_container container\">\n                        <div class=\"slide__content\">\n                           <a href=\"\" class=\"slide__link\">\n                              <div class=\"slide__title\">Instytut Sztuk Muzycznych<\/div>\n                              <div class=\"slide__text\">Od 2019 roku instytut badawczy kontynuuj\u0105cy tradycje i dorobek artystyczno-naukowy dzia\u0142aj\u0105cego od 1971 roku Instytutu Muzyki.<\/div>\n                           <\/a>\n                        <\/div>\n                     <\/div>\n                     <a href=\"\" class=\"slide__img thumbnail\"\n                           style=\"background-image: url('https:\/\/us.edu.pl\/instytut\/ismuz\/wp-content\/uploads\/sites\/54\/Nieprzypisane\/Na-nag\u0142\u00f3wek2-1100x575.jpg')\">\n                           <span class=\"d-none\">Instytut Sztuk Muzycznych Od 2019 roku instytut badawczy kontynuuj\u0105cy tradycje i dorobek artystyczno-naukowy dzia\u0142aj\u0105cego od 1971 roku Instytutu Muzyki.<\/span>\n                     <\/a>\n                  <\/div>\n                  <div class=\"slide slide_css\">\n                     <div class=\"slide__content_container container\">\n                        <div class=\"slide__content\">\n                           <a href=\"https:\/\/us.edu.pl\/ukraina\/\" class=\"slide__link\">\n                              <div class=\"slide__title\">Solidarni z Ukrain\u0105 \/ C\u043e\u043b\u0456\u0434\u0430\u0440\u043d\u0456 \u0437 \u0423\u043a\u0440\u0430\u0457\u043d\u043e\u044e<\/div>\n                              <div class=\"slide__text\">Uruchomiono stron\u0119 internetow\u0105, gdzie znajd\u0105 si\u0119 wszystkie niezb\u0119dne informacje na temat naszych dzia\u0142a\u0144 i wsparcia dla os\u00f3b pochodz\u0105cych z Ukrainy. Strona jest na bie\u017c\u0105co aktualizowana<\/div>\n                           <\/a>\n                        <\/div>\n                     <\/div>\n                     <a href=\"https:\/\/us.edu.pl\/ukraina\/\" class=\"slide__img thumbnail\"\n                           style=\"background-image: url('https:\/\/us.edu.pl\/instytut\/ismuz\/wp-content\/uploads\/sites\/54\/2022\/02\/US_www_pomoc_ukraina-1095x575.png')\">\n                           <span class=\"d-none\">Solidarni z Ukrain\u0105 \/ C\u043e\u043b\u0456\u0434\u0430\u0440\u043d\u0456 \u0437 \u0423\u043a\u0440\u0430\u0457\u043d\u043e\u044e Uruchomiono stron\u0119 internetow\u0105, gdzie znajd\u0105 si\u0119 wszystkie niezb\u0119dne informacje na temat naszych dzia\u0142a\u0144 i wsparcia dla os\u00f3b pochodz\u0105cych z Ukrainy. Strona jest na bie\u017c\u0105co aktualizowana<\/span>\n                     <\/a>\n                  <\/div>\n                <div class=\"slider__controls\">\n                    <div class=\"slider__dots\"><\/div>\n                    <div class=\"slider__actions\">\n                        <a href=\"#\" class=\"arrow\" data-direction=\"prev\" title=\"poprzedni slajd\">\n                            <em class=\"ci ci-arrow-left\"><\/em>\n                            <span class=\"d-none\">control<\/span>\n                        <\/a>\n            \n                        <a href=\"#\" class=\"start-pause\" data-action=\"stop\" title=\"wstrzymaj poruszanie si\u0119 slajd\u00f3w\">\n                            <em class=\"ci ci-pause\"><\/em>\n                            <span class=\"d-none\">control<\/span>\n                        <\/a>\n            \n                       \n                        <a href=\"#\" class=\"arrow\" data-direction=\"next\"  title=\"Kolejny slajd\" >\n                            <em class=\"ci ci-arrow-right\"><\/em>\n                            <span class=\"d-none\">control<\/span>\n                        <\/a>\n                    <\/div>\n                <\/div>\n            <\/div>\n\t\t\t\t<input type=\"hidden\" name=\"promoted_only\" value=\"\">\n\t\t\t\t<input type=\"hidden\" name=\"order\" value=\"DESC\">\n\t\t\t\t<input type=\"hidden\" name=\"order_by\" value=\"post_modified\">\n\n\t\t\t\t<div class=\"article-loop loop-section article-loop_tall color-blue\" style=\"background: #EBEBEB\">\n\t\t\t\t\t <div class=\"container \">\n\t\t\t\t\t \t<div class=\"col-12 article-loop-gutter-left\">\n\t\t\t\t\t\t  <div class=\"article-loop-top loop-section-top\">\n\t\t\t\t\t\t\t\t<h2 class=\"section-title\">Wiadomo\u015bci instytutowe<\/h2><div class=\"article-loop-top_right loop-section-top__right\" >    <a href = \"\/instytut\/ismuz\/category\/wiadomosci\" class=\"link-button \" > Wszystko<\/a><\/div>  \n\t\t\t\t\t\t  <\/div>\n\t\t\t\t\t\t  <div class=\"article-loop-main carousel\" data-home-url=\"https:\/\/us.edu.pl\/instytut\/ismuz\" >\n\t\t\t\t\t\t\t\t<a href = \"#\" data-slide = \"prev\" title=\"przesu\u0144 pasek Wiadomo\u015bci instytutowew lewo\" class=\"arrow\" >\n\t\t\t\t\t\t\t\t\t <em class=\"ci ci-arrow-left\" ><\/em >\n\t\t\t\t\t\t\t\t\t <span class=\"d-none\" > arrow<\/span >\n\t\t\t\t\t\t\t\t<\/a>\n\t \n\t\t\t\t\t\t\t\t<a href = \"#\" data-slide = \"next\" title=\"przesu\u0144 pasek Wiadomo\u015bci instytutowe w prawo\" class=\"arrow\" >\n\t\t\t\t\t\t\t\t\t <em class=\"ci ci-arrow-right\" ><\/em >\n\t\t\t\t\t\t\t\t\t <span class=\"d-none\" > arrow<\/span >\n\t\t\t\t\t\t\t\t<\/a>\n\t\t\t\t\t\t\t\t<div class=\"row items\" >\n\t\t\t\t\t\t\t\t\t \r\n            <article class=\"article-loop-post carousel-slide\">\r\n                <a href=\"https:\/\/us.edu.pl\/instytut\/ismuz\/2026\/03\/12\/harmonogram-lekcji-otwartych\/\" class=\"article-loop-post__thumbnail thumbnail\"\r\n                    style=\"background-image: url(https:\/\/us.edu.pl\/instytut\/ismuz\/wp-content\/uploads\/sites\/54\/Nieprzypisane\/komunikat-1-300x212.jpg)\">\r\n                    <span>wi\u0119cej<\/span>\r\n                <\/a>\r\n\r\n                <div class=\"article-loop-post__content\">\r\n                    <h3 class=\"article-loop-post__title\">\r\n                        <a href=\"https:\/\/us.edu.pl\/instytut\/ismuz\/2026\/03\/12\/harmonogram-lekcji-otwartych\/\">Harmonogram lekcji otwartych<\/a>\r\n                    <\/h3>\r\n            \r\n                    <div class=\"article-loop-post__categories\">\r\n                        <a href=\"https:\/\/us.edu.pl\/instytut\/ismuz\/category\/wiadomosci\/\">Wiadomo\u015bci<\/a>\r\n                    <\/div>    \r\n                <\/div>\r\n            <\/article>\r\n        \r\n            <article class=\"article-loop-post carousel-slide\">\r\n                <a href=\"https:\/\/us.edu.pl\/instytut\/ismuz\/2026\/03\/03\/iii-miedzynarodowa-konferencja-artystyczno-naukowa-pianistyki-i-edukacji-muzycznej\/\" class=\"article-loop-post__thumbnail thumbnail\"\r\n                    style=\"background-image: url(https:\/\/us.edu.pl\/instytut\/ismuz\/wp-content\/uploads\/sites\/54\/Bez-kategorii\/PL-Konferencja-MusicAlive-Plakat-618x800.jpg)\">\r\n                    <span>wi\u0119cej<\/span>\r\n                <\/a>\r\n\r\n                <div class=\"article-loop-post__content\">\r\n                    <h3 class=\"article-loop-post__title\">\r\n                        <a href=\"https:\/\/us.edu.pl\/instytut\/ismuz\/2026\/03\/03\/iii-miedzynarodowa-konferencja-artystyczno-naukowa-pianistyki-i-edukacji-muzycznej\/\">III Mi\u0119dzynarodowa Konferencja Artystyczno-Naukowa Pianistyki i Edukacji Muzycznej<\/a>\r\n                    <\/h3>\r\n            \r\n                    <div class=\"article-loop-post__categories\">\r\n                        <a href=\"https:\/\/us.edu.pl\/instytut\/ismuz\/category\/wiadomosci\/\">Wiadomo\u015bci<\/a>\r\n                    <\/div>    \r\n                <\/div>\r\n            <\/article>\r\n        \r\n            <article class=\"article-loop-post carousel-slide\">\r\n                <a href=\"https:\/\/us.edu.pl\/instytut\/ismuz\/2026\/03\/03\/iii-musicalive-international-conference\/\" class=\"article-loop-post__thumbnail thumbnail\"\r\n                    style=\"background-image: url(https:\/\/us.edu.pl\/instytut\/ismuz\/wp-content\/uploads\/sites\/54\/Bez-kategorii\/MusicAlive-Conference-Poster-618x800.jpg)\">\r\n                    <span>wi\u0119cej<\/span>\r\n                <\/a>\r\n\r\n                <div class=\"article-loop-post__content\">\r\n                    <h3 class=\"article-loop-post__title\">\r\n                        <a href=\"https:\/\/us.edu.pl\/instytut\/ismuz\/2026\/03\/03\/iii-musicalive-international-conference\/\">III MusicAlive International Conference<\/a>\r\n                    <\/h3>\r\n            \r\n                    <div class=\"article-loop-post__categories\">\r\n                        <a href=\"https:\/\/us.edu.pl\/instytut\/ismuz\/category\/wiadomosci\/\">Wiadomo\u015bci<\/a>\r\n                    <\/div>    \r\n                <\/div>\r\n            <\/article>\r\n        \r\n            <article class=\"article-loop-post carousel-slide\">\r\n                <a href=\"https:\/\/us.edu.pl\/instytut\/ismuz\/2026\/01\/21\/xiv-akademickie-koledowe-ostatki-2026\/\" class=\"article-loop-post__thumbnail thumbnail\"\r\n                    style=\"background-image: url(https:\/\/us.edu.pl\/instytut\/ismuz\/wp-content\/uploads\/sites\/54\/Bez-kategorii\/AKO-2026-566x800.jpeg)\">\r\n                    <span>wi\u0119cej<\/span>\r\n                <\/a>\r\n\r\n                <div class=\"article-loop-post__content\">\r\n                    <h3 class=\"article-loop-post__title\">\r\n                        <a href=\"https:\/\/us.edu.pl\/instytut\/ismuz\/2026\/01\/21\/xiv-akademickie-koledowe-ostatki-2026\/\">XIV Akademickie Kol\u0119dowe Ostatki 2026 &#8211; Zapraszamy!<\/a>\r\n                    <\/h3>\r\n            \r\n                    <div class=\"article-loop-post__categories\">\r\n                        <a href=\"https:\/\/us.edu.pl\/instytut\/ismuz\/category\/wiadomosci\/\">Wiadomo\u015bci<\/a>\r\n                    <\/div>    \r\n                <\/div>\r\n            <\/article>\r\n        \r\n            <article class=\"article-loop-post carousel-slide\">\r\n                <a href=\"https:\/\/us.edu.pl\/instytut\/ismuz\/2026\/01\/12\/eco-muzyka-2\/\" class=\"article-loop-post__thumbnail thumbnail\"\r\n                    style=\"background-image: url(https:\/\/us.edu.pl\/instytut\/ismuz\/wp-content\/uploads\/sites\/54\/Bez-kategorii\/Eco-muzyka6.jpg)\">\r\n                    <span>wi\u0119cej<\/span>\r\n                <\/a>\r\n\r\n                <div class=\"article-loop-post__content\">\r\n                    <h3 class=\"article-loop-post__title\">\r\n                        <a href=\"https:\/\/us.edu.pl\/instytut\/ismuz\/2026\/01\/12\/eco-muzyka-2\/\">Eco-Muzyka<\/a>\r\n                    <\/h3>\r\n            \r\n                    <div class=\"article-loop-post__categories\">\r\n                        <a href=\"https:\/\/us.edu.pl\/instytut\/ismuz\/category\/bez-kategorii\/\">Bez kategorii<\/a><a href=\"https:\/\/us.edu.pl\/instytut\/ismuz\/category\/wiadomosci\/\">Wiadomo\u015bci<\/a>\r\n                    <\/div>    \r\n                <\/div>\r\n            <\/article>\r\n        \r\n            <article class=\"article-loop-post carousel-slide\">\r\n                <a href=\"https:\/\/us.edu.pl\/instytut\/ismuz\/2025\/12\/15\/5566\/\" class=\"article-loop-post__thumbnail thumbnail\"\r\n                    style=\"background-image: url(https:\/\/us.edu.pl\/instytut\/ismuz\/wp-content\/uploads\/sites\/54\/Bez-kategorii\/Odmuzyki-do-technologii.-Muzyczny-krajobraz-Lei-Lianga.jpg)\">\r\n                    <span>wi\u0119cej<\/span>\r\n                <\/a>\r\n\r\n                <div class=\"article-loop-post__content\">\r\n                    <h3 class=\"article-loop-post__title\">\r\n                        <a href=\"https:\/\/us.edu.pl\/instytut\/ismuz\/2025\/12\/15\/5566\/\">W \u015bwiecie natury: od muzyki do technologii. Muzyczny krajobraz Lei Lianga<\/a>\r\n                    <\/h3>\r\n            \r\n                    <div class=\"article-loop-post__categories\">\r\n                        <a href=\"https:\/\/us.edu.pl\/instytut\/ismuz\/category\/wiadomosci\/\">Wiadomo\u015bci<\/a>\r\n                    <\/div>    \r\n                <\/div>\r\n            <\/article>\r\n        \r\n            <article class=\"article-loop-post carousel-slide\">\r\n                <a href=\"https:\/\/us.edu.pl\/instytut\/ismuz\/2025\/11\/26\/w-adwentowym-nastroju-iii-koncert-z-cyklu-kompozytorzy-slaska-cieszynskiego\/\" class=\"article-loop-post__thumbnail thumbnail\"\r\n                    style=\"background-image: url(https:\/\/us.edu.pl\/instytut\/ismuz\/wp-content\/uploads\/sites\/54\/Bez-kategorii\/Messenger_creation_0568E9E2-45C5-4559-8B0E-A98020EFCB16-566x800.jpeg)\">\r\n                    <span>wi\u0119cej<\/span>\r\n                <\/a>\r\n\r\n                <div class=\"article-loop-post__content\">\r\n                    <h3 class=\"article-loop-post__title\">\r\n                        <a href=\"https:\/\/us.edu.pl\/instytut\/ismuz\/2025\/11\/26\/w-adwentowym-nastroju-iii-koncert-z-cyklu-kompozytorzy-slaska-cieszynskiego\/\">\u201eW adwentowym nastroju\u201d &#8211; III koncert z cyklu  KOMPOZYTORZY \u015aL\u0104SKA CIESZY\u0143SKIEGO<\/a>\r\n                    <\/h3>\r\n            \r\n                    <div class=\"article-loop-post__categories\">\r\n                        <a href=\"https:\/\/us.edu.pl\/instytut\/ismuz\/category\/wiadomosci\/\">Wiadomo\u015bci<\/a>\r\n                    <\/div>    \r\n                <\/div>\r\n            <\/article>\r\n        \r\n            <article class=\"article-loop-post carousel-slide\">\r\n                <a href=\"https:\/\/us.edu.pl\/instytut\/ismuz\/2025\/11\/26\/koncert-swiateczny-w-karwinie\/\" class=\"article-loop-post__thumbnail thumbnail\"\r\n                    style=\"background-image: url(https:\/\/us.edu.pl\/instytut\/ismuz\/wp-content\/uploads\/sites\/54\/Bez-kategorii\/KONCERT-SWIATECZNY-W-KARWINIE.jpg)\">\r\n                    <span>wi\u0119cej<\/span>\r\n                <\/a>\r\n\r\n                <div class=\"article-loop-post__content\">\r\n                    <h3 class=\"article-loop-post__title\">\r\n                        <a href=\"https:\/\/us.edu.pl\/instytut\/ismuz\/2025\/11\/26\/koncert-swiateczny-w-karwinie\/\">KONCERT \u015aWI\u0104TECZNY W KARWINIE<\/a>\r\n                    <\/h3>\r\n            \r\n                    <div class=\"article-loop-post__categories\">\r\n                        <a href=\"https:\/\/us.edu.pl\/instytut\/ismuz\/category\/wiadomosci\/\">Wiadomo\u015bci<\/a>\r\n                    <\/div>    \r\n                <\/div>\r\n            <\/article>\r\n        \r\n            <article class=\"article-loop-post carousel-slide\">\r\n                <a href=\"https:\/\/us.edu.pl\/instytut\/ismuz\/2025\/12\/09\/eco-muzyka\/\" class=\"article-loop-post__thumbnail thumbnail\"\r\n                    style=\"background-image: url(https:\/\/us.edu.pl\/instytut\/ismuz\/wp-content\/uploads\/sites\/54\/Bez-kategorii\/Eco-Muzyka-3-800x626.jpg)\">\r\n                    <span>wi\u0119cej<\/span>\r\n                <\/a>\r\n\r\n                <div class=\"article-loop-post__content\">\r\n                    <h3 class=\"article-loop-post__title\">\r\n                        <a href=\"https:\/\/us.edu.pl\/instytut\/ismuz\/2025\/12\/09\/eco-muzyka\/\">ECO-MUZYKA<\/a>\r\n                    <\/h3>\r\n            \r\n                    <div class=\"article-loop-post__categories\">\r\n                        <a href=\"https:\/\/us.edu.pl\/instytut\/ismuz\/category\/wiadomosci\/\">Wiadomo\u015bci<\/a>\r\n                    <\/div>    \r\n                <\/div>\r\n            <\/article>\r\n        \r\n            <article class=\"article-loop-post carousel-slide\">\r\n                <a href=\"https:\/\/us.edu.pl\/instytut\/ismuz\/2025\/12\/04\/artystki-us-z-nagroda-gbca-2025-diamond-prize-best-music-of-the-season\/\" class=\"article-loop-post__thumbnail thumbnail\"\r\n                    style=\"background-image: url(https:\/\/us.edu.pl\/instytut\/ismuz\/wp-content\/uploads\/sites\/54\/Bez-kategorii\/global-best-creative-awards1-800x589.jpg)\">\r\n                    <span>wi\u0119cej<\/span>\r\n                <\/a>\r\n\r\n                <div class=\"article-loop-post__content\">\r\n                    <h3 class=\"article-loop-post__title\">\r\n                        <a href=\"https:\/\/us.edu.pl\/instytut\/ismuz\/2025\/12\/04\/artystki-us-z-nagroda-gbca-2025-diamond-prize-best-music-of-the-season\/\">Artystki U\u015a z nagrod\u0105 GBCA 2025 \u201eDiamond Prize \u2013 Best Music of the Season\u201d<\/a>\r\n                    <\/h3>\r\n            \r\n                    <div class=\"article-loop-post__categories\">\r\n                        <a href=\"https:\/\/us.edu.pl\/instytut\/ismuz\/category\/wiadomosci\/\">Wiadomo\u015bci<\/a>\r\n                    <\/div>    \r\n                <\/div>\r\n            <\/article>\r\n        \n\t\t\t\t\t\t\t\t<\/div>\n\t\t\t\t\t\t  <\/div>\n\t\t\t\t\t <\/div>\n\t\t\t\t\t <\/div>\n\t\t\t\t<\/div>\r\n                <div class='logos'>\r\n                    <div class='container'>\r\n                        <h3 class='page-title'><\/h3>\r\n                        <div class='logos-blocks bg-blue'> \r\n               \r\n                            \r\n                        <a href=\"https:\/\/us.edu.pl\/instytut\/ismuz\/wspolpraca\/\" title=\"Instytut Sztuk Muzycznych Erasmus+\"\r\n                         class=\"logos-blocks__item carousel-slide\">\r\n                            <div class=\"logos-blocks__img\">\r\n                                <img src=\"https:\/\/us.edu.pl\/instytut\/ismuz\/wp-content\/uploads\/sites\/54\/Nieprzypisane\/konferencje.png\" alt=\"Instytut Sztuk Muzycznych Erasmus+\">\r\n                            <\/div>\r\n                            <span>Instytut Sztuk Muzycznych Erasmus+<\/span>\r\n                        <\/a>\r\n                        <a href=\"https:\/\/www.ciniba.edu.pl\/\" title=\"CINiBA biblioteka akademicka\"\r\n                         class=\"logos-blocks__item carousel-slide\">\r\n                            <div class=\"logos-blocks__img\">\r\n                                <img src=\"https:\/\/us.edu.pl\/instytut\/ismuz\/wp-content\/uploads\/sites\/54\/Nieprzypisane\/ksi\u0105\u017cka.png\" alt=\"CINiBA biblioteka akademicka\">\r\n                            <\/div>\r\n                            <span>CINiBA biblioteka akademicka<\/span>\r\n                        <\/a>\r\n                        <a href=\"https:\/\/www.wydawnictwo.us.edu.pl\/\" title=\"Wydawnictwo Uniwersytetu \u015al\u0105skiego\"\r\n                         class=\"logos-blocks__item carousel-slide\">\r\n                            <div class=\"logos-blocks__img\">\r\n                                <img src=\"https:\/\/us.edu.pl\/instytut\/ismuz\/wp-content\/uploads\/sites\/54\/Nieprzypisane\/wydawnictwo.png\" alt=\"Wydawnictwo Uniwersytetu \u015al\u0105skiego\">\r\n                            <\/div>\r\n                            <span>Wydawnictwo Uniwersytetu \u015al\u0105skiego<\/span>\r\n                        <\/a>\r\n                        <a href=\"https:\/\/www.slaskifestiwalnauki.pl\/\" title=\"\u015al\u0105ski Festiwal Nauki KATOWICE\"\r\n                         class=\"logos-blocks__item carousel-slide\">\r\n                            <div class=\"logos-blocks__img\">\r\n                                <img src=\"https:\/\/us.edu.pl\/instytut\/ismuz\/wp-content\/uploads\/sites\/54\/Nieprzypisane\/\u015bfn.png\" alt=\"\u015al\u0105ski Festiwal Nauki KATOWICE\">\r\n                            <\/div>\r\n                            <span>\u015al\u0105ski Festiwal Nauki KATOWICE<\/span>\r\n                        <\/a>\r\n                        <a href=\"https:\/\/us.edu.pl\/instytut\/ismuz\/nauka-i-badania\/\" title=\"Instytut Sztuk Muzycznych nauka i badania\"\r\n                         class=\"logos-blocks__item carousel-slide\">\r\n                            <div class=\"logos-blocks__img\">\r\n                                <img src=\"https:\/\/us.edu.pl\/instytut\/ismuz\/wp-content\/uploads\/sites\/54\/Nieprzypisane\/spaghetti-PN.png\" alt=\"Instytut Sztuk Muzycznych nauka i badania\">\r\n                            <\/div>\r\n                            <span>Instytut Sztuk Muzycznych nauka i badania<\/span>\r\n                        <\/a> \r\n                           \r\n                        <\/div>\r\n                    <\/div>\r\n                <\/div>[\/vc_column][\/vc_row][vc_row][vc_column][\/vc_column][\/vc_row]<\/p>","protected":false},"excerpt":{"rendered":"<p>[vc_row][vc_column][\/vc_column][\/vc_row][vc_row][vc_column][\/vc_column][\/vc_row] [&#8230;]<\/p>\n<p><a class=\"btn btn-secondary understrap-read-more-link\" href=\"https:\/\/us.edu.pl\/instytut\/ismuz\/2025\/12\/04\/artystki-us-z-nagroda-gbca-2025-diamond-prize-best-music-of-the-season\/\">Read More&#8230;<\/a><\/p>\n","protected":false},"author":98,"featured_media":0,"parent":0,"menu_order":0,"comment_status":"closed","ping_status":"open","template":"page-templates\/index-template.php","meta":{"_expiration-date-status":"","_expiration-date":0,"_expiration-date-type":"","_expiration-date-categories":[],"_expiration-date-options":[]},"acf":[],"_links":{"self":[{"href":"https:\/\/us.edu.pl\/instytut\/ismuz\/wp-json\/wp\/v2\/pages\/2"}],"collection":[{"href":"https:\/\/us.edu.pl\/instytut\/ismuz\/wp-json\/wp\/v2\/pages"}],"about":[{"href":"https:\/\/us.edu.pl\/instytut\/ismuz\/wp-json\/wp\/v2\/types\/page"}],"author":[{"embeddable":true,"href":"https:\/\/us.edu.pl\/instytut\/ismuz\/wp-json\/wp\/v2\/users\/98"}],"replies":[{"embeddable":true,"href":"https:\/\/us.edu.pl\/instytut\/ismuz\/wp-json\/wp\/v2\/comments?post=2"}],"version-history":[{"count":11,"href":"https:\/\/us.edu.pl\/instytut\/ismuz\/wp-json\/wp\/v2\/pages\/2\/revisions"}],"predecessor-version":[{"id":5778,"href":"https:\/\/us.edu.pl\/instytut\/ismuz\/wp-json\/wp\/v2\/pages\/2\/revisions\/5778"}],"wp:attachment":[{"href":"https:\/\/us.edu.pl\/instytut\/ismuz\/wp-json\/wp\/v2\/media?parent=2"}],"curies":[{"name":"wp","href":"https:\/\/api.w.org\/{rel}","templated":true}]}}