{"id":208,"date":"2020-01-31T15:04:59","date_gmt":"2020-01-31T14:04:59","guid":{"rendered":"https:\/\/us.edu.pl\/instytut\/ismuz\/?page_id=208"},"modified":"2020-01-31T15:04:59","modified_gmt":"2020-01-31T14:04:59","slug":"informacje-ogolne","status":"publish","type":"page","link":"https:\/\/us.edu.pl\/instytut\/ismuz\/informacje-ogolne\/","title":{"rendered":"Informacje og\u00f3lne"},"content":{"rendered":"<p>[vc_row][vc_column]\r\n                <div class=\"text-modules\">\r\n                    <div class=\"container\">\r\n                        <h3 class=\"page-title text__title\">Instytut muzyki<\/h3>\r\n                        <div class=\"text-modules__content\"><p>ul. J.U. Niemcewicza 2<br \/>\n43 \u2013 400 CIESZYN<br \/>\ntel.: (+48) 338546117<br \/>\nfax: (+48) 338546102<br \/>\ne-mail: <a href=\"mailto:imuzyki@wart.us.edu.pl\">imuzyki@wart.us.edu.pl<\/a><\/p>\n<p><strong>adres korespondencyjny:<\/strong><\/p>\n<p><strong>Sekretariat Instytutu Muzyki<\/strong><br \/>\n<strong>ul. Bielska 62<\/strong><br \/>\n<strong>43 \u2013 400 CIESZYN<\/strong><\/p>\n<p>\n<\/div>\r\n                    <\/div>\r\n                <\/div>[\/vc_column][\/vc_row][vc_row][vc_column]\r\n                <div class=\"text-modules\">\r\n                    <div class=\"container\">\r\n                        <h3 class=\"page-title text__title\">Administracja<\/h3>\r\n                        <div class=\"text-modules__content\"><\/p>\n<div class=\"wpb_text_column wpb_content_element \">\n<div class=\"wpb_wrapper\">\n<p><b>Dziekanat Wydzia\u0142u Artystycznego<\/b><br \/>\ntel.: (+48) 338546164<br \/>\ne-mail: <a href=\"mailto:dziekanat-wart@us.edu.pl\">dziekanat-wart@us.edu.pl<\/a><\/p>\n<p><b>Sekretariat Dziekana<\/b><br \/>\ntel. +48 338546 240<br \/>\ne-mail: <a href=\"mailto:wart@wart.us.edu.pl\">wart@wart.us.edu.pl<\/a><\/p>\n<p><b>Gabinet Prodziekan\u00f3w<\/b><br \/>\ntel. +48 338546 285<\/p>\n<p><b>Tok Studi\u00f3w<\/b><br \/>\ntel. +48 338546 361<\/p>\n<p><b>P\u0142atno\u015bci<\/b><br \/>\ntel. +48 338546 360<\/p>\n<p>&nbsp;<\/p>\n<p>&nbsp;<\/p>\n<ul>\n<li><a href=\"https:\/\/instytutmuzyki.us.edu.pl\/wp-content\/uploads\/2019\/04\/DZIEKANAT-GABINET-SLUCHANIA-MUZYKI-SEKRETARIAT.pdf\" class=\"mtli_attachment mtli_pdf\" class=\"mtli_attachment mtli_pdf\">DZIEKANAT, GABINET S\u0141UCHANIA MUZYKI, SEKRETARIAT<\/a><\/li>\n<li><a href=\"https:\/\/instytutmuzyki.us.edu.pl\/wp-content\/uploads\/2019\/09\/zarz201958_0-1.pdf\" class=\"mtli_attachment mtli_pdf\" class=\"mtli_attachment mtli_pdf\">ORGANIZACJA ROKU AKADEMICKIEGO 2019\/20<\/a><\/li>\n<li><a href=\"https:\/\/instytutmuzyki.us.edu.pl\/wp-content\/uploads\/2019\/04\/REGULAMIN-STUDIOW-W-UNIWERSYTECIE-SLASKIM.pdf\" class=\"mtli_attachment mtli_pdf\" class=\"mtli_attachment mtli_pdf\">REGULAMIN STUDI\u00d3W W UNIWERSYTECIE \u015aL\u0104SKIM<\/a><\/li>\n<li><a href=\"https:\/\/instytutmuzyki.us.edu.pl\/wp-content\/uploads\/2019\/11\/statut-28.05.2019.pdf\" class=\"mtli_attachment mtli_pdf\" class=\"mtli_attachment mtli_pdf\">STATUT UNIWERSYTETU \u015aL\u0104SKIEGO<\/a><\/li>\n<li><a href=\"http:\/\/wart.us.edu.pl\/wzory-pism\">WZORY PISM, FORMULARZE, WNIOSKI<\/a><\/li>\n<li><a href=\"http:\/\/wart.us.edu.pl\/dziekanat\">KOMUNIKATY DZIEKANATU<\/a><\/li>\n<\/ul>\n<\/div>\n<\/div>\n<p>\n<\/div>\r\n                    <\/div>\r\n                <\/div>[\/vc_column][\/vc_row]<\/p>","protected":false},"excerpt":{"rendered":"<p>[vc_row][vc_column][\/vc_column][\/vc_row][vc_row][vc_column][\/vc_column][\/vc_row] [&#8230;]<\/p>\n<p><a class=\"btn btn-secondary understrap-read-more-link\" href=\"https:\/\/us.edu.pl\/instytut\/ismuz\/informacje-ogolne\/\">Read More&#8230;<\/a><\/p>\n","protected":false},"author":111,"featured_media":0,"parent":0,"menu_order":210,"comment_status":"closed","ping_status":"closed","template":"","meta":{"_expiration-date-status":"saved","_expiration-date":0,"_expiration-date-type":"","_expiration-date-categories":[],"_expiration-date-options":[]},"acf":[],"_links":{"self":[{"href":"https:\/\/us.edu.pl\/instytut\/ismuz\/wp-json\/wp\/v2\/pages\/208"}],"collection":[{"href":"https:\/\/us.edu.pl\/instytut\/ismuz\/wp-json\/wp\/v2\/pages"}],"about":[{"href":"https:\/\/us.edu.pl\/instytut\/ismuz\/wp-json\/wp\/v2\/types\/page"}],"author":[{"embeddable":true,"href":"https:\/\/us.edu.pl\/instytut\/ismuz\/wp-json\/wp\/v2\/users\/111"}],"replies":[{"embeddable":true,"href":"https:\/\/us.edu.pl\/instytut\/ismuz\/wp-json\/wp\/v2\/comments?post=208"}],"version-history":[{"count":1,"href":"https:\/\/us.edu.pl\/instytut\/ismuz\/wp-json\/wp\/v2\/pages\/208\/revisions"}],"predecessor-version":[{"id":209,"href":"https:\/\/us.edu.pl\/instytut\/ismuz\/wp-json\/wp\/v2\/pages\/208\/revisions\/209"}],"wp:attachment":[{"href":"https:\/\/us.edu.pl\/instytut\/ismuz\/wp-json\/wp\/v2\/media?parent=208"}],"curies":[{"name":"wp","href":"https:\/\/api.w.org\/{rel}","templated":true}]}}