{"id":216,"date":"2020-01-31T15:12:32","date_gmt":"2020-01-31T14:12:32","guid":{"rendered":"https:\/\/us.edu.pl\/instytut\/ismuz\/?page_id=216"},"modified":"2020-02-17T14:06:07","modified_gmt":"2020-02-17T13:06:07","slug":"prace-dyplomowe","status":"publish","type":"page","link":"https:\/\/us.edu.pl\/instytut\/ismuz\/prace-dyplomowe\/","title":{"rendered":"Prace dyplomowe"},"content":{"rendered":"<p>[vc_row][vc_column]\r\n                <div class=\"text-modules\">\r\n                    <div class=\"container\">\r\n                        <h3 class=\"page-title text__title\">Procedury sk\u0142adania pisemnych prac dyplomowych<\/h3>\r\n                        <div class=\"text-modules__content\"><\/p>\n<ul>\n<li><a href=\"https:\/\/instytutmuzyki.us.edu.pl\/wp-content\/uploads\/2019\/04\/Instrukcja-realizacji-pisemnej-pracy-dyplomowej.pdf\" class=\"mtli_attachment mtli_pdf\" class=\"mtli_attachment mtli_pdf\">Instrukcja realizacji pisemnej pracy dyplomowej<\/a><\/li>\n<li><a href=\"http:\/\/wart.us.edu.pl\/studentdziekanat\/obrona-pracy-dyplomowej\/obrona-pracy-dyplomowej\">Obrona pracy dyplomowej &#8211; informacje Dziekanatu WA<\/a><\/li>\n<\/ul>\n<p>&nbsp;<\/p>\n<p>JM Rektor U\u015a <a href=\"http:\/\/bip.us.edu.pl\/zarzadzenie-nr-162015\">zarz\u0105dzeniem nr 16\/2015<\/a> i <a href=\"http:\/\/bip.us.edu.pl\/zarzadzenie-nr-692015\">zarz\u0105dzeniem nr 69\/2015<\/a> wprowadza nowe procedury sk\u0142adania pisemnych prac dyplomowych.<\/p>\n<p>Student, po ustaleniu z promotorem tematu pracy dyplomowej, sk\u0142ada w dziekanacie zatwierdzony przez promotora <a href=\"https:\/\/instytutmuzyki.us.edu.pl\/wp-content\/uploads\/2019\/04\/Formularz-rejestracji-tytulu-pracy-dyplomowej-1.pdf\" class=\"mtli_attachment mtli_pdf\" class=\"mtli_attachment mtli_pdf\">Formularz rejestracji tytulu pracy dyplomowej<\/a>.<br \/>\nFormularz powinien by\u0107 z\u0142o\u017cony do ko\u0144ca przedostatniego semestru studi\u00f3w, a pracownicy dziekanatu niezw\u0142ocznie wprowadzaj\u0105 go do systemu USOS. Ka\u017cda modyfikacja tematu pracy dyplomowej wymaga ponownego z\u0142o\u017cenia formularza.<\/p>\n<p>Student przed przyst\u0105pieniem do egzaminu dyplomowego, a po przyj\u0119ciu pracy przez promotora zobowi\u0105zany jest wprowadzi\u0107 do prowadzonego w formie elektronicznej serwisu ADP [<a href=\"https:\/\/apd.us.edu.pl\/\">Archiwum Prac Dyplomowych<\/a>]:<\/p>\n<ul>\n<li>tytu\u0142 pracy,<\/li>\n<li>tytu\u0142 pracy w j\u0119zyku angielskim,<\/li>\n<li>streszczenie pracy,<\/li>\n<li>s\u0142owa kluczowe,<\/li>\n<li>plik zawieraj\u0105cy ostateczn\u0105 wersj\u0119 pracy dyplomowej w formacie PDF.<\/li>\n<\/ul>\n<p>Plik z prac\u0105 powinien mie\u0107 nazw\u0119 [kod jednostki] &#8211; [rodzaj dyplomu] &#8211; [nr albumu studenta] &#8211; [rok obrony] [<a href=\"https:\/\/instytutmuzyki.us.edu.pl\/wp-content\/uploads\/2019\/04\/APD-instrukcja-dla-student\u00f3w.pdf\" class=\"mtli_attachment mtli_pdf\" class=\"mtli_attachment mtli_pdf\">APD instrukcja dla student\u00f3w<\/a>]. Tre\u015b\u0107 pracy udost\u0119pniona jest przez APD tylko osobom zwi\u0105zanym z obron\u0105 pracy dyplomowej tj. autorowi pracy, promotorowi, recenzentom, cz\u0142onkom komisji egzaminacyjnej.<\/p>\n<p>Promotor dokonuje zatwierdzenia elektronicznej wersji pracy w APD [<a href=\"https:\/\/instytutmuzyki.us.edu.pl\/wp-content\/uploads\/2019\/04\/APD-instrukcja-dla-promotor\u00f3w.pdf\" class=\"mtli_attachment mtli_pdf\" class=\"mtli_attachment mtli_pdf\">APD instrukcja dla promotor\u00f3w<\/a>]. Papierowa wersja pracy jest drukowana przez studenta z APD, promotor podpisuje papierow\u0105 wersj\u0119 pracy.<\/p>\n<p>Student sk\u0142ada w dziekanacie wydrukowany z APD egzemplarz pracy dyplomowej, zgodny z elektroniczn\u0105 wersj\u0105 pracy umieszczon\u0105 przez studenta w APD, podpisany w\u0142asnor\u0119cznie przez studenta i promotora. Egzemplarz pracy (przeznaczony do akt studenta) powinien by\u0107 wydrukowany dwustronnie oraz zbindowany, a tak\u017ce posiada\u0107 za\u0142\u0105czon\u0105 p\u0142yt\u0119 CD zawieraj\u0105c\u0105 za\u0142\u0105czniki do pracy, je\u017celi takie wyst\u0119puj\u0105. Promotor i recenzent s\u0105 zobowi\u0105zani wprowadzi\u0107 recenzje pracy do systemu APD przed egzaminem dyplomowym [<a href=\"https:\/\/instytutmuzyki.us.edu.pl\/wp-content\/uploads\/2019\/04\/APD-instrukcja-dla-recenzent\u00f3w.pdf\" class=\"mtli_attachment mtli_pdf\" class=\"mtli_attachment mtli_pdf\">APD instrukcja dla recenzent\u00f3w<\/a>]. Wydrukowan\u0105 i podpisan\u0105 recenzj\u0119 nale\u017cy dostarczy\u0107 do dziekanatu. Tre\u015b\u0107 zatwierdzonej recenzji jest widoczna dla studenta oraz zostaje automatycznie przes\u0142ana do USOS. Po wprowadzeniu recenzji przez promotora oraz recenzenta system automatycznie zmienia status pracy na \u201ePraca gotowa do obrony\u201d.<\/p>\n<ul>\n<li>W razie jakichkolwiek w\u0105tpliwo\u015bci dziekanat prosi o kontakt.<\/li>\n<\/ul>\n<p>\n<\/div>\r\n                    <\/div>\r\n                <\/div>[\/vc_column][\/vc_row]<\/p>","protected":false},"excerpt":{"rendered":"<p>[vc_row][vc_column][\/vc_column][\/vc_row] [&#8230;]<\/p>\n<p><a class=\"btn btn-secondary understrap-read-more-link\" href=\"https:\/\/us.edu.pl\/instytut\/ismuz\/prace-dyplomowe\/\">Read More&#8230;<\/a><\/p>\n","protected":false},"author":111,"featured_media":0,"parent":0,"menu_order":240,"comment_status":"closed","ping_status":"closed","template":"","meta":{"_expiration-date-status":"saved","_expiration-date":0,"_expiration-date-type":"","_expiration-date-categories":[],"_expiration-date-options":[]},"acf":[],"_links":{"self":[{"href":"https:\/\/us.edu.pl\/instytut\/ismuz\/wp-json\/wp\/v2\/pages\/216"}],"collection":[{"href":"https:\/\/us.edu.pl\/instytut\/ismuz\/wp-json\/wp\/v2\/pages"}],"about":[{"href":"https:\/\/us.edu.pl\/instytut\/ismuz\/wp-json\/wp\/v2\/types\/page"}],"author":[{"embeddable":true,"href":"https:\/\/us.edu.pl\/instytut\/ismuz\/wp-json\/wp\/v2\/users\/111"}],"replies":[{"embeddable":true,"href":"https:\/\/us.edu.pl\/instytut\/ismuz\/wp-json\/wp\/v2\/comments?post=216"}],"version-history":[{"count":1,"href":"https:\/\/us.edu.pl\/instytut\/ismuz\/wp-json\/wp\/v2\/pages\/216\/revisions"}],"predecessor-version":[{"id":217,"href":"https:\/\/us.edu.pl\/instytut\/ismuz\/wp-json\/wp\/v2\/pages\/216\/revisions\/217"}],"wp:attachment":[{"href":"https:\/\/us.edu.pl\/instytut\/ismuz\/wp-json\/wp\/v2\/media?parent=216"}],"curies":[{"name":"wp","href":"https:\/\/api.w.org\/{rel}","templated":true}]}}