{"id":2224,"date":"2021-02-12T11:27:36","date_gmt":"2021-02-12T10:27:36","guid":{"rendered":"https:\/\/us.edu.pl\/instytut\/ismuz\/?page_id=2224"},"modified":"2026-03-10T08:27:22","modified_gmt":"2026-03-10T07:27:22","slug":"indywidualna-dzialalnosc-artystyczno-badawcza","status":"publish","type":"page","link":"https:\/\/us.edu.pl\/instytut\/ismuz\/nauka-i-badania\/indywidualna-dzialalnosc-artystyczno-badawcza\/","title":{"rendered":"Indywidualna dzia\u0142alno\u015b\u0107 artystyczno-badawcza"},"content":{"rendered":"","protected":false},"excerpt":{"rendered":"<p> [&#8230;]<\/p>\n<p><a class=\"btn btn-secondary understrap-read-more-link\" href=\"https:\/\/us.edu.pl\/instytut\/ismuz\/nauka-i-badania\/indywidualna-dzialalnosc-artystyczno-badawcza\/\">Read More&#8230;<\/a><\/p>\n","protected":false},"author":110,"featured_media":0,"parent":2219,"menu_order":0,"comment_status":"closed","ping_status":"closed","template":"page-templates\/inner-page-with-bookmarks.php","meta":{"_expiration-date-status":"","_expiration-date":0,"_expiration-date-type":"","_expiration-date-categories":[],"_expiration-date-options":[]},"acf":[],"_links":{"self":[{"href":"https:\/\/us.edu.pl\/instytut\/ismuz\/wp-json\/wp\/v2\/pages\/2224"}],"collection":[{"href":"https:\/\/us.edu.pl\/instytut\/ismuz\/wp-json\/wp\/v2\/pages"}],"about":[{"href":"https:\/\/us.edu.pl\/instytut\/ismuz\/wp-json\/wp\/v2\/types\/page"}],"author":[{"embeddable":true,"href":"https:\/\/us.edu.pl\/instytut\/ismuz\/wp-json\/wp\/v2\/users\/110"}],"replies":[{"embeddable":true,"href":"https:\/\/us.edu.pl\/instytut\/ismuz\/wp-json\/wp\/v2\/comments?post=2224"}],"version-history":[{"count":10,"href":"https:\/\/us.edu.pl\/instytut\/ismuz\/wp-json\/wp\/v2\/pages\/2224\/revisions"}],"predecessor-version":[{"id":5723,"href":"https:\/\/us.edu.pl\/instytut\/ismuz\/wp-json\/wp\/v2\/pages\/2224\/revisions\/5723"}],"up":[{"embeddable":true,"href":"https:\/\/us.edu.pl\/instytut\/ismuz\/wp-json\/wp\/v2\/pages\/2219"}],"wp:attachment":[{"href":"https:\/\/us.edu.pl\/instytut\/ismuz\/wp-json\/wp\/v2\/media?parent=2224"}],"curies":[{"name":"wp","href":"https:\/\/api.w.org\/{rel}","templated":true}]}}