{"id":2233,"date":"2021-02-12T11:41:48","date_gmt":"2021-02-12T10:41:48","guid":{"rendered":"https:\/\/us.edu.pl\/instytut\/ismuz\/?page_id=2233"},"modified":"2024-11-14T15:12:34","modified_gmt":"2024-11-14T14:12:34","slug":"przepisy-i-druki","status":"publish","type":"page","link":"https:\/\/us.edu.pl\/instytut\/ismuz\/nauka-i-badania\/przepisy-i-druki\/","title":{"rendered":"Przepisy i Druki"},"content":{"rendered":"<p>[vc_row][vc_column]\r\n                <div class=\"text-modules\">\r\n                    <div class=\"container\">\r\n                        <h3 class=\"page-title text__title\">Przepisy i Druki<\/h3>\r\n                        <div class=\"text-modules__content\"><p><a href=\"https:\/\/us.edu.pl\/instytut\/ismuz\/wp-content\/uploads\/sites\/54\/Bez-kategorii\/Zal.-nr-1_2023_Wniosek-o-powolanie-i-finansowanie.docx\" class=\"mtli_attachment mtli_docx\" data-mtli=\"mtli_filesize21,58kB\" class=\"mtli_attachment mtli_docx\" data-mtli=\"mtli_filesize21,58kB\">Za\u0142. nr 1_2023_Wniosek o powo\u0142anie i finansowanie<\/a><\/p>\n<p><a href=\"https:\/\/us.edu.pl\/instytut\/ismuz\/wp-content\/uploads\/sites\/54\/Bez-kategorii\/2022-Regulamin-zespolo\u0301w-badawczych-tekst-ujednolicony-28.09.2022.pdf\" class=\"mtli_attachment mtli_pdf\" data-mtli=\"mtli_filesize483,62kB\" class=\"mtli_attachment mtli_pdf\" data-mtli=\"mtli_filesize483,62kB\">2022 Regulamin zespo\u0142o\u0301w badawczych &#8211; tekst ujednolicony 28.09.2022<\/a><\/p>\n<p><a href=\"https:\/\/us.edu.pl\/instytut\/ismuz\/wp-content\/uploads\/sites\/54\/Nieprzypisane\/Zarz_17_w_sprawie_zatwierdz_Wytycznych_w_sprawie_organizacji-funkcjonowania-i-finansowania_zarz202117.pdf\" class=\"mtli_attachment mtli_pdf\" data-mtli=\"mtli_filesize80,58kB\" class=\"mtli_attachment mtli_pdf\" data-mtli=\"mtli_filesize80,58kB\">Zarz_17_w_sprawie_zatwierdz_Wytycznych_w_sprawie_organizacji, funkcjonowania i finansowania_zarz202117<\/a><\/p>\n<p><a href=\"https:\/\/us.edu.pl\/instytut\/ismuz\/wp-content\/uploads\/sites\/54\/Nieprzypisane\/Wytyczne-w-sprawie-organizacji-funkcjonowania-i-finansowania_zal20211701.pdf\" class=\"mtli_attachment mtli_pdf\" data-mtli=\"mtli_filesize103,80kB\" class=\"mtli_attachment mtli_pdf\" data-mtli=\"mtli_filesize103,80kB\">Wytyczne w sprawie organizacji, funkcjonowania i finansowania_zal20211701<\/a><\/p>\n<p><a href=\"https:\/\/us.edu.pl\/instytut\/ismuz\/wp-content\/uploads\/sites\/54\/Nieprzypisane\/zalacznik_do_wytycznych_rejestr_zespolow_badawczych_wzor.xlsx\" class=\"mtli_attachment mtli_xlsx\" data-mtli=\"mtli_filesize44,86kB\" class=\"mtli_attachment mtli_xlsx\" data-mtli=\"mtli_filesize44,86kB\">zalacznik_do_wytycznych_rejestr_zespolow_badawczych_wzor<\/a><\/p>\n<p><a href=\"https:\/\/us.edu.pl\/instytut\/ismuz\/wp-content\/uploads\/sites\/54\/Nieprzypisane\/Zarz_23_w-sprawie_og\u00f3ln_zasad_podzia\u0142u_\u015brodk\u00f3w_na_prowadz_badan_zarz2021223.pdf\" class=\"mtli_attachment mtli_pdf\" data-mtli=\"mtli_filesize126,35kB\" class=\"mtli_attachment mtli_pdf\" data-mtli=\"mtli_filesize126,35kB\">Zarz_23_w sprawie_og\u00f3ln_zasad_podzia\u0142u_\u015brodk\u00f3w_na_prowadz_badan_zarz2021223<\/a><\/p>\n<p><a href=\"https:\/\/us.edu.pl\/instytut\/ismuz\/wp-content\/uploads\/sites\/54\/Bez-kategorii\/1.-Zal.-nr-1_2025_Wniosek-o-powolanie-i-finansowanie.docx\" class=\"mtli_attachment mtli_docx\" data-mtli=\"mtli_filesize26,38kB\" class=\"mtli_attachment mtli_docx\" data-mtli=\"mtli_filesize26,38kB\">1. Za\u0142. nr 1_2025_Wniosek o powo\u0142anie i finansowanie<\/a><\/p>\n<style type=\"text\/css\">a[data-mtli~=\"mtli_filesize21,58kB\"]:after {content:\" (21,58 kB)\"}a[data-mtli~=\"mtli_filesize483,62kB\"]:after {content:\" (483,62 kB)\"}a[data-mtli~=\"mtli_filesize80,58kB\"]:after {content:\" (80,58 kB)\"}a[data-mtli~=\"mtli_filesize103,80kB\"]:after {content:\" (103,80 kB)\"}a[data-mtli~=\"mtli_filesize44,86kB\"]:after {content:\" (44,86 kB)\"}a[data-mtli~=\"mtli_filesize126,35kB\"]:after {content:\" (126,35 kB)\"}a[data-mtli~=\"mtli_filesize26,38kB\"]:after {content:\" (26,38 kB)\"}<\/style><\/div>\r\n                    <\/div>\r\n                <\/div>[\/vc_column][\/vc_row]<\/p>\n<style type=\"text\/css\">a[data-mtli~=\"mtli_filesize21,58kB\"]:after {content:\" (21,58 kB)\"}a[data-mtli~=\"mtli_filesize483,62kB\"]:after {content:\" (483,62 kB)\"}a[data-mtli~=\"mtli_filesize80,58kB\"]:after {content:\" (80,58 kB)\"}a[data-mtli~=\"mtli_filesize103,80kB\"]:after {content:\" (103,80 kB)\"}a[data-mtli~=\"mtli_filesize44,86kB\"]:after {content:\" (44,86 kB)\"}a[data-mtli~=\"mtli_filesize126,35kB\"]:after {content:\" (126,35 kB)\"}a[data-mtli~=\"mtli_filesize26,38kB\"]:after {content:\" (26,38 kB)\"}<\/style>","protected":false},"excerpt":{"rendered":"<p>[vc_row][vc_column][\/vc_column][\/vc_row] [&#8230;]<\/p>\n<p><a class=\"btn btn-secondary understrap-read-more-link\" href=\"https:\/\/us.edu.pl\/instytut\/ismuz\/nauka-i-badania\/przepisy-i-druki\/\">Read More&#8230;<\/a><\/p>\n","protected":false},"author":110,"featured_media":0,"parent":2219,"menu_order":0,"comment_status":"closed","ping_status":"closed","template":"","meta":{"_expiration-date-status":"","_expiration-date":0,"_expiration-date-type":"","_expiration-date-categories":[],"_expiration-date-options":[]},"acf":[],"_links":{"self":[{"href":"https:\/\/us.edu.pl\/instytut\/ismuz\/wp-json\/wp\/v2\/pages\/2233"}],"collection":[{"href":"https:\/\/us.edu.pl\/instytut\/ismuz\/wp-json\/wp\/v2\/pages"}],"about":[{"href":"https:\/\/us.edu.pl\/instytut\/ismuz\/wp-json\/wp\/v2\/types\/page"}],"author":[{"embeddable":true,"href":"https:\/\/us.edu.pl\/instytut\/ismuz\/wp-json\/wp\/v2\/users\/110"}],"replies":[{"embeddable":true,"href":"https:\/\/us.edu.pl\/instytut\/ismuz\/wp-json\/wp\/v2\/comments?post=2233"}],"version-history":[{"count":6,"href":"https:\/\/us.edu.pl\/instytut\/ismuz\/wp-json\/wp\/v2\/pages\/2233\/revisions"}],"predecessor-version":[{"id":4754,"href":"https:\/\/us.edu.pl\/instytut\/ismuz\/wp-json\/wp\/v2\/pages\/2233\/revisions\/4754"}],"up":[{"embeddable":true,"href":"https:\/\/us.edu.pl\/instytut\/ismuz\/wp-json\/wp\/v2\/pages\/2219"}],"wp:attachment":[{"href":"https:\/\/us.edu.pl\/instytut\/ismuz\/wp-json\/wp\/v2\/media?parent=2233"}],"curies":[{"name":"wp","href":"https:\/\/api.w.org\/{rel}","templated":true}]}}