{"id":224,"date":"2020-01-31T15:21:08","date_gmt":"2020-01-31T14:21:08","guid":{"rendered":"https:\/\/us.edu.pl\/instytut\/ismuz\/?page_id=224"},"modified":"2020-01-31T15:27:43","modified_gmt":"2020-01-31T14:27:43","slug":"ogloszenia","status":"publish","type":"page","link":"https:\/\/us.edu.pl\/instytut\/ismuz\/ogloszenia\/","title":{"rendered":"Og\u0142oszenia"},"content":{"rendered":"<p>[vc_row][vc_column]\r\n                <div class=\"text-modules\">\r\n                    <div class=\"container\">\r\n                        <h3 class=\"page-title text__title\">Przewodnik ewaluacyjny<\/h3>\r\n                        <div class=\"text-modules__content\"><p><strong>Nowe zasady ewaluacji jako\u015bci naukowej,<\/strong><br \/>\n<strong>informacje na temat kryteri\u00f3w oceny, zasad przydzielania punkt\u00f3w za publikacje oraz wzory pozwalaj\u0105ce obliczy\u0107 sloty.<\/strong><\/p>\n<p>&nbsp;<\/p>\n<ul>\n<li><a href=\"https:\/\/instytutmuzyki.us.edu.pl\/wp-content\/uploads\/2019\/05\/Rozporzdzenie-ewaluacja-Dz.U.pdf\" class=\"mtli_attachment mtli_pdf\" class=\"mtli_attachment mtli_pdf\">ROZPORZ\u0104DZENIE MINISTRA NAUKI I SZKOLNICTWA WY\u017bSZEGO z dnia 22 lutego 2019 r. w sprawie ewaluacji jako\u015bci dzia\u0142alno\u015bci naukowej <\/a><\/li>\n<li><a href=\"https:\/\/instytutmuzyki.us.edu.pl\/wp-content\/uploads\/2019\/05\/Przewodnik-ewaluacyjny.pdf\" class=\"mtli_attachment mtli_pdf\" class=\"mtli_attachment mtli_pdf\">Przewodnik ewaluacyjny<\/a><\/li>\n<li><a href=\"https:\/\/instytutmuzyki.us.edu.pl\/wp-content\/uploads\/2019\/05\/Nowa-parametryzacja.pptx\">Nowa parametryzacja<\/a><\/li>\n<li><a href=\"https:\/\/instytutmuzyki.us.edu.pl\/wp-content\/uploads\/2019\/05\/Obieg-publikacji-i-obowi\u0105zki-pracownika.pptx\">Obieg publikacji i obowi\u0105zki pracownika<\/a><\/li>\n<li><a href=\"https:\/\/www.youtube.com\/watch?v=dEWjZSUmXrk&amp;f\" target=\"_blank\" rel=\"noopener noreferrer\">Szkolenie na temat nowych zasad ewaluacji dzia\u0142alno\u015bci naukowej oraz obieg informacji o dorobku pracownik\u00f3w na Uniwersytecie \u015al\u0105skim<\/a><\/li>\n<li><a href=\"https:\/\/konstytucjadlanauki.gov.pl\/content\/uploads\/2019\/03\/ewaluacja-jakosci-dzialalnosci-naukowej-przewodnik20190305.pdf\" class=\"mtli_attachment mtli_pdf\" class=\"mtli_attachment mtli_pdf\" target=\"_blank\" rel=\"noopener noreferrer\">Ministerialny przewodnik po ewaluacji<\/a><\/li>\n<\/ul>\n<p>\n<\/div>\r\n                    <\/div>\r\n                <\/div>\r\n                <div class=\"text-modules\">\r\n                    <div class=\"container\">\r\n                        <h3 class=\"page-title text__title\">Regulamin pracy Uniwersytetu \u015al\u0105skiego w Katowicach.<\/h3>\r\n                        <div class=\"text-modules__content\"><p><strong>Zarz\u0105dzenie <span class=\"submitted\">Rektora U\u015a <\/span>z dnia 13.09.2019 r. w sprawie wprowadzenia Regulaminu pracy Uniwersytetu \u015al\u0105skiego w Katowicach.<\/strong><\/p>\n<p>&nbsp;<\/p>\n<ul>\n<li><a href=\"http:\/\/bip.us.edu.pl\/zarzadzenie-nr-117\">Pe\u0142na tre\u015b\u0107 wraz z za\u0142\u0105cznikami.<\/a><strong><br \/>\n<\/strong><\/li>\n<\/ul>\n<table border=\"0\">\n<tbody>\n<tr>\n<td><b>Za\u0142\u0105czniki:<\/b><\/td>\n<td>\n<div class=\"filefield-file\"><img class=\"filefield-icon field-icon-application-pdf\" src=\"http:\/\/bip.us.edu.pl\/sites\/all\/modules\/filefield\/icons\/application-pdf.png\" alt=\"application\/pdf icon\" \/><a title=\"zal2019117reg.pdf\" href=\"http:\/\/bip.us.edu.pl\/sites\/bip.us.edu.pl\/files\/prawo\/zal2019117reg_1.pdf\" class=\"mtli_attachment mtli_pdf\" data-mtli=\"mtli_filesize36,44kB\" class=\"mtli_attachment mtli_pdf\" data-mtli=\"mtli_filesize36,44kB\">Regulamin Pracy Uniwersytetu \u015al\u0105skiego w Katowicach<\/a><\/div>\n<div class=\"filefield-file\"><img class=\"filefield-icon field-icon-application-pdf\" src=\"http:\/\/bip.us.edu.pl\/sites\/all\/modules\/filefield\/icons\/application-pdf.png\" alt=\"application\/pdf icon\" \/><a title=\"zal201911701.pdf\" href=\"http:\/\/bip.us.edu.pl\/sites\/bip.us.edu.pl\/files\/prawo\/zal201911701_1.pdf\" class=\"mtli_attachment mtli_pdf\" data-mtli=\"mtli_filesize36,44kB\" class=\"mtli_attachment mtli_pdf\" data-mtli=\"mtli_filesize36,44kB\">Przepisy o r\u00f3wnym traktowaniu kobiet i m\u0119\u017cczyzn w zatrudnieniu<\/a><\/div>\n<div class=\"filefield-file\"><img class=\"filefield-icon field-icon-application-pdf\" src=\"http:\/\/bip.us.edu.pl\/sites\/all\/modules\/filefield\/icons\/application-pdf.png\" alt=\"application\/pdf icon\" \/><a title=\"zal201911702.pdf\" href=\"http:\/\/bip.us.edu.pl\/sites\/bip.us.edu.pl\/files\/prawo\/zal201911702_0.pdf\" class=\"mtli_attachment mtli_pdf\" data-mtli=\"mtli_filesize36,44kB\" class=\"mtli_attachment mtli_pdf\" data-mtli=\"mtli_filesize36,44kB\">Polityka antymobbingowa Uniwersytetu \u015al\u0105skiego w Katowicach<\/a><\/div>\n<div class=\"filefield-file\"><img class=\"filefield-icon field-icon-application-vnd-openxmlformats-officedocument-wordprocessingml-document\" src=\"http:\/\/bip.us.edu.pl\/sites\/all\/modules\/filefield\/icons\/x-office-document.png\" alt=\"application\/vnd.openxmlformats-officedocument.wordprocessingml.document icon\" \/><a title=\"zal201911700201.docx\" href=\"http:\/\/bip.us.edu.pl\/sites\/bip.us.edu.pl\/files\/prawo\/zal201911700201.docx\" class=\"mtli_attachment mtli_docx\" data-mtli=\"mtli_filesize36,44kB\" class=\"mtli_attachment mtli_docx\" data-mtli=\"mtli_filesize36,44kB\">Za\u0142\u0105cznik nr 1 do polityki antymobbingowej U\u015a<\/a><\/div>\n<div class=\"filefield-file\"><img class=\"filefield-icon field-icon-application-vnd-openxmlformats-officedocument-wordprocessingml-document\" src=\"http:\/\/bip.us.edu.pl\/sites\/all\/modules\/filefield\/icons\/x-office-document.png\" alt=\"application\/vnd.openxmlformats-officedocument.wordprocessingml.document icon\" \/><a title=\"zal201911700202.docx\" href=\"http:\/\/bip.us.edu.pl\/sites\/bip.us.edu.pl\/files\/prawo\/zal201911700202.docx\" class=\"mtli_attachment mtli_docx\" data-mtli=\"mtli_filesize36,44kB\" class=\"mtli_attachment mtli_docx\" data-mtli=\"mtli_filesize36,44kB\">Za\u0142\u0105cznik nr 2 do Polityki antymobbingowej U\u015a<\/a><\/div>\n<div class=\"filefield-file\"><img class=\"filefield-icon field-icon-application-pdf\" src=\"http:\/\/bip.us.edu.pl\/sites\/all\/modules\/filefield\/icons\/application-pdf.png\" alt=\"application\/pdf icon\" \/><a title=\"zal201911703.pdf\" href=\"http:\/\/bip.us.edu.pl\/sites\/bip.us.edu.pl\/files\/prawo\/zal201911703_0.pdf\" class=\"mtli_attachment mtli_pdf\" data-mtli=\"mtli_filesize36,44kB\" class=\"mtli_attachment mtli_pdf\" data-mtli=\"mtli_filesize36,44kB\">Wykaz prac uci\u0105\u017cliwych, niebezpiecznych lub szkodliwych dla zdrowia kobiet w ci\u0105\u017cy i kobiet karmi\u0105cych dziecko piersi\u0105<\/a><\/div>\n<div class=\"filefield-file\"><img class=\"filefield-icon field-icon-application-msword\" src=\"http:\/\/bip.us.edu.pl\/sites\/all\/modules\/filefield\/icons\/x-office-document.png\" alt=\"application\/msword icon\" \/><a title=\"zal201911704.doc\" href=\"http:\/\/bip.us.edu.pl\/sites\/bip.us.edu.pl\/files\/prawo\/zal201911704_0.doc\" class=\"mtli_attachment mtli_doc\" data-mtli=\"mtli_filesize36,44kB\" class=\"mtli_attachment mtli_doc\" data-mtli=\"mtli_filesize36,44kB\">Wniosek o wyra\u017cenie zgody na dodatkowe zatrudnienie<\/a><\/div>\n<div class=\"filefield-file\"><img class=\"filefield-icon field-icon-application-msword\" src=\"http:\/\/bip.us.edu.pl\/sites\/all\/modules\/filefield\/icons\/x-office-document.png\" alt=\"application\/msword icon\" \/><a title=\"zal201911705.doc\" href=\"http:\/\/bip.us.edu.pl\/sites\/bip.us.edu.pl\/files\/prawo\/zal201911705_0.doc\" class=\"mtli_attachment mtli_doc\" data-mtli=\"mtli_filesize36,44kB\" class=\"mtli_attachment mtli_doc\" data-mtli=\"mtli_filesize36,44kB\">Informacja o prowadzeniu dzia\u0142alno\u015bci gospodarczej <\/a><\/div>\n<div class=\"filefield-file\"><img class=\"filefield-icon field-icon-application-vnd-openxmlformats-officedocument-wordprocessingml-document\" src=\"http:\/\/bip.us.edu.pl\/sites\/all\/modules\/filefield\/icons\/x-office-document.png\" alt=\"application\/vnd.openxmlformats-officedocument.wordprocessingml.document icon\" \/><a title=\"zal201911706.docx\" href=\"http:\/\/bip.us.edu.pl\/sites\/bip.us.edu.pl\/files\/prawo\/zal201911706.docx\" class=\"mtli_attachment mtli_docx\" data-mtli=\"mtli_filesize36,44kB\" class=\"mtli_attachment mtli_docx\" data-mtli=\"mtli_filesize36,44kB\">Zakres obowi\u0105zk\u00f3w (NNA)<\/a><\/div>\n<div class=\"filefield-file\"><img class=\"filefield-icon field-icon-application-vnd-openxmlformats-officedocument-wordprocessingml-document\" src=\"http:\/\/bip.us.edu.pl\/sites\/all\/modules\/filefield\/icons\/x-office-document.png\" alt=\"application\/vnd.openxmlformats-officedocument.wordprocessingml.document icon\" \/><a title=\"zal201911707.docx\" href=\"http:\/\/bip.us.edu.pl\/sites\/bip.us.edu.pl\/files\/prawo\/zal201911707_0.docx\" class=\"mtli_attachment mtli_docx\" data-mtli=\"mtli_filesize36,44kB\" class=\"mtli_attachment mtli_docx\" data-mtli=\"mtli_filesize36,44kB\">Indywidualny przydzia\u0142 obowi\u0105zk\u00f3w (NA)<\/a><\/div>\n<div class=\"filefield-file\"><img class=\"filefield-icon field-icon-application-msword\" src=\"http:\/\/bip.us.edu.pl\/sites\/all\/modules\/filefield\/icons\/x-office-document.png\" alt=\"application\/msword icon\" \/><a title=\"zal201911708.doc\" href=\"http:\/\/bip.us.edu.pl\/sites\/bip.us.edu.pl\/files\/prawo\/zal201911708_0.doc\" class=\"mtli_attachment mtli_doc\" data-mtli=\"mtli_filesize36,44kB\" class=\"mtli_attachment mtli_doc\" data-mtli=\"mtli_filesize36,44kB\">Wniosek o wyra\u017cenie zgody na wliczenie zaj\u0119\u0107 do indywidualnego przydzia\u0142u obowi\u0105zk\u00f3w nauczyciela akademickiego<\/a><\/div>\n<div class=\"filefield-file\"><img class=\"filefield-icon field-icon-application-msword\" src=\"http:\/\/bip.us.edu.pl\/sites\/all\/modules\/filefield\/icons\/x-office-document.png\" alt=\"application\/msword icon\" \/><a title=\"zal201911709.doc\" href=\"http:\/\/bip.us.edu.pl\/sites\/bip.us.edu.pl\/files\/prawo\/zal201911709_0.doc\" class=\"mtli_attachment mtli_doc\" data-mtli=\"mtli_filesize36,44kB\" class=\"mtli_attachment mtli_doc\" data-mtli=\"mtli_filesize36,44kB\">Potwierdzenie odbycia zaj\u0119\u0107<\/a><\/div>\n<div class=\"filefield-file\"><img class=\"filefield-icon field-icon-application-vnd-ms-excel\" src=\"http:\/\/bip.us.edu.pl\/sites\/all\/modules\/filefield\/icons\/x-office-spreadsheet.png\" alt=\"application\/vnd.ms-excel icon\" \/><a title=\"zal201911710.xls\" href=\"http:\/\/bip.us.edu.pl\/sites\/bip.us.edu.pl\/files\/prawo\/zal201911710_0.xls\" class=\"mtli_attachment mtli_xls\" data-mtli=\"mtli_filesize36,44kB\" class=\"mtli_attachment mtli_xls\" data-mtli=\"mtli_filesize36,44kB\">Miesi\u0119czna ewidencja czasu pracy<\/a><\/div>\n<div class=\"filefield-file\"><img class=\"filefield-icon field-icon-application-msword\" src=\"http:\/\/bip.us.edu.pl\/sites\/all\/modules\/filefield\/icons\/x-office-document.png\" alt=\"application\/msword icon\" \/><a title=\"zal201911711.doc\" href=\"http:\/\/bip.us.edu.pl\/sites\/bip.us.edu.pl\/files\/prawo\/zal201911711_0.doc\" class=\"mtli_attachment mtli_doc\" data-mtli=\"mtli_filesize36,44kB\" class=\"mtli_attachment mtli_doc\" data-mtli=\"mtli_filesize36,44kB\">Wniosek o udzielenie zwolnienia od pracy<\/a><\/div>\n<div class=\"filefield-file\"><img class=\"filefield-icon field-icon-application-vnd-openxmlformats-officedocument-spreadsheetml-sheet\" src=\"http:\/\/bip.us.edu.pl\/sites\/all\/modules\/filefield\/icons\/x-office-spreadsheet.png\" alt=\"application\/vnd.openxmlformats-officedocument.spreadsheetml.sheet icon\" \/><a title=\"zal201911712.xlsx\" href=\"http:\/\/bip.us.edu.pl\/sites\/bip.us.edu.pl\/files\/prawo\/zal201911712_0.xlsx\" class=\"mtli_attachment mtli_xlsx\" data-mtli=\"mtli_filesize36,44kB\" class=\"mtli_attachment mtli_xlsx\" data-mtli=\"mtli_filesize36,44kB\">Wniosek o udzielenie urlopu wypoczynkowego<\/a><\/div>\n<div class=\"filefield-file\"><img class=\"filefield-icon field-icon-application-vnd-openxmlformats-officedocument-spreadsheetml-sheet\" src=\"http:\/\/bip.us.edu.pl\/sites\/all\/modules\/filefield\/icons\/x-office-spreadsheet.png\" alt=\"application\/vnd.openxmlformats-officedocument.spreadsheetml.sheet icon\" \/><a title=\"zal201911713.xlsx\" href=\"http:\/\/bip.us.edu.pl\/sites\/bip.us.edu.pl\/files\/prawo\/zal201911713_0.xlsx\" class=\"mtli_attachment mtli_xlsx\" data-mtli=\"mtli_filesize36,44kB\" class=\"mtli_attachment mtli_xlsx\" data-mtli=\"mtli_filesize36,44kB\">Wz\u00f3r karty urlopowej o udzielenie urlopu wypoczynkowego lub zaleg\u0142ego<\/a><\/div>\n<div class=\"filefield-file\"><img class=\"filefield-icon field-icon-application-msword\" src=\"http:\/\/bip.us.edu.pl\/sites\/all\/modules\/filefield\/icons\/x-office-document.png\" alt=\"application\/msword icon\" \/><a title=\"zal201911714.doc\" href=\"http:\/\/bip.us.edu.pl\/sites\/bip.us.edu.pl\/files\/prawo\/zal201911714_0.doc\" class=\"mtli_attachment mtli_doc\" data-mtli=\"mtli_filesize36,44kB\" class=\"mtli_attachment mtli_doc\" data-mtli=\"mtli_filesize36,44kB\">Wniosek o udzielenie urlopu naukowego<\/a><\/div>\n<div class=\"filefield-file\"><img class=\"filefield-icon field-icon-application-msword\" src=\"http:\/\/bip.us.edu.pl\/sites\/all\/modules\/filefield\/icons\/x-office-document.png\" alt=\"application\/msword icon\" \/><a title=\"zal201911715.doc\" href=\"http:\/\/bip.us.edu.pl\/sites\/bip.us.edu.pl\/files\/prawo\/zal201911715_0.doc\" class=\"mtli_attachment mtli_doc\" data-mtli=\"mtli_filesize36,44kB\" class=\"mtli_attachment mtli_doc\" data-mtli=\"mtli_filesize36,44kB\">Wniosek o udzielenie urlopu dla poratowania zdrowia<\/a><\/div>\n<\/td>\n<\/tr>\n<\/tbody>\n<\/table>\n<p>\n<style type=\"text\/css\">a[data-mtli~=\"mtli_filesize36,44kB\"]:after {content:\" (36,44 kB)\"}<\/style><\/div>\r\n                    <\/div>\r\n                <\/div>[\/vc_column][\/vc_row]<\/p>\n<style type=\"text\/css\">a[data-mtli~=\"mtli_filesize36,44kB\"]:after {content:\" (36,44 kB)\"}<\/style>","protected":false},"excerpt":{"rendered":"<p>[vc_row][vc_column][\/vc_column][\/vc_row] [&#8230;]<\/p>\n<p><a class=\"btn btn-secondary understrap-read-more-link\" href=\"https:\/\/us.edu.pl\/instytut\/ismuz\/ogloszenia\/\">Read More&#8230;<\/a><\/p>\n","protected":false},"author":111,"featured_media":0,"parent":0,"menu_order":310,"comment_status":"closed","ping_status":"closed","template":"","meta":{"_expiration-date-status":"saved","_expiration-date":0,"_expiration-date-type":"","_expiration-date-categories":[],"_expiration-date-options":[]},"acf":[],"_links":{"self":[{"href":"https:\/\/us.edu.pl\/instytut\/ismuz\/wp-json\/wp\/v2\/pages\/224"}],"collection":[{"href":"https:\/\/us.edu.pl\/instytut\/ismuz\/wp-json\/wp\/v2\/pages"}],"about":[{"href":"https:\/\/us.edu.pl\/instytut\/ismuz\/wp-json\/wp\/v2\/types\/page"}],"author":[{"embeddable":true,"href":"https:\/\/us.edu.pl\/instytut\/ismuz\/wp-json\/wp\/v2\/users\/111"}],"replies":[{"embeddable":true,"href":"https:\/\/us.edu.pl\/instytut\/ismuz\/wp-json\/wp\/v2\/comments?post=224"}],"version-history":[{"count":2,"href":"https:\/\/us.edu.pl\/instytut\/ismuz\/wp-json\/wp\/v2\/pages\/224\/revisions"}],"predecessor-version":[{"id":234,"href":"https:\/\/us.edu.pl\/instytut\/ismuz\/wp-json\/wp\/v2\/pages\/224\/revisions\/234"}],"wp:attachment":[{"href":"https:\/\/us.edu.pl\/instytut\/ismuz\/wp-json\/wp\/v2\/media?parent=224"}],"curies":[{"name":"wp","href":"https:\/\/api.w.org\/{rel}","templated":true}]}}