{"id":2587,"date":"2022-02-04T09:27:09","date_gmt":"2022-02-04T08:27:09","guid":{"rendered":"https:\/\/us.edu.pl\/instytut\/ismuz\/?page_id=2587"},"modified":"2022-03-03T14:32:27","modified_gmt":"2022-03-03T13:32:27","slug":"prof-anna-szostak-myrczek","status":"publish","type":"page","link":"https:\/\/us.edu.pl\/instytut\/ismuz\/pracownicy\/prof-anna-szostak-myrczek\/","title":{"rendered":"prof. Anna Szostak-Myrczek"},"content":{"rendered":"<p>[vc_row][vc_column]\r\n                <div class=\"text-modules reverse\">\r\n                    <div class=\"container\">\r\n                         \r\n                        <div class=\"row m-0\">\r\n                            <div class=\"text-modules__content\">\r\n                                <strong>Anna Szostak<\/strong> \u2013 dyrygent, pedagog, profesor sztuki w zakresie dyrygentury. Absolwentka Wydzia\u0142u Artystycznego Uniwersytetu \u0142 \u015al\u0105skiego i profesor tej\u017ce uczelni. Stworzy\u0142a i prowadzi\u0142a kilka zespo\u0142\u00f3w wokalnych, z kt\u00f3rymi zdobywa\u0142a nagrody na festiwalach polskich i zagranicznych. Najwi\u0119ksze jednak uznanie zyska\u0142a jako dyrektor i dyrygent za\u0142o\u017conego przez siebie w 1990 roku Zespo\u0142u \u015apiewak\u00f3w Miasta Katowice \u201eCamerata Silesia\u201d. Zesp\u00f3\u0142 ten, z\u0142o\u017cony z solist\u00f3w wokalist\u00f3w, wykonuj\u0105c pod jej kierunkiem zar\u00f3wno utwory wokalne a cappella, jak i wokalno-instrumentalne, prowadzi aktywn\u0105 dzia\u0142alno\u015b\u0107 koncertow\u0105 i nagraniow\u0105, honorowan\u0105 presti\u017cowymi nagrodami, zdobywaj\u0105c uznanie krytyki w kraju i za granic\u0105. Ceniony jest przede wszystkim za perfekcyjne wykonania muzyki wsp\u00f3\u0142czesnej, \u015bwietnie odnajduje si\u0119 tak\u017ce w interpretacjach muzyki dawnej.<\/p>\n<p>Anna Szostak dokona\u0142a prawie 300 prawykona\u0144 dzie\u0142 kompozytor\u00f3w, kt\u00f3rzy nierzadko dedykowali swe utwory jej i jej zespo\u0142owi, m.in.: K. Baculewskiego, R. Campo, R. Gabrysia, A. Gabrysia, H.M. G\u00f3reckiego, K. Knittla, A. Koszewskiego, Z. Krauzego, A. Krzanowskiego, St. Krupowicza, P. \u0141ukaszewskiego, Z. Preisnera, S. Procacciolego, B. Schaeffera, W. Szalonka, P. Szyma\u0144skiego, R. Twardowskiego, J. Wnuk-Nazarowej, A. Zubel.<\/p>\n<p>W swoim dorobku Anna Szostak ma 50 wydawnictw fonograficznych. P\u0142yty przez ni\u0105 nagrane zdoby\u0142y kilkana\u015bcie nominacji do presti\u017cowej Nagrody Muzycznej \u201eFryderyk\u201d, a cztery z nich j\u0105 otrzyma\u0142y \u2212 ostatnio w 2021 album \u201ePrzez \u0142zy\u201d w kategorii Album Roku Muzyka Ch\u00f3ralna. By\u0142a zapraszana do wsp\u00f3\u0142pracy przez organizator\u00f3w renomowanych festiwali, takich jak: ISCM World Music Days w Wiedniu, Sommerfestspiele w Bregenz, Polish Sacred Music Gaude Mater w Pary\u017cu, Musikfestival Landschaft Westfalen w M\u00fcnster, Mi\u0119dzynarodowy Festiwal Muzyki Wsp\u00f3\u0142czesnej \u201eNew Sounds\u201d w Canterbury, Mi\u0119dzynarodowy Festiwal Muzyki Wsp\u00f3\u0142czesnej \u201eAksamitna Kurtyna 2\u201d we Lwowie, Mi\u0119dzynarodowy Festiwal Muzyki Wsp\u00f3\u0142czesnej \u201eWarszawska Jesie\u0144\u201d, Wielkanocny Festiwal im. Ludwika van Beethovena, Chopin i jego Europa w Warszawie, Wratislavia Cantans we Wroc\u0142awiu, Festiwal Prawykona\u0144 \u2013 Polska Muzyka Najnowsza w Katowicach oraz Jazzowa Jesie\u0144 im. Tomasza Sta\u0144ko, Mi\u0119dzynarodowy Festiwal Muzyki Europy \u015arodkowo-Wschodniej Eufonie.<\/p>\n<p>Prowadzony przez ni\u0105 Zesp\u00f3\u0142 wsp\u00f3\u0142pracowa\u0142 z wieloma orkiestrami, m.in. Wiener Symphoniker, London Philharmonic Orchestra, Hofkapelle M\u00fcnchen, Akademie f\u00fcr Alte Musik Berlin, London Baroque, Narodow\u0105 Orkiestr\u0105 Symfoniczn\u0105 Polskiego Radia w Katowicach, a tak\u017ce Sinfoni\u0105 Varsovi\u0105.<\/p>\n<p>Podczas swojej kariery artystycznej wyst\u0119powa\u0142a w wielu znakomitych salach koncertowych: Mei Lanfang Theatre w Pekinie, World Trade Center w Taipei, Festspielhaus w Bregenz, Gewandhaus w Lipsku, Parco della Musica w Rzymie, Palais de Beaux Arts w Brukseli, Th\u00e9\u00e2tre Royal de la Monnaie w Brukseli, Concertgebouw w Amsterdamie, Konzerthaus w Berlinie, Gran Teatro La Fenice w Wenecji, Op\u00e9ra Comique w Pary\u017cu, Royal Festival Hall w Londynie, Kakhidze Music Centre w Tbilisi, w sali koncertowej Narodowej Orkiestry Symfonicznej Polskiego Radia w Katowicach, Narodowym Forum Muzyki we Wroc\u0142awiu, Operze Narodowej w Warszawie, Studiu Koncertowym Polskiego Radia im. Witolda Lutos\u0142awskiego w Warszawie, Filharmonii Narodowej w Warszawie, a tak\u017ce<br \/>\nw Europejskim Centrum Muzyki Krzysztofa Pendereckiego w Lus\u0142awicach.<\/p>\n<p>W roku 2015 otrzyma\u0142a Br\u0105zowy Medal Zas\u0142u\u017cony Kulturze \u2013 Gloria Artis za szczeg\u00f3lne zas\u0142ugi w dziedzinie tw\u00f3rczo\u015bci artystycznej, dzia\u0142alno\u015bci kulturalnej, oraz ochronie kultury i dziedzictwa narodowego.<\/p>\n<p>YouTube:<\/p>\n<p>Spotkanie z Ann\u0105 Szostak, 30-lecie Zespo\u0142u \u015apiewak\u00f3w Miasta Katowice Camerata Silesia<br \/>\n<a href=\"https:\/\/www.youtube.com\/watch?v=uQ27zCYBH6U\">https:\/\/www.youtube.com\/watch?v=uQ27zCYBH6U<\/a><\/p>\n<p>Kr\u00f3tki film o Cameracie &#8211; 30-lecie Zespo\u0142u \u015apiewak\u00f3w Miasta Katowice \u201eCamerata Silesia\u201d:<br \/>\n<a href=\"https:\/\/www.youtube.com\/watch?v=SzUA6UmS6gM\">https:\/\/www.youtube.com\/watch?v=SzUA6UmS6gM<\/a><\/p>\n<p>Miserere mei Deus &#8211; Muzyka na Wielki Pi\u0105tek:<br \/>\n<a href=\"https:\/\/www.youtube.com\/watch?v=m-wLf1k00LQ\">https:\/\/www.youtube.com\/watch?v=m-wLf1k00LQ<\/a><\/p>\n<p>Ch\u00f3r i wiolonczela mistycznie | Camerata Silesia &amp; Marcin Zdunik:<br \/>\n<a href=\"https:\/\/youtu.be\/BTpLs74HXzI\">https:\/\/youtu.be\/BTpLs74HXzI<\/a><\/p>\n<p>Muzyka angielska \u2013 John Tavener, James Whitbourn \/ Sala koncertowa NOSPR:<br \/>\n<a href=\"https:\/\/youtu.be\/g-eu_-sKlOA\">https:\/\/youtu.be\/g-eu_-sKlOA<\/a><\/p>\n<p>Camerata Silesia \/ Koncert jubileuszowy cz\u0119\u015b\u0107 II:<br \/>\n<a href=\"https:\/\/youtu.be\/579xTEiLf00\">https:\/\/youtu.be\/579xTEiLf00<\/a><\/p>\n<p>Camerata Silesia &#8211; Marc&#8217;Antonio Ingegneri, Aestimatus sum:<br \/>\n<a href=\"https:\/\/www.youtube.com\/watch?v=pE7xv_cdfwI\">https:\/\/www.youtube.com\/watch?v=pE7xv_cdfwI<\/a><\/p>\n<p>Camerata Silesia &#8211; Karol Szymanowski, Panie muzykancie prosim zagra\u0107 walca:<br \/>\n<a href=\"https:\/\/youtu.be\/nnIVRmFcpJQ\">https:\/\/youtu.be\/nnIVRmFcpJQ<\/a><\/p>\n<p>Camerata Silesia &#8211; Wojciech Kilar, Apotheosis:<br \/>\n<a href=\"https:\/\/youtu.be\/RGtpBFDdda0\">https:\/\/youtu.be\/RGtpBFDdda0<\/a><\/p>\n<p>Camerata Silesia &#8211; Krzysztof Baculewski, &#8222;Preludium, Medytacja&#8221;:<br \/>\n<a href=\"https:\/\/youtu.be\/kbrFHVj_bOw\">https:\/\/youtu.be\/kbrFHVj_bOw<\/a><\/p>\n<p>Camerata Silesia &#8211; F. Chopin Etiuda E-dur:<br \/>\n<a href=\"https:\/\/youtu.be\/f3XYDUs5Czs\">https:\/\/youtu.be\/f3XYDUs5Czs<\/a><\/p>\n<p>Camerata Silesia &#8211; &#8222;Rock with You &#8211; A Tribute to Michael Jackson&#8221;:<br \/>\n<a href=\"https:\/\/www.youtube.com\/watch?v=l5vq5z-6QtY\">https:\/\/www.youtube.com\/watch?v=l5vq5z-6QtY<\/a><\/p>\n<p>P\u0142yty Zespo\u0142u \u015apiewak\u00f3w Miasta Katowice \u201eCamerata Silesia\u201d dost\u0119pne s\u0105 platformie Soundcloud:<br \/>\n<a href=\"https:\/\/soundcloud.com\/camerata_silesia_katowice\">https:\/\/soundcloud.com\/camerata_silesia_katowice<\/a><\/p>\n<p><a href=\"https:\/\/www.camerata.silesia.pl\/pl\/\">https:\/\/www.camerata.silesia.pl\/pl\/\u00a0<\/a><\/p>\n<div>Link do recenzji w Rzeczpospolitej<\/div>\n<div><a href=\"https:\/\/www.rp.pl\/muzyka-klasyczna\/art19319911-proste-piosenki-brzmia-jak-modlitwa\" target=\"_blank\" rel=\"noopener noreferrer\">https:\/\/www.rp.pl\/muzyka-klasyczna\/art19319911-proste-piosenki-brzmia-jak-modlitwa<\/a><\/div>\n<div><\/div>\n<div><\/div>\n<div>Link do relacji z koncertu w Muzeum \u015al.<\/div>\n<div><a href=\"https:\/\/www.youtube.com\/watch?v=y06zjk_4npI\" target=\"_blank\" rel=\"noopener noreferrer\">https:\/\/www.youtube.com\/watch?v=y06zjk_4npI<\/a><\/div>\n<div class=\"mt-3\"><\/div>\r\n                            <\/div>\r\n                            \r\n                            <div class=\"text-modules__img\"><img src=\"https:\/\/us.edu.pl\/instytut\/ismuz\/wp-content\/uploads\/sites\/54\/Nieprzypisane\/prof.-Anna-Szostak-1.jpg\" alt=\"img\"><\/div>\r\n                        <\/div>\r\n                    <\/div>\r\n                <\/div>[\/vc_column][\/vc_row][vc_row][vc_column]            \r\n                    <div class=\"container\">\r\n                        <div class=\"gallery gallery_3\" data-images-in-row=\"3\">\r\n                            \r\n                            <div class=\"row m-0\">\r\n                                <a data-fancybox-group=\"button\" title=\"\" data-fancybox=\"5654\" href=\"https:\/\/us.edu.pl\/instytut\/ismuz\/wp-content\/uploads\/sites\/54\/Nieprzypisane\/prof.-Anna-Szostak-1-1.jpg\" class=\"gallery__item thumbnail\"\r\n                                    style=\"background-image: url(https:\/\/us.edu.pl\/instytut\/ismuz\/wp-content\/uploads\/sites\/54\/Nieprzypisane\/prof.-Anna-Szostak-1-1-1024x1024.jpg)\"> <span class=\"d-none\">https:\/\/us.edu.pl\/instytut\/ismuz\/wp-content\/uploads\/sites\/54\/Nieprzypisane\/prof.-Anna-Szostak-1-1.jpg<\/span> <\/a><a data-fancybox-group=\"button\" title=\"\" data-fancybox=\"5654\" href=\"https:\/\/us.edu.pl\/instytut\/ismuz\/wp-content\/uploads\/sites\/54\/Nieprzypisane\/prof.-Anna-Szostak-2.jpg\" class=\"gallery__item thumbnail\"\r\n                                    style=\"background-image: url(https:\/\/us.edu.pl\/instytut\/ismuz\/wp-content\/uploads\/sites\/54\/Nieprzypisane\/prof.-Anna-Szostak-2-1024x684.jpg)\"> <span class=\"d-none\">https:\/\/us.edu.pl\/instytut\/ismuz\/wp-content\/uploads\/sites\/54\/Nieprzypisane\/prof.-Anna-Szostak-2.jpg<\/span> <\/a><a data-fancybox-group=\"button\" title=\"\" data-fancybox=\"5654\" href=\"https:\/\/us.edu.pl\/instytut\/ismuz\/wp-content\/uploads\/sites\/54\/Nieprzypisane\/prof.-Anna-Szostak-3.jpg\" class=\"gallery__item thumbnail\"\r\n                                    style=\"background-image: url(https:\/\/us.edu.pl\/instytut\/ismuz\/wp-content\/uploads\/sites\/54\/Nieprzypisane\/prof.-Anna-Szostak-3-1024x683.jpg)\"> <span class=\"d-none\">https:\/\/us.edu.pl\/instytut\/ismuz\/wp-content\/uploads\/sites\/54\/Nieprzypisane\/prof.-Anna-Szostak-3.jpg<\/span> <\/a><a data-fancybox-group=\"button\" title=\"\" data-fancybox=\"5654\" href=\"https:\/\/us.edu.pl\/instytut\/ismuz\/wp-content\/uploads\/sites\/54\/Nieprzypisane\/prof.-Anna-Szostak-4.jpg\" class=\"gallery__item thumbnail\"\r\n                                    style=\"background-image: url(https:\/\/us.edu.pl\/instytut\/ismuz\/wp-content\/uploads\/sites\/54\/Nieprzypisane\/prof.-Anna-Szostak-4-1024x684.jpg)\"> <span class=\"d-none\">https:\/\/us.edu.pl\/instytut\/ismuz\/wp-content\/uploads\/sites\/54\/Nieprzypisane\/prof.-Anna-Szostak-4.jpg<\/span> <\/a><a data-fancybox-group=\"button\" title=\"\" data-fancybox=\"5654\" href=\"https:\/\/us.edu.pl\/instytut\/ismuz\/wp-content\/uploads\/sites\/54\/Nieprzypisane\/prof.-Anna-Szostak-5.jpg\" class=\"gallery__item thumbnail\"\r\n                                    style=\"background-image: url(https:\/\/us.edu.pl\/instytut\/ismuz\/wp-content\/uploads\/sites\/54\/Nieprzypisane\/prof.-Anna-Szostak-5-1024x683.jpg)\"> <span class=\"d-none\">https:\/\/us.edu.pl\/instytut\/ismuz\/wp-content\/uploads\/sites\/54\/Nieprzypisane\/prof.-Anna-Szostak-5.jpg<\/span> <\/a><a data-fancybox-group=\"button\" title=\"\" data-fancybox=\"5654\" href=\"https:\/\/us.edu.pl\/instytut\/ismuz\/wp-content\/uploads\/sites\/54\/Nieprzypisane\/prof.-Anna-Szostak-6.jpg\" class=\"gallery__item thumbnail\"\r\n                                    style=\"background-image: url(https:\/\/us.edu.pl\/instytut\/ismuz\/wp-content\/uploads\/sites\/54\/Nieprzypisane\/prof.-Anna-Szostak-6-579x1024.jpg)\"> <span class=\"d-none\">https:\/\/us.edu.pl\/instytut\/ismuz\/wp-content\/uploads\/sites\/54\/Nieprzypisane\/prof.-Anna-Szostak-6.jpg<\/span> <\/a>\r\n                            <\/div>\r\n                    <\/div>\r\n                <\/div>[\/vc_column][\/vc_row]<\/p>","protected":false},"excerpt":{"rendered":"<p>[vc_row][vc_column][\/vc_column][\/vc_row][vc_row][vc_column][\/vc_column][\/vc_row] [&#8230;]<\/p>\n<p><a class=\"btn btn-secondary understrap-read-more-link\" href=\"https:\/\/us.edu.pl\/instytut\/ismuz\/pracownicy\/prof-anna-szostak-myrczek\/\">Read More&#8230;<\/a><\/p>\n","protected":false},"author":110,"featured_media":0,"parent":189,"menu_order":0,"comment_status":"closed","ping_status":"closed","template":"","meta":{"_expiration-date-status":"saved","_expiration-date":0,"_expiration-date-type":"","_expiration-date-categories":[],"_expiration-date-options":[]},"acf":[],"_links":{"self":[{"href":"https:\/\/us.edu.pl\/instytut\/ismuz\/wp-json\/wp\/v2\/pages\/2587"}],"collection":[{"href":"https:\/\/us.edu.pl\/instytut\/ismuz\/wp-json\/wp\/v2\/pages"}],"about":[{"href":"https:\/\/us.edu.pl\/instytut\/ismuz\/wp-json\/wp\/v2\/types\/page"}],"author":[{"embeddable":true,"href":"https:\/\/us.edu.pl\/instytut\/ismuz\/wp-json\/wp\/v2\/users\/110"}],"replies":[{"embeddable":true,"href":"https:\/\/us.edu.pl\/instytut\/ismuz\/wp-json\/wp\/v2\/comments?post=2587"}],"version-history":[{"count":6,"href":"https:\/\/us.edu.pl\/instytut\/ismuz\/wp-json\/wp\/v2\/pages\/2587\/revisions"}],"predecessor-version":[{"id":2638,"href":"https:\/\/us.edu.pl\/instytut\/ismuz\/wp-json\/wp\/v2\/pages\/2587\/revisions\/2638"}],"up":[{"embeddable":true,"href":"https:\/\/us.edu.pl\/instytut\/ismuz\/wp-json\/wp\/v2\/pages\/189"}],"wp:attachment":[{"href":"https:\/\/us.edu.pl\/instytut\/ismuz\/wp-json\/wp\/v2\/media?parent=2587"}],"curies":[{"name":"wp","href":"https:\/\/api.w.org\/{rel}","templated":true}]}}