{"id":2625,"date":"2022-03-03T10:04:01","date_gmt":"2022-03-03T09:04:01","guid":{"rendered":"https:\/\/us.edu.pl\/instytut\/ismuz\/?page_id=2625"},"modified":"2022-03-03T10:06:47","modified_gmt":"2022-03-03T09:06:47","slug":"mgr-piotr-matusik","status":"publish","type":"page","link":"https:\/\/us.edu.pl\/instytut\/ismuz\/pracownicy\/mgr-piotr-matusik\/","title":{"rendered":"mgr Piotr Matusik"},"content":{"rendered":"<p>[vc_row][vc_column]\r\n                <div class=\"text-modules reverse\">\r\n                    <div class=\"container\">\r\n                         \r\n                        <div class=\"row m-0\">\r\n                            <div class=\"text-modules__content\">\r\n                                Piotr Matusik &#8211; pianista, keyboardzista, kompozytor. Urodzony 5 czerwca 1991 roku w Bielsku-Bia\u0142ej.<\/p>\n<p>Absolwent wydzia\u0142u jazzu Akademii Muzycznej w Katowicach w klasie fortepianu prof. dr hab. Wojciecha Niedzieli, z kt\u00f3rym od pa\u017adziernika 2015 roku koncertuje w duecie fortepianowym. Stypendysta Ministerstwa Kultur y i Dziedzictwa Narodowego &#8211; M\u0142oda Polska 2019.<\/p>\n<p>Lider akustyczno-elektronicznego Piotr Matusik TRIO. Formacja ma na koncie album \u201eIndependence\u201d z autorsk\u0105 muzyk\u0105 Piotra Matusika, wydany w kwietniu 2020 roku przez wytw\u00f3rni\u0119 Soliton. Poza jazzem zajmuje si\u0119 r\u00f3wnie\u017c muzyk\u0105 alternatywn\u0105, elektroniczn\u0105. Laureat I nagrody w mi\u0119dzynarodowym konkursie kompozytorskim Bjazz 2016 w Leuven (Belgia). Nagrodzona kompozycja &#8222;Eternal July&#8221; znalaz\u0142a si\u0119 mi\u0119dzy innymi na p\u0142ycie &#8222;Polished&#8221; &#8211; Bartosz Dworak Quartet, album ten zawiera kilka utwor\u00f3w autorskich artysty. Jednym z wa\u017cniejszych utwor\u00f3w w dorobku kompozytora jest &#8222;Nemesis&#8221; &#8211; kilkucz\u0119\u015bciowa du\u017ca forma instrumentalna przeznaczona na improwizuj\u0105ce skrzypce i fortepian z towarzyszeniem orkiestry smyczkowej. Premiera mia\u0142a miejsce w grudniu 2016 w sali koncertowej Bielskiej Szko\u0142y Muzycznej a sam projekt finansowany by\u0142 przez Instytut Muzyki i Ta\u0144ca. Kolejnym dzie\u0142em w dorobku Piotra Matusika, powsta\u0142ym dzi\u0119ki zam\u00f3wieniom kompozytorskim jest \u201eKoncert na saksofon altowy improwizuj\u0105cy, z towarzyszeniem fortepianu\u201d (2020).<\/p>\n<p>Wsp\u00f3\u0142praca:<br \/>\nBartosz Dworak Quartet , Grzech Piotrowski &#8222;World Orchestra&#8221; oraz Grzech Piotrowski Quartet, Kinga G\u0142yk, Wojciech Niedziela, Andy Middleton, Kazimierz Jonkisz, Ronnie Cuber, Krystyna Pro\u0144ko,\u00a0 Gra\u017cyna \u0141obaszewska, Zbigniew Wodecki<\/p>\n<p>Nagrody zespo\u0142owe oraz indywidualne:<br \/>\nI miejsce podczas mi\u0119dzynarodowego konkursu na kompozycje jazzow\u0105 w Belgii &#8211; BJazz 2016<br \/>\nI miejsce w si\u00f3dmej edycji \u201eNovum Jazz Festiwal\u201d w \u0141om\u017cy\/2014 \u2013 Nadzieja Jazzu<br \/>\nII miejsce podczas Mi\u0119dzynarodowego Konkursu Improwizacji Jazzowej w Katowicach\/2015<br \/>\nII miejsce podczas Mi\u0119dzynarodowego Konkursu na kompozycj\u0119 jazzow\u0105 w Katowicach\/2015<br \/>\nGrand Prix podczas 37 Jazz Juniors oraz Grand Prix Bielskiej Zadymki Jazzowej &#8211; Bartosz Dworak Quartet<\/p>\n<p>Dyskografia:<br \/>\n\u2713 \u201eINDEPENDENCE\u201d Piotr Matusik TRIO<br \/>\n\u2713 \u201cLive in Radio Katowice\u201d \u2013 Bartosz Dworak Quartet<br \/>\n\u2713 \u201eMatusik and Ghostman Live\u201d \u2013 Matusik and Ghostman<br \/>\n\u2713 \u201cPolished\u201d \u2013 Bartosz Dworak Quartet (Hevhetia)<br \/>\n\u2713 \u201cTribute to Chick Corea\u201d \u2013 Piotr Matusik Quartet (Universal Music Polska)<br \/>\n\u2713 &#8222;Reflections&#8221; Bartosz Dworak Quartet (2018) (Hevhetia)<br \/>\n\u2713 \u201eDialog\u201d Dariusz Zi\u00f3\u0142ek<br \/>\n\u2713 &#8222;Parallel Worlds&#8221;Apostolis Anthimos Quartet (MetalMind)<\/p>\n<p><a href=\"http:\/\/www.facebook.com\/piotrmatusikmusic\">http:\/\/www.facebook.com\/piotrmatusikmusic\u00a0<\/a> \r\n                                <div class=\"mt-3\"><\/div>\r\n                            <\/div>\r\n                            \r\n                            <div class=\"text-modules__img\"><img src=\"https:\/\/us.edu.pl\/instytut\/ismuz\/wp-content\/uploads\/sites\/54\/Nieprzypisane\/DSC4199-2.jpg\" alt=\"img\"><\/div>\r\n                        <\/div>\r\n                    <\/div>\r\n                <\/div>[\/vc_column][\/vc_row]<\/p>","protected":false},"excerpt":{"rendered":"<p>[vc_row][vc_column][\/vc_column][\/vc_row] [&#8230;]<\/p>\n<p><a class=\"btn btn-secondary understrap-read-more-link\" href=\"https:\/\/us.edu.pl\/instytut\/ismuz\/pracownicy\/mgr-piotr-matusik\/\">Read More&#8230;<\/a><\/p>\n","protected":false},"author":110,"featured_media":0,"parent":189,"menu_order":0,"comment_status":"closed","ping_status":"closed","template":"","meta":{"_expiration-date-status":"saved","_expiration-date":0,"_expiration-date-type":"","_expiration-date-categories":[],"_expiration-date-options":[]},"acf":[],"_links":{"self":[{"href":"https:\/\/us.edu.pl\/instytut\/ismuz\/wp-json\/wp\/v2\/pages\/2625"}],"collection":[{"href":"https:\/\/us.edu.pl\/instytut\/ismuz\/wp-json\/wp\/v2\/pages"}],"about":[{"href":"https:\/\/us.edu.pl\/instytut\/ismuz\/wp-json\/wp\/v2\/types\/page"}],"author":[{"embeddable":true,"href":"https:\/\/us.edu.pl\/instytut\/ismuz\/wp-json\/wp\/v2\/users\/110"}],"replies":[{"embeddable":true,"href":"https:\/\/us.edu.pl\/instytut\/ismuz\/wp-json\/wp\/v2\/comments?post=2625"}],"version-history":[{"count":2,"href":"https:\/\/us.edu.pl\/instytut\/ismuz\/wp-json\/wp\/v2\/pages\/2625\/revisions"}],"predecessor-version":[{"id":2629,"href":"https:\/\/us.edu.pl\/instytut\/ismuz\/wp-json\/wp\/v2\/pages\/2625\/revisions\/2629"}],"up":[{"embeddable":true,"href":"https:\/\/us.edu.pl\/instytut\/ismuz\/wp-json\/wp\/v2\/pages\/189"}],"wp:attachment":[{"href":"https:\/\/us.edu.pl\/instytut\/ismuz\/wp-json\/wp\/v2\/media?parent=2625"}],"curies":[{"name":"wp","href":"https:\/\/api.w.org\/{rel}","templated":true}]}}