{"id":269,"date":"2020-02-17T14:09:38","date_gmt":"2020-02-17T13:09:38","guid":{"rendered":"https:\/\/us.edu.pl\/instytut\/ismuz\/?page_id=269"},"modified":"2026-04-08T14:27:37","modified_gmt":"2026-04-08T12:27:37","slug":"pion-dydaktyczny","status":"publish","type":"page","link":"https:\/\/us.edu.pl\/instytut\/ismuz\/pion-dydaktyczny\/","title":{"rendered":"Pion dydaktyczny"},"content":{"rendered":"<p>[vc_row][vc_column]\r\n                <div class=\"text-modules\">\r\n                    <div class=\"container\">\r\n                        <h3 class=\"page-title text__title\">Pion dydaktyczny<\/h3>\r\n                        <div class=\"text-modules__content\"><p><span style=\"font-size: 14pt;\"><strong>Dyrekcja pionu dydaktycznego<\/strong><\/span><\/p>\n<p>Dyrektor kierunk\u00f3w studi\u00f3w <strong>dr hab. Krzysztof Gawlas, prof. U\u015a<br \/>\n<\/strong>pok. H1.1\/H1.1c, tel. 33\/8546\/222, 117\u00a0 e-mail: krzysztof.gawlas@us.edu.pl<br \/>\nAdres: ul. Bielska 62, 43-400 Cieszyn<\/p>\n<hr \/>\n<p>Z-ca Dyrektora kierunk\u00f3w studi\u00f3w <strong>dr Danuta Zo\u0144-Ciuk, prof. U\u015a<br \/>\n<\/strong>pok. H1.1\/H1.1c, tel. 33\/8546\/117, e-mail: danuta.zon-ciuk@us.edu.pl<br \/>\nAdres: ul. Bielska 62, 43-400 Cieszyn<\/p>\n<hr \/>\n<p><span style=\"font-size: 14pt;\"><strong>RADA DYDAKTYCZNA KIERUNK\u00d3W STUDI\u00d3W<\/strong><\/span><br \/>\n<span style=\"font-size: 14pt;\"><strong>Edukacja artystyczna w zakresie sztuki muzycznej i Muzyka w multimediach<\/strong><\/span><br \/>\n<span style=\"font-size: 14pt;\"><strong>rok akademicki 2025\/2026<\/strong><\/span><\/p>\n<p>dr hab. Krzysztof Gawlas, prof. U\u015a \u2013 dyrektor kierunk\u00f3w studi\u00f3w \u2013 przewodnicz\u0105cy;<br \/>\ndr Danuta Zo\u0144-Ciuk, prof. U\u015a \u2013 zast\u0119pca dyrektora kierunk\u00f3w studi\u00f3w \u2013 zast\u0119pca przewodnicz\u0105cego;<\/p>\n<p>Cz\u0142onkowie (z g\u0142osem stanowi\u0105cym):<br \/>\nprof. dr hab. Izabella Zielecka-Panek<br \/>\ndr hab. Agnieszka Kopi\u0144ska, prof. U\u015a<br \/>\ndr hab. Bartosz Listwan, prof. U\u015a<br \/>\ndr Gra\u017cyna Durlow<br \/>\ndr Agata Ho\u0142dyk, prof. U\u015a<br \/>\ndr Zenon Moj\u017cysz<br \/>\ndr Adrian Robak, prof. U\u015a<br \/>\nmgr in\u017c. Paulina Bielesz<br \/>\nmgr Jakub Chojnacki<\/p>\n<p>Przedstawiciele student\u00f3w:<br \/>\nMa\u0142gorzata Gronowska &#8211; Muzyka w multimediach, I stopie\u0144<br \/>\nAnna Maria Wala &#8211; Edukacja artystyczna w zakresie sztuki muzycznej, I stopie\u0144<br \/>\nlic. Julia Hoszek &#8211; Muzyka w multimediach, II stopie\u0144<br \/>\nlic. Nina Kumorek &#8211; Edukacja artystyczna w zakresie sztuki muzycznej, II stopie\u0144<\/p>\n<p>Przedstawiciele interesariuszy zewn\u0119trznych &#8211; cz\u0142onkowie z g\u0142osem doradczym):<br \/>\ndr Jadwiga Sikora<br \/>\nmgr Rados\u0142aw Itner<br \/>\nlic. Adam Rucki<\/p>\n<\/div>\r\n                    <\/div>\r\n                <\/div>[\/vc_column][\/vc_row]<\/p>","protected":false},"excerpt":{"rendered":"<p>[vc_row][vc_column][\/vc_column][\/vc_row] [&#8230;]<\/p>\n<p><a class=\"btn btn-secondary understrap-read-more-link\" href=\"https:\/\/us.edu.pl\/instytut\/ismuz\/pion-dydaktyczny\/\">Read More&#8230;<\/a><\/p>\n","protected":false},"author":111,"featured_media":0,"parent":0,"menu_order":240,"comment_status":"closed","ping_status":"closed","template":"","meta":{"_expiration-date-status":"","_expiration-date":0,"_expiration-date-type":"","_expiration-date-categories":[],"_expiration-date-options":[]},"acf":[],"_links":{"self":[{"href":"https:\/\/us.edu.pl\/instytut\/ismuz\/wp-json\/wp\/v2\/pages\/269"}],"collection":[{"href":"https:\/\/us.edu.pl\/instytut\/ismuz\/wp-json\/wp\/v2\/pages"}],"about":[{"href":"https:\/\/us.edu.pl\/instytut\/ismuz\/wp-json\/wp\/v2\/types\/page"}],"author":[{"embeddable":true,"href":"https:\/\/us.edu.pl\/instytut\/ismuz\/wp-json\/wp\/v2\/users\/111"}],"replies":[{"embeddable":true,"href":"https:\/\/us.edu.pl\/instytut\/ismuz\/wp-json\/wp\/v2\/comments?post=269"}],"version-history":[{"count":10,"href":"https:\/\/us.edu.pl\/instytut\/ismuz\/wp-json\/wp\/v2\/pages\/269\/revisions"}],"predecessor-version":[{"id":5774,"href":"https:\/\/us.edu.pl\/instytut\/ismuz\/wp-json\/wp\/v2\/pages\/269\/revisions\/5774"}],"wp:attachment":[{"href":"https:\/\/us.edu.pl\/instytut\/ismuz\/wp-json\/wp\/v2\/media?parent=269"}],"curies":[{"name":"wp","href":"https:\/\/api.w.org\/{rel}","templated":true}]}}