{"id":280,"date":"2020-02-17T14:17:29","date_gmt":"2020-02-17T13:17:29","guid":{"rendered":"https:\/\/us.edu.pl\/instytut\/ismuz\/?page_id=280"},"modified":"2022-03-16T13:56:53","modified_gmt":"2022-03-16T12:56:53","slug":"wspolpraca","status":"publish","type":"page","link":"https:\/\/us.edu.pl\/instytut\/ismuz\/wspolpraca\/","title":{"rendered":"Wsp\u00f3\u0142praca"},"content":{"rendered":"<p>[vc_row][vc_column]\r\n                <div class=\"text-modules\">\r\n                    <div class=\"container\">\r\n                        <h3 class=\"page-title text__title\">Erasmus+<\/h3>\r\n                        <div class=\"text-modules__content\"><p><span style=\"font-size: 14pt;\"><strong>Wyjazdy na studia w ramach Programu Erasmus+ w roku akademickim 2020\/21<\/strong><\/span><\/p>\n<p><strong><span style=\"font-size: 12pt;\">Wydzia\u0142 Sztuki i Nauk o Edukacji og\u0142asza rekrutacj\u0119 na wyjazdy na studia w ramach Programu Erasmus+ <\/span><\/strong><br \/>\n<strong><span style=\"font-size: 12pt;\">Do rekrutacji mog\u0105 przyst\u0105pi\u0107 studenci wszystkich kierunk\u00f3w i instytut\u00f3w wydzia\u0142u.<\/span> <\/strong><\/p>\n<p><span style=\"font-size: 12pt;\">Rekrutacja 2020\/21 dotyczy semestru zimowego, letniego lub ca\u0142ego roku. We wniosku (cz\u0119\u015b\u0107 \u017bYCIORYS) student, je\u017celi posiada, informuje o pa\u0144stwowych certyfikatach j\u0119zykowych typu FCE, CAE, CPE etc. Rekrutacja w systemie USOS nie dotyczy praktyk. Rekrutacja na praktyki ma charakter ci\u0105g\u0142y i trwa do wyczerpania \u015brodk\u00f3w. <\/span><\/p>\n<p><span style=\"font-size: 12pt;\">Pytania mo\u017cna kierowa\u0107 na adres koordynatora Erasmus+ odpowiedniego kierunku studi\u00f3w czy te\u017c instytutu: <\/span><br \/>\n<strong><span style=\"font-size: 12pt;\">Instytut Sztuk Muzycznych: <\/span><\/strong><br \/>\n<strong><span style=\"font-size: 12pt;\">dr Joanna Nowicka: <a href=\"mailto:joanna.nowicka@us.edu.pl\">joanna.nowicka@us.edu.pl<\/a><\/span><\/strong><\/p>\n<p><strong><span style=\"font-size: 12pt;\">Lista uczelni z kt\u00f3rymi Instytut Muzyki w Cieszynie ma podpisane umowy bilateralne, pozwalaj\u0105ce na wymian\u0119 studenck\u0105:<\/span><\/strong><\/p>\n<p><strong>Portugalia:<\/strong><br \/>\nInstituto Polit\u00e9cnico de Lisboa<br \/>\nInstituto Polit\u00e9cnico do Porto<br \/>\nUniversidade de \u00c9vora<\/p>\n<p><strong>Turcja:<\/strong><br \/>\nPamukkale \u00dcniversitesi<br \/>\nKirikkale \u00dcniversitesi<\/p>\n<p><strong>Hiszpania:<\/strong><br \/>\nConservatori Superior de M\u00fasica Joaqu\u00edn Rodrigo de Val\u00e8ncia<\/p>\n<p><strong>Chorwacja:<\/strong><br \/>\nSveuciliste Josipa Jurja Strossmayera u Osijeku<\/p>\n<p><strong>S\u0142owacja:<\/strong><br \/>\nHudobn\u00e1 a umeleck\u00e1 akad\u00e9mia J\u00e1na Albrechta Bansk\u00e1 \u0160tiavnica<br \/>\nKatol\u00edcka univerzita v Ru\u017eomberku<\/p>\n<p><strong>Czechy:<\/strong><br \/>\nOstravsk\u00e1 univerzita v Ostrav\u011b<br \/>\nUniverzita Hradec Kr\u00e1lov\u00e9<br \/>\nMasarykova univerzita<br \/>\nUniverzita Karlova<\/p>\n<p><strong>W\u0119gry:<\/strong><br \/>\nNy\u00edregyh\u00e1zi Egyetem<\/p>\n<p><strong>Austria:<\/strong><br \/>\nKirchliche P\u00e4dagogische Hochschule Graz<\/p>\n<p><strong>\u0141otwa:<\/strong><br \/>\nDaugavpils Universit\u0101te<\/p>\n<p><strong>Litwa:<\/strong><br \/>\nLietuvos muzikos ir teatro akademija<\/p>\n<p>&nbsp;<\/p>\n<p><span style=\"font-size: 12pt;\"><strong>Koordynator programu Erasmus+ <\/strong><\/span><span style=\"font-size: 12pt;\"><strong>Instytutu Sztuk Muzycznych w Cieszynie <\/strong><\/span><br \/>\n<span style=\"font-size: 12pt;\"><strong>Joanna Nowicka \u00a0\u00a0<\/strong><\/span><a href=\"mailto:joanna.nowicka@us.edu.pl\"><span style=\"font-size: 12pt;\">joanna.nowicka@us.edu.pl<\/span><\/a><\/p>\n<h5><\/h5>\n<p>\n<\/div>\r\n                    <\/div>\r\n                <\/div>[\/vc_column][\/vc_row]<\/p>","protected":false},"excerpt":{"rendered":"<p>[vc_row][vc_column][\/vc_column][\/vc_row] [&#8230;]<\/p>\n<p><a class=\"btn btn-secondary understrap-read-more-link\" href=\"https:\/\/us.edu.pl\/instytut\/ismuz\/wspolpraca\/\">Read More&#8230;<\/a><\/p>\n","protected":false},"author":111,"featured_media":0,"parent":0,"menu_order":130,"comment_status":"closed","ping_status":"closed","template":"","meta":{"_expiration-date-status":"saved","_expiration-date":0,"_expiration-date-type":"","_expiration-date-categories":[],"_expiration-date-options":[]},"acf":[],"_links":{"self":[{"href":"https:\/\/us.edu.pl\/instytut\/ismuz\/wp-json\/wp\/v2\/pages\/280"}],"collection":[{"href":"https:\/\/us.edu.pl\/instytut\/ismuz\/wp-json\/wp\/v2\/pages"}],"about":[{"href":"https:\/\/us.edu.pl\/instytut\/ismuz\/wp-json\/wp\/v2\/types\/page"}],"author":[{"embeddable":true,"href":"https:\/\/us.edu.pl\/instytut\/ismuz\/wp-json\/wp\/v2\/users\/111"}],"replies":[{"embeddable":true,"href":"https:\/\/us.edu.pl\/instytut\/ismuz\/wp-json\/wp\/v2\/comments?post=280"}],"version-history":[{"count":10,"href":"https:\/\/us.edu.pl\/instytut\/ismuz\/wp-json\/wp\/v2\/pages\/280\/revisions"}],"predecessor-version":[{"id":2654,"href":"https:\/\/us.edu.pl\/instytut\/ismuz\/wp-json\/wp\/v2\/pages\/280\/revisions\/2654"}],"wp:attachment":[{"href":"https:\/\/us.edu.pl\/instytut\/ismuz\/wp-json\/wp\/v2\/media?parent=280"}],"curies":[{"name":"wp","href":"https:\/\/api.w.org\/{rel}","templated":true}]}}