{"id":3003,"date":"2023-01-26T11:24:55","date_gmt":"2023-01-26T10:24:55","guid":{"rendered":"https:\/\/us.edu.pl\/instytut\/ismuz\/?page_id=3003"},"modified":"2023-10-18T21:04:11","modified_gmt":"2023-10-18T19:04:11","slug":"anna-miech","status":"publish","type":"page","link":"https:\/\/us.edu.pl\/instytut\/ismuz\/pracownicy\/anna-miech\/","title":{"rendered":"dr hab. Anna Miech, prof. U\u015a"},"content":{"rendered":"<p>[vc_row][vc_column]\r\n                <div class=\"text-modules reverse\">\r\n                    <div class=\"container\">\r\n                        <h3 class=\"section-title section-title_border-bottom\">dr hab. Anna Miech, prof. U\u015a<\/h3> \r\n                        <div class=\"row m-0\">\r\n                            <div class=\"text-modules__content\">\r\n                                <span style=\"font-size: 12pt;\"><strong>Anna Miech<\/strong>\u00a0&#8211; pianistka, kameralistka, pedagog, dr hab. prof. U\u015a<\/span><\/p>\n<p><span style=\"font-size: 12pt;\">Absolwentka Akademii Muzycznej w Krakowie, w kt\u00f3rej studiowa\u0142a w klasie fortepianu prof. Ludwika Stefa\u0144skiego i prof. Ewy Bukojemskiej. Swoje umiej\u0119tno\u015bci doskonali\u0142a na Mi\u0119dzynarodowych Kursach Pianistycznych w Niemczech, Francji i Austrii.<\/span><\/p>\n<p><span style=\"font-size: 12pt;\">Od 1988 roku zwi\u0105zana jest z Instytutem Muzyki Wydzia\u0142u Artystycznego U\u015a, a od 1995 roku r\u00f3wnie\u017c ze Szko\u0142\u0105 Muzyczn\u0105 w Jastrz\u0119biu-Zdroju. Prowadzi dzia\u0142alno\u015b\u0107 artystyczn\u0105 oraz dydaktyczno-naukow\u0105 zwie\u0144czon\u0105 przewodem doktorskim, a nast\u0119pnie przewodem habilitacyjnym. W swojej dzia\u0142alno\u015bci naukowej koncentruje si\u0119 g\u0142\u00f3wnie na problematyce zwi\u0105zanej z muzyk\u0105 kameraln\u0105, kt\u00f3re to zagadnienia sta\u0142y si\u0119 tematem wydanej rozprawy pt. \u201eSynergia w grze kameralnej w aspekcie pianistycznych \u015brodk\u00f3w wykonawczych\u201d<\/span><\/p>\n<p><span style=\"font-size: 12pt;\">Jako pianistka-kameralistka wsp\u00f3\u0142pracuje z wieloma muzykami wykonuj\u0105c r\u00f3\u017cnorodne gatunki muzyki kameralnej. Dokona\u0142a nagra\u0144 p\u0142ytowych szeregu dzie\u0142 kameralnych.<\/span><\/p>\n<p><span style=\"font-size: 12pt;\">Koncertuje zar\u00f3wno w kraju jak i za granic\u0105, m.in. w Czechach, S\u0142owacji, Grecji, Austrii i Francji.<\/span><\/p>\n<p>&nbsp;<\/p>\n<p><span style=\"font-size: 12pt;\"><strong>Anna Miech<\/strong>\u00a0&#8211; a pianist, chamber musician, educator, Associate Professor of the University of Silesia. A graduate of The Academy of Music in Krakow, where she studied piano in the class of prof. Ludwik Stefanski and prof. Ewa Bukojemska. She perfected her skills at International Piano Courses in Germany, France and Austria. Since 1988, she has been associated with The Institute of Music at the Faculty of Arts of the University of Silesia, and since 1995 also with The Music School in Jastrz\u0119bie-Zdr\u00f3j. She conducts artistic, didactic and research activities crowned with a doctoral dissertation followed by a habilitation process. In her scientific activity, she focuses mostly on the issues related to chamber music, which became the subject of her publication entitled \u201cSynergy in chamber music playing in the aspect of pianistic means of performance\u201d. As a pianist and chamber musician, she collaborates with many musicians and performs various genres of chamber music. She has made album recordings of many chamber works. She gives concerts both in Poland and abroad, e.g. in the Czech Republic, Slovakia, Greece, Austria and France.<\/span> \r\n                                <div class=\"mt-3\"><\/div>\r\n                            <\/div>\r\n                            \r\n                            <div class=\"text-modules__img\"><img src=\"https:\/\/us.edu.pl\/instytut\/ismuz\/wp-content\/uploads\/sites\/54\/Bez-kategorii\/MiechA-569x800.jpg\" alt=\"img\"><\/div>\r\n                        <\/div>\r\n                    <\/div>\r\n                <\/div>[\/vc_column][\/vc_row][vc_row][vc_column]            \r\n                    <div class=\"container\">\r\n                        <div class=\"gallery gallery_2\" data-images-in-row=\"2\">\r\n                            \r\n                            <div class=\"row m-0\">\r\n                                <a data-fancybox-group=\"button\" title=\"\" data-fancybox=\"4813\" href=\"https:\/\/us.edu.pl\/instytut\/ismuz\/wp-content\/uploads\/sites\/54\/Bez-kategorii\/MiechSzabelka-10.jpg\" class=\"gallery__item thumbnail\"\r\n                                    style=\"background-image: url(https:\/\/us.edu.pl\/instytut\/ismuz\/wp-content\/uploads\/sites\/54\/Bez-kategorii\/MiechSzabelka-10-1200x675.jpg)\"> <span class=\"d-none\">https:\/\/us.edu.pl\/instytut\/ismuz\/wp-content\/uploads\/sites\/54\/Bez-kategorii\/MiechSzabelka-10.jpg<\/span> <\/a><a data-fancybox-group=\"button\" title=\"\" data-fancybox=\"4813\" href=\"https:\/\/us.edu.pl\/instytut\/ismuz\/wp-content\/uploads\/sites\/54\/Bez-kategorii\/K-I.jpg\" class=\"gallery__item thumbnail\"\r\n                                    style=\"background-image: url(https:\/\/us.edu.pl\/instytut\/ismuz\/wp-content\/uploads\/sites\/54\/Bez-kategorii\/K-I-1200x800.jpg)\"> <span class=\"d-none\">https:\/\/us.edu.pl\/instytut\/ismuz\/wp-content\/uploads\/sites\/54\/Bez-kategorii\/K-I.jpg<\/span> <\/a>\r\n                            <\/div>\r\n                    <\/div>\r\n                <\/div>[\/vc_column][\/vc_row]<\/p>","protected":false},"excerpt":{"rendered":"<p>[vc_row][vc_column][\/vc_column][\/vc_row][vc_row][vc_column][\/vc_column][\/vc_row] [&#8230;]<\/p>\n<p><a class=\"btn btn-secondary understrap-read-more-link\" href=\"https:\/\/us.edu.pl\/instytut\/ismuz\/pracownicy\/anna-miech\/\">Read More&#8230;<\/a><\/p>\n","protected":false},"author":110,"featured_media":0,"parent":189,"menu_order":0,"comment_status":"closed","ping_status":"closed","template":"","meta":{"_expiration-date-status":"","_expiration-date":0,"_expiration-date-type":"","_expiration-date-categories":[],"_expiration-date-options":[]},"acf":[],"_links":{"self":[{"href":"https:\/\/us.edu.pl\/instytut\/ismuz\/wp-json\/wp\/v2\/pages\/3003"}],"collection":[{"href":"https:\/\/us.edu.pl\/instytut\/ismuz\/wp-json\/wp\/v2\/pages"}],"about":[{"href":"https:\/\/us.edu.pl\/instytut\/ismuz\/wp-json\/wp\/v2\/types\/page"}],"author":[{"embeddable":true,"href":"https:\/\/us.edu.pl\/instytut\/ismuz\/wp-json\/wp\/v2\/users\/110"}],"replies":[{"embeddable":true,"href":"https:\/\/us.edu.pl\/instytut\/ismuz\/wp-json\/wp\/v2\/comments?post=3003"}],"version-history":[{"count":4,"href":"https:\/\/us.edu.pl\/instytut\/ismuz\/wp-json\/wp\/v2\/pages\/3003\/revisions"}],"predecessor-version":[{"id":3188,"href":"https:\/\/us.edu.pl\/instytut\/ismuz\/wp-json\/wp\/v2\/pages\/3003\/revisions\/3188"}],"up":[{"embeddable":true,"href":"https:\/\/us.edu.pl\/instytut\/ismuz\/wp-json\/wp\/v2\/pages\/189"}],"wp:attachment":[{"href":"https:\/\/us.edu.pl\/instytut\/ismuz\/wp-json\/wp\/v2\/media?parent=3003"}],"curies":[{"name":"wp","href":"https:\/\/api.w.org\/{rel}","templated":true}]}}