{"id":3042,"date":"2023-03-09T13:43:15","date_gmt":"2023-03-09T12:43:15","guid":{"rendered":"https:\/\/us.edu.pl\/instytut\/ismuz\/?page_id=3042"},"modified":"2023-03-09T13:44:08","modified_gmt":"2023-03-09T12:44:08","slug":"dariusz-gorniok","status":"publish","type":"page","link":"https:\/\/us.edu.pl\/instytut\/ismuz\/dariusz-gorniok\/","title":{"rendered":"dr Dariusz G\u00f3rniok"},"content":{"rendered":"<p>[vc_row][vc_column]\r\n                <div class=\"text-modules reverse\">\r\n                    <div class=\"container\">\r\n                         \r\n                        <div class=\"row m-0\">\r\n                            <div class=\"text-modules__content\">\r\n                                <strong>dr Dariusz G\u00f3rniok<\/strong> \u2013 kompozytor, aran\u017cer, pianista. Absolwent Wydzia\u0142u Jazzu i Muzyki Rozrywkowej Akademii Muzycznej im. K. Szymanowskiego w Katowicach oraz Uniwersytetu \u015al\u0105skiego w Katowicach. Jako kompozytor znany jest g\u0142\u00f3wnie z muzyki do film\u00f3w Jana Jakuba Kolskiego: \u201eAfonia i pszczo\u0142y\u201d, \u201eWenecja\u201d, \u201eZabi\u0107 bobra\u201d, \u201eSerce serduszko\u201d czy \u201eU\u0142askawienie\u201d. Jest r\u00f3wnie\u017c tw\u00f3rc\u0105 muzyki do innych form audiowizualnych takich jak film dokumentalny, muzyka teatralna, reklama czy serial. Swoje zainteresowania rozwija g\u0142\u00f3wnie na gruncie kompozycji klasycznej, ch\u00f3ralnej i jazzowej. Jego zainteresowania i dzia\u0142ania na polu muzyki skupiaj\u0105 si\u0119 wok\u00f3\u0142 zagadnie\u0144 zwi\u0105zanych z wp\u0142ywami r\u00f3\u017cnych styl\u00f3w muzycznych\u00a0 w sztukach audiowizualnych. Dariusz G\u00f3rniok jest tak\u017ce autorem\u00a0 fanfary skomponowanej dla Uniwersytetu \u015al\u0105skiego z okazji jubileuszu 50-lecia istnienia uczelni. \r\n                                <div class=\"mt-3\"><\/div>\r\n                            <\/div>\r\n                            \r\n                            <div class=\"text-modules__img\"><img src=\"https:\/\/us.edu.pl\/instytut\/ismuz\/wp-content\/uploads\/sites\/54\/Bez-kategorii\/Dariusz-Gorniok-scaled.jpg\" alt=\"img\"><\/div>\r\n                        <\/div>\r\n                    <\/div>\r\n                <\/div>[\/vc_column][\/vc_row]<\/p>","protected":false},"excerpt":{"rendered":"<p>[vc_row][vc_column][\/vc_column][\/vc_row] [&#8230;]<\/p>\n<p><a class=\"btn btn-secondary understrap-read-more-link\" href=\"https:\/\/us.edu.pl\/instytut\/ismuz\/dariusz-gorniok\/\">Read More&#8230;<\/a><\/p>\n","protected":false},"author":110,"featured_media":0,"parent":0,"menu_order":0,"comment_status":"closed","ping_status":"closed","template":"","meta":{"_expiration-date-status":"","_expiration-date":0,"_expiration-date-type":"","_expiration-date-categories":[],"_expiration-date-options":[]},"acf":[],"_links":{"self":[{"href":"https:\/\/us.edu.pl\/instytut\/ismuz\/wp-json\/wp\/v2\/pages\/3042"}],"collection":[{"href":"https:\/\/us.edu.pl\/instytut\/ismuz\/wp-json\/wp\/v2\/pages"}],"about":[{"href":"https:\/\/us.edu.pl\/instytut\/ismuz\/wp-json\/wp\/v2\/types\/page"}],"author":[{"embeddable":true,"href":"https:\/\/us.edu.pl\/instytut\/ismuz\/wp-json\/wp\/v2\/users\/110"}],"replies":[{"embeddable":true,"href":"https:\/\/us.edu.pl\/instytut\/ismuz\/wp-json\/wp\/v2\/comments?post=3042"}],"version-history":[{"count":1,"href":"https:\/\/us.edu.pl\/instytut\/ismuz\/wp-json\/wp\/v2\/pages\/3042\/revisions"}],"predecessor-version":[{"id":3044,"href":"https:\/\/us.edu.pl\/instytut\/ismuz\/wp-json\/wp\/v2\/pages\/3042\/revisions\/3044"}],"wp:attachment":[{"href":"https:\/\/us.edu.pl\/instytut\/ismuz\/wp-json\/wp\/v2\/media?parent=3042"}],"curies":[{"name":"wp","href":"https:\/\/api.w.org\/{rel}","templated":true}]}}