{"id":3048,"date":"2023-03-15T13:01:33","date_gmt":"2023-03-15T12:01:33","guid":{"rendered":"https:\/\/us.edu.pl\/instytut\/ismuz\/?page_id=3048"},"modified":"2023-03-15T13:02:12","modified_gmt":"2023-03-15T12:02:12","slug":"jakub-chojnacki","status":"publish","type":"page","link":"https:\/\/us.edu.pl\/instytut\/ismuz\/jakub-chojnacki\/","title":{"rendered":"mgr Jakub Chojnacki"},"content":{"rendered":"<p>[vc_row][vc_column]\r\n                <div class=\"text-modules reverse\">\r\n                    <div class=\"container\">\r\n                         \r\n                        <div class=\"row m-0\">\r\n                            <div class=\"text-modules__content\">\r\n                                <strong>mgr Jakub Chojnacki<\/strong> &#8211; saksofonista, pedagog, aran\u017cer, re\u017cyser d\u017awi\u0119ku, operator kamery, monta\u017cysta. Absolwent Akademii Muzycznej w Katowicach gdzie studiowa\u0142 jazz i muzyk\u0119 estradow\u0105, specjalno\u015b\u0107 Instrumentalistyka jazzowa &#8211; saksofon, oraz absolwent Projektowania gier i przestrzeni wirtualnej na Uniwersytecie \u015al\u0105skim. Wsp\u00f3\u0142pracowa\u0142 muzycznie z artystami takimi jak Kami Wasicki, Maria K\u0119pisty, Martyna Kwolek, Piotr Matusik, oraz zespo\u0142ami Propaganda Dei, Big Silesian Band. Owocem wsp\u00f3\u0142pracy jest kilkana\u015bcie pozycji p\u0142ytowych. Jako realizator i re\u017cyser d\u017awi\u0119ku zrealizowa\u0142 kilkana\u015bcie produkcji kr\u00f3tko i \u015bredniometra\u017cowych, m. in. \u201eHalo Babciu\u201d, \u201ePacked Suitcases\u201d, \u201eHrozny\u201d, \u201eDziku\u201d, \u201eSfora\u201d, \u201ePart Ways\u201d, \u201eBackfist\u201d, \u201eKinky\u201d. Tworzy\u0142 d\u017awi\u0119k ambisoniczny do film\u00f3w interaktywnych dla Muzeum G\u00f3rno\u015bl\u0105skiego Park Etnograficzny w Chorzowie, oraz w projekcie VR \u201eSelf\u201d. Obecnie prowadzi firm\u0119 zajmuj\u0105c\u0105 si\u0119 realizacjami audiowizualnymi. Realizuje nagrania wielokamerowe, reporta\u017ce, teledyski, showreele, reklamy. Jest \u00a0tak\u017ce wyk\u0142adowc\u0105 w Instytucie Sztuk Muzycznych na Wydziale Sztuki i Nauk o Edukacji Uniwersytetu \u015al\u0105skiego. \r\n                                <div class=\"mt-3\"><\/div>\r\n                            <\/div>\r\n                            \r\n                            <div class=\"text-modules__img\"><img src=\"https:\/\/us.edu.pl\/instytut\/ismuz\/wp-content\/uploads\/sites\/54\/Bez-kategorii\/Chojnacki.jpeg\" alt=\"img\"><\/div>\r\n                        <\/div>\r\n                    <\/div>\r\n                <\/div>[\/vc_column][\/vc_row]<\/p>","protected":false},"excerpt":{"rendered":"<p>[vc_row][vc_column][\/vc_column][\/vc_row] [&#8230;]<\/p>\n<p><a class=\"btn btn-secondary understrap-read-more-link\" href=\"https:\/\/us.edu.pl\/instytut\/ismuz\/jakub-chojnacki\/\">Read More&#8230;<\/a><\/p>\n","protected":false},"author":110,"featured_media":0,"parent":0,"menu_order":0,"comment_status":"closed","ping_status":"closed","template":"","meta":{"_expiration-date-status":"","_expiration-date":0,"_expiration-date-type":"","_expiration-date-categories":[],"_expiration-date-options":[]},"acf":[],"_links":{"self":[{"href":"https:\/\/us.edu.pl\/instytut\/ismuz\/wp-json\/wp\/v2\/pages\/3048"}],"collection":[{"href":"https:\/\/us.edu.pl\/instytut\/ismuz\/wp-json\/wp\/v2\/pages"}],"about":[{"href":"https:\/\/us.edu.pl\/instytut\/ismuz\/wp-json\/wp\/v2\/types\/page"}],"author":[{"embeddable":true,"href":"https:\/\/us.edu.pl\/instytut\/ismuz\/wp-json\/wp\/v2\/users\/110"}],"replies":[{"embeddable":true,"href":"https:\/\/us.edu.pl\/instytut\/ismuz\/wp-json\/wp\/v2\/comments?post=3048"}],"version-history":[{"count":1,"href":"https:\/\/us.edu.pl\/instytut\/ismuz\/wp-json\/wp\/v2\/pages\/3048\/revisions"}],"predecessor-version":[{"id":3053,"href":"https:\/\/us.edu.pl\/instytut\/ismuz\/wp-json\/wp\/v2\/pages\/3048\/revisions\/3053"}],"wp:attachment":[{"href":"https:\/\/us.edu.pl\/instytut\/ismuz\/wp-json\/wp\/v2\/media?parent=3048"}],"curies":[{"name":"wp","href":"https:\/\/api.w.org\/{rel}","templated":true}]}}