{"id":3083,"date":"2023-03-22T12:58:26","date_gmt":"2023-03-22T11:58:26","guid":{"rendered":"https:\/\/us.edu.pl\/instytut\/ismuz\/?page_id=3083"},"modified":"2023-03-22T12:59:04","modified_gmt":"2023-03-22T11:59:04","slug":"piotr-matusik","status":"publish","type":"page","link":"https:\/\/us.edu.pl\/instytut\/ismuz\/piotr-matusik\/","title":{"rendered":"mgr Piotr Matusik"},"content":{"rendered":"<p>[vc_row][vc_column]\r\n                <div class=\"text-modules reverse\">\r\n                    <div class=\"container\">\r\n                         \r\n                        <div class=\"row m-0\">\r\n                            <div class=\"text-modules__content\">\r\n                                <strong>mgr Piotr Matusik<\/strong> &#8211; pianista, keyboardzista, kompozytor. Urodzony 5 czerwca 1991 roku w Bielsku-Bia\u0142ej. Absolwent wydzia\u0142u jazzu Akademii Muzycznej w Katowicach w klasie fortepianu prof. dr hab. Wojciecha Niedzieli, z kt\u00f3rym od pa\u017adziernika 2015 roku koncertuje w duecie fortepianowym. Stypendysta Ministerstwa Kultury i Dziedzictwa Narodowego &#8211; M\u0142oda Polska 2019. Lider akustyczno-elektronicznego Piotr Matusik TRIO &#8211; formacja ma na koncie album \u201eIndependence\u201d z autorsk\u0105 muzyk\u0105 Piotra Matusika, wydany w kwietniu 2020 roku przez wytw\u00f3rni\u0119 Soliton. Poza jazzem zajmuje si\u0119 r\u00f3wnie\u017c muzyk\u0105 alternatywn\u0105, elektroniczn\u0105. Jednym z wa\u017cniejszych utwor\u00f3w w dorobku kompozytora jest &#8222;Nemesis&#8221; &#8211; kilkucz\u0119\u015bciowa du\u017ca forma instrumentalna przeznaczona na improwizuj\u0105ce skrzypce i fortepian z towarzyszeniem orkiestry smyczkowej. Premiera mia\u0142a miejsce w grudniu 2016 w sali koncertowej Bielskiej Szko\u0142y Muzycznej a sam projekt finansowany by\u0142 przez Instytut Muzyki i Ta\u0144ca. Kolejnym dzie\u0142em w dorobku Piotra Matusika, powsta\u0142ym dzi\u0119ki zam\u00f3wieniom kompozytorskim jest \u201eKoncert na saksofon altowy improwizuj\u0105cy z towarzyszeniem fortepianu\u201d (2020).<\/p>\n<p><strong>Wsp\u00f3\u0142praca artystyczna:<\/strong> Bartosz Dworak Quartet, Apostolis Anthimos, Grzech Piotrowski &#8222;World Orchestra\u201d, Kinga G\u0142yk, Wojciech Niedziela, Marek Ba\u0142ata, Andy Middleton, Kazimierz Jonkisz, Ronnie Cuber, Krystyna Pro\u0144ko, Gra\u017cyna \u0141obaszewska, Zbigniew Wodecki.<\/p>\n<p><strong>Nagrody zespo\u0142owe oraz indywidualne:<\/strong> I miejsce podczas mi\u0119dzynarodowego konkursu na kompozycje jazzow\u0105 w Belgii &#8211; BJazz 2016, nagrodzona kompozycja &#8222;Eternal July&#8221; znalaz\u0142a si\u0119 mi\u0119dzy innymi na p\u0142ycie &#8222;Polished&#8221; &#8211; Bartosz Dworak Quartet, album ten zawiera kilka utwor\u00f3w autorskich artysty; I miejsce podczas mi\u0119dzynarodowego konkursu na kompozycje fortepianow\u0105 w Hiszpanii &#8211; Piano Composition Competition Fidelio 2020; I miejsce w si\u00f3dmej edycji \u201eNovum Jazz Festiwal\u201d w \u0141om\u017cy\/2014 \u2013 Nadzieja Jazzu; II miejsce podczas Mi\u0119dzynarodowego Konkursu Improwizacji Jazzowej w Katowicach\/2015;\u00a0\u00a0\u00a0\u00a0\u00a0\u00a0\u00a0\u00a0\u00a0\u00a0\u00a0\u00a0\u00a0 \u00a0II miejsce podczas Mi\u0119dzynarodowego Konkursu na kompozycj\u0119 jazzow\u0105 w Katowicach\/2015; Grand Prix podczas 37 Jazz Juniors oraz Grand Prix Bielskiej Zadymki Jazzowej &#8211; Bartosz Dworak Quartet.<\/p>\n<p><strong>Dyskografia:<\/strong> \u2713 \u201eINDEPENDENCE\u201d Piotr Matusik TRIO \u2713 \u201cLive in Radio Katowice\u201d \u2013 Bartosz Dworak Quartet \u2713 \u201eMatusik and Ghostman Live\u201d \u2013 Matusik and Ghostman \u2713 \u201cPolished\u201d \u2013 Bartosz Dworak Quartet (Hevhetia) \u2713 \u201cTribute to Chick Corea\u201d \u2013 Piotr Matusik Quartet (Universal Music Polska) \u2713 &#8222;Reflections&#8221; Bartosz Dworak Quartet (2018) (Hevhetia) \u2713 \u201eDialog\u201d Dariusz Zi\u00f3\u0142ek \u2713 &#8222;Parallel Worlds&#8221;Apostolis Anthimos Quartet (MetalMind) \r\n                                <div class=\"mt-3\"><\/div>\r\n                            <\/div>\r\n                            \r\n                            <div class=\"text-modules__img\"><img src=\"https:\/\/us.edu.pl\/instytut\/ismuz\/wp-content\/uploads\/sites\/54\/Bez-kategorii\/Matusik.jpg\" alt=\"img\"><\/div>\r\n                        <\/div>\r\n                    <\/div>\r\n                <\/div>[\/vc_column][\/vc_row]<\/p>","protected":false},"excerpt":{"rendered":"<p>[vc_row][vc_column][\/vc_column][\/vc_row] [&#8230;]<\/p>\n<p><a class=\"btn btn-secondary understrap-read-more-link\" href=\"https:\/\/us.edu.pl\/instytut\/ismuz\/piotr-matusik\/\">Read More&#8230;<\/a><\/p>\n","protected":false},"author":110,"featured_media":0,"parent":0,"menu_order":0,"comment_status":"closed","ping_status":"closed","template":"","meta":{"_expiration-date-status":"","_expiration-date":0,"_expiration-date-type":"","_expiration-date-categories":[],"_expiration-date-options":[]},"acf":[],"_links":{"self":[{"href":"https:\/\/us.edu.pl\/instytut\/ismuz\/wp-json\/wp\/v2\/pages\/3083"}],"collection":[{"href":"https:\/\/us.edu.pl\/instytut\/ismuz\/wp-json\/wp\/v2\/pages"}],"about":[{"href":"https:\/\/us.edu.pl\/instytut\/ismuz\/wp-json\/wp\/v2\/types\/page"}],"author":[{"embeddable":true,"href":"https:\/\/us.edu.pl\/instytut\/ismuz\/wp-json\/wp\/v2\/users\/110"}],"replies":[{"embeddable":true,"href":"https:\/\/us.edu.pl\/instytut\/ismuz\/wp-json\/wp\/v2\/comments?post=3083"}],"version-history":[{"count":1,"href":"https:\/\/us.edu.pl\/instytut\/ismuz\/wp-json\/wp\/v2\/pages\/3083\/revisions"}],"predecessor-version":[{"id":3085,"href":"https:\/\/us.edu.pl\/instytut\/ismuz\/wp-json\/wp\/v2\/pages\/3083\/revisions\/3085"}],"wp:attachment":[{"href":"https:\/\/us.edu.pl\/instytut\/ismuz\/wp-json\/wp\/v2\/media?parent=3083"}],"curies":[{"name":"wp","href":"https:\/\/api.w.org\/{rel}","templated":true}]}}