{"id":3127,"date":"2023-05-12T13:21:35","date_gmt":"2023-05-12T11:21:35","guid":{"rendered":"https:\/\/us.edu.pl\/instytut\/ismuz\/?page_id=3127"},"modified":"2023-05-12T13:26:15","modified_gmt":"2023-05-12T11:26:15","slug":"jacek-hamela","status":"publish","type":"page","link":"https:\/\/us.edu.pl\/instytut\/ismuz\/jacek-hamela\/","title":{"rendered":"dr hab. Jacek Hamela, prof. U\u015a"},"content":{"rendered":"<p>[vc_row][vc_column]\r\n                <div class=\"text-modules reverse\">\r\n                    <div class=\"container\">\r\n                        <h3 class=\"section-title section-title_border-bottom\">dr hab. Jacek Hamela, prof. U\u015a<\/h3> \r\n                        <div class=\"row m-0\">\r\n                            <div class=\"text-modules__content\">\r\n                                <strong>dr hab. Jacek Hamela, profesor U\u015a &#8211; <\/strong>re\u017cyser, realizator i operator d\u017awi\u0119ku w filmie, absolwent Wydzia\u0142u Re\u017cyserii D\u017awi\u0119ku Uniwersytetu Muzycznego Fryderyka Chopina w Warszawie. Autor oraz wsp\u00f3\u0142autor warstwy d\u017awi\u0119ku wielu znacz\u0105cych dzie\u0142 audiowizualnych polskiej kinematografii, m.in. \u201eKaty\u0144\u201d w re\u017cyserii Andrzeja Wajdy, \u201eWo\u0142y\u0144\u201d w re\u017cyserii Wojciecha Smarzowskiego, \u201ePornografia\u201d i \u201eJasminum\u201d w re\u017cyserii Jana Jakuba Kolskiego, \u201eImagine\u201d Andrzeja Jakimowskiego i wielu innych. Siedmiokrotny laureat Polskiej Nagrody Filmowej Orze\u0142 w kategorii najlepszy d\u017awi\u0119k. Dwukrotny laureat Indywidualnej Nagrody za d\u017awi\u0119k na Festiwalu Polskich Film\u00f3w Fabularnych w Gdyni. Cz\u0142onek Polskiej Akademii Filmowej oraz Europejskiej Akademii Filmowej EFA. \r\n                                <div class=\"mt-3\"><\/div>\r\n                            <\/div>\r\n                            \r\n                            <div class=\"text-modules__img\"><img src=\"https:\/\/us.edu.pl\/instytut\/ismuz\/wp-content\/uploads\/sites\/54\/Bez-kategorii\/JACEK-HAMELA.jpg\" alt=\"img\"><\/div>\r\n                        <\/div>\r\n                    <\/div>\r\n                <\/div>[\/vc_column][\/vc_row]<\/p>","protected":false},"excerpt":{"rendered":"<p>[vc_row][vc_column][\/vc_column][\/vc_row] [&#8230;]<\/p>\n<p><a class=\"btn btn-secondary understrap-read-more-link\" href=\"https:\/\/us.edu.pl\/instytut\/ismuz\/jacek-hamela\/\">Read More&#8230;<\/a><\/p>\n","protected":false},"author":110,"featured_media":0,"parent":0,"menu_order":0,"comment_status":"closed","ping_status":"closed","template":"","meta":{"_expiration-date-status":"","_expiration-date":0,"_expiration-date-type":"","_expiration-date-categories":[],"_expiration-date-options":[]},"acf":[],"_links":{"self":[{"href":"https:\/\/us.edu.pl\/instytut\/ismuz\/wp-json\/wp\/v2\/pages\/3127"}],"collection":[{"href":"https:\/\/us.edu.pl\/instytut\/ismuz\/wp-json\/wp\/v2\/pages"}],"about":[{"href":"https:\/\/us.edu.pl\/instytut\/ismuz\/wp-json\/wp\/v2\/types\/page"}],"author":[{"embeddable":true,"href":"https:\/\/us.edu.pl\/instytut\/ismuz\/wp-json\/wp\/v2\/users\/110"}],"replies":[{"embeddable":true,"href":"https:\/\/us.edu.pl\/instytut\/ismuz\/wp-json\/wp\/v2\/comments?post=3127"}],"version-history":[{"count":2,"href":"https:\/\/us.edu.pl\/instytut\/ismuz\/wp-json\/wp\/v2\/pages\/3127\/revisions"}],"predecessor-version":[{"id":3130,"href":"https:\/\/us.edu.pl\/instytut\/ismuz\/wp-json\/wp\/v2\/pages\/3127\/revisions\/3130"}],"wp:attachment":[{"href":"https:\/\/us.edu.pl\/instytut\/ismuz\/wp-json\/wp\/v2\/media?parent=3127"}],"curies":[{"name":"wp","href":"https:\/\/api.w.org\/{rel}","templated":true}]}}