{"id":3147,"date":"2023-05-31T12:38:13","date_gmt":"2023-05-31T10:38:13","guid":{"rendered":"https:\/\/us.edu.pl\/instytut\/ismuz\/?page_id=3147"},"modified":"2023-05-31T12:44:36","modified_gmt":"2023-05-31T10:44:36","slug":"anna-kolowska","status":"publish","type":"page","link":"https:\/\/us.edu.pl\/instytut\/ismuz\/anna-kolowska\/","title":{"rendered":"dr Anna Ko\u0142owska"},"content":{"rendered":"<p>[vc_row][vc_column]\r\n                <div class=\"text-modules reverse\">\r\n                    <div class=\"container\">\r\n                        <h3 class=\"section-title section-title_border-bottom\">dr Anna Ko\u0142owska<\/h3> \r\n                        <div class=\"row m-0\">\r\n                            <div class=\"text-modules__content\">\r\n                                <strong>dr\u00a0 Anna Ko\u0142owska<\/strong> (zd. Szawi\u0144ska, ur. 1984) &#8211;\u00a0 dyrygent, pedagog, \u015bpiewak, solistka.<\/p>\n<p>Uko\u0144czy\u0142a Pa\u0144stwow\u0105 Szko\u0142\u0119 Muzyczn\u0105 II st. im. Mieczys\u0142awa Kar\u0142owicza w Katowicach w klasie \u015bpiewu solowego jako sopran. W 2008 roku otrzyma\u0142a tytu\u0142 magistra sztuki w Instytucie Muzyki Wydzia\u0142u Artystycznego Uniwersytetu \u015al\u0105skiego w Katowicach na kierunku edukacja artystyczna w zakresie sztuki muzycznej, specjalizacji: prowadzenie zespo\u0142\u00f3w wokalnych i instrumentalnych. Jest r\u00f3wnie\u017c absolwentk\u0105 Podyplomowego Studium Ch\u00f3rmistrzowskiego przy Akademii Muzycznej im. F. Nowowiejskiego w Bydgoszczy. W grudniu 2017 roku uzyska\u0142a stopie\u0144 doktora sztuk muzycznych w dyscyplinie artystycznej \u2013 dyrygentura nadany przez Rad\u0119 Wydzia\u0142u Sztuki Uniwersytetu Warmi\u0144sko-Mazurskiego w Olsztynie.<\/p>\n<p>W 2009 rozpocz\u0119\u0142a prac\u0119 naukowo \u2013 dydaktyczn\u0105. Obecnie jest adiunktem w Instytucie Sztuk Muzycznych na Wydziale Sztuki i Nauk o Edukacji Uniwersytetu \u015al\u0105skiego w Katowicach. W latach 2009 \u2013 2012 pracowa\u0142a r\u00f3wnie\u017c w Wy\u017cszej Szkole Pedagogicznej TWP w Warszawie, wydzia\u0142 w Katowicach.<\/p>\n<p>Anna Ko\u0142owska prowadzi czynn\u0105 dzia\u0142alno\u015b\u0107 muzyczn\u0105 jako \u015bpiewak, solista, dyrygent oraz pedagog. Pe\u0142ni\u0142a funkcj\u0119 drugiego dyrygenta Ch\u00f3ru Uniwersytetu \u015al\u0105skiego \u201eHarmonia\u201d w Cieszynie oraz by\u0142a dyrygentem Ch\u00f3ru Mieszanego Towarzystwa \u015apiewaczego \u201eModus Vivendi\u201d w Katowicach \u2013 Piotrowicach. Obecnie jest dyrygentem i kierownikiem artystycznym Polskiego Ch\u00f3ru Mieszanego \u201eCollegium Canticorum\u201c z Czeskiego Cieszyna oraz Ch\u00f3ru \u201eModus Vivendi Cameralis\u201c z Katowic. Przez 15 lat by\u0142a \u015bpiewakiem Zespo\u0142u Kameralnego \u201eAd Libitum\u201d.<\/p>\n<p>W 2018 roku zosta\u0142a uhonorowana Z\u0142ot\u0105 Odznak\u0105 Jego Magnificencji Rektora Uniwersytetu \u015al\u0105skiego za wybitne zas\u0142ugi dla uniwersytetu oraz Nagrod\u0105 III stopnia JM Rektora. Ponadto posiada Z\u0142ot\u0105 Odznak\u0119 Honorow\u0105 \u015al\u0105skiego Zwi\u0105zku Ch\u00f3r\u00f3w i Orkiestr oraz Srebrn\u0105 Odznak\u0119 Honorow\u0105 Polskiego Zwi\u0105zku Ch\u00f3r\u00f3w i Orkiestr. Jest cz\u0142onkiem Stowarzyszenia \u201eVia Musica\u201d w Cieszynie. Od 2015 roku pe\u0142ni funkcj\u0119 sekretarza Mi\u0119dzynarodowego Festiwalu\u00a0 Muzyki im. Prof. J\u00f3zefa \u015awidra w Cieszynie oraz jest dyrektorem artystycznym Festiwalu Pie\u015bni Eucharystycznej \u201eO Salutaris Hostia\u201c<em> w<\/em> Katowicach \u2013 Piotrowicach.<\/p>\n<p>Wraz z ch\u00f3rami bra\u0142a udzia\u0142 w wielu konkursach i festiwalach w kraju i za granic\u0105 (m.in. Festiwal Muzyki Wokalnej \u201eViva il canto\u201d w Cieszynie, Mi\u0119dzynarodowy Festiwal Ch\u00f3r\u00f3w \u201eGaude Cantem\u201d w Bielsku-Bia\u0142ej, \u201eCantio Lodziensis\u201cw \u0141odzi, Og\u00f3lnopolski Turniej Ch\u00f3r\u00f3w \u201eLegnica Cantat\u201d w Legnicy, Mi\u0119dzynarodowy Festiwal Muzyki Ch\u00f3ralnej im. F. Nowowiejskiego w Barczewie, Mi\u0119dzynarodowy Festiwal Pie\u015bni Ch\u00f3ralnej w Mi\u0119dzyzdrojach, Mi\u0119dzynarodowy Festiwal Muzyki Religijnej w Rumi, \u201eFesta Musicale\u201d \u2013 Olomouc (Czechy), Mi\u0119dzynarodowy Festiwal Muzyki Ch\u00f3ralnej \u201eO Z\u0142ot\u0105 Wst\u0119g\u0119 Solczy\u201d w Ejszyszkach (Litwa), \u201eMontreux Choral Festiwal\u201d (Szwajcaria), Grand Prix World Choir Festiwal St. Petersburg (Rosja), Grand Prix World Choir Festiwal Pattaya (Tajlandia), Busan Choral Festival i Competition (Korea), Andrea O. Veneracion International Choral Festival Manila (Filipiny), Ohrid Choir Festiwal (Macedonia).<\/p>\n<p>Na Mi\u0119dzynarodowym Festiwalu Muzyki Adwentowej i Bo\u017conarodzeniowej \u201ePra\u017esk\u00e9 V\u00e1noce\u201d Anna Ko\u0142owska zosta\u0142a uhonorowana nagrod\u0105 dla najlepszego dyrygenta. Jej umiej\u0119tno\u015bci dyrygenckie zosta\u0142y wyr\u00f3\u017cnione r\u00f3wnie\u017c w roku 2011 na XX My\u015blenickim Festiwalu Pie\u015bni Ch\u00f3ralnej w My\u015blenicach \u2013 \u201eKol\u0119dy i pastora\u0142ki\u201c. \r\n                                <div class=\"mt-3\"><\/div>\r\n                            <\/div>\r\n                            \r\n                            <div class=\"text-modules__img\"><img src=\"https:\/\/us.edu.pl\/instytut\/ismuz\/wp-content\/uploads\/sites\/54\/Bez-kategorii\/Anna-Kolowska.jpg\" alt=\"img\"><\/div>\r\n                        <\/div>\r\n                    <\/div>\r\n                <\/div>[\/vc_column][\/vc_row]<\/p>","protected":false},"excerpt":{"rendered":"<p>[vc_row][vc_column][\/vc_column][\/vc_row] [&#8230;]<\/p>\n<p><a class=\"btn btn-secondary understrap-read-more-link\" href=\"https:\/\/us.edu.pl\/instytut\/ismuz\/anna-kolowska\/\">Read More&#8230;<\/a><\/p>\n","protected":false},"author":110,"featured_media":0,"parent":0,"menu_order":0,"comment_status":"closed","ping_status":"closed","template":"","meta":{"_expiration-date-status":"","_expiration-date":0,"_expiration-date-type":"","_expiration-date-categories":[],"_expiration-date-options":[]},"acf":[],"_links":{"self":[{"href":"https:\/\/us.edu.pl\/instytut\/ismuz\/wp-json\/wp\/v2\/pages\/3147"}],"collection":[{"href":"https:\/\/us.edu.pl\/instytut\/ismuz\/wp-json\/wp\/v2\/pages"}],"about":[{"href":"https:\/\/us.edu.pl\/instytut\/ismuz\/wp-json\/wp\/v2\/types\/page"}],"author":[{"embeddable":true,"href":"https:\/\/us.edu.pl\/instytut\/ismuz\/wp-json\/wp\/v2\/users\/110"}],"replies":[{"embeddable":true,"href":"https:\/\/us.edu.pl\/instytut\/ismuz\/wp-json\/wp\/v2\/comments?post=3147"}],"version-history":[{"count":3,"href":"https:\/\/us.edu.pl\/instytut\/ismuz\/wp-json\/wp\/v2\/pages\/3147\/revisions"}],"predecessor-version":[{"id":3152,"href":"https:\/\/us.edu.pl\/instytut\/ismuz\/wp-json\/wp\/v2\/pages\/3147\/revisions\/3152"}],"wp:attachment":[{"href":"https:\/\/us.edu.pl\/instytut\/ismuz\/wp-json\/wp\/v2\/media?parent=3147"}],"curies":[{"name":"wp","href":"https:\/\/api.w.org\/{rel}","templated":true}]}}