{"id":4292,"date":"2024-10-17T08:21:29","date_gmt":"2024-10-17T06:21:29","guid":{"rendered":"https:\/\/us.edu.pl\/instytut\/ismuz\/?page_id=4292"},"modified":"2024-10-17T08:22:43","modified_gmt":"2024-10-17T06:22:43","slug":"kolo-naukowe-muzykow-kakofonia","status":"publish","type":"page","link":"https:\/\/us.edu.pl\/instytut\/ismuz\/kolo-naukowe-muzykow-kakofonia\/","title":{"rendered":"Ko\u0142o Naukowe Muzyk\u00f3w \u201eKakofonia\u201d"},"content":{"rendered":"<p>[vc_row][vc_column]\r\n                <div class=\"text-modules\">\r\n                    <div class=\"container\">\r\n                        <h3 class=\"page-title text__title\">Ko\u0142o Naukowe Muzyk\u00f3w \u201eKakofonia\u201d<\/h3>\r\n                        <div class=\"text-modules__content\"><p>Ko\u0142o Naukowe Muzyk\u00f3w &#8222;Kakofonia&#8221; powsta\u0142o na kierunku Muzyka w multimediach w maju 2024 roku. Spotkania odbywaj\u0105 si\u0119 co tydzie\u0144 na terenie kampusu U\u015a w Cieszynie. W ich trakcie zostaje\u00a0wybrany temat\/motyw z r\u00f3\u017cnych dziedzin sztuki, na kt\u00f3rym oparte zostaj\u0105 autorskie kompozycje. Jest te\u017c mo\u017cliwo\u015b\u0107 om\u00f3wienia fragment\u00f3w na forum grupy, gdzie mo\u017cna podzieli\u0107 si\u0119 przemy\u015bleniami i uwagami na temat powsta\u0142ych utwor\u00f3w.\u00a0Opr\u00f3cz dzia\u0142alno\u015bci kompozytorskiej, w wyznaczonych terminach ko\u0142o organizuje warsztaty z improwizacji jazzowej. W przysz\u0142o\u015bci planowany jest wyjazd na Festiwal Muzyki Filmowej w Krakowie oraz na inne wydarzenia popularyzuj\u0105ce muzyk\u0119 filmow\u0105. Celem dzia\u0142alno\u015bci ko\u0142a jest rozw\u00f3j warsztatu kompozytorskiego i zainteresowa\u0144 zwi\u0105zanych z komponowaniem muzyki. Opiekunem ko\u0142a jest mgr Jakub Chojnacki.<\/p>\n<\/div>\r\n                    <\/div>\r\n                <\/div>[\/vc_column][\/vc_row][vc_row][vc_column]            \r\n                    <div class=\"container\">\r\n                        <div class=\"gallery gallery_2\" data-images-in-row=\"2\">\r\n                            \r\n                            <div class=\"row m-0\">\r\n                                <a data-fancybox-group=\"button\" title=\"\" data-fancybox=\"7131\" href=\"https:\/\/us.edu.pl\/instytut\/ismuz\/wp-content\/uploads\/sites\/54\/Bez-kategorii\/kakofonia-2.jpg\" class=\"gallery__item thumbnail\"\r\n                                    style=\"background-image: url(https:\/\/us.edu.pl\/instytut\/ismuz\/wp-content\/uploads\/sites\/54\/Bez-kategorii\/kakofonia-2-1200x900.jpg)\"> <span class=\"d-none\">https:\/\/us.edu.pl\/instytut\/ismuz\/wp-content\/uploads\/sites\/54\/Bez-kategorii\/kakofonia-2.jpg<\/span> <\/a><a data-fancybox-group=\"button\" title=\"\" data-fancybox=\"7131\" href=\"https:\/\/us.edu.pl\/instytut\/ismuz\/wp-content\/uploads\/sites\/54\/Bez-kategorii\/kakofonia.jpg\" class=\"gallery__item thumbnail\"\r\n                                    style=\"background-image: url(https:\/\/us.edu.pl\/instytut\/ismuz\/wp-content\/uploads\/sites\/54\/Bez-kategorii\/kakofonia-1200x900.jpg)\"> <span class=\"d-none\">https:\/\/us.edu.pl\/instytut\/ismuz\/wp-content\/uploads\/sites\/54\/Bez-kategorii\/kakofonia.jpg<\/span> <\/a>\r\n                            <\/div>\r\n                    <\/div>\r\n                <\/div>[\/vc_column][\/vc_row]<\/p>","protected":false},"excerpt":{"rendered":"<p>[vc_row][vc_column][\/vc_column][\/vc_row][vc_row][vc_column][\/vc_column][\/vc_row] [&#8230;]<\/p>\n<p><a class=\"btn btn-secondary understrap-read-more-link\" href=\"https:\/\/us.edu.pl\/instytut\/ismuz\/kolo-naukowe-muzykow-kakofonia\/\">Read More&#8230;<\/a><\/p>\n","protected":false},"author":110,"featured_media":0,"parent":0,"menu_order":0,"comment_status":"closed","ping_status":"closed","template":"","meta":{"_expiration-date-status":"","_expiration-date":0,"_expiration-date-type":"","_expiration-date-categories":[],"_expiration-date-options":[]},"acf":[],"_links":{"self":[{"href":"https:\/\/us.edu.pl\/instytut\/ismuz\/wp-json\/wp\/v2\/pages\/4292"}],"collection":[{"href":"https:\/\/us.edu.pl\/instytut\/ismuz\/wp-json\/wp\/v2\/pages"}],"about":[{"href":"https:\/\/us.edu.pl\/instytut\/ismuz\/wp-json\/wp\/v2\/types\/page"}],"author":[{"embeddable":true,"href":"https:\/\/us.edu.pl\/instytut\/ismuz\/wp-json\/wp\/v2\/users\/110"}],"replies":[{"embeddable":true,"href":"https:\/\/us.edu.pl\/instytut\/ismuz\/wp-json\/wp\/v2\/comments?post=4292"}],"version-history":[{"count":2,"href":"https:\/\/us.edu.pl\/instytut\/ismuz\/wp-json\/wp\/v2\/pages\/4292\/revisions"}],"predecessor-version":[{"id":4294,"href":"https:\/\/us.edu.pl\/instytut\/ismuz\/wp-json\/wp\/v2\/pages\/4292\/revisions\/4294"}],"wp:attachment":[{"href":"https:\/\/us.edu.pl\/instytut\/ismuz\/wp-json\/wp\/v2\/media?parent=4292"}],"curies":[{"name":"wp","href":"https:\/\/api.w.org\/{rel}","templated":true}]}}