{"id":4380,"date":"2024-10-21T09:00:19","date_gmt":"2024-10-21T07:00:19","guid":{"rendered":"https:\/\/us.edu.pl\/instytut\/ismuz\/?page_id=4380"},"modified":"2026-02-24T08:15:01","modified_gmt":"2026-02-24T07:15:01","slug":"chor-uniwersytetu-slaskiego-harmonia","status":"publish","type":"page","link":"https:\/\/us.edu.pl\/instytut\/ismuz\/chor-uniwersytetu-slaskiego-harmonia\/","title":{"rendered":"Ch\u00f3r Uniwersytetu \u015al\u0105skiego \u201eHarmonia\u201d"},"content":{"rendered":"<p>[vc_row][vc_column][vc_separator color=&#8221;black&#8221; style=&#8221;shadow&#8221; border_width=&#8221;7&#8243; el_width=&#8221;70&#8243;][\/vc_column][\/vc_row][vc_row][vc_column]\r\n                <div class=\"text-modules\">\r\n                    <div class=\"container\">\r\n                        \r\n                        <div class=\"text-modules__content\"><\/p>\n<p style=\"text-align: center;\"><span style=\"font-size: 28pt;\"><strong>Ch\u00f3r Uniwersytetu \u015al\u0105skiego \u201eHarmonia\u201d<\/strong><\/span><\/p>\n<p style=\"text-align: center;\"><span style=\"font-size: 28pt;\"><strong>Dyrygent \u2013 prof. dr hab. Joanna Glenc<\/strong><\/span><\/p>\n<p>\n<\/div>\r\n                    <\/div>\r\n                <\/div>[\/vc_column][\/vc_row][vc_row][vc_column]\r\n                <div class=\"text-modules\">\r\n                    <div class=\"container\">\r\n                        \r\n                        <div class=\"text-modules__content\"><\/p>\n<hr \/>\n<p><span style=\"font-size: 18pt;\"><strong>Wa\u017cne wydarzenia<\/strong><\/span><\/p>\n<hr \/>\n<p>\n<\/div>\r\n                    <\/div>\r\n                <\/div>[\/vc_column][\/vc_row][vc_row][vc_column][vc_separator color=&#8221;black&#8221; style=&#8221;shadow&#8221; border_width=&#8221;7&#8243; el_width=&#8221;70&#8243;][\/vc_column][\/vc_row][vc_row][vc_column]\r\n                <div class=\"text-modules\">\r\n                    <div class=\"container\">\r\n                        \r\n                        <div class=\"text-modules__content\"><p><a href=\"https:\/\/us.edu.pl\/instytut\/ismuz\/5698-2\/\"><img class=\"alignnone wp-image-5701 size-thumbnail\" src=\"https:\/\/us.edu.pl\/instytut\/ismuz\/wp-content\/uploads\/sites\/54\/Bez-kategorii\/XIV-AKO-2026-fot.-H.-Miska-150x150.jpg\" alt=\"\" width=\"150\" height=\"150\" \/>\u00a028.01.2026 &#8211; XIV Akademickie Kol\u0119dowe Ostatki 2026<\/a><\/p>\n<hr \/>\n<p>\n<\/div>\r\n                    <\/div>\r\n                <\/div>\r\n                <div class=\"text-modules\">\r\n                    <div class=\"container\">\r\n                        \r\n                        <div class=\"text-modules__content\"><p><a href=\"https:\/\/us.edu.pl\/instytut\/ismuz\/5685-2\/\"><img class=\"alignnone wp-image-5694 size-thumbnail\" src=\"https:\/\/us.edu.pl\/instytut\/ismuz\/wp-content\/uploads\/sites\/54\/Bez-kategorii\/SpinPlace-fot.-J.-Grzanka2-150x150.jpg\" alt=\"\" width=\"150\" height=\"150\" \/>\u00a017.12.2025 &#8211; Uroczyste Spotkanie Przed\u015bwi\u0105teczne<\/a><\/p>\n<hr \/>\n<p>\n<\/div>\r\n                    <\/div>\r\n                <\/div>\r\n                <div class=\"text-modules\">\r\n                    <div class=\"container\">\r\n                        \r\n                        <div class=\"text-modules__content\"><p><a href=\"https:\/\/us.edu.pl\/instytut\/ismuz\/5676-2\/\"><img class=\"alignnone wp-image-5682 size-thumbnail\" src=\"https:\/\/us.edu.pl\/instytut\/ismuz\/wp-content\/uploads\/sites\/54\/Bez-kategorii\/ASW-fot.-J.-Grzanka1-150x150.jpg\" alt=\"\" width=\"150\" height=\"150\" \/>\u00a016.12.2025 &#8211; Akademickie Spotkanie Wigilijne<\/a><\/p>\n<hr \/>\n<p>\n<\/div>\r\n                    <\/div>\r\n                <\/div>\r\n                <div class=\"text-modules\">\r\n                    <div class=\"container\">\r\n                        \r\n                        <div class=\"text-modules__content\"><p><a href=\"https:\/\/us.edu.pl\/instytut\/ismuz\/5666-2\/\"><img class=\"alignnone wp-image-5670 size-thumbnail\" src=\"https:\/\/us.edu.pl\/instytut\/ismuz\/wp-content\/uploads\/sites\/54\/Bez-kategorii\/3.-Warsztaty-gospel-fot.-N.-Kumorek1-150x150.jpg\" alt=\"\" width=\"150\" height=\"150\" \/>\u00a004.12.2025 &#8211; Warsztaty gospel<\/a><\/p>\n<hr \/>\n<p>\n<\/div>\r\n                    <\/div>\r\n                <\/div>\r\n                <div class=\"text-modules\">\r\n                    <div class=\"container\">\r\n                        \r\n                        <div class=\"text-modules__content\"><p><a href=\"https:\/\/us.edu.pl\/instytut\/ismuz\/5658-2\/\"><img class=\"alignnone wp-image-5659 size-thumbnail\" src=\"https:\/\/us.edu.pl\/instytut\/ismuz\/wp-content\/uploads\/sites\/54\/Bez-kategorii\/2.-WSNE-fot.-US-150x150.png\" alt=\"\" width=\"150\" height=\"150\" \/>\u00a016.10.2025 &#8211; Inauguracja Roku Akademickiego 2025\/2026 na Wydziale Sztuki<\/a><a href=\"https:\/\/us.edu.pl\/instytut\/ismuz\/5658-2\/\"> i Nauk o Edukacji<\/a><\/p>\n<hr \/>\n<p>\n<\/div>\r\n                    <\/div>\r\n                <\/div>\r\n                <div class=\"text-modules\">\r\n                    <div class=\"container\">\r\n                        \r\n                        <div class=\"text-modules__content\"><p><a href=\"https:\/\/us.edu.pl\/instytut\/ismuz\/5648-2\/\"><img class=\"alignnone wp-image-5651 size-thumbnail\" src=\"https:\/\/us.edu.pl\/instytut\/ismuz\/wp-content\/uploads\/sites\/54\/Bez-kategorii\/2.-MIRA-2025-26-fot.-Europejskie-Miasto-Nauki-Katowice-2024-150x150.jpg\" alt=\"\" width=\"150\" height=\"150\" \/> 30.09.2025 &#8211; Mi\u0119dzyuczelniana Inauguracja Roku Akademickiego 2025\/2026<\/a><\/p>\n<hr \/>\n<p>\n<\/div>\r\n                    <\/div>\r\n                <\/div>\r\n                <div class=\"text-modules\">\r\n                    <div class=\"container\">\r\n                        \r\n                        <div class=\"text-modules__content\"><p><a href=\"https:\/\/us.edu.pl\/instytut\/ismuz\/5403-2\/\"><img class=\"alignnone wp-image-5419 size-thumbnail\" src=\"https:\/\/us.edu.pl\/instytut\/ismuz\/wp-content\/uploads\/sites\/54\/Bez-kategorii\/52.-International-Festival-of-Songs-Olomouc-2025-Czechy-4-150x150.jpg\" alt=\"\" width=\"150\" height=\"150\" \/> 5-8.06.2025 &#8211;\u00a052. International Festival of Songs Olomouc 2025<\/a><\/p>\n<hr \/>\n<p>\n<\/div>\r\n                    <\/div>\r\n                <\/div>\r\n                <div class=\"text-modules\">\r\n                    <div class=\"container\">\r\n                        \r\n                        <div class=\"text-modules__content\"><p><a href=\"https:\/\/us.edu.pl\/instytut\/ismuz\/5291-2\/\"><img class=\"alignnone wp-image-5288 size-thumbnail\" src=\"https:\/\/us.edu.pl\/instytut\/ismuz\/wp-content\/uploads\/sites\/54\/Bez-kategorii\/ABB-2025-Koncert-inaug.-Fot.-arch.-ABB-2025.-150x150.jpg\" alt=\"ABB 2025, Koncert inaug., Fot. arch. ABB 2025.\" width=\"150\" height=\"150\" \/> 13-15.05.2025 &#8211; Mi\u0119dzynarodowy Festiwal Ch\u00f3r\u00f3w Uniwersyteckich \u2013 Akademicka Ba\u0144ska Bystrzyca 2025<\/a><\/p>\n<hr \/>\n<p>\n<\/div>\r\n                    <\/div>\r\n                <\/div>[\/vc_column][\/vc_row][vc_row][vc_column]\r\n                <div class=\"text-modules\">\r\n                    <div class=\"container\">\r\n                        \r\n                        <div class=\"text-modules__content\"><\/p>\n<p><a href=\"https:\/\/us.edu.pl\/instytut\/ismuz\/4853-2\/\"><img class=\"alignnone wp-image-4858 size-thumbnail\" src=\"https:\/\/us.edu.pl\/instytut\/ismuz\/wp-content\/uploads\/sites\/54\/Bez-kategorii\/Chor-US-Harmonia-fot.-J.Grzanka1-150x150.jpg\" alt=\"Ch\u00f3r U\u015a Harmonia, fot. J.Grzanka\" width=\"150\" height=\"150\" \/> <strong>18.12.2024<\/strong> &#8211;\u00a0Akademickie Spotkanie Wigilijne<\/a><\/p>\n<hr \/>\n<p><a href=\"https:\/\/us.edu.pl\/instytut\/ismuz\/4780-2\/\"><img class=\"alignnone wp-image-4766 size-thumbnail\" src=\"https:\/\/us.edu.pl\/instytut\/ismuz\/wp-content\/uploads\/sites\/54\/Bez-kategorii\/Chor-US-Harmonia3-fot.-J.-Grzanka-150x150.jpg\" alt=\"Ch\u00f3r U\u015a Harmonia3, fot. J. Grzanka\" width=\"150\" height=\"150\" \/> <strong>20.11.2024 <\/strong>&#8211; Uroczysto\u015b\u0107 nadania tytu\u0142u doktora honoris causa Uniwersytetu \u015al\u0105skiego prof. Markowi Safjanowi<\/a><\/p>\n<hr \/>\n<p><a href=\"https:\/\/us.edu.pl\/instytut\/ismuz\/4772-2\/\"><img class=\"alignnone wp-image-4762 size-thumbnail\" src=\"https:\/\/us.edu.pl\/instytut\/ismuz\/wp-content\/uploads\/sites\/54\/Bez-kategorii\/Zdjecie-Chor-Uniwersytetu-Slaskiego-\u201eHarmonia-150x150.jpg\" alt=\"\" width=\"150\" height=\"150\" \/> <strong>16.10.2024 &#8211;\u00a0<\/strong>Spot reklamowy dla Wydzia\u0142u Nauk Przyrodniczych<\/a><\/p>\n<hr \/>\n<p><a href=\"https:\/\/us.edu.pl\/instytut\/ismuz\/4656-2\/\"><strong><img class=\"alignnone wp-image-4660 size-thumbnail\" src=\"https:\/\/us.edu.pl\/instytut\/ismuz\/wp-content\/uploads\/sites\/54\/Bez-kategorii\/2024.10.04-WSNE-Inauguracja-r.-akad.-2024-2025-fot.-P.-Szmek1-150x150.jpg\" alt=\"2024.10.04, WSNE, Inauguracja r. akad. 2024-2025, fot. P. Szmek(1)\" width=\"150\" height=\"150\" \/>\u00a008.10.2024 &#8211; <\/strong>Inauguracja Roku Akademickiego 2024\/2025 na Wydziale Sztuki i Nauk o Edukacji<\/a><\/p>\n<hr \/>\n<p><a href=\"https:\/\/us.edu.pl\/instytut\/ismuz\/4644-2\/\"><strong><img class=\"alignnone wp-image-4650 size-thumbnail\" src=\"https:\/\/us.edu.pl\/instytut\/ismuz\/wp-content\/uploads\/sites\/54\/Bez-kategorii\/MIRA-2024-2024-fot.-J.-Glenc1-150x150.jpg\" alt=\"MIRA 2024-2025, fot. J. Glenc 20240927_190457\" width=\"150\" height=\"150\" \/>\u00a027.09.2024 &#8211; <\/strong>Mi\u0119dzyuczelniana Inauguracja Roku Akademickiego 2024\/2025<\/a><\/p>\n<hr \/>\n<p><a href=\"https:\/\/us.edu.pl\/instytut\/ismuz\/4622-2\/\"><strong><img class=\"alignnone wp-image-4628 size-thumbnail\" src=\"https:\/\/us.edu.pl\/instytut\/ismuz\/wp-content\/uploads\/sites\/54\/Bez-kategorii\/2024.06.27-Dom-Narodowy2-150x150.jpg\" alt=\"2024.06.27, Dom Narodowy\" width=\"150\" height=\"150\" \/>\u00a027.06.2024 &#8211; <\/strong>Koncert Kameralny pami\u0119ci Profesora Waldemara Sutryka<\/a><\/p>\n<hr \/>\n<p><a href=\"https:\/\/us.edu.pl\/instytut\/ismuz\/4573-2\/\"><strong><img class=\"alignnone wp-image-4590 size-thumbnail\" src=\"https:\/\/us.edu.pl\/instytut\/ismuz\/wp-content\/uploads\/sites\/54\/Bez-kategorii\/2024.06.16-21-Miedzyzdroje-fot.-J.-Glenc5-150x150.jpg\" alt=\"2024.06.16-21, Mi\u0119dzyzdroje, fot. J. Glenc(1)\" width=\"150\" height=\"150\" \/>\u00a016-21.06.2024 &#8211; <\/strong>59. Mi\u0119dzynarodowy Festiwal Pie\u015bni Ch\u00f3ralnej im. Prof. Jana Szyrockiego<\/a><\/p>\n<hr \/>\n<p><a href=\"https:\/\/us.edu.pl\/instytut\/ismuz\/4556-2\/\"><strong><img class=\"alignnone wp-image-4566 size-thumbnail\" src=\"https:\/\/us.edu.pl\/instytut\/ismuz\/wp-content\/uploads\/sites\/54\/Bez-kategorii\/2023.12.20-WSNE-Akademickie-Spotkanie-Wigilijne-zaproszenie-2-150x150.jpg\" alt=\"\" width=\"150\" height=\"150\" \/>\u00a020.12.2023 &#8211; <\/strong>Akademickie Spotkanie Wigilijne<\/a><\/p>\n<hr \/>\n<p><a href=\"https:\/\/us.edu.pl\/instytut\/ismuz\/4536-2\/\"><strong><img class=\"alignnone wp-image-4546 size-thumbnail\" src=\"https:\/\/us.edu.pl\/instytut\/ismuz\/wp-content\/uploads\/sites\/54\/Bez-kategorii\/2023.12.09-Katopolis-Spodek-fot.-J.-Glenc3-150x150.jpg\" alt=\"2023.12.09, Katopolis, Spodek, fot. J. Glenc\" width=\"150\" height=\"150\" \/>\u00a009.12.2023 &#8211; <\/strong>VII \u015al\u0105ski Festiwal Nauki KATOWICE<\/a><\/p>\n<hr \/>\n<p><a href=\"https:\/\/us.edu.pl\/instytut\/ismuz\/4517-2\/\"><strong><img class=\"alignnone wp-image-4522 size-thumbnail\" src=\"https:\/\/us.edu.pl\/instytut\/ismuz\/wp-content\/uploads\/sites\/54\/Bez-kategorii\/2023.12.06-UFD-Cieszyn-20232-150x150.jpg\" alt=\"2023.12.06, UFD Cieszyn 2023(1)\" width=\"150\" height=\"150\" \/>\u00a006.12.2023 &#8211; <\/strong>Uniwersyteckie Forum Dyrygent\u00f3w \u2013 Konfrontacje M\u0142odych Dyrygent\u00f3w, Cieszyn 2023<\/a><\/p>\n<hr \/>\n<p><a href=\"https:\/\/us.edu.pl\/instytut\/ismuz\/4490-2\/\"><strong><img class=\"alignnone wp-image-4508 size-thumbnail\" src=\"https:\/\/us.edu.pl\/instytut\/ismuz\/wp-content\/uploads\/sites\/54\/Bez-kategorii\/2023.11.12-Polskie-Dni-w-Ostrawie-fot.-N.-Pawlus6-150x150.jpg\" alt=\"2023.11.12, Polskie Dni w Ostrawie - notka\" width=\"150\" height=\"150\" \/>\u00a012.11.2023 &#8211; <\/strong>Polskie Dni w Ostrawie koncert \u2013 Jesienne Impresje Muzyczne<\/a><\/p>\n<hr \/>\n<p><a href=\"https:\/\/us.edu.pl\/instytut\/ismuz\/4468-2\/\"><strong><img class=\"alignnone wp-image-4474 size-thumbnail\" src=\"https:\/\/us.edu.pl\/instytut\/ismuz\/wp-content\/uploads\/sites\/54\/Bez-kategorii\/2023.10.04-Inauguracja-r.-akad.-2023-2024-WSNE-fot.-KrasowskiPhoto1-150x150.jpg\" alt=\"2023.10.04, Inauguracja r.akad. 2023-2024 WSNE(1)\" width=\"150\" height=\"150\" \/> 04.10.2023 &#8211; <\/strong>Inauguracja Roku Akademickiego 2023\/2024 na Wydziale Sztuki i Nauk o Edukacji<\/a><\/p>\n<hr \/>\n<p><a href=\"https:\/\/us.edu.pl\/instytut\/ismuz\/miedzyuczelniana-inauguracja-roku-akademickiego-2023-2024\/\"><strong><img class=\"alignnone wp-image-4457 size-thumbnail\" src=\"https:\/\/us.edu.pl\/instytut\/ismuz\/wp-content\/uploads\/sites\/54\/Bez-kategorii\/2023.09.27-MIRA-2023-2024-Katowice-NOSPR1-150x150.jpg\" alt=\"2023.09.27, MIRA 2023-2024, Katowice, NOSPR(1)\" width=\"150\" height=\"150\" \/>\u00a029.09.2023 &#8211; <\/strong>Mi\u0119dzyuczelniana Inauguracja Roku Akademickiego 2023\/2024<\/a><\/p>\n<hr \/>\n<p><a href=\"https:\/\/us.edu.pl\/instytut\/ismuz\/4432-2\/\"><strong><img class=\"alignnone wp-image-4434 size-thumbnail\" src=\"https:\/\/us.edu.pl\/instytut\/ismuz\/wp-content\/uploads\/sites\/54\/Bez-kategorii\/2023.06.20-Koncert-okolicznosciowy-fot.-J.-Glenc1-150x150.jpeg\" alt=\"2023.06.20, Koncert okoliczno\u015bciowy, fot. J. Glenc(1)\" width=\"150\" height=\"150\" \/> 21.06.2023 &#8211; <\/strong>Koncert okoliczno\u015bciowy dla spo\u0142eczno\u015bci studenckiej;<\/a><\/p>\n<hr \/>\n<p><a href=\"https:\/\/us.edu.pl\/instytut\/ismuz\/koncert-galowy-festiwalu-kultury-europejskiej-transform4europe\/\"><strong><img class=\"alignnone wp-image-4400 size-thumbnail\" src=\"https:\/\/us.edu.pl\/instytut\/ismuz\/wp-content\/uploads\/sites\/54\/Bez-kategorii\/2023.04.25-T4Eu-1-fot.-T.-Kielkowski-150x150.jpg\" alt=\"Uroczysty koncert zdj\u0119cie\" width=\"150\" height=\"150\" \/>\u00a025.04.2023 &#8211; <\/strong>Koncert Galowy Festiwalu Kultury Europejskiej Transform4Europe;<\/a><\/p>\n<\/div>\r\n                    <\/div>\r\n                <\/div>[\/vc_column][\/vc_row]<\/p>","protected":false},"excerpt":{"rendered":"<p>[vc_row][vc_column][vc_separator color=&#8221;black&#8221; style=&#8221;shadow&#8221; border_width=&#8221;7&#8243; el_width=&#8221;70&#8243;][\/vc_column][\/vc_row][vc_row][vc_column][\/vc_column][\/vc_row][vc_row][vc_column][\/vc_column][\/vc_row][vc_row][vc_column][vc_separator color=&#8221;black&#8221; style=&#8221;shadow&#8221; border_width=&#8221;7&#8243; el_width=&#8221;70&#8243;][\/vc_column][\/vc_row][vc_row][vc_column][\/vc_column][\/vc_row][vc_row][vc_column][\/vc_column][\/vc_row] [&#8230;]<\/p>\n<p><a class=\"btn btn-secondary understrap-read-more-link\" href=\"https:\/\/us.edu.pl\/instytut\/ismuz\/chor-uniwersytetu-slaskiego-harmonia\/\">Read More&#8230;<\/a><\/p>\n","protected":false},"author":110,"featured_media":0,"parent":0,"menu_order":0,"comment_status":"closed","ping_status":"closed","template":"","meta":{"_expiration-date-status":"","_expiration-date":0,"_expiration-date-type":"","_expiration-date-categories":[],"_expiration-date-options":[]},"acf":[],"_links":{"self":[{"href":"https:\/\/us.edu.pl\/instytut\/ismuz\/wp-json\/wp\/v2\/pages\/4380"}],"collection":[{"href":"https:\/\/us.edu.pl\/instytut\/ismuz\/wp-json\/wp\/v2\/pages"}],"about":[{"href":"https:\/\/us.edu.pl\/instytut\/ismuz\/wp-json\/wp\/v2\/types\/page"}],"author":[{"embeddable":true,"href":"https:\/\/us.edu.pl\/instytut\/ismuz\/wp-json\/wp\/v2\/users\/110"}],"replies":[{"embeddable":true,"href":"https:\/\/us.edu.pl\/instytut\/ismuz\/wp-json\/wp\/v2\/comments?post=4380"}],"version-history":[{"count":10,"href":"https:\/\/us.edu.pl\/instytut\/ismuz\/wp-json\/wp\/v2\/pages\/4380\/revisions"}],"predecessor-version":[{"id":5704,"href":"https:\/\/us.edu.pl\/instytut\/ismuz\/wp-json\/wp\/v2\/pages\/4380\/revisions\/5704"}],"wp:attachment":[{"href":"https:\/\/us.edu.pl\/instytut\/ismuz\/wp-json\/wp\/v2\/media?parent=4380"}],"curies":[{"name":"wp","href":"https:\/\/api.w.org\/{rel}","templated":true}]}}