{"id":4432,"date":"2024-10-21T09:48:47","date_gmt":"2024-10-21T07:48:47","guid":{"rendered":"https:\/\/us.edu.pl\/instytut\/ismuz\/?page_id=4432"},"modified":"2024-10-21T10:44:04","modified_gmt":"2024-10-21T08:44:04","slug":"4432-2","status":"publish","type":"page","link":"https:\/\/us.edu.pl\/instytut\/ismuz\/4432-2\/","title":{"rendered":""},"content":{"rendered":"<p>[vc_row][vc_column]\r\n                <div class=\"text-modules\">\r\n                    <div class=\"container\">\r\n                        \r\n                        <div class=\"text-modules__content\"><p><strong>Wydarzenie\u00a0<\/strong><strong>(pe\u0142na nazwa)<\/strong><\/p>\n<p><span style=\"font-size: 18pt;\">Koncert okoliczno\u015bciowy dla spo\u0142eczno\u015bci studenckiej;<\/span><\/p>\n<p><strong>Data i miejsce<\/strong><\/p>\n<p>21.06.2023, Cieszyn, U\u015a, WSNE Hall<\/p>\n<p><strong>Szczeg\u00f3\u0142owy opis wydarzenia<\/strong><\/p>\n<p>Ch\u00f3r U\u015a Harmonia zorganizowa\u0142 koncert z okazji zako\u0144czenia pracy w semestrze letnim \u2013 prezentuj\u0105c zrealizowany w semestrze letnim repertuar.<\/p>\n<\/div>\r\n                    <\/div>\r\n                <\/div>[\/vc_column][\/vc_row][vc_row][vc_column]            \r\n                    <div class=\"container\">\r\n                        <div class=\"gallery gallery_4\" data-images-in-row=\"4\">\r\n                            \r\n                            <div class=\"row m-0\">\r\n                                <a data-fancybox-group=\"button\" title=\"\" data-fancybox=\"4628\" href=\"https:\/\/us.edu.pl\/instytut\/ismuz\/wp-content\/uploads\/sites\/54\/Bez-kategorii\/2023.06.20-Koncert-okolicznosciowy-fot.-J.-Glenc1.jpeg\" class=\"gallery__item thumbnail\"\r\n                                    style=\"background-image: url(https:\/\/us.edu.pl\/instytut\/ismuz\/wp-content\/uploads\/sites\/54\/Bez-kategorii\/2023.06.20-Koncert-okolicznosciowy-fot.-J.-Glenc1-1200x675.jpeg)\"> <span class=\"d-none\">https:\/\/us.edu.pl\/instytut\/ismuz\/wp-content\/uploads\/sites\/54\/Bez-kategorii\/2023.06.20-Koncert-okolicznosciowy-fot.-J.-Glenc1.jpeg<\/span> <\/a><a data-fancybox-group=\"button\" title=\"\" data-fancybox=\"4628\" href=\"https:\/\/us.edu.pl\/instytut\/ismuz\/wp-content\/uploads\/sites\/54\/Bez-kategorii\/2023.06.20-Koncert-okolicznosciowy-fot.-J.-Glenc2.jpeg\" class=\"gallery__item thumbnail\"\r\n                                    style=\"background-image: url(https:\/\/us.edu.pl\/instytut\/ismuz\/wp-content\/uploads\/sites\/54\/Bez-kategorii\/2023.06.20-Koncert-okolicznosciowy-fot.-J.-Glenc2-1200x675.jpeg)\"> <span class=\"d-none\">https:\/\/us.edu.pl\/instytut\/ismuz\/wp-content\/uploads\/sites\/54\/Bez-kategorii\/2023.06.20-Koncert-okolicznosciowy-fot.-J.-Glenc2.jpeg<\/span> <\/a><a data-fancybox-group=\"button\" title=\"\" data-fancybox=\"4628\" href=\"https:\/\/us.edu.pl\/instytut\/ismuz\/wp-content\/uploads\/sites\/54\/Bez-kategorii\/2023.06.20-Koncert-okolicznosciowy-fot.-J.-Glenc3.jpeg\" class=\"gallery__item thumbnail\"\r\n                                    style=\"background-image: url(https:\/\/us.edu.pl\/instytut\/ismuz\/wp-content\/uploads\/sites\/54\/Bez-kategorii\/2023.06.20-Koncert-okolicznosciowy-fot.-J.-Glenc3-1200x675.jpeg)\"> <span class=\"d-none\">https:\/\/us.edu.pl\/instytut\/ismuz\/wp-content\/uploads\/sites\/54\/Bez-kategorii\/2023.06.20-Koncert-okolicznosciowy-fot.-J.-Glenc3.jpeg<\/span> <\/a><a data-fancybox-group=\"button\" title=\"\" data-fancybox=\"4628\" href=\"https:\/\/us.edu.pl\/instytut\/ismuz\/wp-content\/uploads\/sites\/54\/Bez-kategorii\/2023.06.20-Koncert-okolicznosciowy-fot.-J.-Glenc4.jpeg\" class=\"gallery__item thumbnail\"\r\n                                    style=\"background-image: url(https:\/\/us.edu.pl\/instytut\/ismuz\/wp-content\/uploads\/sites\/54\/Bez-kategorii\/2023.06.20-Koncert-okolicznosciowy-fot.-J.-Glenc4-1200x675.jpeg)\"> <span class=\"d-none\">https:\/\/us.edu.pl\/instytut\/ismuz\/wp-content\/uploads\/sites\/54\/Bez-kategorii\/2023.06.20-Koncert-okolicznosciowy-fot.-J.-Glenc4.jpeg<\/span> <\/a>\r\n                            <\/div>\r\n                    <\/div>\r\n                <\/div>[\/vc_column][\/vc_row]<\/p>","protected":false},"excerpt":{"rendered":"<p>[vc_row][vc_column][\/vc_column][\/vc_row][vc_row][vc_column][\/vc_column][\/vc_row] [&#8230;]<\/p>\n<p><a class=\"btn btn-secondary understrap-read-more-link\" href=\"https:\/\/us.edu.pl\/instytut\/ismuz\/4432-2\/\">Read More&#8230;<\/a><\/p>\n","protected":false},"author":110,"featured_media":0,"parent":0,"menu_order":0,"comment_status":"closed","ping_status":"closed","template":"","meta":{"_expiration-date-status":"","_expiration-date":0,"_expiration-date-type":"","_expiration-date-categories":[],"_expiration-date-options":[]},"acf":[],"_links":{"self":[{"href":"https:\/\/us.edu.pl\/instytut\/ismuz\/wp-json\/wp\/v2\/pages\/4432"}],"collection":[{"href":"https:\/\/us.edu.pl\/instytut\/ismuz\/wp-json\/wp\/v2\/pages"}],"about":[{"href":"https:\/\/us.edu.pl\/instytut\/ismuz\/wp-json\/wp\/v2\/types\/page"}],"author":[{"embeddable":true,"href":"https:\/\/us.edu.pl\/instytut\/ismuz\/wp-json\/wp\/v2\/users\/110"}],"replies":[{"embeddable":true,"href":"https:\/\/us.edu.pl\/instytut\/ismuz\/wp-json\/wp\/v2\/comments?post=4432"}],"version-history":[{"count":2,"href":"https:\/\/us.edu.pl\/instytut\/ismuz\/wp-json\/wp\/v2\/pages\/4432\/revisions"}],"predecessor-version":[{"id":4489,"href":"https:\/\/us.edu.pl\/instytut\/ismuz\/wp-json\/wp\/v2\/pages\/4432\/revisions\/4489"}],"wp:attachment":[{"href":"https:\/\/us.edu.pl\/instytut\/ismuz\/wp-json\/wp\/v2\/media?parent=4432"}],"curies":[{"name":"wp","href":"https:\/\/api.w.org\/{rel}","templated":true}]}}