{"id":4490,"date":"2024-10-21T10:48:07","date_gmt":"2024-10-21T08:48:07","guid":{"rendered":"https:\/\/us.edu.pl\/instytut\/ismuz\/?page_id=4490"},"modified":"2024-10-21T10:50:27","modified_gmt":"2024-10-21T08:50:27","slug":"4490-2","status":"publish","type":"page","link":"https:\/\/us.edu.pl\/instytut\/ismuz\/4490-2\/","title":{"rendered":""},"content":{"rendered":"<p>[vc_row][vc_column]\r\n                <div class=\"text-modules\">\r\n                    <div class=\"container\">\r\n                        \r\n                        <div class=\"text-modules__content\"><p><strong>Wydarzenie\u00a0<\/strong><strong>(pe\u0142na nazwa)<\/strong><\/p>\n<p><span style=\"font-size: 18pt;\">Polskie Dni w Ostrawie koncert \u2013 Jesienne Impresje Muzyczne<\/span><\/p>\n<p><strong>Data i miejsce<\/strong><\/p>\n<p>12.11.2023, Ostrawa (Czechy), Ko\u015bci\u00f3\u0142 Ewangelicki<\/p>\n<p><strong>Szczeg\u00f3\u0142owy opis wydarzenia<\/strong><\/p>\n<p>Na zaproszenie Konsul Generalnej w Ostrawie Izabelli Wo\u0142\u0142ejko-Chwastowicz [wsp\u00f3\u0142praca mi\u0119dzynarodowa] Ch\u00f3r U\u015a Harmonia uczestniczy\u0142 w festiwalu Polskie Dni w Ostrawie. Form\u0105 uczestnictwa by\u0142 koncert wokalno-instrumentalny, kt\u00f3rego wykonawcami byli: Ch\u00f3r U\u015a Harmonia pod dyrekcj\u0105 Joanny Glenc, Jacek Glenc \u2013 organy oraz studenci kierunku Edukacja artystyczna w zakresie sztuki muzycznej [WSNE U\u015a]: Mateusz Bia\u0142osk\u00f3rski \u2013 organy, Dawid Juraszek \u2013 dyrygent, Monika Ko\u0142oczek &#8211; gitara, Katarzyna S\u0119k &#8211; skrzypce, Agnieszka Sikora &#8211; sopran, Piotr Szczotka \u2013 baryton, Marek \u015awierczek \u2013 skrzypce, Faustyna W\u00f3jcik \u2013 skrzypce. Arty\u015bci zaprezentowali zr\u00f3\u017cnicowany repertuar wokalny, instrumentalny i wokalno-instrumentalny.<\/p>\n<\/div>\r\n                    <\/div>\r\n                <\/div>[\/vc_column][\/vc_row][vc_row][vc_column]            \r\n                    <div class=\"container\">\r\n                        <div class=\"gallery gallery_4\" data-images-in-row=\"4\">\r\n                            \r\n                            <div class=\"row m-0\">\r\n                                <a data-fancybox-group=\"button\" title=\"\" data-fancybox=\"7321\" href=\"https:\/\/us.edu.pl\/instytut\/ismuz\/wp-content\/uploads\/sites\/54\/Bez-kategorii\/2023.11.12-Polskie-Dni-w-Ostrawie-notka.jpg\" class=\"gallery__item thumbnail\"\r\n                                    style=\"background-image: url(https:\/\/us.edu.pl\/instytut\/ismuz\/wp-content\/uploads\/sites\/54\/Bez-kategorii\/2023.11.12-Polskie-Dni-w-Ostrawie-notka-1200x675.jpg)\"> <span class=\"d-none\">https:\/\/us.edu.pl\/instytut\/ismuz\/wp-content\/uploads\/sites\/54\/Bez-kategorii\/2023.11.12-Polskie-Dni-w-Ostrawie-notka.jpg<\/span> <\/a><a data-fancybox-group=\"button\" title=\"\" data-fancybox=\"7321\" href=\"https:\/\/us.edu.pl\/instytut\/ismuz\/wp-content\/uploads\/sites\/54\/Bez-kategorii\/2023.11.12-Polskie-Dni-w-Ostrawie-fot.-N.-Pawlus1.jpg\" class=\"gallery__item thumbnail\"\r\n                                    style=\"background-image: url(https:\/\/us.edu.pl\/instytut\/ismuz\/wp-content\/uploads\/sites\/54\/Bez-kategorii\/2023.11.12-Polskie-Dni-w-Ostrawie-fot.-N.-Pawlus1-1200x900.jpg)\"> <span class=\"d-none\">https:\/\/us.edu.pl\/instytut\/ismuz\/wp-content\/uploads\/sites\/54\/Bez-kategorii\/2023.11.12-Polskie-Dni-w-Ostrawie-fot.-N.-Pawlus1.jpg<\/span> <\/a><a data-fancybox-group=\"button\" title=\"\" data-fancybox=\"7321\" href=\"https:\/\/us.edu.pl\/instytut\/ismuz\/wp-content\/uploads\/sites\/54\/Bez-kategorii\/2023.11.12-Polskie-Dni-w-Ostrawie-fot.-N.-Pawlus2.jpg\" class=\"gallery__item thumbnail\"\r\n                                    style=\"background-image: url(https:\/\/us.edu.pl\/instytut\/ismuz\/wp-content\/uploads\/sites\/54\/Bez-kategorii\/2023.11.12-Polskie-Dni-w-Ostrawie-fot.-N.-Pawlus2-1200x900.jpg)\"> <span class=\"d-none\">https:\/\/us.edu.pl\/instytut\/ismuz\/wp-content\/uploads\/sites\/54\/Bez-kategorii\/2023.11.12-Polskie-Dni-w-Ostrawie-fot.-N.-Pawlus2.jpg<\/span> <\/a><a data-fancybox-group=\"button\" title=\"\" data-fancybox=\"7321\" href=\"https:\/\/us.edu.pl\/instytut\/ismuz\/wp-content\/uploads\/sites\/54\/Bez-kategorii\/2023.11.12-Polskie-Dni-w-Ostrawie-fot.-N.-Pawlus3.jpg\" class=\"gallery__item thumbnail\"\r\n                                    style=\"background-image: url(https:\/\/us.edu.pl\/instytut\/ismuz\/wp-content\/uploads\/sites\/54\/Bez-kategorii\/2023.11.12-Polskie-Dni-w-Ostrawie-fot.-N.-Pawlus3-1200x900.jpg)\"> <span class=\"d-none\">https:\/\/us.edu.pl\/instytut\/ismuz\/wp-content\/uploads\/sites\/54\/Bez-kategorii\/2023.11.12-Polskie-Dni-w-Ostrawie-fot.-N.-Pawlus3.jpg<\/span> <\/a><a data-fancybox-group=\"button\" title=\"\" data-fancybox=\"7321\" href=\"https:\/\/us.edu.pl\/instytut\/ismuz\/wp-content\/uploads\/sites\/54\/Bez-kategorii\/2023.11.12-Polskie-Dni-w-Ostrawie-fot.-N.-Pawlus4.jpg\" class=\"gallery__item thumbnail\"\r\n                                    style=\"background-image: url(https:\/\/us.edu.pl\/instytut\/ismuz\/wp-content\/uploads\/sites\/54\/Bez-kategorii\/2023.11.12-Polskie-Dni-w-Ostrawie-fot.-N.-Pawlus4-1200x900.jpg)\"> <span class=\"d-none\">https:\/\/us.edu.pl\/instytut\/ismuz\/wp-content\/uploads\/sites\/54\/Bez-kategorii\/2023.11.12-Polskie-Dni-w-Ostrawie-fot.-N.-Pawlus4.jpg<\/span> <\/a><a data-fancybox-group=\"button\" title=\"\" data-fancybox=\"7321\" href=\"https:\/\/us.edu.pl\/instytut\/ismuz\/wp-content\/uploads\/sites\/54\/Bez-kategorii\/2023.11.12-Polskie-Dni-w-Ostrawie-fot.-N.-Pawlus5.jpg\" class=\"gallery__item thumbnail\"\r\n                                    style=\"background-image: url(https:\/\/us.edu.pl\/instytut\/ismuz\/wp-content\/uploads\/sites\/54\/Bez-kategorii\/2023.11.12-Polskie-Dni-w-Ostrawie-fot.-N.-Pawlus5-1200x900.jpg)\"> <span class=\"d-none\">https:\/\/us.edu.pl\/instytut\/ismuz\/wp-content\/uploads\/sites\/54\/Bez-kategorii\/2023.11.12-Polskie-Dni-w-Ostrawie-fot.-N.-Pawlus5.jpg<\/span> <\/a><a data-fancybox-group=\"button\" title=\"\" data-fancybox=\"7321\" href=\"https:\/\/us.edu.pl\/instytut\/ismuz\/wp-content\/uploads\/sites\/54\/Bez-kategorii\/2023.11.12-Polskie-Dni-w-Ostrawie-fot.-N.-Pawlus6.jpg\" class=\"gallery__item thumbnail\"\r\n                                    style=\"background-image: url(https:\/\/us.edu.pl\/instytut\/ismuz\/wp-content\/uploads\/sites\/54\/Bez-kategorii\/2023.11.12-Polskie-Dni-w-Ostrawie-fot.-N.-Pawlus6-1200x900.jpg)\"> <span class=\"d-none\">https:\/\/us.edu.pl\/instytut\/ismuz\/wp-content\/uploads\/sites\/54\/Bez-kategorii\/2023.11.12-Polskie-Dni-w-Ostrawie-fot.-N.-Pawlus6.jpg<\/span> <\/a><a data-fancybox-group=\"button\" title=\"\" data-fancybox=\"7321\" href=\"https:\/\/us.edu.pl\/instytut\/ismuz\/wp-content\/uploads\/sites\/54\/Bez-kategorii\/2023.11.12-Polskie-Dni-w-Ostrawie-fot.-N.-Pawlus7.jpg\" class=\"gallery__item thumbnail\"\r\n                                    style=\"background-image: url(https:\/\/us.edu.pl\/instytut\/ismuz\/wp-content\/uploads\/sites\/54\/Bez-kategorii\/2023.11.12-Polskie-Dni-w-Ostrawie-fot.-N.-Pawlus7-1200x900.jpg)\"> <span class=\"d-none\">https:\/\/us.edu.pl\/instytut\/ismuz\/wp-content\/uploads\/sites\/54\/Bez-kategorii\/2023.11.12-Polskie-Dni-w-Ostrawie-fot.-N.-Pawlus7.jpg<\/span> <\/a>\r\n                            <\/div>\r\n                    <\/div>\r\n                <\/div>[\/vc_column][\/vc_row]<\/p>","protected":false},"excerpt":{"rendered":"<p>[vc_row][vc_column][\/vc_column][\/vc_row][vc_row][vc_column][\/vc_column][\/vc_row] [&#8230;]<\/p>\n<p><a class=\"btn btn-secondary understrap-read-more-link\" href=\"https:\/\/us.edu.pl\/instytut\/ismuz\/4490-2\/\">Read More&#8230;<\/a><\/p>\n","protected":false},"author":110,"featured_media":0,"parent":0,"menu_order":0,"comment_status":"closed","ping_status":"closed","template":"","meta":{"_expiration-date-status":"","_expiration-date":0,"_expiration-date-type":"","_expiration-date-categories":[],"_expiration-date-options":[]},"acf":[],"_links":{"self":[{"href":"https:\/\/us.edu.pl\/instytut\/ismuz\/wp-json\/wp\/v2\/pages\/4490"}],"collection":[{"href":"https:\/\/us.edu.pl\/instytut\/ismuz\/wp-json\/wp\/v2\/pages"}],"about":[{"href":"https:\/\/us.edu.pl\/instytut\/ismuz\/wp-json\/wp\/v2\/types\/page"}],"author":[{"embeddable":true,"href":"https:\/\/us.edu.pl\/instytut\/ismuz\/wp-json\/wp\/v2\/users\/110"}],"replies":[{"embeddable":true,"href":"https:\/\/us.edu.pl\/instytut\/ismuz\/wp-json\/wp\/v2\/comments?post=4490"}],"version-history":[{"count":2,"href":"https:\/\/us.edu.pl\/instytut\/ismuz\/wp-json\/wp\/v2\/pages\/4490\/revisions"}],"predecessor-version":[{"id":4516,"href":"https:\/\/us.edu.pl\/instytut\/ismuz\/wp-json\/wp\/v2\/pages\/4490\/revisions\/4516"}],"wp:attachment":[{"href":"https:\/\/us.edu.pl\/instytut\/ismuz\/wp-json\/wp\/v2\/media?parent=4490"}],"curies":[{"name":"wp","href":"https:\/\/api.w.org\/{rel}","templated":true}]}}