{"id":4517,"date":"2024-10-21T10:55:12","date_gmt":"2024-10-21T08:55:12","guid":{"rendered":"https:\/\/us.edu.pl\/instytut\/ismuz\/?page_id=4517"},"modified":"2024-10-21T10:55:49","modified_gmt":"2024-10-21T08:55:49","slug":"4517-2","status":"publish","type":"page","link":"https:\/\/us.edu.pl\/instytut\/ismuz\/4517-2\/","title":{"rendered":""},"content":{"rendered":"<p>[vc_row][vc_column]\r\n                <div class=\"text-modules\">\r\n                    <div class=\"container\">\r\n                        \r\n                        <div class=\"text-modules__content\"><p><strong>Wydarzenie\u00a0<\/strong><strong>(pe\u0142na nazwa)<\/strong><\/p>\n<p><span style=\"font-size: 18pt;\">Uniwersyteckie Forum Dyrygent\u00f3w \u2013 Konfrontacje M\u0142odych Dyrygent\u00f3w, Cieszyn<\/span><\/p>\n<p><strong>Data i miejsce<\/strong><\/p>\n<p>2023 06.12.2023, Cieszyn, U\u015a, WSNE, Sala Konferencyjna<\/p>\n<p><strong>Szczeg\u00f3\u0142owy opis wydarzenia<\/strong><\/p>\n<p>Ch\u00f3r U\u015a Harmonia wsp\u00f3\u0142uczestniczy\u0142 w Uniwersyteckim Forum Dyrygenckim \u2013 Konfrontacjach M\u0142odych Dyrygent\u00f3w \u2013 projekcie o zasi\u0119gu og\u00f3lnopolskim, kt\u00f3rego uczestnikami byli pracownicy naukowi oraz studenci uniwersyteckiego kierunku Edukacja artystyczna w zakresie sztuki muzycznej z ca\u0142ej Polski. G\u0142\u00f3wnym nurtem organizowanej w Cieszynie edycji by\u0142y zmagania konkursowe oraz panele dyskusyjne ukierunkowane na naukow\u0105 i merytoryczn\u0105 wymian\u0119 pogl\u0105d\u00f3w z zakresu dyrygentury<br \/>\ni tradycji muzycznych zwi\u0105zanych ze \u015brodowiskiem lokalnym uczestnik\u00f3w. Organizatorem V edycji UFD by\u0142 Instytut Sztuk Muzycznych WSNE U\u015a.<br \/>\nCh\u00f3r pe\u0142ni\u0142 rol\u0119 zespo\u0142u warsztatowego dla wszystkich uczestnik\u00f3w Konfrontacji M\u0142odych Dyrygent\u00f3w wykonuj\u0105c repertuar a cappella przewidziany dla prezentacji konkursowych.<br \/>\nZesp\u00f3\u0142 przyzna\u0142 tak\u017ce jednemu z uczestnik\u00f3w UFD dyplom \u2013 Nagrod\u0119 Specjaln\u0105 dla najlepszego w ocenie ch\u00f3ru dyrygenta.<\/p>\n<p><a href=\"https:\/\/us.edu.pl\/instytut\/ismuz\/wp-content\/uploads\/sites\/54\/Bez-kategorii\/2023.12.06-07-UFD-Cieszyn-2023harmonogram-ufd2.pdf\" class=\"mtli_attachment mtli_pdf\" data-mtli=\"mtli_filesize211,28kB\" class=\"mtli_attachment mtli_pdf\" data-mtli=\"mtli_filesize211,28kB\">2023.12.06-07, UFD Cieszyn 2023,harmonogram<\/a><\/p>\n<style type=\"text\/css\">a[data-mtli~=\"mtli_filesize211,28kB\"]:after {content:\" (211,28 kB)\"}<\/style><\/div>\r\n                    <\/div>\r\n                <\/div>[\/vc_column][\/vc_row][vc_row][vc_column]            \r\n                    <div class=\"container\">\r\n                        <div class=\"gallery gallery_4\" data-images-in-row=\"4\">\r\n                            \r\n                            <div class=\"row m-0\">\r\n                                <a data-fancybox-group=\"button\" title=\"\" data-fancybox=\"466\" href=\"https:\/\/us.edu.pl\/instytut\/ismuz\/wp-content\/uploads\/sites\/54\/Bez-kategorii\/2023.12.06-UFD-Cieszyn-20231.jpg\" class=\"gallery__item thumbnail\"\r\n                                    style=\"background-image: url(https:\/\/us.edu.pl\/instytut\/ismuz\/wp-content\/uploads\/sites\/54\/Bez-kategorii\/2023.12.06-UFD-Cieszyn-20231-1200x901.jpg)\"> <span class=\"d-none\">https:\/\/us.edu.pl\/instytut\/ismuz\/wp-content\/uploads\/sites\/54\/Bez-kategorii\/2023.12.06-UFD-Cieszyn-20231.jpg<\/span> <\/a><a data-fancybox-group=\"button\" title=\"\" data-fancybox=\"466\" href=\"https:\/\/us.edu.pl\/instytut\/ismuz\/wp-content\/uploads\/sites\/54\/Bez-kategorii\/2023.12.06-UFD-Cieszyn-20232.jpg\" class=\"gallery__item thumbnail\"\r\n                                    style=\"background-image: url(https:\/\/us.edu.pl\/instytut\/ismuz\/wp-content\/uploads\/sites\/54\/Bez-kategorii\/2023.12.06-UFD-Cieszyn-20232-1200x901.jpg)\"> <span class=\"d-none\">https:\/\/us.edu.pl\/instytut\/ismuz\/wp-content\/uploads\/sites\/54\/Bez-kategorii\/2023.12.06-UFD-Cieszyn-20232.jpg<\/span> <\/a><a data-fancybox-group=\"button\" title=\"\" data-fancybox=\"466\" href=\"https:\/\/us.edu.pl\/instytut\/ismuz\/wp-content\/uploads\/sites\/54\/Bez-kategorii\/2023.12.06-UFD-Cieszyn-20233.jpg\" class=\"gallery__item thumbnail\"\r\n                                    style=\"background-image: url(https:\/\/us.edu.pl\/instytut\/ismuz\/wp-content\/uploads\/sites\/54\/Bez-kategorii\/2023.12.06-UFD-Cieszyn-20233-1200x901.jpg)\"> <span class=\"d-none\">https:\/\/us.edu.pl\/instytut\/ismuz\/wp-content\/uploads\/sites\/54\/Bez-kategorii\/2023.12.06-UFD-Cieszyn-20233.jpg<\/span> <\/a>\r\n                            <\/div>\r\n                    <\/div>\r\n                <\/div>[\/vc_column][\/vc_row]<\/p>\n<style type=\"text\/css\">a[data-mtli~=\"mtli_filesize211,28kB\"]:after {content:\" (211,28 kB)\"}<\/style>","protected":false},"excerpt":{"rendered":"<p>[vc_row][vc_column][\/vc_column][\/vc_row][vc_row][vc_column][\/vc_column][\/vc_row] [&#8230;]<\/p>\n<p><a class=\"btn btn-secondary understrap-read-more-link\" href=\"https:\/\/us.edu.pl\/instytut\/ismuz\/4517-2\/\">Read More&#8230;<\/a><\/p>\n","protected":false},"author":110,"featured_media":0,"parent":0,"menu_order":0,"comment_status":"closed","ping_status":"closed","template":"","meta":{"_expiration-date-status":"","_expiration-date":0,"_expiration-date-type":"","_expiration-date-categories":[],"_expiration-date-options":[]},"acf":[],"_links":{"self":[{"href":"https:\/\/us.edu.pl\/instytut\/ismuz\/wp-json\/wp\/v2\/pages\/4517"}],"collection":[{"href":"https:\/\/us.edu.pl\/instytut\/ismuz\/wp-json\/wp\/v2\/pages"}],"about":[{"href":"https:\/\/us.edu.pl\/instytut\/ismuz\/wp-json\/wp\/v2\/types\/page"}],"author":[{"embeddable":true,"href":"https:\/\/us.edu.pl\/instytut\/ismuz\/wp-json\/wp\/v2\/users\/110"}],"replies":[{"embeddable":true,"href":"https:\/\/us.edu.pl\/instytut\/ismuz\/wp-json\/wp\/v2\/comments?post=4517"}],"version-history":[{"count":1,"href":"https:\/\/us.edu.pl\/instytut\/ismuz\/wp-json\/wp\/v2\/pages\/4517\/revisions"}],"predecessor-version":[{"id":4530,"href":"https:\/\/us.edu.pl\/instytut\/ismuz\/wp-json\/wp\/v2\/pages\/4517\/revisions\/4530"}],"wp:attachment":[{"href":"https:\/\/us.edu.pl\/instytut\/ismuz\/wp-json\/wp\/v2\/media?parent=4517"}],"curies":[{"name":"wp","href":"https:\/\/api.w.org\/{rel}","templated":true}]}}