{"id":4556,"date":"2024-10-21T11:15:31","date_gmt":"2024-10-21T09:15:31","guid":{"rendered":"https:\/\/us.edu.pl\/instytut\/ismuz\/?page_id=4556"},"modified":"2024-10-21T11:15:31","modified_gmt":"2024-10-21T09:15:31","slug":"4556-2","status":"publish","type":"page","link":"https:\/\/us.edu.pl\/instytut\/ismuz\/4556-2\/","title":{"rendered":""},"content":{"rendered":"<p>[vc_row][vc_column]\r\n                <div class=\"text-modules\">\r\n                    <div class=\"container\">\r\n                        \r\n                        <div class=\"text-modules__content\"><p><strong>Wydarzenie\u00a0<\/strong><strong>(pe\u0142na nazwa)<\/strong><\/p>\n<p><span style=\"font-size: 18pt;\">Akademickie Spotkanie Wigilijne<\/span><\/p>\n<p><strong>Data i miejsce<\/strong><\/p>\n<p>20.12.2023, Cieszyn, U\u015a, WSNE, Hall<\/p>\n<p><strong>Szczeg\u00f3\u0142owy opis wydarzenia<\/strong><\/p>\n<p>Ch\u00f3r U\u015a Harmonia pod dyrekcj\u0105 prof. dr hab. Joanny Glenc uczestniczy\u0142 w uroczystym spotkaniu ca\u0142ej spo\u0142eczno\u015bci Wydzia\u0142u Sztuki i Nauk o Edukacji z okazji \u015awi\u0105t Bo\u017cego Narodzenia. W repertuarze ch\u00f3ru znalaz\u0142y si\u0119 kol\u0119dy i pastora\u0142ki na ch\u00f3r mieszany a cappella. Ponadto, w wydarzeniu tym udzia\u0142 wzi\u0119\u0142y zespo\u0142y: Akademicka Orkiestra Kameralna pod dyr. dr hab. Ma\u0142gorzaty Kaniowskiej, prof. U\u015a, Cieszy\u0144ska Orkiestra D\u0119ta U\u015a pod dyr. dr hab. Karola Pyki, studenci kierunku ASK pod kierownictwem M. Klepek oraz Zesp\u00f3\u0142 \u201eManu\u201d. Organizatorem spotkania byli: Dziekan WSNE U\u015a oraz Wydzia\u0142owa Rada Samorz\u0105du Studenckiego.<\/p>\n<p><a href=\"https:\/\/us.edu.pl\/instytut\/ismuz\/wp-content\/uploads\/sites\/54\/Bez-kategorii\/2023.12.20-WSNE-Akademickie-Spotkanie-Wigilijne-zaproszenie.pdf\" class=\"mtli_attachment mtli_pdf\" data-mtli=\"mtli_filesize1,25MB\" class=\"mtli_attachment mtli_pdf\" data-mtli=\"mtli_filesize1,25MB\">2023.12.20, WSNE, Akademickie Spotkanie Wigilijne &#8211; zaproszenie<\/a><\/p>\n<style type=\"text\/css\">a[data-mtli~=\"mtli_filesize1,25MB\"]:after {content:\" (1,25 MB)\"}<\/style><\/div>\r\n                    <\/div>\r\n                <\/div>[\/vc_column][\/vc_row][vc_row][vc_column]            \r\n                    <div class=\"container\">\r\n                        <div class=\"gallery gallery_4\" data-images-in-row=\"4\">\r\n                            \r\n                            <div class=\"row m-0\">\r\n                                <a data-fancybox-group=\"button\" title=\"\" data-fancybox=\"7289\" href=\"https:\/\/us.edu.pl\/instytut\/ismuz\/wp-content\/uploads\/sites\/54\/Bez-kategorii\/2023.12.20-WSNE-Akademickie-Spotkanie-Wigilijne-zaproszenie-2.jpg\" class=\"gallery__item thumbnail\"\r\n                                    style=\"background-image: url(https:\/\/us.edu.pl\/instytut\/ismuz\/wp-content\/uploads\/sites\/54\/Bez-kategorii\/2023.12.20-WSNE-Akademickie-Spotkanie-Wigilijne-zaproszenie-2.jpg)\"> <span class=\"d-none\">https:\/\/us.edu.pl\/instytut\/ismuz\/wp-content\/uploads\/sites\/54\/Bez-kategorii\/2023.12.20-WSNE-Akademickie-Spotkanie-Wigilijne-zaproszenie-2.jpg<\/span> <\/a><a data-fancybox-group=\"button\" title=\"\" data-fancybox=\"7289\" href=\"https:\/\/us.edu.pl\/instytut\/ismuz\/wp-content\/uploads\/sites\/54\/Bez-kategorii\/2023.12.20-WSNE-Akademickie-Spotkanie-Wigilijne-zaproszenie-1.jpg\" class=\"gallery__item thumbnail\"\r\n                                    style=\"background-image: url(https:\/\/us.edu.pl\/instytut\/ismuz\/wp-content\/uploads\/sites\/54\/Bez-kategorii\/2023.12.20-WSNE-Akademickie-Spotkanie-Wigilijne-zaproszenie-1.jpg)\"> <span class=\"d-none\">https:\/\/us.edu.pl\/instytut\/ismuz\/wp-content\/uploads\/sites\/54\/Bez-kategorii\/2023.12.20-WSNE-Akademickie-Spotkanie-Wigilijne-zaproszenie-1.jpg<\/span> <\/a>\r\n                            <\/div>\r\n                    <\/div>\r\n                <\/div>[\/vc_column][\/vc_row]<\/p>\n<style type=\"text\/css\">a[data-mtli~=\"mtli_filesize1,25MB\"]:after {content:\" (1,25 MB)\"}<\/style>","protected":false},"excerpt":{"rendered":"<p>[vc_row][vc_column][\/vc_column][\/vc_row][vc_row][vc_column][\/vc_column][\/vc_row] [&#8230;]<\/p>\n<p><a class=\"btn btn-secondary understrap-read-more-link\" href=\"https:\/\/us.edu.pl\/instytut\/ismuz\/4556-2\/\">Read More&#8230;<\/a><\/p>\n","protected":false},"author":110,"featured_media":0,"parent":0,"menu_order":0,"comment_status":"closed","ping_status":"closed","template":"","meta":{"_expiration-date-status":"","_expiration-date":0,"_expiration-date-type":"","_expiration-date-categories":[],"_expiration-date-options":[]},"acf":[],"_links":{"self":[{"href":"https:\/\/us.edu.pl\/instytut\/ismuz\/wp-json\/wp\/v2\/pages\/4556"}],"collection":[{"href":"https:\/\/us.edu.pl\/instytut\/ismuz\/wp-json\/wp\/v2\/pages"}],"about":[{"href":"https:\/\/us.edu.pl\/instytut\/ismuz\/wp-json\/wp\/v2\/types\/page"}],"author":[{"embeddable":true,"href":"https:\/\/us.edu.pl\/instytut\/ismuz\/wp-json\/wp\/v2\/users\/110"}],"replies":[{"embeddable":true,"href":"https:\/\/us.edu.pl\/instytut\/ismuz\/wp-json\/wp\/v2\/comments?post=4556"}],"version-history":[{"count":1,"href":"https:\/\/us.edu.pl\/instytut\/ismuz\/wp-json\/wp\/v2\/pages\/4556\/revisions"}],"predecessor-version":[{"id":4568,"href":"https:\/\/us.edu.pl\/instytut\/ismuz\/wp-json\/wp\/v2\/pages\/4556\/revisions\/4568"}],"wp:attachment":[{"href":"https:\/\/us.edu.pl\/instytut\/ismuz\/wp-json\/wp\/v2\/media?parent=4556"}],"curies":[{"name":"wp","href":"https:\/\/api.w.org\/{rel}","templated":true}]}}