{"id":4573,"date":"2024-10-21T11:22:55","date_gmt":"2024-10-21T09:22:55","guid":{"rendered":"https:\/\/us.edu.pl\/instytut\/ismuz\/?page_id=4573"},"modified":"2024-10-21T11:22:55","modified_gmt":"2024-10-21T09:22:55","slug":"4573-2","status":"publish","type":"page","link":"https:\/\/us.edu.pl\/instytut\/ismuz\/4573-2\/","title":{"rendered":""},"content":{"rendered":"<p>[vc_row][vc_column]\r\n                <div class=\"text-modules\">\r\n                    <div class=\"container\">\r\n                        \r\n                        <div class=\"text-modules__content\"><p><strong>Wydarzenie\u00a0<\/strong><strong>(pe\u0142na nazwa)<\/strong><\/p>\n<p><span style=\"font-size: 18pt;\">59. Mi\u0119dzynarodowy Festiwal Pie\u015bni Ch\u00f3ralnej im. Prof. Jana Szyrockiego<\/span><\/p>\n<p><strong>Data i miejsce<\/strong><\/p>\n<p>16-21.06.2024, Mi\u0119dzyzdroje, Ko\u015bci\u00f3\u0142 p.w. \u015aw. Piotra Aposto\u0142a oraz Mi\u0119dzynarodowy Dom Kultury<\/p>\n<p><strong>Szczeg\u00f3\u0142owy opis wydarzenia<\/strong><\/p>\n<p>Ch\u00f3r U\u015a Harmonia wzi\u0105\u0142 udzia\u0142 w 59. Mi\u0119dzynarodowym Festiwalu Pie\u015bni Ch\u00f3ralnej im. prof. Jana Szyrockiego w Mi\u0119dzyzdrojach. Do presti\u017cowego festiwalu zakwalifikowano kilkana\u015bcie znakomitych ch\u00f3r\u00f3w krajowych i jeden zagraniczny. Ch\u00f3r zaprezentowa\u0142 sw\u00f3j repertuar przed jury oraz licznie zgromadzon\u0105 publiczno\u015bci\u0105 w Ko\u015bciele p.w. \u015aw. Piotra Aposto\u0142a w Mi\u0119dzyzdrojach \u2013 konkurs Musica Sacra oraz w Mi\u0119dzynarodowym Domu Kultury w Mi\u0119dzyzdrojach \u2013 konkurs Muzyka wsp\u00f3\u0142czesna. Zesp\u00f3\u0142 zosta\u0142 laureatem dw\u00f3ch nagr\u00f3d: Srebrny Dyplom w konkursie Muzyka Wsp\u00f3\u0142czesna oraz Srebrny Dyplom w konkursie Musica Sacra.<\/p>\n<p><a href=\"https:\/\/us.edu.pl\/instytut\/ismuz\/wp-content\/uploads\/sites\/54\/Bez-kategorii\/2024.06.18-59.MFPCh-Miedzyzdroje-Dyplom-uczestnictwa.pdf\" class=\"mtli_attachment mtli_pdf\" data-mtli=\"mtli_filesize295,00kB\" class=\"mtli_attachment mtli_pdf\" data-mtli=\"mtli_filesize295,00kB\">2024.06.18, 59.MFPCh Mi\u0119dzyzdroje, Dyplom uczestnictwa<\/a><\/p>\n<p><a href=\"https:\/\/us.edu.pl\/instytut\/ismuz\/wp-content\/uploads\/sites\/54\/Bez-kategorii\/2024.06.21-59.MFPCh-Miedzyzdroje-Srebrny-Dyplom-Musica-Sacra.pdf\" class=\"mtli_attachment mtli_pdf\" data-mtli=\"mtli_filesize282,68kB\" class=\"mtli_attachment mtli_pdf\" data-mtli=\"mtli_filesize282,68kB\">2024.06.21, 59.MFPCh Mi\u0119dzyzdroje, Srebrny Dyplom, Musica Sacra<\/a><\/p>\n<p><a href=\"https:\/\/us.edu.pl\/instytut\/ismuz\/wp-content\/uploads\/sites\/54\/Bez-kategorii\/2024.06.21-59.MFPCh-Miedzyzdroje-Srebrny-Dyplom-Muzyka-wspolczesna.pdf\" class=\"mtli_attachment mtli_pdf\" data-mtli=\"mtli_filesize287,77kB\" class=\"mtli_attachment mtli_pdf\" data-mtli=\"mtli_filesize287,77kB\">2024.06.21, 59.MFPCh Mi\u0119dzyzdroje, Srebrny Dyplom, Muzyka wsp\u00f3\u0142czesna<\/a><\/p>\n<style type=\"text\/css\">a[data-mtli~=\"mtli_filesize295,00kB\"]:after {content:\" (295,00 kB)\"}a[data-mtli~=\"mtli_filesize282,68kB\"]:after {content:\" (282,68 kB)\"}a[data-mtli~=\"mtli_filesize287,77kB\"]:after {content:\" (287,77 kB)\"}<\/style><\/div>\r\n                    <\/div>\r\n                <\/div>[\/vc_column][\/vc_row][vc_row][vc_column]            \r\n                    <div class=\"container\">\r\n                        <div class=\"gallery gallery_4\" data-images-in-row=\"4\">\r\n                            \r\n                            <div class=\"row m-0\">\r\n                                <a data-fancybox-group=\"button\" title=\"\" data-fancybox=\"3220\" href=\"https:\/\/us.edu.pl\/instytut\/ismuz\/wp-content\/uploads\/sites\/54\/Bez-kategorii\/2024.06.16-21-Miedzyzdroje-fot.-J.-Glenc1-scaled.jpg\" class=\"gallery__item thumbnail\"\r\n                                    style=\"background-image: url(https:\/\/us.edu.pl\/instytut\/ismuz\/wp-content\/uploads\/sites\/54\/Bez-kategorii\/2024.06.16-21-Miedzyzdroje-fot.-J.-Glenc1-900x1200.jpg)\"> <span class=\"d-none\">https:\/\/us.edu.pl\/instytut\/ismuz\/wp-content\/uploads\/sites\/54\/Bez-kategorii\/2024.06.16-21-Miedzyzdroje-fot.-J.-Glenc1-scaled.jpg<\/span> <\/a><a data-fancybox-group=\"button\" title=\"\" data-fancybox=\"3220\" href=\"https:\/\/us.edu.pl\/instytut\/ismuz\/wp-content\/uploads\/sites\/54\/Bez-kategorii\/2024.06.16-21-Miedzyzdroje-fot.-J.-Glenc2-scaled.jpg\" class=\"gallery__item thumbnail\"\r\n                                    style=\"background-image: url(https:\/\/us.edu.pl\/instytut\/ismuz\/wp-content\/uploads\/sites\/54\/Bez-kategorii\/2024.06.16-21-Miedzyzdroje-fot.-J.-Glenc2-1200x900.jpg)\"> <span class=\"d-none\">https:\/\/us.edu.pl\/instytut\/ismuz\/wp-content\/uploads\/sites\/54\/Bez-kategorii\/2024.06.16-21-Miedzyzdroje-fot.-J.-Glenc2-scaled.jpg<\/span> <\/a><a data-fancybox-group=\"button\" title=\"\" data-fancybox=\"3220\" href=\"https:\/\/us.edu.pl\/instytut\/ismuz\/wp-content\/uploads\/sites\/54\/Bez-kategorii\/2024.06.16-21-Miedzyzdroje-fot.-J.-Glenc3-scaled.jpg\" class=\"gallery__item thumbnail\"\r\n                                    style=\"background-image: url(https:\/\/us.edu.pl\/instytut\/ismuz\/wp-content\/uploads\/sites\/54\/Bez-kategorii\/2024.06.16-21-Miedzyzdroje-fot.-J.-Glenc3-1200x900.jpg)\"> <span class=\"d-none\">https:\/\/us.edu.pl\/instytut\/ismuz\/wp-content\/uploads\/sites\/54\/Bez-kategorii\/2024.06.16-21-Miedzyzdroje-fot.-J.-Glenc3-scaled.jpg<\/span> <\/a><a data-fancybox-group=\"button\" title=\"\" data-fancybox=\"3220\" href=\"https:\/\/us.edu.pl\/instytut\/ismuz\/wp-content\/uploads\/sites\/54\/Bez-kategorii\/2024.06.16-21-Miedzyzdroje-fot.-J.-Glenc4-scaled.jpg\" class=\"gallery__item thumbnail\"\r\n                                    style=\"background-image: url(https:\/\/us.edu.pl\/instytut\/ismuz\/wp-content\/uploads\/sites\/54\/Bez-kategorii\/2024.06.16-21-Miedzyzdroje-fot.-J.-Glenc4-1200x900.jpg)\"> <span class=\"d-none\">https:\/\/us.edu.pl\/instytut\/ismuz\/wp-content\/uploads\/sites\/54\/Bez-kategorii\/2024.06.16-21-Miedzyzdroje-fot.-J.-Glenc4-scaled.jpg<\/span> <\/a><a data-fancybox-group=\"button\" title=\"\" data-fancybox=\"3220\" href=\"https:\/\/us.edu.pl\/instytut\/ismuz\/wp-content\/uploads\/sites\/54\/Bez-kategorii\/2024.06.16-21-Miedzyzdroje-fot.-J.-Glenc5-scaled.jpg\" class=\"gallery__item thumbnail\"\r\n                                    style=\"background-image: url(https:\/\/us.edu.pl\/instytut\/ismuz\/wp-content\/uploads\/sites\/54\/Bez-kategorii\/2024.06.16-21-Miedzyzdroje-fot.-J.-Glenc5-1200x900.jpg)\"> <span class=\"d-none\">https:\/\/us.edu.pl\/instytut\/ismuz\/wp-content\/uploads\/sites\/54\/Bez-kategorii\/2024.06.16-21-Miedzyzdroje-fot.-J.-Glenc5-scaled.jpg<\/span> <\/a><a data-fancybox-group=\"button\" title=\"\" data-fancybox=\"3220\" href=\"https:\/\/us.edu.pl\/instytut\/ismuz\/wp-content\/uploads\/sites\/54\/Bez-kategorii\/2024.06.16-21-Miedzyzdroje-fot.-J.-Glenc6.jpg\" class=\"gallery__item thumbnail\"\r\n                                    style=\"background-image: url(https:\/\/us.edu.pl\/instytut\/ismuz\/wp-content\/uploads\/sites\/54\/Bez-kategorii\/2024.06.16-21-Miedzyzdroje-fot.-J.-Glenc6-1200x900.jpg)\"> <span class=\"d-none\">https:\/\/us.edu.pl\/instytut\/ismuz\/wp-content\/uploads\/sites\/54\/Bez-kategorii\/2024.06.16-21-Miedzyzdroje-fot.-J.-Glenc6.jpg<\/span> <\/a><a data-fancybox-group=\"button\" title=\"\" data-fancybox=\"3220\" href=\"https:\/\/us.edu.pl\/instytut\/ismuz\/wp-content\/uploads\/sites\/54\/Bez-kategorii\/2024.06.16-21-Miedzyzdroje-fot.-J.-Glenc7.jpg\" class=\"gallery__item thumbnail\"\r\n                                    style=\"background-image: url(https:\/\/us.edu.pl\/instytut\/ismuz\/wp-content\/uploads\/sites\/54\/Bez-kategorii\/2024.06.16-21-Miedzyzdroje-fot.-J.-Glenc7-1200x900.jpg)\"> <span class=\"d-none\">https:\/\/us.edu.pl\/instytut\/ismuz\/wp-content\/uploads\/sites\/54\/Bez-kategorii\/2024.06.16-21-Miedzyzdroje-fot.-J.-Glenc7.jpg<\/span> <\/a><a data-fancybox-group=\"button\" title=\"\" data-fancybox=\"3220\" href=\"https:\/\/us.edu.pl\/instytut\/ismuz\/wp-content\/uploads\/sites\/54\/Bez-kategorii\/2024.06.16-21-Miedzyzdroje-fot.-J.-Glenc8.jpg\" class=\"gallery__item thumbnail\"\r\n                                    style=\"background-image: url(https:\/\/us.edu.pl\/instytut\/ismuz\/wp-content\/uploads\/sites\/54\/Bez-kategorii\/2024.06.16-21-Miedzyzdroje-fot.-J.-Glenc8-1200x900.jpg)\"> <span class=\"d-none\">https:\/\/us.edu.pl\/instytut\/ismuz\/wp-content\/uploads\/sites\/54\/Bez-kategorii\/2024.06.16-21-Miedzyzdroje-fot.-J.-Glenc8.jpg<\/span> <\/a><a data-fancybox-group=\"button\" title=\"\" data-fancybox=\"3220\" href=\"https:\/\/us.edu.pl\/instytut\/ismuz\/wp-content\/uploads\/sites\/54\/Bez-kategorii\/2024.06.16-21-Miedzyzdroje-fot.-J.-Glenc9.jpg\" class=\"gallery__item thumbnail\"\r\n                                    style=\"background-image: url(https:\/\/us.edu.pl\/instytut\/ismuz\/wp-content\/uploads\/sites\/54\/Bez-kategorii\/2024.06.16-21-Miedzyzdroje-fot.-J.-Glenc9-1200x900.jpg)\"> <span class=\"d-none\">https:\/\/us.edu.pl\/instytut\/ismuz\/wp-content\/uploads\/sites\/54\/Bez-kategorii\/2024.06.16-21-Miedzyzdroje-fot.-J.-Glenc9.jpg<\/span> <\/a>\r\n                            <\/div>\r\n                    <\/div>\r\n                <\/div>[\/vc_column][\/vc_row]<\/p>\n<style type=\"text\/css\">a[data-mtli~=\"mtli_filesize295,00kB\"]:after {content:\" (295,00 kB)\"}a[data-mtli~=\"mtli_filesize282,68kB\"]:after {content:\" (282,68 kB)\"}a[data-mtli~=\"mtli_filesize287,77kB\"]:after {content:\" (287,77 kB)\"}<\/style>","protected":false},"excerpt":{"rendered":"<p>[vc_row][vc_column][\/vc_column][\/vc_row][vc_row][vc_column][\/vc_column][\/vc_row] [&#8230;]<\/p>\n<p><a class=\"btn btn-secondary understrap-read-more-link\" href=\"https:\/\/us.edu.pl\/instytut\/ismuz\/4573-2\/\">Read More&#8230;<\/a><\/p>\n","protected":false},"author":110,"featured_media":0,"parent":0,"menu_order":0,"comment_status":"closed","ping_status":"closed","template":"","meta":{"_expiration-date-status":"","_expiration-date":0,"_expiration-date-type":"","_expiration-date-categories":[],"_expiration-date-options":[]},"acf":[],"_links":{"self":[{"href":"https:\/\/us.edu.pl\/instytut\/ismuz\/wp-json\/wp\/v2\/pages\/4573"}],"collection":[{"href":"https:\/\/us.edu.pl\/instytut\/ismuz\/wp-json\/wp\/v2\/pages"}],"about":[{"href":"https:\/\/us.edu.pl\/instytut\/ismuz\/wp-json\/wp\/v2\/types\/page"}],"author":[{"embeddable":true,"href":"https:\/\/us.edu.pl\/instytut\/ismuz\/wp-json\/wp\/v2\/users\/110"}],"replies":[{"embeddable":true,"href":"https:\/\/us.edu.pl\/instytut\/ismuz\/wp-json\/wp\/v2\/comments?post=4573"}],"version-history":[{"count":1,"href":"https:\/\/us.edu.pl\/instytut\/ismuz\/wp-json\/wp\/v2\/pages\/4573\/revisions"}],"predecessor-version":[{"id":4617,"href":"https:\/\/us.edu.pl\/instytut\/ismuz\/wp-json\/wp\/v2\/pages\/4573\/revisions\/4617"}],"wp:attachment":[{"href":"https:\/\/us.edu.pl\/instytut\/ismuz\/wp-json\/wp\/v2\/media?parent=4573"}],"curies":[{"name":"wp","href":"https:\/\/api.w.org\/{rel}","templated":true}]}}