{"id":4622,"date":"2024-10-21T11:37:05","date_gmt":"2024-10-21T09:37:05","guid":{"rendered":"https:\/\/us.edu.pl\/instytut\/ismuz\/?page_id=4622"},"modified":"2024-10-21T11:37:05","modified_gmt":"2024-10-21T09:37:05","slug":"4622-2","status":"publish","type":"page","link":"https:\/\/us.edu.pl\/instytut\/ismuz\/4622-2\/","title":{"rendered":""},"content":{"rendered":"<p>[vc_row][vc_column]\r\n                <div class=\"text-modules\">\r\n                    <div class=\"container\">\r\n                        \r\n                        <div class=\"text-modules__content\"><p><strong>Wydarzenie\u00a0<\/strong><strong>(pe\u0142na nazwa)<\/strong><\/p>\n<p><span style=\"font-size: 18pt;\">Koncert Kameralny pami\u0119ci Profesora Waldemara Sutryka<\/span><\/p>\n<p><strong>Data i miejsce<\/strong><\/p>\n<p>27.06.2024, Cieszyn, Dom Narodowy, Sala Widowiskowa<\/p>\n<p><strong>Szczeg\u00f3\u0142owy opis wydarzenia<\/strong><\/p>\n<p>Ch\u00f3r U\u015a Harmonia by\u0142 jednym z uczestnik\u00f3w koncertu po\u015bwi\u0119conego pami\u0119ci \u015ap. Prof. dr hab. Waldemara Sutryka \u2013 dyrygenta, pedagoga, pracownika Instytutu Sztuk Muzycznych. Ch\u00f3r za\u015bpiewa\u0142 pod dyrekcj\u0105 prof. dr hab. Joanny Glenc oraz, co istotne \u2013 pod dyrekcj\u0105 student\u00f3w roku dyplomowego na kierunku Edukacja artystyczna w zakresie sztuki muzycznej realizuj\u0105cych specjalno\u015b\u0107 zespo\u0142owa praktyka wykonawcza, dla kt\u00f3rych wyst\u0105pienie by\u0142o form\u0105 prezentacji dyplomowej: Zuzanny Czerwi\u0144skiej \u2013 z klasy dr hab. Karola Pyki, Dawida Juraszka \u2013 z klasy dr Marii Zuber i prof. dr hab. Joanny Glenc, Magdaleny Zameckiej \u2013 z klasy prof. dr hab. Izabelli Zieleckiej Panek. Repertuar ch\u00f3ralny a cappella stanowi\u0142y m. in. utwory Rene Clausena, Jacka Glenca, Andrzeja Koszewskiego, Jana Maklakiewicza, J\u00f3zefa \u015awidra, Marcina Wawruka.<\/p>\n<p>\n<\/div>\r\n                    <\/div>\r\n                <\/div>[\/vc_column][\/vc_row][vc_row][vc_column]            \r\n                    <div class=\"container\">\r\n                        <div class=\"gallery gallery_4\" data-images-in-row=\"4\">\r\n                            \r\n                            <div class=\"row m-0\">\r\n                                <a data-fancybox-group=\"button\" title=\"\" data-fancybox=\"5706\" href=\"https:\/\/us.edu.pl\/instytut\/ismuz\/wp-content\/uploads\/sites\/54\/Bez-kategorii\/2024.06.27-Dom-Narodowy-scaled.jpg\" class=\"gallery__item thumbnail\"\r\n                                    style=\"background-image: url(https:\/\/us.edu.pl\/instytut\/ismuz\/wp-content\/uploads\/sites\/54\/Bez-kategorii\/2024.06.27-Dom-Narodowy-1200x900.jpg)\"> <span class=\"d-none\">https:\/\/us.edu.pl\/instytut\/ismuz\/wp-content\/uploads\/sites\/54\/Bez-kategorii\/2024.06.27-Dom-Narodowy-scaled.jpg<\/span> <\/a><a data-fancybox-group=\"button\" title=\"\" data-fancybox=\"5706\" href=\"https:\/\/us.edu.pl\/instytut\/ismuz\/wp-content\/uploads\/sites\/54\/Bez-kategorii\/2024.06.27-Dom-Narodowy1-scaled.jpg\" class=\"gallery__item thumbnail\"\r\n                                    style=\"background-image: url(https:\/\/us.edu.pl\/instytut\/ismuz\/wp-content\/uploads\/sites\/54\/Bez-kategorii\/2024.06.27-Dom-Narodowy1-1200x900.jpg)\"> <span class=\"d-none\">https:\/\/us.edu.pl\/instytut\/ismuz\/wp-content\/uploads\/sites\/54\/Bez-kategorii\/2024.06.27-Dom-Narodowy1-scaled.jpg<\/span> <\/a><a data-fancybox-group=\"button\" title=\"\" data-fancybox=\"5706\" href=\"https:\/\/us.edu.pl\/instytut\/ismuz\/wp-content\/uploads\/sites\/54\/Bez-kategorii\/2024.06.27-Dom-Narodowy2-scaled.jpg\" class=\"gallery__item thumbnail\"\r\n                                    style=\"background-image: url(https:\/\/us.edu.pl\/instytut\/ismuz\/wp-content\/uploads\/sites\/54\/Bez-kategorii\/2024.06.27-Dom-Narodowy2-1200x900.jpg)\"> <span class=\"d-none\">https:\/\/us.edu.pl\/instytut\/ismuz\/wp-content\/uploads\/sites\/54\/Bez-kategorii\/2024.06.27-Dom-Narodowy2-scaled.jpg<\/span> <\/a><a data-fancybox-group=\"button\" title=\"\" data-fancybox=\"5706\" href=\"https:\/\/us.edu.pl\/instytut\/ismuz\/wp-content\/uploads\/sites\/54\/Bez-kategorii\/2024.06.27-Dom-Narodowy3-scaled.jpg\" class=\"gallery__item thumbnail\"\r\n                                    style=\"background-image: url(https:\/\/us.edu.pl\/instytut\/ismuz\/wp-content\/uploads\/sites\/54\/Bez-kategorii\/2024.06.27-Dom-Narodowy3-1200x900.jpg)\"> <span class=\"d-none\">https:\/\/us.edu.pl\/instytut\/ismuz\/wp-content\/uploads\/sites\/54\/Bez-kategorii\/2024.06.27-Dom-Narodowy3-scaled.jpg<\/span> <\/a><a data-fancybox-group=\"button\" title=\"\" data-fancybox=\"5706\" href=\"https:\/\/us.edu.pl\/instytut\/ismuz\/wp-content\/uploads\/sites\/54\/Bez-kategorii\/2024.06.27-Dom-Narodowy4.jpg\" class=\"gallery__item thumbnail\"\r\n                                    style=\"background-image: url(https:\/\/us.edu.pl\/instytut\/ismuz\/wp-content\/uploads\/sites\/54\/Bez-kategorii\/2024.06.27-Dom-Narodowy4-900x1200.jpg)\"> <span class=\"d-none\">https:\/\/us.edu.pl\/instytut\/ismuz\/wp-content\/uploads\/sites\/54\/Bez-kategorii\/2024.06.27-Dom-Narodowy4.jpg<\/span> <\/a><a data-fancybox-group=\"button\" title=\"\" data-fancybox=\"5706\" href=\"https:\/\/us.edu.pl\/instytut\/ismuz\/wp-content\/uploads\/sites\/54\/Bez-kategorii\/2024.06.27-Dom-Narodowy5-scaled.jpg\" class=\"gallery__item thumbnail\"\r\n                                    style=\"background-image: url(https:\/\/us.edu.pl\/instytut\/ismuz\/wp-content\/uploads\/sites\/54\/Bez-kategorii\/2024.06.27-Dom-Narodowy5-900x1200.jpg)\"> <span class=\"d-none\">https:\/\/us.edu.pl\/instytut\/ismuz\/wp-content\/uploads\/sites\/54\/Bez-kategorii\/2024.06.27-Dom-Narodowy5-scaled.jpg<\/span> <\/a>\r\n                            <\/div>\r\n                    <\/div>\r\n                <\/div>[\/vc_column][\/vc_row]<\/p>","protected":false},"excerpt":{"rendered":"<p>[vc_row][vc_column][\/vc_column][\/vc_row][vc_row][vc_column][\/vc_column][\/vc_row] [&#8230;]<\/p>\n<p><a class=\"btn btn-secondary understrap-read-more-link\" href=\"https:\/\/us.edu.pl\/instytut\/ismuz\/4622-2\/\">Read More&#8230;<\/a><\/p>\n","protected":false},"author":110,"featured_media":0,"parent":0,"menu_order":0,"comment_status":"closed","ping_status":"closed","template":"","meta":{"_expiration-date-status":"","_expiration-date":0,"_expiration-date-type":"","_expiration-date-categories":[],"_expiration-date-options":[]},"acf":[],"_links":{"self":[{"href":"https:\/\/us.edu.pl\/instytut\/ismuz\/wp-json\/wp\/v2\/pages\/4622"}],"collection":[{"href":"https:\/\/us.edu.pl\/instytut\/ismuz\/wp-json\/wp\/v2\/pages"}],"about":[{"href":"https:\/\/us.edu.pl\/instytut\/ismuz\/wp-json\/wp\/v2\/types\/page"}],"author":[{"embeddable":true,"href":"https:\/\/us.edu.pl\/instytut\/ismuz\/wp-json\/wp\/v2\/users\/110"}],"replies":[{"embeddable":true,"href":"https:\/\/us.edu.pl\/instytut\/ismuz\/wp-json\/wp\/v2\/comments?post=4622"}],"version-history":[{"count":1,"href":"https:\/\/us.edu.pl\/instytut\/ismuz\/wp-json\/wp\/v2\/pages\/4622\/revisions"}],"predecessor-version":[{"id":4641,"href":"https:\/\/us.edu.pl\/instytut\/ismuz\/wp-json\/wp\/v2\/pages\/4622\/revisions\/4641"}],"wp:attachment":[{"href":"https:\/\/us.edu.pl\/instytut\/ismuz\/wp-json\/wp\/v2\/media?parent=4622"}],"curies":[{"name":"wp","href":"https:\/\/api.w.org\/{rel}","templated":true}]}}