{"id":4644,"date":"2024-10-21T11:41:53","date_gmt":"2024-10-21T09:41:53","guid":{"rendered":"https:\/\/us.edu.pl\/instytut\/ismuz\/?page_id=4644"},"modified":"2024-10-21T11:41:53","modified_gmt":"2024-10-21T09:41:53","slug":"4644-2","status":"publish","type":"page","link":"https:\/\/us.edu.pl\/instytut\/ismuz\/4644-2\/","title":{"rendered":""},"content":{"rendered":"<p>[vc_row][vc_column]\r\n                <div class=\"text-modules\">\r\n                    <div class=\"container\">\r\n                        \r\n                        <div class=\"text-modules__content\"><p><strong>Wydarzenie\u00a0<\/strong><strong>(pe\u0142na nazwa)<\/strong><\/p>\n<p><span style=\"font-size: 18pt;\">Mi\u0119dzyuczelniana Inauguracja Roku Akademickiego 2024\/2025<\/span><\/p>\n<p><strong>Data i miejsce<\/strong><\/p>\n<p>27.09.2024, Katowice, NOSPR, Sala Koncertowa<\/p>\n<p><strong>Szczeg\u00f3\u0142owy opis wydarzenia<\/strong><\/p>\n<p>Na zaproszenie JM Rektora U\u015a prof. dr hab. Ryszarda Kozio\u0142ka Ch\u00f3r U\u015a Harmonia wzi\u0105\u0142 udzia\u0142 w uroczystej Mi\u0119dzyuczelnianej Inauguracji Roku Akademickiego 2024\/2025 Oficjalna cz\u0119\u015b\u0107 mia\u0142a miejsce w siedzibie Narodowej Orkiestry Symfonicznej Polskiego Radia. Wydarzenie zorganizowane zosta\u0142o wsp\u00f3lnie z siedmioma uczelniami wy\u017cszymi zrzeszonymi w Konsorcjum Katowice \u2013 Miasto Nauki we wsp\u00f3\u0142pracy z miastem Katowice, Wojew\u00f3dztwem \u015al\u0105skim, G\u00f3rno\u015bl\u0105sko-Zag\u0142\u0119biowsk\u0105 Metropoli\u0105. U\u015bwietniaj\u0105c tak wa\u017cn\u0105 dla spo\u0142eczno\u015bci akademickiej uroczysto\u015b\u0107, zgromadzone ch\u00f3ry (Ch\u00f3r Uniwersytetu \u015al\u0105skiego Harmonia, Ch\u00f3r Politechniki \u015al., Ch\u00f3r Uniwersytetu Ekonomicznego, Ch\u00f3r \u015al\u0105skiego Uniwersytetu Medycznego) wykona\u0142y Gaude Mater Polonia pod dyrekcj\u0105 prof. dr hab. Joanny Glenc.<br \/>\nW cz\u0119\u015bci koncertowej odbywaj\u0105cej si\u0119 w siedzibie NOSPR, w wykonaniu ch\u00f3r\u00f3w oraz Narodowej Orkiestry Symfonicznej Polskiego Radia pod dyrekcj\u0105 Szymona Bywalca zabrzmia\u0142 Mazur z opery Straszny Dw\u00f3r S. Moniuszki.<\/p>\n<p>\n<\/div>\r\n                    <\/div>\r\n                <\/div>[\/vc_column][\/vc_row][vc_row][vc_column]            \r\n                    <div class=\"container\">\r\n                        <div class=\"gallery gallery_4\" data-images-in-row=\"4\">\r\n                            \r\n                            <div class=\"row m-0\">\r\n                                <a data-fancybox-group=\"button\" title=\"\" data-fancybox=\"6644\" href=\"https:\/\/us.edu.pl\/instytut\/ismuz\/wp-content\/uploads\/sites\/54\/Bez-kategorii\/MIRA-2024-2025-fot.-J.-Glenc-20240927_190457-scaled.jpg\" class=\"gallery__item thumbnail\"\r\n                                    style=\"background-image: url(https:\/\/us.edu.pl\/instytut\/ismuz\/wp-content\/uploads\/sites\/54\/Bez-kategorii\/MIRA-2024-2025-fot.-J.-Glenc-20240927_190457-1200x900.jpg)\"> <span class=\"d-none\">https:\/\/us.edu.pl\/instytut\/ismuz\/wp-content\/uploads\/sites\/54\/Bez-kategorii\/MIRA-2024-2025-fot.-J.-Glenc-20240927_190457-scaled.jpg<\/span> <\/a><a data-fancybox-group=\"button\" title=\"\" data-fancybox=\"6644\" href=\"https:\/\/us.edu.pl\/instytut\/ismuz\/wp-content\/uploads\/sites\/54\/Bez-kategorii\/MIRA-2024-2024-fot.-J.-Glenc1-scaled.jpg\" class=\"gallery__item thumbnail\"\r\n                                    style=\"background-image: url(https:\/\/us.edu.pl\/instytut\/ismuz\/wp-content\/uploads\/sites\/54\/Bez-kategorii\/MIRA-2024-2024-fot.-J.-Glenc1-1200x900.jpg)\"> <span class=\"d-none\">https:\/\/us.edu.pl\/instytut\/ismuz\/wp-content\/uploads\/sites\/54\/Bez-kategorii\/MIRA-2024-2024-fot.-J.-Glenc1-scaled.jpg<\/span> <\/a>\r\n                            <\/div>\r\n                    <\/div>\r\n                <\/div>[\/vc_column][\/vc_row]<\/p>","protected":false},"excerpt":{"rendered":"<p>[vc_row][vc_column][\/vc_column][\/vc_row][vc_row][vc_column][\/vc_column][\/vc_row] [&#8230;]<\/p>\n<p><a class=\"btn btn-secondary understrap-read-more-link\" href=\"https:\/\/us.edu.pl\/instytut\/ismuz\/4644-2\/\">Read More&#8230;<\/a><\/p>\n","protected":false},"author":110,"featured_media":0,"parent":0,"menu_order":0,"comment_status":"closed","ping_status":"closed","template":"","meta":{"_expiration-date-status":"","_expiration-date":0,"_expiration-date-type":"","_expiration-date-categories":[],"_expiration-date-options":[]},"acf":[],"_links":{"self":[{"href":"https:\/\/us.edu.pl\/instytut\/ismuz\/wp-json\/wp\/v2\/pages\/4644"}],"collection":[{"href":"https:\/\/us.edu.pl\/instytut\/ismuz\/wp-json\/wp\/v2\/pages"}],"about":[{"href":"https:\/\/us.edu.pl\/instytut\/ismuz\/wp-json\/wp\/v2\/types\/page"}],"author":[{"embeddable":true,"href":"https:\/\/us.edu.pl\/instytut\/ismuz\/wp-json\/wp\/v2\/users\/110"}],"replies":[{"embeddable":true,"href":"https:\/\/us.edu.pl\/instytut\/ismuz\/wp-json\/wp\/v2\/comments?post=4644"}],"version-history":[{"count":1,"href":"https:\/\/us.edu.pl\/instytut\/ismuz\/wp-json\/wp\/v2\/pages\/4644\/revisions"}],"predecessor-version":[{"id":4652,"href":"https:\/\/us.edu.pl\/instytut\/ismuz\/wp-json\/wp\/v2\/pages\/4644\/revisions\/4652"}],"wp:attachment":[{"href":"https:\/\/us.edu.pl\/instytut\/ismuz\/wp-json\/wp\/v2\/media?parent=4644"}],"curies":[{"name":"wp","href":"https:\/\/api.w.org\/{rel}","templated":true}]}}