{"id":4656,"date":"2024-10-21T11:50:01","date_gmt":"2024-10-21T09:50:01","guid":{"rendered":"https:\/\/us.edu.pl\/instytut\/ismuz\/?page_id=4656"},"modified":"2024-10-21T11:50:01","modified_gmt":"2024-10-21T09:50:01","slug":"4656-2","status":"publish","type":"page","link":"https:\/\/us.edu.pl\/instytut\/ismuz\/4656-2\/","title":{"rendered":""},"content":{"rendered":"<p>[vc_row][vc_column]\r\n                <div class=\"text-modules\">\r\n                    <div class=\"container\">\r\n                        \r\n                        <div class=\"text-modules__content\"><p><strong>Wydarzenie\u00a0<\/strong><strong>(pe\u0142na nazwa)<\/strong><\/p>\n<p>Inauguracja Roku Akademickiego 2024\/2025 na Wydziale Sztuki i Nauk o Edukacji<\/p>\n<p><strong>Data i miejsce<\/strong><\/p>\n<p>08.10.2024, Cieszyn, U\u015a, WSNE, Sala Konferencyjna<\/p>\n<p><strong>Szczeg\u00f3\u0142owy opis wydarzenia<\/strong><\/p>\n<p>Na zaproszenie Dziekana Wydzia\u0142u Sztuki i Nauk o Edukacji dr hab. Katarzyny Marcol, prof. U\u015a, Ch\u00f3r U\u015a Harmonia pod dyrekcj\u0105 prof. dr hab. Joanny Glenc wzi\u0105\u0142 udzia\u0142 w Inauguracji Roku Akademickiego 2024\/2025 na Wydziale Sztuki i Nauk o Edukacji.<br \/>\nOprawa muzyczna tej uroczysto\u015bci zosta\u0142a dope\u0142niona wykonaniem przez ch\u00f3r dw\u00f3ch utwor\u00f3w a cappella, tj. Pory roku J\u00f3zefa \u015awidra oraz Le\u0107 g\u0142osie po rosie Marcina Wawruka.<\/p>\n<p>\n<\/div>\r\n                    <\/div>\r\n                <\/div>[\/vc_column][\/vc_row][vc_row][vc_column]            \r\n                    <div class=\"container\">\r\n                        <div class=\"gallery gallery_4\" data-images-in-row=\"4\">\r\n                            \r\n                            <div class=\"row m-0\">\r\n                                <a data-fancybox-group=\"button\" title=\"\" data-fancybox=\"4235\" href=\"https:\/\/us.edu.pl\/instytut\/ismuz\/wp-content\/uploads\/sites\/54\/Bez-kategorii\/2024.10.04-WSNE-Inauguracja-r.-akad.-2024-2025-fot.-P.-Szmek1.jpg\" class=\"gallery__item thumbnail\"\r\n                                    style=\"background-image: url(https:\/\/us.edu.pl\/instytut\/ismuz\/wp-content\/uploads\/sites\/54\/Bez-kategorii\/2024.10.04-WSNE-Inauguracja-r.-akad.-2024-2025-fot.-P.-Szmek1-1200x900.jpg)\"> <span class=\"d-none\">https:\/\/us.edu.pl\/instytut\/ismuz\/wp-content\/uploads\/sites\/54\/Bez-kategorii\/2024.10.04-WSNE-Inauguracja-r.-akad.-2024-2025-fot.-P.-Szmek1.jpg<\/span> <\/a><a data-fancybox-group=\"button\" title=\"\" data-fancybox=\"4235\" href=\"https:\/\/us.edu.pl\/instytut\/ismuz\/wp-content\/uploads\/sites\/54\/Bez-kategorii\/2024.10.04-WSNE-Inauguracja-r.-akad.-2024-2025-fot.-P.-Szmek2.jpg\" class=\"gallery__item thumbnail\"\r\n                                    style=\"background-image: url(https:\/\/us.edu.pl\/instytut\/ismuz\/wp-content\/uploads\/sites\/54\/Bez-kategorii\/2024.10.04-WSNE-Inauguracja-r.-akad.-2024-2025-fot.-P.-Szmek2-1200x900.jpg)\"> <span class=\"d-none\">https:\/\/us.edu.pl\/instytut\/ismuz\/wp-content\/uploads\/sites\/54\/Bez-kategorii\/2024.10.04-WSNE-Inauguracja-r.-akad.-2024-2025-fot.-P.-Szmek2.jpg<\/span> <\/a><a data-fancybox-group=\"button\" title=\"\" data-fancybox=\"4235\" href=\"https:\/\/us.edu.pl\/instytut\/ismuz\/wp-content\/uploads\/sites\/54\/Bez-kategorii\/2024.10.04-WSNE-Inauguracja-r.-akad.-2024-2025-fot.-P.-Szmek3.jpg\" class=\"gallery__item thumbnail\"\r\n                                    style=\"background-image: url(https:\/\/us.edu.pl\/instytut\/ismuz\/wp-content\/uploads\/sites\/54\/Bez-kategorii\/2024.10.04-WSNE-Inauguracja-r.-akad.-2024-2025-fot.-P.-Szmek3-1200x900.jpg)\"> <span class=\"d-none\">https:\/\/us.edu.pl\/instytut\/ismuz\/wp-content\/uploads\/sites\/54\/Bez-kategorii\/2024.10.04-WSNE-Inauguracja-r.-akad.-2024-2025-fot.-P.-Szmek3.jpg<\/span> <\/a><a data-fancybox-group=\"button\" title=\"\" data-fancybox=\"4235\" href=\"https:\/\/us.edu.pl\/instytut\/ismuz\/wp-content\/uploads\/sites\/54\/Bez-kategorii\/2024.10.04-WSNE-Inauguracja-r.-akad.-2024-2025-fot.-P.-Szmek4.jpg\" class=\"gallery__item thumbnail\"\r\n                                    style=\"background-image: url(https:\/\/us.edu.pl\/instytut\/ismuz\/wp-content\/uploads\/sites\/54\/Bez-kategorii\/2024.10.04-WSNE-Inauguracja-r.-akad.-2024-2025-fot.-P.-Szmek4-1200x900.jpg)\"> <span class=\"d-none\">https:\/\/us.edu.pl\/instytut\/ismuz\/wp-content\/uploads\/sites\/54\/Bez-kategorii\/2024.10.04-WSNE-Inauguracja-r.-akad.-2024-2025-fot.-P.-Szmek4.jpg<\/span> <\/a>\r\n                            <\/div>\r\n                    <\/div>\r\n                <\/div>[\/vc_column][\/vc_row]<\/p>","protected":false},"excerpt":{"rendered":"<p>[vc_row][vc_column][\/vc_column][\/vc_row][vc_row][vc_column][\/vc_column][\/vc_row] [&#8230;]<\/p>\n<p><a class=\"btn btn-secondary understrap-read-more-link\" href=\"https:\/\/us.edu.pl\/instytut\/ismuz\/4656-2\/\">Read More&#8230;<\/a><\/p>\n","protected":false},"author":110,"featured_media":0,"parent":0,"menu_order":0,"comment_status":"closed","ping_status":"closed","template":"","meta":{"_expiration-date-status":"","_expiration-date":0,"_expiration-date-type":"","_expiration-date-categories":[],"_expiration-date-options":[]},"acf":[],"_links":{"self":[{"href":"https:\/\/us.edu.pl\/instytut\/ismuz\/wp-json\/wp\/v2\/pages\/4656"}],"collection":[{"href":"https:\/\/us.edu.pl\/instytut\/ismuz\/wp-json\/wp\/v2\/pages"}],"about":[{"href":"https:\/\/us.edu.pl\/instytut\/ismuz\/wp-json\/wp\/v2\/types\/page"}],"author":[{"embeddable":true,"href":"https:\/\/us.edu.pl\/instytut\/ismuz\/wp-json\/wp\/v2\/users\/110"}],"replies":[{"embeddable":true,"href":"https:\/\/us.edu.pl\/instytut\/ismuz\/wp-json\/wp\/v2\/comments?post=4656"}],"version-history":[{"count":1,"href":"https:\/\/us.edu.pl\/instytut\/ismuz\/wp-json\/wp\/v2\/pages\/4656\/revisions"}],"predecessor-version":[{"id":4674,"href":"https:\/\/us.edu.pl\/instytut\/ismuz\/wp-json\/wp\/v2\/pages\/4656\/revisions\/4674"}],"wp:attachment":[{"href":"https:\/\/us.edu.pl\/instytut\/ismuz\/wp-json\/wp\/v2\/media?parent=4656"}],"curies":[{"name":"wp","href":"https:\/\/api.w.org\/{rel}","templated":true}]}}