{"id":4708,"date":"2024-10-22T10:14:13","date_gmt":"2024-10-22T08:14:13","guid":{"rendered":"https:\/\/us.edu.pl\/instytut\/ismuz\/?page_id=4708"},"modified":"2024-10-22T11:31:44","modified_gmt":"2024-10-22T09:31:44","slug":"izabella-zielecka-panek","status":"publish","type":"page","link":"https:\/\/us.edu.pl\/instytut\/ismuz\/pracownicy\/izabella-zielecka-panek\/","title":{"rendered":"Izabella Zielecka-Panek"},"content":{"rendered":"<p>[vc_row][vc_column]\r\n                <div class=\"text-modules reverse\">\r\n                    <div class=\"container\">\r\n                        <h3 class=\"section-title section-title_border-bottom\">prof. dr hab. Izabella Zielecka-Panek<\/h3> \r\n                        <div class=\"row m-0\">\r\n                            <div class=\"text-modules__content\">\r\n                                <strong>prof. dr hab. Izabella Zielecka-Panek<\/strong><\/p>\n<p>Profesor doktor habilitowana sztuk muzycznych, ch\u00f3rmistrzyni, dyrygentka, profesor w Instytucie Sztuk Muzycznych Uniwersytetu \u015al\u0105skiego, wyk\u0142adowczyni akademicka, wychowawczyni wielu m\u0142odych adept\u00f3w sztuki dyrygenckiej, muzyk-nauczycielka z pasji i z pasj\u0105, a tak\u017ce instruktorka rekreacji ruchowej ze specjalno\u015bci\u0105 je\u017adziectwo, hodowczyni koni angloarabskich. Cz\u0142onkini Zarz\u0105du G\u0142\u00f3wnego Polskiego Zwi\u0105zku Ch\u00f3r\u00f3w i Orkiestr w Warszawie, Prezes Fundacji Muzyka Bez Granic, pomys\u0142odawczyni i dyrektorka The Prof. J\u00f3zef \u015awider International Festival of Music w Cieszynie.<\/p>\n<p>Autorka publikacji naukowych, redaktorka wydawnictw, uczestniczka wielu konferencji naukowych w Polsce i za granic\u0105, cz\u0142onkini rad artystycznych, naukowych i badawczych, jurorka w konkursach mi\u0119dzynarodowych. Promotor i recenzent w przewodach doktorskich, habilitacyjnych i profesorskich, juror w mi\u0119dzynarodowych konkursach ch\u00f3ralnych, wyk\u0142adowca warsztat\u00f3w mistrzowskich z zakresu emisji zbiorowej i ch\u00f3ralistyki.<\/p>\n<p>UZYSKANE STOPNIE I TYTU\u0141Y<\/p>\n<p>\u2013 2020 tytu\u0142 profesora sztuk muzycznych nadany przez Prezydenta Rzeczypospolitej Polskiej<\/p>\n<p>\u2013 2012 Akademia Muzyczna im. Stanis\u0142awa Moniuszki w Gda\u0144sku, doktor habilitowana sztuk muzycznych w dyscyplinie dyrygentura<\/p>\n<p>\u2013 2005 Akademia Muzyczna im. Feliksa Nowowiejskiego w Bydgoszczy doktor sztuk muzycznych w dyscyplinie dyrygentura<\/p>\n<p>Od 1997 do chwili obecnej pracuje w Uniwersytet \u015al\u0105ski w Katowicach na Wydziale Sztuki i Nauk\u00a0 o Edukacji w Cieszynie, od 2005 roku na stanowisku adiunkta, od 2016 na stanowisku\u00a0 profesora nadzwyczajnego, od 2020 na stanowisku profesora.\u00a0 Wcze\u015bniej w latach 1995 \u2013 1997 nauczyciel przedmiotu muzyka, za\u0142o\u017cyciel dyrygent Ch\u00f3ru \u017be\u0144skiego II LO w Wodzis\u0142awiu \u015al. w II Liceum Og\u00f3lnokszta\u0142c\u0105ce w Wodzis\u0142awiu \u015al\u0105skim, a tak\u017ce w Szko\u0142a Podstawowa nr 5 w Wodzis\u0142awiu \u015al\u0105skim \u2013 nauczyciel przedmiotu muzyka. \r\n                                <div class=\"mt-3\"><\/div>\r\n                            <\/div>\r\n                            \r\n                            <div class=\"text-modules__img\"><img src=\"https:\/\/us.edu.pl\/instytut\/ismuz\/wp-content\/uploads\/sites\/54\/Bez-kategorii\/IZABELLA-ZIELECKA-PANEK-Zdjecie.jpg\" alt=\"img\"><\/div>\r\n                        <\/div>\r\n                    <\/div>\r\n                <\/div>[\/vc_column][\/vc_row][vc_row][vc_column]\r\n                <div class=\"text-modules\">\r\n                    <div class=\"container\">\r\n                        \r\n                        <div class=\"text-modules__content\"><p>Od roku 1990 zwi\u0105zana z Reprezentacyjnym Ch\u00f3rem Uniwersytetu \u015al\u0105skiego \u00a0HARMONIA w Cieszynie; pocz\u0105tkowo jako \u015bpiewak, od 1992 jako II dyrygent, a w latach 1998 \u2013 2021 dyrektor, menager i dyrygent zespo\u0142u<\/p>\n<p>Wsp\u00f3lnie z m\u0119\u017cem za\u0142o\u017cy\u0142a w 1999 SILESIAN CHAMBER CHOIR AD\u00a0 LIBITUM, kt\u00f3ry prowadzi do dzisiaj. Zesp\u00f3\u0142 jest okre\u015blany jako ZESP\u00d3\u0141 DO ZADA\u0143 SPECJALNYCH.<\/p>\n<p>Od 2017 prof. Izabella Zielecka-Panek prowadzi Zesp\u00f3\u0142 \u015apiewaczy\u00a0 BE\u0141SZNICZANKI dzia\u0142aj\u0105cego przy Kole Gospody\u0144 Wiejskich w Be\u0142sznicy, a tak\u017ce od 2023 roku instruktorka\u00a0 Zespo\u0142u Wokalnego Wodzis\u0142awskiego Uniwersytetu Trzeciego Wieku \u201eLubimy \u015apiewa\u0107\u201d.<\/p>\n<p>Z zespo\u0142ami uzyska\u0142a 75 presti\u017cowych nagr\u00f3d (z\u0142ote medale, z\u0142ote dyplomy, nagrody specjalne, nagrody Grand Prix) na konkursach w kraju i za granic\u0105 (m.in. Festa Musicale Olomouc (Czechy), Svatky Piesni \u017bd\u2019ar (Czechy), Montreux Choral Festival (Szwajcaria), World Choral Festival Grand Prix St. Petersburg (Rosja), World Choral Festival Grand Prix Pattaya (Tajlandia), Busan Choral Festival (Korea Pd.), Mi\u0119dzynarodowy Konkurs O Z\u0142ot\u0105 Wst\u0119g\u0119 Solczy (Litwa), International Choral Festival (Filipiny) oraz\u00a0 na mi\u0119dzynarodowych konkursach ch\u00f3ralne w Warszawie, Mi\u0119dzyzdrojach, Bielsku \u2013 Bia\u0142ej, Barczewie, \u0141odzi, Legnicy, Rybniku (Polska).<\/p>\n<p>W swoim dorobku posiada 19 p\u0142yt CD nagranych z Harmoni\u0105 i Ad libitum, ponad 1000 koncert\u00f3w oraz 1000 zrealizowanych utwor\u00f3w ch\u00f3ralnych i 30 dzie\u0142 oratoryjno-kantatowych od muzyki J.F. Haendla (Mesjasz, Samson) po Krzysztofa Pendereckiego (Pasja wg \u015bw. \u0141ukasza) i kompozycje m\u0142odego pokolenia kompozytor\u00f3w wsp\u00f3\u0142czesnych.\u00a0 Przygotowywa\u0142a ch\u00f3r dla dyrygent\u00f3w m.in. Jose Maria Florencio, Marcello Rota, Shih \u2013 Hung Young, Poul Mc Creesh, Antoni Wit, Marcin Na\u0142\u0119cz Niesio\u0142owski, Igor, Dohovic, Miros\u0142aw Jacek B\u0142aszczyk, Maksymiliano Caldi i.in.<\/p>\n<p>Wsp\u00f3\u0142pracowa\u0142a z czo\u0142owymi artystami sceny polskiej i europejskiej zar\u00f3wno klasycznej, operowej jak i rozrywkowej (np. najs\u0142ynniejszy tenor \u015bwiata Andrea Bocelli, Roberto Alagna, Aleksandra Kurzak, Krzesimir D\u0119bski, Garou, Cheryl Porter, Beata Kozidrak, Krzysztof\u00a0 Cugowski, Piotr Cugowski, Stanis\u0142aw Soyka, Andrzejem Piasecznym, \u00a0Kayah, Natalia Kukulska, Anna Maria Jopek, Alicja Majewska, W\u0142odzimierz Korcz,\u00a0 Justyna Steczkowska, Tomasz Tomson Lach, Baron, Andrzej Lampert, a tak\u017ce Artur \u017bmijewski, Jan Frycz, Piotr Polk i J\u00f3zef Broda).<\/p>\n<p>Wsp\u00f3lnie z prowadzonymi przez siebie zespo\u0142ami koncertowa\u0142a w znacz\u0105cych salach koncertowych: Royal Albert Hall w Londynie, Narodowej Orkiestry Symfonicznej Polskiego Radia w Katowicach, Narodowego Forum Muzyki we Wroc\u0142awiu, Filharmonii Narodowej w Warszawie, Studiu Koncertowym im. Lutos\u0142awskiego w Warszawie, a tak\u017ce w wielu salach widowiskowych dom\u00f3w kultury, w ko\u015bcio\u0142ach w Polsce i na ca\u0142ym \u015bwiecie.<\/p>\n<p>W 2017 r. przygotowa\u0142a ch\u00f3r, kt\u00f3ry towarzyszy\u0142 Andrei Bocellemu w polskim koncercie w Tauron Arenie w Krakowie dla 23 tysi\u0119cy widz\u00f3w.<\/p>\n<p>Przygotowa\u0142a Ch\u00f3r Uniwersytetu \u015al\u0105skiego Harmonia do trasy koncertowej The Lord of the Rings in Concerts, gdzie w najwi\u0119kszych salach widowiskowych Polski: Torwar Warszawa, Hala Stulecia Wroc\u0142aw, Netto Arena Szczecin, Spodek Katowice, Ergo Arena Gda\u0144sk, wsp\u00f3lnie z Justyn\u0105 Steczkowsk\u0105, Polsk\u0105 Orkiestr\u0105 Muzyki Filmowej, pod dyrekcj\u0105 Shih Hung Young\u2019a prezentowa\u0142a na \u017cywo oskarow\u0105 muzyk\u0119 Howarda Shora\u2019a, podczas prezentacji filmy W\u0142adca Pier\u015bcienie \u2013Dru\u017cyna Pier\u015bcienia.<\/p>\n<p>Pomys\u0142odawca oraz Dyrektor Mi\u0119dzynarodowego Festiwalu Muzyki im. J\u00f3zefa \u015awidra, kt\u00f3ry od 2015 roku odbywa si\u0119 w Cieszynie, organizator mi\u0119dzynarodowej konferencji naukowych, seminari\u00f3w i warsztat\u00f3w dla dyrygent\u00f3w, a tak\u017ce mi\u0119dzynarodowego konkursu muzyki ch\u00f3ralnej. Za\u0142o\u017cycielka Fundacji Muzyka Bez Granic, kt\u00f3rej celem jest promocja kultury<br \/>\ni sztuki, a tak\u017ce eliminowanie wszelkich barier spo\u0142ecznych poprzez muzyk\u0119, inicjator Mi\u0119dzynarodowego Festiwalu Muzyka Bez\u00a0\u00a0 Granic w Wodzis\u0142awiu \u015al.<\/p>\n<p>Na prze\u0142omie 2022 i 2023 uczestniczy\u0142 w wydarzeniu artystycznym Bankiet u sanah, realizuj\u0105c z artystk\u0105 cykl 15 koncert\u00f3w, kt\u00f3re odby\u0142y si\u0119 w najbardziej presti\u017cowych salach filharmonicznych w Polsce ( m.in. Narodowym Forum Muzyki we Wroc\u0142awiu, w Cavatinie Hall w Bielsku Bia\u0142ej, w Sali Koncertowa NOSPR w Katowicach, w Polskiej Filharmonii Ba\u0142tyckiej w Gda\u0144sku, Filharmonii Narodowej w Warszawie. W koncertach na Bankiecie u sanah uczestniczy\u0142o oko\u0142o 35.000 s\u0142uchaczy. W 2023 pracowa\u0142a z ch\u00f3rem nad tras\u0105 Uczta nad Ucztami, gdzie arty\u015bci Ad libitum towarzyszyli sanah podczas koncert\u00f3w na Stadionie \u015al\u0105skim, Stadionie Bursztynowym w Gda\u0144sku oraz PGE Narodowym dla blisko 200 tysi\u0119cy s\u0142uchaczy.<\/p>\n<p>Nominowany wsp\u00f3lnie z sanah do nagrody Fryderyk 2024 za p\u0142yt\u0119 Bankiet u sanah w kategorii Najlepsze Nagranie Koncertowe\/muzyka rozrywkowa w roku 2024.<\/p>\n<p>P\u0142yta Seria(l) d\u017awi\u0119k\u00f3w znalaz\u0142a si\u0119 w preselekcjach do nagrody Fryderyk w kategorii muzyka filmowa , teatralna i ilustracyjna. SERIAL D\u0179WI\u0118K\u00d3W to utwory z najbardziej lubianych (dawnych i wsp\u00f3\u0142czesnych) seriali polskich oraz zagranicznych, takich jak: Wojna Domowa, Janosik, Czterdziestolatek, Friends, La casa de papel, Wied\u017amin i wiele innych! Utwory w wyj\u0105tkowych aran\u017cacjach cz\u0142onk\u00f3w Ad Litibum, a takze skomponowane specjalnie dla nas m.in. przez Krzesimir D\u0119bski.<\/p>\n<p>INNE (dzia\u0142ania w organizacjach, organizacjach pozarz\u0105dowych,\u00a0 zarz\u0105dzanie projektami)<\/p>\n<p>\u2013 2021 \u2013 nadal, pomys\u0142odawca, fundator, prezes Fundacji Muzyka Bez Granic<\/p>\n<p>\u2013 2021 \u2013 nadal, pomys\u0142odawca, dyrektor organizacyjny Mi\u0119dzynarodowego Festiwalu\u00a0\u00a0\u00a0\u00a0\u00a0 Muzyka Bez Granic w Wodzis\u0142awiu \u015al\u0105skim<\/p>\n<p>\u2013 cz\u0142onek Zarz\u0105du G\u0142\u00f3wnego Polskiego Zwi\u0105zku Ch\u00f3r\u00f3w i Orkiestr w Warszawie<\/p>\n<p>\u2013 2015 \u2013 nadal, pomys\u0142odawca, dyrektor organizacyjny o\u015bmiu edycji Mi\u0119dzynarodowego Festiwalu Muzyki im. Prof. J\u00f3zefa \u015awidra w Cieszynie<\/p>\n<p>\u2013 prowadzenie warsztat\u00f3w dyrygenckich w Polsce i r\u00f3\u017cnych krajach \u015bwiata: S\u0142owacja, Filipiny, Czechy, Korea P\u0142d,, Gruzja<\/p>\n<p>\u2013 od 2008 -nadal, wiceprezes Zarz\u0105du Stowarzyszenia Via Musica, organizatora Mi\u0119dzynarodowego Festiwalu Muzyki Wokalnej Viva il canto w Cieszynie<\/p>\n<p>\u2013 2000 -2024 w\u0142a\u015bciciel, prowadzenie Gospodarstwa Agroturystycznego i stajni \u201eKasztanka\u201d w Be\u0142sznicy \u2013 hodowla koni angloarabskich, instrukta\u017c i prowadzenie jazdy konnej,<\/p>\n<p>ODZNACZONA NAGRODAMI INDYWIDUALNYMI<\/p>\n<p>2008 \u2013 z\u0142ota odznaka Polskiego Zwi\u0105zku Ch\u00f3r\u00f3w i Orkiestr<\/p>\n<p>2016 nagroda III st. Rektora U\u015a\u00a0 prof. zw. dr hab. Andrzeja Kowalczyka za inicjatyw\u0119 powo\u0142ania The J\u00f3zef \u015awider Internationl Festival of Music<\/p>\n<p>2017 \u2013 nagroda Powiatu Wodzis\u0142awskiego w dziedzinie kultury za rok 2016<\/p>\n<p>2017 nagroda III st. Rektora U\u015a\u00a0 prof. zw. dr hab. Andrzeja Kowalczyka za dzia\u0142alno\u015b\u0107 organizacyjn\u0105 na rzecz Uniwersytetu \u015al\u0105skiego<\/p>\n<p>2018 \u2013 Z\u0142oty Wawrzyn \u2013 pozwala doceni\u0107 zas\u0142u\u017cone dla Wodzis\u0142awia \u015al\u0105skiego osoby b\u0105d\u017a instytucje i honoruje ich prac\u0119. Nagroda przyznawana jest za wybitne zas\u0142ugi dla rozwoju miasta i tworzenie wsp\u00f3lnego dobra, osobom przyczyniaj\u0105cym si\u0119 do jego rozwoju, pomno\u017cenia dobrobytu lub popularyzowania osi\u0105gni\u0119\u0107.<\/p>\n<p>2018 nagroda II st. Rektora U\u015a\u00a0 prof. zw. dr hab. Andrzeja Kowalczyka za wybitne promowanie Uniwersytetu \u015al\u0105skiego poprzez dzia\u0142ania Ch\u00f3ru Uniwersytetu \u015al\u0105skiego<\/p>\n<p>2018 \u2013 Gorzycka Per\u0142a \u2013 tytu\u0142 ten przyznawany jest przez Kapitu\u0142\u0119 Tytularn\u0105 za wybitne osi\u0105gni\u0119cia i zas\u0142ugi dla Gminy Gorzyce we wszystkich dziedzinach \u017cycia spo\u0142ecznego, kulturalnego i gospodarczego. W my\u015bl obowi\u0105zuj\u0105cego regulaminu od 2009 roku, kapitu\u0142a przyznaje jeden tytu\u0142 honorowy<\/p>\n<p>2018 \u2013\u00a0 Z\u0142oty Odznaka Zas\u0142u\u017cona dla Uniwersytetu \u015al\u0105skiego<\/p>\n<p>2018\u00a0 \u2013 Z\u0142oty Laur Ziemi Cieszy\u0144skiej przyznawany przez Starostwo Powiatowe w Cieszynie<\/p>\n<p>2019 \u2013 Z\u0142oty Laur Umiej\u0119tno\u015bci i Kompetencji \u015al\u0105skiej Izby Gospodarczej w Katowicach<\/p>\n<p>2020 \u2013 nagroda I st. Rektora U\u015a\u00a0 prof. zw. dr hab. Andrzeja Kowalczyka za otrzymanie tytu\u0142u profesora<\/p>\n<p>2021 \u2013 nagroda III st. Rektora U\u015a\u00a0 prof. dr hab. Ryszarda Kozio\u0142ka za dzia\u0142alno\u015b\u0107 artystyczno \u2013 naukow\u0105 oraz promowanie Uniwersytetu Salskiego w Katowicach<\/p>\n<p>2022 \u2013 nagroda III st. Rektora U\u015a\u00a0 prof. dr hab. Ryszarda Kozio\u0142ka za dzia\u0142alno\u015b\u0107 artystyczno \u2013 naukow\u0105 oraz promowanie Uniwersytetu \u015al\u0105skiego w Katowicach<\/p>\n<p>2024 \u2013 -Z\u0142ota Odznaka z Wie\u0144cem Laurowym nadana przez Zarz\u0105d G\u0142\u00f3wny Polskiego Zwi\u0105zku Ch\u00f3r\u00f3w i Orkiestr w warszawie<\/p>\n<p>2024 \u2013 z okazji jubileuszu 25 -lecie, we wrze\u015bniu 2024, wsp\u00f3lnie z Silesian Chamber Choir Ad libitum zosta\u0142a odznaczona przez Ministr\u0119 Kultury i Dziedzictwa Narodowego odznak\u0105 honorow\u0105\u00a0 \u201eZas\u0142u\u017cony dla Kultury Polskiej\u201d<\/p>\n<p>UDZIA\u0141 W ZESPO\u0141ACH EKSPERCKICH I KONKURSOWYCH:<\/p>\n<p>\u2013 promotor prac doktorskich<\/p>\n<p>\u2013 recenzent w post\u0119powaniach doktorskich, habilitacyjnych i profesorskich<\/p>\n<p>\u2013 juror Mi\u0119dzynarodowego Konkursu Ch\u00f3r\u00f3w im. J\u00f3zefa \u015awidra w Cieszynie 2023, 2022, 2021, 2019,\u00a0\u00a0 2018, 2017, 2016, 2015<\/p>\n<p>\u2013 przewodnicz\u0105ca jury XXV Miedzinarodneho Festivalu Sakralnej Zborovej Hudby, Namestovo\/ S\u0142owacja 2023<\/p>\n<p>-juror The International Choir Festival Bratislava Cantat w Bratys\u0142awie\/S\u0142owacja 2023<\/p>\n<p>\u2013 przewodnicz\u0105ca jury Musica Sacra Mi\u0119dzynarodowego Festiwalu Pie\u015bni Ch\u00f3ralnej w Mi\u0119dzyzdrojach 2024, 2023, 2022, 2021, 2020,<\/p>\n<p>-juror The International Choir Festival Modus Cantat w Sopocie 2022<\/p>\n<p>\u2013 juror Mi\u0119dzynarodowego Konkursu Gaude Cantem w Bielsku \u2013 Bia\u0142ej 2021, 2019,<\/p>\n<p>\u2013 juror I Konkursu Ch\u00f3r\u00f3w Musica in Urbe w Bydgoszczy 2018<\/p>\n<p>\u2013 juror Festiwalu Pie\u015bni Maryjnych \u201eMagnificat\u201d w Pszowie, 2006, 2007, 2008, 2009, 2011<\/p>\n<p>\u2013 Przewodnicz\u0105ca Jury Og\u00f3lnopolskiego Konkurs Kol\u0119dowy \u201eAdeste Fideles\u201d God\u00f3w 2007 \u2013 2016<\/p>\n<p>\u2013 juror Wodzis\u0142awskie Spotkania Kol\u0119dowe 2008, 2009, 2010<\/p>\n<p>-przewodnicz\u0105ca\u00a0 jury Og\u00f3lnopolskiego Konkursu Kol\u0119d \u201eHej, Kol\u0119da\u201d 2015-2023<\/p>\n<p>DZIA\u0141ALNO\u015a\u0106 ORGANIZACYJNA NA RZECZ UNIWERSYTETU \u015aL\u0104SKIEGO<\/p>\n<p>\u2013 cz\u0142onkini Rady Doskona\u0142o\u015bci Naukowej Instytutu Muzyki Uniwersytetu \u015al\u0105skiego<\/p>\n<p>\u2013 w sk\u0142adzie kierunkowego Zespo\u0142u Zapewnienia Jako\u015bci Kszta\u0142cenia na kierunku Edukacja Artystyczna w Zakresie Sztuki Muzycznej \u2013 2015-2016<\/p>\n<p>\u2013 kierownik Zak\u0142adu Dyrygowania i Metodyki Prowadzenia Zespo\u0142\u00f3w Muzycznych \u2013 kwiecie\u0144 2017-pa\u017adziernik2019<\/p>\n<p>\u2013 cz\u0142onkini Rady Dydaktycznej oraz Rady Naukowej Instytutu Sztuk Muzycznych Wydzia\u0142u Sztuki i Nauk o Edukacji<\/p>\n<p>-organizator, pomys\u0142odawca mi\u0119dzynarodowych i og\u00f3lnopolskich konferencji naukowych dotycz\u0105cych wsp\u00f3\u0142czesnego rynku kultury.<\/p>\n<p><strong>Link do nagra\u0144<\/strong><\/p>\n<p>Koncert Carmina Burana\u00a0 &#8211; Carl Orff &#8211; 25 lat dzia\u0142alno\u015bci Silesian Chamber Choir Ad libitum<\/p>\n<p><a href=\"https:\/\/youtu.be\/fDHdVMMuDKo?si=yHz0vpE6cGakVlFd\">https:\/\/youtu.be\/fDHdVMMuDKo?si=yHz0vpE6cGakVlFd<\/a><\/p>\n<p>P\u0142yta Seria(l) d\u017awi\u0119k\u00f3w 2023<\/p>\n<p><a href=\"https:\/\/youtube.com\/playlist?list=PLrz4740gZyB_mYOoDsPu1VTO7uJL6DwWS&amp;si=BTtGRGzQZgR07XxB\">https:\/\/youtube.com\/playlist?list=PLrz4740gZyB_mYOoDsPu1VTO7uJL6DwWS&amp;si=BTtGRGzQZgR07XxB<\/a><\/p>\n<p><a href=\"https:\/\/open.spotify.com\/album\/6Q20vdW44wku586Gnd4mLu?si=TI_bb_elSGSAmUAodEMJug\">https:\/\/open.spotify.com\/album\/6Q20vdW44wku586Gnd4mLu?si=TI_bb_elSGSAmUAodEMJug<\/a>\u00a0 &#8211; Spotify<\/p>\n<p>Ola Gjeilo, SUNRISE MASS, Silesian Chamber Choir Ad libitum, Silesian Chamber Players<br \/>\n<a href=\"https:\/\/youtu.be\/IhKJjth4xgY?si=xNbcN0xhOyDzl_7w\">https:\/\/youtu.be\/IhKJjth4xgY?si=xNbcN0xhOyDzl_7w<\/a><\/p>\n<p>Ch\u00f3r Uniwersytetu \u015al\u0105skiego\u00a0Harmonia, Na glinianym wazoniku &#8211; Stanis\u0142aw\u00a0Wiechowicz<br \/>\n<a href=\"https:\/\/youtu.be\/DhxM-3uHFoY?si=_4WyFL7j80pZcaBw\">https:\/\/youtu.be\/DhxM-3uHFoY?si=_4WyFL7j80pZcaBw<\/a><\/p>\n<p>Ch\u00f3r Uniwersytetu \u015al\u0105skiego Harmonia, Rondo &#8211; J\u00f3zef \u015awider<\/p>\n<p><a href=\"https:\/\/youtu.be\/A-CiVLK4wvw?si=X-cmNG-sA5DYD_7c\">https:\/\/youtu.be\/A-CiVLK4wvw?si=X-cmNG-sA5DYD_7c<\/a><\/p>\n<p>Linki do stron:<\/p>\n<p>Silesian Chamber Choir Ad libitum<br \/>\n<a href=\"https:\/\/youtube.com\/@silesianchamberchoiradlibi7179?si=lUP8kdjO-CQwGmiJ\">https:\/\/youtube.com\/@silesianchamberchoiradlibi7179?si=lUP8kdjO-CQwGmiJ<\/a><\/p>\n<p><a href=\"https:\/\/www.facebook.com\/ChorKameralnyAdLibitum\/\">https:\/\/www.facebook.com\/ChorKameralnyAdLibitum\/<\/a><\/p>\n<p>Fundacja Muzyka Bez Granic:<\/p>\n<p><a href=\"https:\/\/www.facebook.com\/ChorKameralnyAdLibitum\/\">https:\/\/www.facebook.com\/ChorKameralnyAdLibitum\/<\/a><\/p>\n<p><a href=\"https:\/\/www.facebook.com\/fundacjambg\">https:\/\/www.facebook.com\/fundacjambg<\/a><\/p>\n<p>Ch\u00f3r Uniwersytetu \u015al\u0105skiego Harmonia<\/p>\n<p><a href=\"https:\/\/www.facebook.com\/fundacjambg\">https:\/\/www.facebook.com\/fundacjambg<\/a><\/p>\n<p><a href=\"https:\/\/www.facebook.com\/ChorUniwersytetuSlaskiegoHarmonia\">https:\/\/www.facebook.com\/ChorUniwersytetuSlaskiegoHarmonia<\/a><\/p>\n<p>THe Prof. Jozef Swider International Festival of Music in Cieszyn<\/p>\n<p><a href=\"https:\/\/www.facebook.com\/profile.php?id=100069425983127\">https:\/\/www.facebook.com\/profile.php?id=100069425983127<\/a><\/p>\n<p><a href=\"https:\/\/youtube.com\/@miedzynarodowyfestiwalmuzy3630?si=1QQIuRbJ45cADb6n\">https:\/\/youtube.com\/@miedzynarodowyfestiwalmuzy3630?si=1QQIuRbJ45cADb6n<\/a><\/p>\n<\/div>\r\n                    <\/div>\r\n                <\/div>[\/vc_column][\/vc_row]<\/p>","protected":false},"excerpt":{"rendered":"<p>[vc_row][vc_column][\/vc_column][\/vc_row][vc_row][vc_column][\/vc_column][\/vc_row] [&#8230;]<\/p>\n<p><a class=\"btn btn-secondary understrap-read-more-link\" href=\"https:\/\/us.edu.pl\/instytut\/ismuz\/pracownicy\/izabella-zielecka-panek\/\">Read More&#8230;<\/a><\/p>\n","protected":false},"author":110,"featured_media":0,"parent":189,"menu_order":0,"comment_status":"closed","ping_status":"closed","template":"","meta":{"_expiration-date-status":"","_expiration-date":0,"_expiration-date-type":"","_expiration-date-categories":[],"_expiration-date-options":[]},"acf":[],"_links":{"self":[{"href":"https:\/\/us.edu.pl\/instytut\/ismuz\/wp-json\/wp\/v2\/pages\/4708"}],"collection":[{"href":"https:\/\/us.edu.pl\/instytut\/ismuz\/wp-json\/wp\/v2\/pages"}],"about":[{"href":"https:\/\/us.edu.pl\/instytut\/ismuz\/wp-json\/wp\/v2\/types\/page"}],"author":[{"embeddable":true,"href":"https:\/\/us.edu.pl\/instytut\/ismuz\/wp-json\/wp\/v2\/users\/110"}],"replies":[{"embeddable":true,"href":"https:\/\/us.edu.pl\/instytut\/ismuz\/wp-json\/wp\/v2\/comments?post=4708"}],"version-history":[{"count":6,"href":"https:\/\/us.edu.pl\/instytut\/ismuz\/wp-json\/wp\/v2\/pages\/4708\/revisions"}],"predecessor-version":[{"id":4733,"href":"https:\/\/us.edu.pl\/instytut\/ismuz\/wp-json\/wp\/v2\/pages\/4708\/revisions\/4733"}],"up":[{"embeddable":true,"href":"https:\/\/us.edu.pl\/instytut\/ismuz\/wp-json\/wp\/v2\/pages\/189"}],"wp:attachment":[{"href":"https:\/\/us.edu.pl\/instytut\/ismuz\/wp-json\/wp\/v2\/media?parent=4708"}],"curies":[{"name":"wp","href":"https:\/\/api.w.org\/{rel}","templated":true}]}}