{"id":4780,"date":"2024-11-25T12:06:25","date_gmt":"2024-11-25T11:06:25","guid":{"rendered":"https:\/\/us.edu.pl\/instytut\/ismuz\/?page_id=4780"},"modified":"2024-11-25T12:06:25","modified_gmt":"2024-11-25T11:06:25","slug":"4780-2","status":"publish","type":"page","link":"https:\/\/us.edu.pl\/instytut\/ismuz\/4780-2\/","title":{"rendered":""},"content":{"rendered":"<p>[vc_row][vc_column]\r\n                <div class=\"text-modules\">\r\n                    <div class=\"container\">\r\n                        \r\n                        <div class=\"text-modules__content\"><p><strong>Wydarzenie\u00a0<\/strong><strong>(pe\u0142na nazwa)<\/strong><\/p>\n<p>Uroczysto\u015b\u0107 nadania tytu\u0142u doktora honoris causa Uniwersytetu \u015al\u0105skiego prof. Markowi Safjanowi<\/p>\n<p><strong>Data i miejsce<\/strong><\/p>\n<p>20.11.2024, Katowice U\u015a, WPiA, Aula nr 8<\/p>\n<p><strong>Szczeg\u00f3\u0142owy opis wydarzenia<\/strong><\/p>\n<p><strong>Ch\u00f3r U\u015a Harmonia<\/strong> \u2013 w sk\u0142ad kt\u00f3rego wchodz\u0105 studenci kierunku <em>Edukacja artystyczna w zakresie sztuki muzycznej<\/em> wzi\u0105\u0142 czynny udzia\u0142 w uroczysto\u015bci nadania tytu\u0142u doktora honoris causa Uniwersytetu \u015al\u0105skiego prof. Markowi Safjanowi. Ceremonia odby\u0142a si\u0119 w \u015brod\u0119 20 listopada 2024 roku na Wydziale Prawa i Administracji Uniwersytetu \u015al\u0105skiego w Katowicach. Ch\u00f3r wykona\u0142 stosowny repertuar pod kierunkiem prof. dr hab. Joanny Glenc oraz doktorantki Szko\u0142y Doktorskiej w Uniwersytecie \u015al\u0105skim \u2013 mgr Karoliny Pukowiec.<\/p>\n<p><a href=\"https:\/\/us.edu.pl\/multimedia\/uroczystosc-nadania-tytulu-doktora-honoris-causa-prof-markowi-safjanowi\/\">https:\/\/us.edu.pl\/multimedia\/uroczystosc-nadania-tytulu-doktora-honoris-causa-prof-markowi-safjanowi\/<\/a><\/p>\n<p>Ch\u00f3r U\u015a Harmonia, fot. J. Grzanka<\/p>\n<\/div>\r\n                    <\/div>\r\n                <\/div>[\/vc_column][\/vc_row][vc_row][vc_column]            \r\n                    <div class=\"container\">\r\n                        <div class=\"gallery gallery_3\" data-images-in-row=\"3\">\r\n                            \r\n                            <div class=\"row m-0\">\r\n                                <a data-fancybox-group=\"button\" title=\"\" data-fancybox=\"3223\" href=\"https:\/\/us.edu.pl\/instytut\/ismuz\/wp-content\/uploads\/sites\/54\/Bez-kategorii\/Chor-US-Harmonia1-fot.-J.-Grzanka.jpg\" class=\"gallery__item thumbnail\"\r\n                                    style=\"background-image: url(https:\/\/us.edu.pl\/instytut\/ismuz\/wp-content\/uploads\/sites\/54\/Bez-kategorii\/Chor-US-Harmonia1-fot.-J.-Grzanka-1200x900.jpg)\"> <span class=\"d-none\">https:\/\/us.edu.pl\/instytut\/ismuz\/wp-content\/uploads\/sites\/54\/Bez-kategorii\/Chor-US-Harmonia1-fot.-J.-Grzanka.jpg<\/span> <\/a><a data-fancybox-group=\"button\" title=\"\" data-fancybox=\"3223\" href=\"https:\/\/us.edu.pl\/instytut\/ismuz\/wp-content\/uploads\/sites\/54\/Bez-kategorii\/Chor-US-Harmonia2-fot.-J.-Grzanka.jpg\" class=\"gallery__item thumbnail\"\r\n                                    style=\"background-image: url(https:\/\/us.edu.pl\/instytut\/ismuz\/wp-content\/uploads\/sites\/54\/Bez-kategorii\/Chor-US-Harmonia2-fot.-J.-Grzanka-1200x900.jpg)\"> <span class=\"d-none\">https:\/\/us.edu.pl\/instytut\/ismuz\/wp-content\/uploads\/sites\/54\/Bez-kategorii\/Chor-US-Harmonia2-fot.-J.-Grzanka.jpg<\/span> <\/a><a data-fancybox-group=\"button\" title=\"\" data-fancybox=\"3223\" href=\"https:\/\/us.edu.pl\/instytut\/ismuz\/wp-content\/uploads\/sites\/54\/Bez-kategorii\/Chor-US-Harmonia3-fot.-J.-Grzanka-1.jpg\" class=\"gallery__item thumbnail\"\r\n                                    style=\"background-image: url(https:\/\/us.edu.pl\/instytut\/ismuz\/wp-content\/uploads\/sites\/54\/Bez-kategorii\/Chor-US-Harmonia3-fot.-J.-Grzanka-1-1200x900.jpg)\"> <span class=\"d-none\">https:\/\/us.edu.pl\/instytut\/ismuz\/wp-content\/uploads\/sites\/54\/Bez-kategorii\/Chor-US-Harmonia3-fot.-J.-Grzanka-1.jpg<\/span> <\/a>\r\n                            <\/div>\r\n                    <\/div>\r\n                <\/div>[\/vc_column][\/vc_row]<\/p>","protected":false},"excerpt":{"rendered":"<p>[vc_row][vc_column][\/vc_column][\/vc_row][vc_row][vc_column][\/vc_column][\/vc_row] [&#8230;]<\/p>\n<p><a class=\"btn btn-secondary understrap-read-more-link\" href=\"https:\/\/us.edu.pl\/instytut\/ismuz\/4780-2\/\">Read More&#8230;<\/a><\/p>\n","protected":false},"author":110,"featured_media":0,"parent":0,"menu_order":0,"comment_status":"closed","ping_status":"closed","template":"","meta":{"_expiration-date-status":"","_expiration-date":0,"_expiration-date-type":"","_expiration-date-categories":[],"_expiration-date-options":[]},"acf":[],"_links":{"self":[{"href":"https:\/\/us.edu.pl\/instytut\/ismuz\/wp-json\/wp\/v2\/pages\/4780"}],"collection":[{"href":"https:\/\/us.edu.pl\/instytut\/ismuz\/wp-json\/wp\/v2\/pages"}],"about":[{"href":"https:\/\/us.edu.pl\/instytut\/ismuz\/wp-json\/wp\/v2\/types\/page"}],"author":[{"embeddable":true,"href":"https:\/\/us.edu.pl\/instytut\/ismuz\/wp-json\/wp\/v2\/users\/110"}],"replies":[{"embeddable":true,"href":"https:\/\/us.edu.pl\/instytut\/ismuz\/wp-json\/wp\/v2\/comments?post=4780"}],"version-history":[{"count":1,"href":"https:\/\/us.edu.pl\/instytut\/ismuz\/wp-json\/wp\/v2\/pages\/4780\/revisions"}],"predecessor-version":[{"id":4789,"href":"https:\/\/us.edu.pl\/instytut\/ismuz\/wp-json\/wp\/v2\/pages\/4780\/revisions\/4789"}],"wp:attachment":[{"href":"https:\/\/us.edu.pl\/instytut\/ismuz\/wp-json\/wp\/v2\/media?parent=4780"}],"curies":[{"name":"wp","href":"https:\/\/api.w.org\/{rel}","templated":true}]}}