{"id":4853,"date":"2024-12-19T11:12:54","date_gmt":"2024-12-19T10:12:54","guid":{"rendered":"https:\/\/us.edu.pl\/instytut\/ismuz\/?page_id=4853"},"modified":"2024-12-19T11:17:22","modified_gmt":"2024-12-19T10:17:22","slug":"4853-2","status":"publish","type":"page","link":"https:\/\/us.edu.pl\/instytut\/ismuz\/4853-2\/","title":{"rendered":""},"content":{"rendered":"<p>[vc_row][vc_column]\r\n                <div class=\"text-modules\">\r\n                    <div class=\"container\">\r\n                        \r\n                        <div class=\"text-modules__content\"><p><strong>Wydarzenie\u00a0<\/strong><strong>(pe\u0142na nazwa)<\/strong><\/p>\n<p>Akademickie Spotkanie Wigilijne<\/p>\n<p><strong>Data i miejsce<\/strong><\/p>\n<p>18.12.2024, Cieszyn, WSNE, hall<\/p>\n<p><strong>Szczeg\u00f3\u0142owy opis wydarzenia<\/strong><\/p>\n<p>Na zaproszenie Dziekana Wydzia\u0142u Sztuki i Nauk o Edukacji dr hab. Katarzyny Marcol, prof. U\u015a \u2013 <strong>Ch\u00f3r U\u015a Harmonia <\/strong>pod dyrekcj\u0105 prof. dr hab. Joanny Glenc wzi\u0105\u0142 udzia\u0142 w uroczystym spotkaniu ca\u0142ej spo\u0142eczno\u015bci Wydzia\u0142u z okazji \u015awi\u0105t Bo\u017cego Narodzenia wykonuj\u0105c kol\u0119dy i pastora\u0142ki na ch\u00f3r mieszany a cappella. W wydarzeniu tym uczestniczy\u0142y r\u00f3wnie\u017c zespo\u0142y: Akademicka Orkiestra Kameralna pod dyr. dr hab. Ma\u0142gorzaty Kaniowskiej, prof. U\u015a, Cieszy\u0144ska Orkiestra D\u0119ta U\u015a pod dyr. dr hab. Karola Pyki, prof. U\u015a oraz studenci III roku na kierunku Animacja spo\u0142eczno-kulturalna z edukacja kulturaln\u0105 pod kierownictwem Marty Klepek. Organizatorem spotkania byli: Dziekan WSNE U\u015a oraz Wydzia\u0142owa Rada Samorz\u0105du Studenckiego.<\/p>\n<p><a href=\"https:\/\/www.facebook.com\/WSNEwCieszynie\/?locale=pl_PL\">https:\/\/www.facebook.com\/WSNEwCieszynie\/?locale=pl_PL<\/a><\/p>\n<\/div>\r\n                    <\/div>\r\n                <\/div>[\/vc_column][\/vc_row][vc_row][vc_column]            \r\n                    <div class=\"container\">\r\n                        <div class=\"gallery gallery_4\" data-images-in-row=\"4\">\r\n                            \r\n                            <div class=\"row m-0\">\r\n                                <a data-fancybox-group=\"button\" title=\"\" data-fancybox=\"4938\" href=\"https:\/\/us.edu.pl\/instytut\/ismuz\/wp-content\/uploads\/sites\/54\/Bez-kategorii\/Chor-US-Harmonia-fot.-J.Grzanka.jpg\" class=\"gallery__item thumbnail\"\r\n                                    style=\"background-image: url(https:\/\/us.edu.pl\/instytut\/ismuz\/wp-content\/uploads\/sites\/54\/Bez-kategorii\/Chor-US-Harmonia-fot.-J.Grzanka-1200x568.jpg)\"> <span class=\"d-none\">https:\/\/us.edu.pl\/instytut\/ismuz\/wp-content\/uploads\/sites\/54\/Bez-kategorii\/Chor-US-Harmonia-fot.-J.Grzanka.jpg<\/span> <\/a><a data-fancybox-group=\"button\" title=\"\" data-fancybox=\"4938\" href=\"https:\/\/us.edu.pl\/instytut\/ismuz\/wp-content\/uploads\/sites\/54\/Bez-kategorii\/Chor-US-Harmonia-fot.-J.Grzanka1.jpg\" class=\"gallery__item thumbnail\"\r\n                                    style=\"background-image: url(https:\/\/us.edu.pl\/instytut\/ismuz\/wp-content\/uploads\/sites\/54\/Bez-kategorii\/Chor-US-Harmonia-fot.-J.Grzanka1-1200x568.jpg)\"> <span class=\"d-none\">https:\/\/us.edu.pl\/instytut\/ismuz\/wp-content\/uploads\/sites\/54\/Bez-kategorii\/Chor-US-Harmonia-fot.-J.Grzanka1.jpg<\/span> <\/a><a data-fancybox-group=\"button\" title=\"\" data-fancybox=\"4938\" href=\"https:\/\/us.edu.pl\/instytut\/ismuz\/wp-content\/uploads\/sites\/54\/Bez-kategorii\/Chor-US-Harmonia-fot.-J.Grzanka2.jpg\" class=\"gallery__item thumbnail\"\r\n                                    style=\"background-image: url(https:\/\/us.edu.pl\/instytut\/ismuz\/wp-content\/uploads\/sites\/54\/Bez-kategorii\/Chor-US-Harmonia-fot.-J.Grzanka2-1200x568.jpg)\"> <span class=\"d-none\">https:\/\/us.edu.pl\/instytut\/ismuz\/wp-content\/uploads\/sites\/54\/Bez-kategorii\/Chor-US-Harmonia-fot.-J.Grzanka2.jpg<\/span> <\/a><a data-fancybox-group=\"button\" title=\"\" data-fancybox=\"4938\" href=\"https:\/\/us.edu.pl\/instytut\/ismuz\/wp-content\/uploads\/sites\/54\/Bez-kategorii\/Chor-US-Harmonia-fot.-J.Grzanka3.jpg\" class=\"gallery__item thumbnail\"\r\n                                    style=\"background-image: url(https:\/\/us.edu.pl\/instytut\/ismuz\/wp-content\/uploads\/sites\/54\/Bez-kategorii\/Chor-US-Harmonia-fot.-J.Grzanka3-1200x568.jpg)\"> <span class=\"d-none\">https:\/\/us.edu.pl\/instytut\/ismuz\/wp-content\/uploads\/sites\/54\/Bez-kategorii\/Chor-US-Harmonia-fot.-J.Grzanka3.jpg<\/span> <\/a>\r\n                            <\/div>\r\n                    <\/div>\r\n                <\/div>[\/vc_column][\/vc_row]<\/p>","protected":false},"excerpt":{"rendered":"<p>[vc_row][vc_column][\/vc_column][\/vc_row][vc_row][vc_column][\/vc_column][\/vc_row] [&#8230;]<\/p>\n<p><a class=\"btn btn-secondary understrap-read-more-link\" href=\"https:\/\/us.edu.pl\/instytut\/ismuz\/4853-2\/\">Read More&#8230;<\/a><\/p>\n","protected":false},"author":110,"featured_media":0,"parent":0,"menu_order":0,"comment_status":"closed","ping_status":"closed","template":"","meta":{"_expiration-date-status":"","_expiration-date":0,"_expiration-date-type":"","_expiration-date-categories":[],"_expiration-date-options":[]},"acf":[],"_links":{"self":[{"href":"https:\/\/us.edu.pl\/instytut\/ismuz\/wp-json\/wp\/v2\/pages\/4853"}],"collection":[{"href":"https:\/\/us.edu.pl\/instytut\/ismuz\/wp-json\/wp\/v2\/pages"}],"about":[{"href":"https:\/\/us.edu.pl\/instytut\/ismuz\/wp-json\/wp\/v2\/types\/page"}],"author":[{"embeddable":true,"href":"https:\/\/us.edu.pl\/instytut\/ismuz\/wp-json\/wp\/v2\/users\/110"}],"replies":[{"embeddable":true,"href":"https:\/\/us.edu.pl\/instytut\/ismuz\/wp-json\/wp\/v2\/comments?post=4853"}],"version-history":[{"count":2,"href":"https:\/\/us.edu.pl\/instytut\/ismuz\/wp-json\/wp\/v2\/pages\/4853\/revisions"}],"predecessor-version":[{"id":4869,"href":"https:\/\/us.edu.pl\/instytut\/ismuz\/wp-json\/wp\/v2\/pages\/4853\/revisions\/4869"}],"wp:attachment":[{"href":"https:\/\/us.edu.pl\/instytut\/ismuz\/wp-json\/wp\/v2\/media?parent=4853"}],"curies":[{"name":"wp","href":"https:\/\/api.w.org\/{rel}","templated":true}]}}