{"id":5042,"date":"2025-02-12T13:42:01","date_gmt":"2025-02-12T12:42:01","guid":{"rendered":"https:\/\/us.edu.pl\/instytut\/ismuz\/?page_id=5042"},"modified":"2025-02-12T13:50:51","modified_gmt":"2025-02-12T12:50:51","slug":"wspomnienia-czar","status":"publish","type":"page","link":"https:\/\/us.edu.pl\/instytut\/ismuz\/wspomnienia-czar\/","title":{"rendered":"Wspomnienia czar\u2026"},"content":{"rendered":"<p>[vc_row][vc_column]\r\n                <div class=\"text-modules\">\r\n                    <div class=\"container\">\r\n                        \r\n                        <div class=\"text-modules__content\"><\/p>\n<div class=\"container\">\n<h3 class=\"breadcrumbs\"><strong><span class=\"breadcrumbs__current\" style=\"font-size: 12pt;\">Wspomnienia czar\u2026<\/span><\/strong><\/h3>\n<\/div>\n<p><span style=\"font-size: 12pt;\">Chocia\u017c od niekt\u00f3rych sukces\u00f3w Student\u00f3w i Wyk\u0142adowc\u00f3w Instytutu Sztuk Muzycznych min\u0119\u0142o ju\u017c troch\u0119 czasu, to warto do nich po wielokro\u0107 wraca\u0107, warto je przypomina\u0107, wszak ich znaczenie i warto\u015b\u0107 s\u0105 ponadczasowe\u2026<\/span><\/p>\n<p><span style=\"font-size: 12pt;\">W dniach 23-24 kwietnia 2024 roku na Wydziale Pedagogiki w Katedrze Muzyki Katolickiego Uniwersytetu w Ru\u017eomberku (S\u0142owacja) odby\u0142 si\u0119 XX Mi\u0119dzynarodowy Konkurs Interpretacji\u00a0<em>\u0160TUDENCK\u00c1 UMELECK\u00c1 \u010cINNOS\u0164<\/em>, w kt\u00f3rym \u2013 z sukcesem \u2013 uczestniczy\u0142y Studentki kierunku Edukacja artystyczna w zakresie sztuki muzycznej \u2013\u00a0<strong>Laura Bednorz<\/strong>\u00a0i\u00a0<strong>Karolina Niemczyk<\/strong>, przygotowane wspaniale przez<strong>\u00a0dr hab. Sabin\u0119 Olbrich-Szafraniec, prof. U\u015a<\/strong>. Prezentacje Studentek spotka\u0142y si\u0119 tak z uznaniem Jury, jak i z \u017cyczliwym zainteresowaniem publiczno\u015bci. A do Cieszyna \u201eroz\u015bpiewane Panie\u201d przywioz\u0142y te oto laury:<\/span><\/p>\n<p><span style=\"font-size: 12pt;\">\u2013\u00a0<u>3 miejsce w kategorii \u015bpiewu solowego<\/u>\u00a0\u2013 Laura Bednorz,<\/span><\/p>\n<p><span style=\"font-size: 12pt;\">\u2013\u00a0<u>3 nagroda w kategorii \u015bpiewu kameralnego<\/u>\u00a0\u2013 Laura Bednorz i Karolina Niemczyk.<\/span><\/p>\n<p><span style=\"font-size: 12pt;\">Studentkom przy fortepianie towarzyszy\u0142a pi\u0119knie Gra\u017cyna Griner uhonorowana dyplomem za wyr\u00f3\u017cniaj\u0105cy akompaniament.<\/span><\/p>\n<p><span style=\"font-size: 12pt;\">\u017byczymy kolejnych doskona\u0142ych wynik\u00f3w, a i nieko\u0144cz\u0105cej si\u0119 rado\u015bci z przebywania i do\u015bwiadczania najniezwyklejszego ze \u015bwiat\u00f3w \u2013 \u015bwiata muzyki.<\/span><\/p>\n<p><span style=\"font-size: 12pt;\">G.D.<\/span><\/p>\n<\/div>\r\n                    <\/div>\r\n                <\/div>[\/vc_column][\/vc_row][vc_row][vc_column]            \r\n                    <div class=\"container\">\r\n                        <div class=\"gallery gallery_4\" data-images-in-row=\"4\">\r\n                            \r\n                            <div class=\"row m-0\">\r\n                                <a data-fancybox-group=\"button\" title=\"\" data-fancybox=\"1601\" href=\"https:\/\/us.edu.pl\/instytut\/ismuz\/wp-content\/uploads\/sites\/54\/Bez-kategorii\/XX-Miedzynarodowy-Konkurs-Interpretacji-I.jpg\" class=\"gallery__item thumbnail\"\r\n                                    style=\"background-image: url(https:\/\/us.edu.pl\/instytut\/ismuz\/wp-content\/uploads\/sites\/54\/Bez-kategorii\/XX-Miedzynarodowy-Konkurs-Interpretacji-I-1200x900.jpg)\"> <span class=\"d-none\">https:\/\/us.edu.pl\/instytut\/ismuz\/wp-content\/uploads\/sites\/54\/Bez-kategorii\/XX-Miedzynarodowy-Konkurs-Interpretacji-I.jpg<\/span> <\/a><a data-fancybox-group=\"button\" title=\"\" data-fancybox=\"1601\" href=\"https:\/\/us.edu.pl\/instytut\/ismuz\/wp-content\/uploads\/sites\/54\/Bez-kategorii\/XX-Miedzynarodowy-Konkurs-Interpretacji-II.jpg\" class=\"gallery__item thumbnail\"\r\n                                    style=\"background-image: url(https:\/\/us.edu.pl\/instytut\/ismuz\/wp-content\/uploads\/sites\/54\/Bez-kategorii\/XX-Miedzynarodowy-Konkurs-Interpretacji-II.jpg)\"> <span class=\"d-none\">https:\/\/us.edu.pl\/instytut\/ismuz\/wp-content\/uploads\/sites\/54\/Bez-kategorii\/XX-Miedzynarodowy-Konkurs-Interpretacji-II.jpg<\/span> <\/a><a data-fancybox-group=\"button\" title=\"\" data-fancybox=\"1601\" href=\"https:\/\/us.edu.pl\/instytut\/ismuz\/wp-content\/uploads\/sites\/54\/Bez-kategorii\/XX-Miedzynarodowy-Konkurs-Interpretacji-III.jpg\" class=\"gallery__item thumbnail\"\r\n                                    style=\"background-image: url(https:\/\/us.edu.pl\/instytut\/ismuz\/wp-content\/uploads\/sites\/54\/Bez-kategorii\/XX-Miedzynarodowy-Konkurs-Interpretacji-III.jpg)\"> <span class=\"d-none\">https:\/\/us.edu.pl\/instytut\/ismuz\/wp-content\/uploads\/sites\/54\/Bez-kategorii\/XX-Miedzynarodowy-Konkurs-Interpretacji-III.jpg<\/span> <\/a><a data-fancybox-group=\"button\" title=\"\" data-fancybox=\"1601\" href=\"https:\/\/us.edu.pl\/instytut\/ismuz\/wp-content\/uploads\/sites\/54\/Bez-kategorii\/XX-Miedzynarodowy-Konkurs-Interpretacji-IV.jpg\" class=\"gallery__item thumbnail\"\r\n                                    style=\"background-image: url(https:\/\/us.edu.pl\/instytut\/ismuz\/wp-content\/uploads\/sites\/54\/Bez-kategorii\/XX-Miedzynarodowy-Konkurs-Interpretacji-IV.jpg)\"> <span class=\"d-none\">https:\/\/us.edu.pl\/instytut\/ismuz\/wp-content\/uploads\/sites\/54\/Bez-kategorii\/XX-Miedzynarodowy-Konkurs-Interpretacji-IV.jpg<\/span> <\/a><a data-fancybox-group=\"button\" title=\"\" data-fancybox=\"1601\" href=\"https:\/\/us.edu.pl\/instytut\/ismuz\/wp-content\/uploads\/sites\/54\/Bez-kategorii\/XX-Miedzynarodowy-Konkurs-Interpretacji-V.jpg\" class=\"gallery__item thumbnail\"\r\n                                    style=\"background-image: url(https:\/\/us.edu.pl\/instytut\/ismuz\/wp-content\/uploads\/sites\/54\/Bez-kategorii\/XX-Miedzynarodowy-Konkurs-Interpretacji-V.jpg)\"> <span class=\"d-none\">https:\/\/us.edu.pl\/instytut\/ismuz\/wp-content\/uploads\/sites\/54\/Bez-kategorii\/XX-Miedzynarodowy-Konkurs-Interpretacji-V.jpg<\/span> <\/a><a data-fancybox-group=\"button\" title=\"\" data-fancybox=\"1601\" href=\"https:\/\/us.edu.pl\/instytut\/ismuz\/wp-content\/uploads\/sites\/54\/Bez-kategorii\/XX-Miedzynarodowy-Konkurs-Interpretacji-VI.jpg\" class=\"gallery__item thumbnail\"\r\n                                    style=\"background-image: url(https:\/\/us.edu.pl\/instytut\/ismuz\/wp-content\/uploads\/sites\/54\/Bez-kategorii\/XX-Miedzynarodowy-Konkurs-Interpretacji-VI.jpg)\"> <span class=\"d-none\">https:\/\/us.edu.pl\/instytut\/ismuz\/wp-content\/uploads\/sites\/54\/Bez-kategorii\/XX-Miedzynarodowy-Konkurs-Interpretacji-VI.jpg<\/span> <\/a>\r\n                            <\/div>\r\n                    <\/div>\r\n                <\/div>[\/vc_column][\/vc_row]<\/p>","protected":false},"excerpt":{"rendered":"<p>[vc_row][vc_column][\/vc_column][\/vc_row][vc_row][vc_column][\/vc_column][\/vc_row] [&#8230;]<\/p>\n<p><a class=\"btn btn-secondary understrap-read-more-link\" href=\"https:\/\/us.edu.pl\/instytut\/ismuz\/wspomnienia-czar\/\">Read More&#8230;<\/a><\/p>\n","protected":false},"author":110,"featured_media":0,"parent":0,"menu_order":0,"comment_status":"closed","ping_status":"closed","template":"","meta":{"_expiration-date-status":"","_expiration-date":0,"_expiration-date-type":"","_expiration-date-categories":[],"_expiration-date-options":[]},"acf":[],"_links":{"self":[{"href":"https:\/\/us.edu.pl\/instytut\/ismuz\/wp-json\/wp\/v2\/pages\/5042"}],"collection":[{"href":"https:\/\/us.edu.pl\/instytut\/ismuz\/wp-json\/wp\/v2\/pages"}],"about":[{"href":"https:\/\/us.edu.pl\/instytut\/ismuz\/wp-json\/wp\/v2\/types\/page"}],"author":[{"embeddable":true,"href":"https:\/\/us.edu.pl\/instytut\/ismuz\/wp-json\/wp\/v2\/users\/110"}],"replies":[{"embeddable":true,"href":"https:\/\/us.edu.pl\/instytut\/ismuz\/wp-json\/wp\/v2\/comments?post=5042"}],"version-history":[{"count":3,"href":"https:\/\/us.edu.pl\/instytut\/ismuz\/wp-json\/wp\/v2\/pages\/5042\/revisions"}],"predecessor-version":[{"id":5070,"href":"https:\/\/us.edu.pl\/instytut\/ismuz\/wp-json\/wp\/v2\/pages\/5042\/revisions\/5070"}],"wp:attachment":[{"href":"https:\/\/us.edu.pl\/instytut\/ismuz\/wp-json\/wp\/v2\/media?parent=5042"}],"curies":[{"name":"wp","href":"https:\/\/api.w.org\/{rel}","templated":true}]}}