{"id":5403,"date":"2025-06-09T11:33:30","date_gmt":"2025-06-09T09:33:30","guid":{"rendered":"https:\/\/us.edu.pl\/instytut\/ismuz\/?page_id=5403"},"modified":"2025-06-12T10:57:51","modified_gmt":"2025-06-12T08:57:51","slug":"5403-2","status":"publish","type":"page","link":"https:\/\/us.edu.pl\/instytut\/ismuz\/5403-2\/","title":{"rendered":""},"content":{"rendered":"<p>[vc_row][vc_column]\r\n                <div class=\"text-modules\">\r\n                    <div class=\"container\">\r\n                        \r\n                        <div class=\"text-modules__content\"><p><span style=\"font-size: 12pt;\"><strong>Wydarzenie<\/strong><\/span><\/p>\n<p><span style=\"font-size: 12pt;\">52. International Festival of Songs Olomouc 2025<\/span><\/p>\n<p><span style=\"font-size: 12pt;\"><strong>Data i miejsce<\/strong><\/span><\/p>\n<p><span style=\"font-size: 12pt;\">5-8 czerwca 2025 roku Sala Koncertowa Filharmonii Morawskiej REDUTA w O\u0142omu\u0144cu Czechy<\/span><\/p>\n<p><span style=\"font-size: 12pt;\"><strong>Ch\u00f3r Uniwersytetu \u015al\u0105skiego HARMONIA<\/strong> pod dyrekcj\u0105 <strong>prof. dr hab. Joanny Glenc<\/strong> wzi\u0105\u0142 udzia\u0142 w presti\u017cowym <strong>International Choir Competition MUNDI CANTANT <\/strong>w ramach <strong>52. International Festival of Songs Olomouc 2025 <\/strong>(Czechy). Ten jeden z najstarszych <\/span><span style=\"font-size: 12pt;\">w Europie festiwali muzycznych promuj\u0105cy i popularyzuj\u0105cy sztuk\u0119 ch\u00f3raln\u0105 odbywa\u0142 si\u0119 <\/span><span style=\"font-size: 12pt;\">w dniach 5-8 czerwca 2025 roku. Bior\u0105ce w nim udzia\u0142 liczne zespo\u0142y z ca\u0142ego \u015bwiata \u00a0reprezentowa\u0142y r\u00f3\u017cne kategorie wykonawcze. Organizatorzy zaoferowali uczestnikom ciekawy program towarzysz\u0105cy, obejmuj\u0105cy koncerty, warsztaty i lekcje mistrzowskie prowadzone przez ekspert\u00f3w w dziedzinie ch\u00f3ralistyki. \u00a0<\/span><\/p>\n<p><span style=\"font-size: 12pt;\"><strong>Ch\u00f3r U\u015a Harmonia<\/strong> mia\u0142 okazj\u0119 przedstawi\u0107 sw\u00f3j repertuar w Sali Koncertowej Filharmonii Morawskiej REDUTA w O\u0142omu\u0144cu. Rezultatem konkursowych zmaga\u0144 jest nagroda <strong>Silver medal <\/strong>w kategorii \u201eA5 \u2013 Adult choirs mixed\u201d. \u00a0\u00a0\u00a0\u00a0\u00a0\u00a0\u00a0<\/span><\/p>\n<p><span style=\"font-size: 12pt;\">Ch\u00f3r U\u015a HARMONIA dzi\u0119kuje W\u0142adzom Uniwersytetu \u015al\u0105skiego za finansowe wsparcie wyjazdu na \u00a052. International Festival of Songs Olomouc 2025.<\/span><\/p>\n<p><span style=\"font-size: 12pt;\">W za\u0142\u0105czeniu:<\/span><\/p>\n<p><a style=\"font-size: 16px;\" href=\"https:\/\/us.edu.pl\/instytut\/ismuz\/wp-content\/uploads\/sites\/54\/Bez-kategorii\/Olomouc-2025-Silver-medal-dyplom.pdf\" class=\"mtli_attachment mtli_pdf\" data-mtli=\"mtli_filesize178,81kB\" class=\"mtli_attachment mtli_pdf\" data-mtli=\"mtli_filesize178,81kB\">Olomouc 2025 Silver medal (dyplom)<\/a><\/p>\n<p><a style=\"font-size: 16px;\" href=\"https:\/\/us.edu.pl\/instytut\/ismuz\/wp-content\/uploads\/sites\/54\/Bez-kategorii\/Olomouc-2025-Silver-medal.pdf\" class=\"mtli_attachment mtli_pdf\" data-mtli=\"mtli_filesize58,81kB\" class=\"mtli_attachment mtli_pdf\" data-mtli=\"mtli_filesize58,81kB\">Olomouc 2025 Silver medal<\/a><\/p>\n<style type=\"text\/css\">a[data-mtli~=\"mtli_filesize178,81kB\"]:after {content:\" (178,81 kB)\"}a[data-mtli~=\"mtli_filesize58,81kB\"]:after {content:\" (58,81 kB)\"}<\/style><\/div>\r\n                    <\/div>\r\n                <\/div>[\/vc_column][\/vc_row][vc_row][vc_column]            \r\n                    <div class=\"container\">\r\n                        <div class=\"gallery gallery_4\" data-images-in-row=\"4\">\r\n                            \r\n                            <div class=\"row m-0\">\r\n                                <a data-fancybox-group=\"button\" title=\"\" data-fancybox=\"6827\" href=\"https:\/\/us.edu.pl\/instytut\/ismuz\/wp-content\/uploads\/sites\/54\/Bez-kategorii\/52.-International-Festival-of-Songs-Olomouc-2025-Czechy-4.jpg\" class=\"gallery__item thumbnail\"\r\n                                    style=\"background-image: url(https:\/\/us.edu.pl\/instytut\/ismuz\/wp-content\/uploads\/sites\/54\/Bez-kategorii\/52.-International-Festival-of-Songs-Olomouc-2025-Czechy-4-1200x674.jpg)\"> <span class=\"d-none\">https:\/\/us.edu.pl\/instytut\/ismuz\/wp-content\/uploads\/sites\/54\/Bez-kategorii\/52.-International-Festival-of-Songs-Olomouc-2025-Czechy-4.jpg<\/span> <\/a><a data-fancybox-group=\"button\" title=\"\" data-fancybox=\"6827\" href=\"https:\/\/us.edu.pl\/instytut\/ismuz\/wp-content\/uploads\/sites\/54\/Bez-kategorii\/52.-International-Festival-of-Songs-Olomouc-2025-Czechy-1.jpg\" class=\"gallery__item thumbnail\"\r\n                                    style=\"background-image: url(https:\/\/us.edu.pl\/instytut\/ismuz\/wp-content\/uploads\/sites\/54\/Bez-kategorii\/52.-International-Festival-of-Songs-Olomouc-2025-Czechy-1.jpg)\"> <span class=\"d-none\">https:\/\/us.edu.pl\/instytut\/ismuz\/wp-content\/uploads\/sites\/54\/Bez-kategorii\/52.-International-Festival-of-Songs-Olomouc-2025-Czechy-1.jpg<\/span> <\/a><a data-fancybox-group=\"button\" title=\"\" data-fancybox=\"6827\" href=\"https:\/\/us.edu.pl\/instytut\/ismuz\/wp-content\/uploads\/sites\/54\/Bez-kategorii\/52.-International-Festival-of-Songs-Olomouc-2025-Czechy-2.jpg\" class=\"gallery__item thumbnail\"\r\n                                    style=\"background-image: url(https:\/\/us.edu.pl\/instytut\/ismuz\/wp-content\/uploads\/sites\/54\/Bez-kategorii\/52.-International-Festival-of-Songs-Olomouc-2025-Czechy-2.jpg)\"> <span class=\"d-none\">https:\/\/us.edu.pl\/instytut\/ismuz\/wp-content\/uploads\/sites\/54\/Bez-kategorii\/52.-International-Festival-of-Songs-Olomouc-2025-Czechy-2.jpg<\/span> <\/a><a data-fancybox-group=\"button\" title=\"\" data-fancybox=\"6827\" href=\"https:\/\/us.edu.pl\/instytut\/ismuz\/wp-content\/uploads\/sites\/54\/Bez-kategorii\/52.-International-Festival-of-Songs-Olomouc-2025-Czechy-3.jpg\" class=\"gallery__item thumbnail\"\r\n                                    style=\"background-image: url(https:\/\/us.edu.pl\/instytut\/ismuz\/wp-content\/uploads\/sites\/54\/Bez-kategorii\/52.-International-Festival-of-Songs-Olomouc-2025-Czechy-3-1200x903.jpg)\"> <span class=\"d-none\">https:\/\/us.edu.pl\/instytut\/ismuz\/wp-content\/uploads\/sites\/54\/Bez-kategorii\/52.-International-Festival-of-Songs-Olomouc-2025-Czechy-3.jpg<\/span> <\/a>\r\n                            <\/div>\r\n                    <\/div>\r\n                <\/div>[\/vc_column][\/vc_row]<\/p>\n<style type=\"text\/css\">a[data-mtli~=\"mtli_filesize178,81kB\"]:after {content:\" (178,81 kB)\"}a[data-mtli~=\"mtli_filesize58,81kB\"]:after {content:\" (58,81 kB)\"}<\/style>","protected":false},"excerpt":{"rendered":"<p>[vc_row][vc_column][\/vc_column][\/vc_row][vc_row][vc_column][\/vc_column][\/vc_row] [&#8230;]<\/p>\n<p><a class=\"btn btn-secondary understrap-read-more-link\" href=\"https:\/\/us.edu.pl\/instytut\/ismuz\/5403-2\/\">Read More&#8230;<\/a><\/p>\n","protected":false},"author":110,"featured_media":0,"parent":0,"menu_order":0,"comment_status":"closed","ping_status":"closed","template":"","meta":{"_expiration-date-status":"","_expiration-date":0,"_expiration-date-type":"","_expiration-date-categories":[],"_expiration-date-options":[]},"acf":[],"_links":{"self":[{"href":"https:\/\/us.edu.pl\/instytut\/ismuz\/wp-json\/wp\/v2\/pages\/5403"}],"collection":[{"href":"https:\/\/us.edu.pl\/instytut\/ismuz\/wp-json\/wp\/v2\/pages"}],"about":[{"href":"https:\/\/us.edu.pl\/instytut\/ismuz\/wp-json\/wp\/v2\/types\/page"}],"author":[{"embeddable":true,"href":"https:\/\/us.edu.pl\/instytut\/ismuz\/wp-json\/wp\/v2\/users\/110"}],"replies":[{"embeddable":true,"href":"https:\/\/us.edu.pl\/instytut\/ismuz\/wp-json\/wp\/v2\/comments?post=5403"}],"version-history":[{"count":3,"href":"https:\/\/us.edu.pl\/instytut\/ismuz\/wp-json\/wp\/v2\/pages\/5403\/revisions"}],"predecessor-version":[{"id":5446,"href":"https:\/\/us.edu.pl\/instytut\/ismuz\/wp-json\/wp\/v2\/pages\/5403\/revisions\/5446"}],"wp:attachment":[{"href":"https:\/\/us.edu.pl\/instytut\/ismuz\/wp-json\/wp\/v2\/media?parent=5403"}],"curies":[{"name":"wp","href":"https:\/\/api.w.org\/{rel}","templated":true}]}}