{"id":5644,"date":"2026-02-23T11:20:41","date_gmt":"2026-02-23T10:20:41","guid":{"rendered":"https:\/\/us.edu.pl\/instytut\/ismuz\/?page_id=5644"},"modified":"2026-02-23T11:20:41","modified_gmt":"2026-02-23T10:20:41","slug":"ewelina-bachul-cienciala","status":"publish","type":"page","link":"https:\/\/us.edu.pl\/instytut\/ismuz\/ewelina-bachul-cienciala\/","title":{"rendered":"Ewelina Bachul-Ciencia\u0142a"},"content":{"rendered":"<p>[vc_row][vc_column]\r\n                <div class=\"text-modules reverse\">\r\n                    <div class=\"container\">\r\n                         \r\n                        <div class=\"row m-0\">\r\n                            <div class=\"text-modules__content\">\r\n                                <strong>Ewelina Bachul-Ciencia\u0142a <\/strong>\u2013 organistka, pedagog. W roku 2018 roku uko\u0144czy\u0142a Akademi\u0119 Muzyczn\u0105 im. Karola Szymanowskiego w Katowicach w klasie organ\u00f3w prof. Juliana Gembalskiego. Jest tak\u017ce absolwentk\u0105 studi\u00f3w na kierunku Edukacja artystyczna w zakresie sztuki muzycznej na Uniwersytecie \u015al\u0105skim, Wydzia\u0142 Artystyczny w Cieszynie. Otrzyma\u0142a stypendia: Ministra Kultury i Dziedzictwa Narodowego, Marsza\u0142ka Wojew\u00f3dztwa \u015al\u0105skiego i dwukrotnie Burmistrza Miasta Cieszyna. Zdoby\u0142a nagrody na mi\u0119dzynarodowych i og\u00f3lnopolskich konkursach solowych i kameralnych, m.in. w Sankt Petersburgu (Rosja), Warszawie, Krakowie, Mielcu, Nowym S\u0105czu, Bielsku-Bia\u0142ej. Wyst\u0119puje jako solistka i kameralistka w kraju i za granic\u0105 (Czechy, Rosja, Litwa). Uczestniczy\u0142a w kursach interpretacji muzyki organowej i improwizacji, prowadzonych przez: Davida Titteringtona, Gerharda Gnanna, Ludgera Lohmanna, Christophe\u2019a Mantoux, Desmonda Huntera, Dalibora Miklavcica, Wolfganga Seifena, Pietera van Dijka, Nigela Allcoata. Nagra\u0142a dwie solowe monograficzne p\u0142yty: <em>ORG-homage!<\/em> (2017) oraz dwup\u0142ytowy album <em>CANTUS FIDEI IN ORGANIS TRADITUS<\/em> (2020). Jej nagrania p\u0142ytowe by\u0142y emitowane w belgijskim Organroxx Radio, Programie Drugim Polskiego Radia, Polskim Radiu Katowice. W kr\u0119gu jej zainteresowa\u0144 znajduje si\u0119 muzyka romantyczna i wsp\u00f3\u0142czesna \u2013 prawykona\u0142a wiele utwor\u00f3w wsp\u00f3\u0142czesnych polskich kompozytor\u00f3w. Jest r\u00f3wnie\u017c jedyn\u0105 polsk\u0105 organistk\u0105, maj\u0105c\u0105 w repertuarze ca\u0142y cykl <em>Exodus <\/em>na organy Romana Bergera. Pracuje na stanowisku asystenta w Instytucie Sztuk Muzycznych Uniwersytetu \u015al\u0105skiego w Cieszynie, jest tak\u017ce wyk\u0142adowc\u0105 Diecezjalnego Studium Muzyki Ko\u015bcielnej w Bielsku-Bia\u0142ej. \r\n                                <div class=\"mt-3\"><\/div>\r\n                            <\/div>\r\n                            \r\n                            <div class=\"text-modules__img\"><img src=\"https:\/\/us.edu.pl\/instytut\/ismuz\/wp-content\/uploads\/sites\/54\/Bez-kategorii\/BACHUL-EWELINA_01-scaled.jpg\" alt=\"img\"><\/div>\r\n                        <\/div>\r\n                    <\/div>\r\n                <\/div>[\/vc_column][\/vc_row]<\/p>","protected":false},"excerpt":{"rendered":"<p>[vc_row][vc_column][\/vc_column][\/vc_row] [&#8230;]<\/p>\n<p><a class=\"btn btn-secondary understrap-read-more-link\" href=\"https:\/\/us.edu.pl\/instytut\/ismuz\/ewelina-bachul-cienciala\/\">Read More&#8230;<\/a><\/p>\n","protected":false},"author":110,"featured_media":0,"parent":0,"menu_order":0,"comment_status":"closed","ping_status":"closed","template":"","meta":{"_expiration-date-status":"","_expiration-date":0,"_expiration-date-type":"","_expiration-date-categories":[],"_expiration-date-options":[]},"acf":[],"_links":{"self":[{"href":"https:\/\/us.edu.pl\/instytut\/ismuz\/wp-json\/wp\/v2\/pages\/5644"}],"collection":[{"href":"https:\/\/us.edu.pl\/instytut\/ismuz\/wp-json\/wp\/v2\/pages"}],"about":[{"href":"https:\/\/us.edu.pl\/instytut\/ismuz\/wp-json\/wp\/v2\/types\/page"}],"author":[{"embeddable":true,"href":"https:\/\/us.edu.pl\/instytut\/ismuz\/wp-json\/wp\/v2\/users\/110"}],"replies":[{"embeddable":true,"href":"https:\/\/us.edu.pl\/instytut\/ismuz\/wp-json\/wp\/v2\/comments?post=5644"}],"version-history":[{"count":1,"href":"https:\/\/us.edu.pl\/instytut\/ismuz\/wp-json\/wp\/v2\/pages\/5644\/revisions"}],"predecessor-version":[{"id":5646,"href":"https:\/\/us.edu.pl\/instytut\/ismuz\/wp-json\/wp\/v2\/pages\/5644\/revisions\/5646"}],"wp:attachment":[{"href":"https:\/\/us.edu.pl\/instytut\/ismuz\/wp-json\/wp\/v2\/media?parent=5644"}],"curies":[{"name":"wp","href":"https:\/\/api.w.org\/{rel}","templated":true}]}}