{"id":5658,"date":"2026-02-23T14:21:46","date_gmt":"2026-02-23T13:21:46","guid":{"rendered":"https:\/\/us.edu.pl\/instytut\/ismuz\/?page_id=5658"},"modified":"2026-02-23T14:21:46","modified_gmt":"2026-02-23T13:21:46","slug":"5658-2","status":"publish","type":"page","link":"https:\/\/us.edu.pl\/instytut\/ismuz\/5658-2\/","title":{"rendered":""},"content":{"rendered":"<p>[vc_row][vc_column]\r\n                <div class=\"text-modules\">\r\n                    <div class=\"container\">\r\n                        \r\n                        <div class=\"text-modules__content\"><p><strong>Wydarzenie<\/strong><\/p>\n<p>Inauguracja Roku Akademickiego 2025\/2026 na Wydziale Sztuki i Nauk o Edukacji<\/p>\n<p><strong>Data i miejsce<\/strong><\/p>\n<p>16.10.2025, Cieszyn, Dom Narodowy<\/p>\n<p>Na zaproszenie Dziekana Wydzia\u0142u Sztuki i Nauk o Edukacji dr hab. Katarzyny Marcol, prof. U\u015a, <strong>Ch\u00f3r U\u015a Harmonia<\/strong> pod dyrekcj\u0105<strong> prof. dr hab. Joanny Glenc<\/strong> wzi\u0105\u0142 udzia\u0142 w Inauguracji Roku Akademickiego 2025\/2026 na Wydziale Sztuki i Nauk o Edukacji. \u00a0Uroczysto\u015b\u0107 po\u0142\u0105czona zosta\u0142a z aktem nadania tytu\u0142u doktora honoris causa Sto\u0142ecznego Uniwersytetu Kijowskiego im. Borysa Hrinczenki prof. dr hab. Ewie Ogrodzkiej-Mazur, dlatego te\u017c oprawa muzyczna tej ceremonii zosta\u0142a dope\u0142niona wykonaniem przez ch\u00f3r utwor\u00f3w a cappella w j\u0119zyku polskim i ukrai\u0144skim.<\/p>\n<p>Fotografie \u2013 linki:<\/p>\n<ol>\n<li><a href=\"https:\/\/www.youtube.com\/watch?v=oQ8bpeIVOO4\">https:\/\/www.youtube.com\/watch?v=oQ8bpeIVOO4<\/a><\/li>\n<li><a href=\"https:\/\/www.youtube.com\/watch?v=oQ8bpeIVOO4\">https:\/\/www.youtube.com\/watch?v=oQ8bpeIVOO4<\/a><\/li>\n<\/ol>\n<p>W za\u0142\u0105czeniu:<\/p>\n<p><a href=\"https:\/\/us.edu.pl\/instytut\/ismuz\/wp-content\/uploads\/sites\/54\/Bez-kategorii\/1.-WSNE-fot.-US.pdf\" class=\"mtli_attachment mtli_pdf\" data-mtli=\"mtli_filesize861,28kB\" class=\"mtli_attachment mtli_pdf\" data-mtli=\"mtli_filesize861,28kB\">1. WSNE, fot. U\u015a<\/a><\/p>\n<p><a href=\"https:\/\/us.edu.pl\/instytut\/ismuz\/wp-content\/uploads\/sites\/54\/Bez-kategorii\/2.-WSNE-fot.-US.pdf\" class=\"mtli_attachment mtli_pdf\" data-mtli=\"mtli_filesize776,30kB\" class=\"mtli_attachment mtli_pdf\" data-mtli=\"mtli_filesize776,30kB\">2. WSNE, fot. U\u015a<\/a><\/p>\n<style type=\"text\/css\">a[data-mtli~=\"mtli_filesize861,28kB\"]:after {content:\" (861,28 kB)\"}a[data-mtli~=\"mtli_filesize776,30kB\"]:after {content:\" (776,30 kB)\"}<\/style><\/div>\r\n                    <\/div>\r\n                <\/div>[\/vc_column][\/vc_row][vc_row][vc_column]            \r\n                    <div class=\"container\">\r\n                        <div class=\"gallery gallery_4\" data-images-in-row=\"4\">\r\n                            \r\n                            <div class=\"row m-0\">\r\n                                <a data-fancybox-group=\"button\" title=\"\" data-fancybox=\"9404\" href=\"https:\/\/us.edu.pl\/instytut\/ismuz\/wp-content\/uploads\/sites\/54\/Bez-kategorii\/2.-WSNE-fot.-US.png\" class=\"gallery__item thumbnail\"\r\n                                    style=\"background-image: url(https:\/\/us.edu.pl\/instytut\/ismuz\/wp-content\/uploads\/sites\/54\/Bez-kategorii\/2.-WSNE-fot.-US-1200x675.png)\"> <span class=\"d-none\">https:\/\/us.edu.pl\/instytut\/ismuz\/wp-content\/uploads\/sites\/54\/Bez-kategorii\/2.-WSNE-fot.-US.png<\/span> <\/a><a data-fancybox-group=\"button\" title=\"\" data-fancybox=\"9404\" href=\"https:\/\/us.edu.pl\/instytut\/ismuz\/wp-content\/uploads\/sites\/54\/Bez-kategorii\/1.-WSNE-fot.-US.png\" class=\"gallery__item thumbnail\"\r\n                                    style=\"background-image: url(https:\/\/us.edu.pl\/instytut\/ismuz\/wp-content\/uploads\/sites\/54\/Bez-kategorii\/1.-WSNE-fot.-US-1200x675.png)\"> <span class=\"d-none\">https:\/\/us.edu.pl\/instytut\/ismuz\/wp-content\/uploads\/sites\/54\/Bez-kategorii\/1.-WSNE-fot.-US.png<\/span> <\/a>\r\n                            <\/div>\r\n                    <\/div>\r\n                <\/div>[\/vc_column][\/vc_row]<\/p>\n<style type=\"text\/css\">a[data-mtli~=\"mtli_filesize861,28kB\"]:after {content:\" (861,28 kB)\"}a[data-mtli~=\"mtli_filesize776,30kB\"]:after {content:\" (776,30 kB)\"}<\/style>","protected":false},"excerpt":{"rendered":"<p>[vc_row][vc_column][\/vc_column][\/vc_row][vc_row][vc_column][\/vc_column][\/vc_row] [&#8230;]<\/p>\n<p><a class=\"btn btn-secondary understrap-read-more-link\" href=\"https:\/\/us.edu.pl\/instytut\/ismuz\/5658-2\/\">Read More&#8230;<\/a><\/p>\n","protected":false},"author":110,"featured_media":0,"parent":0,"menu_order":0,"comment_status":"closed","ping_status":"closed","template":"","meta":{"_expiration-date-status":"","_expiration-date":0,"_expiration-date-type":"","_expiration-date-categories":[],"_expiration-date-options":[]},"acf":[],"_links":{"self":[{"href":"https:\/\/us.edu.pl\/instytut\/ismuz\/wp-json\/wp\/v2\/pages\/5658"}],"collection":[{"href":"https:\/\/us.edu.pl\/instytut\/ismuz\/wp-json\/wp\/v2\/pages"}],"about":[{"href":"https:\/\/us.edu.pl\/instytut\/ismuz\/wp-json\/wp\/v2\/types\/page"}],"author":[{"embeddable":true,"href":"https:\/\/us.edu.pl\/instytut\/ismuz\/wp-json\/wp\/v2\/users\/110"}],"replies":[{"embeddable":true,"href":"https:\/\/us.edu.pl\/instytut\/ismuz\/wp-json\/wp\/v2\/comments?post=5658"}],"version-history":[{"count":1,"href":"https:\/\/us.edu.pl\/instytut\/ismuz\/wp-json\/wp\/v2\/pages\/5658\/revisions"}],"predecessor-version":[{"id":5664,"href":"https:\/\/us.edu.pl\/instytut\/ismuz\/wp-json\/wp\/v2\/pages\/5658\/revisions\/5664"}],"wp:attachment":[{"href":"https:\/\/us.edu.pl\/instytut\/ismuz\/wp-json\/wp\/v2\/media?parent=5658"}],"curies":[{"name":"wp","href":"https:\/\/api.w.org\/{rel}","templated":true}]}}