{"id":5685,"date":"2026-02-23T15:08:21","date_gmt":"2026-02-23T14:08:21","guid":{"rendered":"https:\/\/us.edu.pl\/instytut\/ismuz\/?page_id=5685"},"modified":"2026-02-23T15:10:28","modified_gmt":"2026-02-23T14:10:28","slug":"5685-2","status":"publish","type":"page","link":"https:\/\/us.edu.pl\/instytut\/ismuz\/5685-2\/","title":{"rendered":""},"content":{"rendered":"<p>[vc_row][vc_column]\r\n                <div class=\"text-modules\">\r\n                    <div class=\"container\">\r\n                        \r\n                        <div class=\"text-modules__content\"><p><strong>Wydarzenie<\/strong><\/p>\n<p>Uroczyste Spotkanie Przed\u015bwi\u0105teczne<\/p>\n<p><strong>Data i miejsce<\/strong><\/p>\n<p>17.12.2025, Katowice, ul. Bankowa 5, Cafe Operacyjna\u00a0 SpinPlace<\/p>\n<p>Na zaproszenie JM Rektora U\u015a prof. dr hab. Ryszarda Kozio\u0142ka\u00a0<strong>Ch\u00f3r U\u015a Harmonia<\/strong>\u00a0pod dyrekcj\u0105<strong>\u00a0prof. dr hab. Joanny Glenc<\/strong>\u00a0wzi\u0105\u0142 udzia\u0142 w\u00a0<em>Uroczystym Spotkaniu Przed\u015bwi\u0105tecznym,<\/em>\u00a0kt\u00f3re odby\u0142o si\u0119 w centrum kreatywno\u015bci i coworkingu SpinPlace w Katowicach. Zgromadzeni na spotkaniu go\u015bcie mieli okazj\u0119 wys\u0142ucha\u0107 przygotowany przez ch\u00f3r oraz student\u00f3w Instytutu Sztuk Muzycznych repertuar z\u0142o\u017cony z kol\u0119d, pastora\u0142ek oraz innych utwor\u00f3w o charakterze \u015bwi\u0105tecznym zar\u00f3wno w wersji a cappella jak te\u017c w opracowaniach wokalno-instrumentalnych i instrumentalnych.<\/p>\n<p>W za\u0142\u0105czeniu:<\/p>\n<p><a class=\"mtli_attachment mtli_pdf mtli_attachment mtli_pdf mtli_attachment mtli_pdf\" href=\"https:\/\/us.edu.pl\/instytut\/ismuz\/wp-content\/uploads\/sites\/54\/Bez-kategorii\/SpinPlace-fot.-J.-Grzanka1.pdf\" data-mtli=\"mtli_filesize182,27kB\" data-mtli=\"mtli_filesize182,27kB\" data-mtli=\"mtli_filesize182,27kB\">SpinPlace, fot. J. Grzanka(1)<\/a><\/p>\n<p><a class=\"mtli_attachment mtli_pdf mtli_attachment mtli_pdf mtli_attachment mtli_pdf\" href=\"https:\/\/us.edu.pl\/instytut\/ismuz\/wp-content\/uploads\/sites\/54\/Bez-kategorii\/SpinPlace-fot.-J.-Grzanka2.pdf\" data-mtli=\"mtli_filesize162,17kB\" data-mtli=\"mtli_filesize162,17kB\" data-mtli=\"mtli_filesize162,17kB\">SpinPlace, fot. J. Grzanka(2)<\/a><\/p>\n<p><a class=\"mtli_attachment mtli_pdf mtli_attachment mtli_pdf mtli_attachment mtli_pdf\" href=\"https:\/\/us.edu.pl\/instytut\/ismuz\/wp-content\/uploads\/sites\/54\/Bez-kategorii\/SpinPlace-fot.-J.-Grzanka3.pdf\" data-mtli=\"mtli_filesize133,74kB\" data-mtli=\"mtli_filesize133,74kB\" data-mtli=\"mtli_filesize133,74kB\">SpinPlace, fot. J. Grzanka(3)<\/a><\/p>\n<p><a class=\"mtli_attachment mtli_pdf mtli_attachment mtli_pdf mtli_attachment mtli_pdf\" href=\"https:\/\/us.edu.pl\/instytut\/ismuz\/wp-content\/uploads\/sites\/54\/Bez-kategorii\/SpinPlace-fot.-J.-Grzanka4.pdf\" data-mtli=\"mtli_filesize167,88kB\" data-mtli=\"mtli_filesize167,88kB\" data-mtli=\"mtli_filesize167,88kB\">SpinPlace, fot. J. Grzanka(4)<\/a><\/p>\n<p>Foto \u2013 Jan Grzanka<\/p>\n<style type=\"text\/css\">a[data-mtli~=\"mtli_filesize182,27kB\"]:after {content:\" (182,27 kB)\"}a[data-mtli~=\"mtli_filesize162,17kB\"]:after {content:\" (162,17 kB)\"}a[data-mtli~=\"mtli_filesize133,74kB\"]:after {content:\" (133,74 kB)\"}a[data-mtli~=\"mtli_filesize167,88kB\"]:after {content:\" (167,88 kB)\"}<\/style><\/div>\r\n                    <\/div>\r\n                <\/div>[\/vc_column][\/vc_row][vc_row][vc_column]            \r\n                    <div class=\"container\">\r\n                        <div class=\"gallery gallery_4\" data-images-in-row=\"4\">\r\n                            \r\n                            <div class=\"row m-0\">\r\n                                <a data-fancybox-group=\"button\" title=\"\" data-fancybox=\"5438\" href=\"https:\/\/us.edu.pl\/instytut\/ismuz\/wp-content\/uploads\/sites\/54\/Bez-kategorii\/SpinPlace-fot.-J.-Grzanka3.jpg\" class=\"gallery__item thumbnail\"\r\n                                    style=\"background-image: url(https:\/\/us.edu.pl\/instytut\/ismuz\/wp-content\/uploads\/sites\/54\/Bez-kategorii\/SpinPlace-fot.-J.-Grzanka3-900x1200.jpg)\"> <span class=\"d-none\">https:\/\/us.edu.pl\/instytut\/ismuz\/wp-content\/uploads\/sites\/54\/Bez-kategorii\/SpinPlace-fot.-J.-Grzanka3.jpg<\/span> <\/a><a data-fancybox-group=\"button\" title=\"\" data-fancybox=\"5438\" href=\"https:\/\/us.edu.pl\/instytut\/ismuz\/wp-content\/uploads\/sites\/54\/Bez-kategorii\/SpinPlace-fot.-J.-Grzanka4.jpg\" class=\"gallery__item thumbnail\"\r\n                                    style=\"background-image: url(https:\/\/us.edu.pl\/instytut\/ismuz\/wp-content\/uploads\/sites\/54\/Bez-kategorii\/SpinPlace-fot.-J.-Grzanka4-1200x901.jpg)\"> <span class=\"d-none\">https:\/\/us.edu.pl\/instytut\/ismuz\/wp-content\/uploads\/sites\/54\/Bez-kategorii\/SpinPlace-fot.-J.-Grzanka4.jpg<\/span> <\/a><a data-fancybox-group=\"button\" title=\"\" data-fancybox=\"5438\" href=\"https:\/\/us.edu.pl\/instytut\/ismuz\/wp-content\/uploads\/sites\/54\/Bez-kategorii\/SpinPlace-fot.-J.-Grzanka1.jpg\" class=\"gallery__item thumbnail\"\r\n                                    style=\"background-image: url(https:\/\/us.edu.pl\/instytut\/ismuz\/wp-content\/uploads\/sites\/54\/Bez-kategorii\/SpinPlace-fot.-J.-Grzanka1-1200x900.jpg)\"> <span class=\"d-none\">https:\/\/us.edu.pl\/instytut\/ismuz\/wp-content\/uploads\/sites\/54\/Bez-kategorii\/SpinPlace-fot.-J.-Grzanka1.jpg<\/span> <\/a><a data-fancybox-group=\"button\" title=\"\" data-fancybox=\"5438\" href=\"https:\/\/us.edu.pl\/instytut\/ismuz\/wp-content\/uploads\/sites\/54\/Bez-kategorii\/SpinPlace-fot.-J.-Grzanka2.jpg\" class=\"gallery__item thumbnail\"\r\n                                    style=\"background-image: url(https:\/\/us.edu.pl\/instytut\/ismuz\/wp-content\/uploads\/sites\/54\/Bez-kategorii\/SpinPlace-fot.-J.-Grzanka2-1200x901.jpg)\"> <span class=\"d-none\">https:\/\/us.edu.pl\/instytut\/ismuz\/wp-content\/uploads\/sites\/54\/Bez-kategorii\/SpinPlace-fot.-J.-Grzanka2.jpg<\/span> <\/a>\r\n                            <\/div>\r\n                    <\/div>\r\n                <\/div>[\/vc_column][\/vc_row]<\/p>\n<style type=\"text\/css\">a[data-mtli~=\"mtli_filesize182,27kB\"]:after {content:\" (182,27 kB)\"}a[data-mtli~=\"mtli_filesize162,17kB\"]:after {content:\" (162,17 kB)\"}a[data-mtli~=\"mtli_filesize133,74kB\"]:after {content:\" (133,74 kB)\"}a[data-mtli~=\"mtli_filesize167,88kB\"]:after {content:\" (167,88 kB)\"}<\/style>","protected":false},"excerpt":{"rendered":"<p>[vc_row][vc_column][\/vc_column][\/vc_row][vc_row][vc_column][\/vc_column][\/vc_row] [&#8230;]<\/p>\n<p><a class=\"btn btn-secondary understrap-read-more-link\" href=\"https:\/\/us.edu.pl\/instytut\/ismuz\/5685-2\/\">Read More&#8230;<\/a><\/p>\n","protected":false},"author":110,"featured_media":0,"parent":0,"menu_order":0,"comment_status":"closed","ping_status":"closed","template":"","meta":{"_expiration-date-status":"","_expiration-date":0,"_expiration-date-type":"","_expiration-date-categories":[],"_expiration-date-options":[]},"acf":[],"_links":{"self":[{"href":"https:\/\/us.edu.pl\/instytut\/ismuz\/wp-json\/wp\/v2\/pages\/5685"}],"collection":[{"href":"https:\/\/us.edu.pl\/instytut\/ismuz\/wp-json\/wp\/v2\/pages"}],"about":[{"href":"https:\/\/us.edu.pl\/instytut\/ismuz\/wp-json\/wp\/v2\/types\/page"}],"author":[{"embeddable":true,"href":"https:\/\/us.edu.pl\/instytut\/ismuz\/wp-json\/wp\/v2\/users\/110"}],"replies":[{"embeddable":true,"href":"https:\/\/us.edu.pl\/instytut\/ismuz\/wp-json\/wp\/v2\/comments?post=5685"}],"version-history":[{"count":2,"href":"https:\/\/us.edu.pl\/instytut\/ismuz\/wp-json\/wp\/v2\/pages\/5685\/revisions"}],"predecessor-version":[{"id":5696,"href":"https:\/\/us.edu.pl\/instytut\/ismuz\/wp-json\/wp\/v2\/pages\/5685\/revisions\/5696"}],"wp:attachment":[{"href":"https:\/\/us.edu.pl\/instytut\/ismuz\/wp-json\/wp\/v2\/media?parent=5685"}],"curies":[{"name":"wp","href":"https:\/\/api.w.org\/{rel}","templated":true}]}}