{"id":66,"date":"2019-10-28T12:54:19","date_gmt":"2019-10-28T11:54:19","guid":{"rendered":"https:\/\/us.edu.pl\/instytut\/ismuz\/?page_id=66"},"modified":"2019-11-04T09:14:10","modified_gmt":"2019-11-04T08:14:10","slug":"mapa-strony","status":"publish","type":"page","link":"https:\/\/us.edu.pl\/instytut\/ismuz\/mapa-strony\/","title":{"rendered":"Mapa strony"},"content":{"rendered":"<p>[vc_row][vc_column]\r\n                <div class=\"text-modules\">\r\n                    <div class=\"container\">\r\n                        \r\n                        <div class=\"text-modules__content\"><div class=\"wsp-container\"><h2 class=\"wsp-pages-title\">Pages<\/h2>\n<ul class=\"wsp-pages-list\">\n<li class=\"page_item page-item-2\"><a href=\"https:\/\/us.edu.pl\/instytut\/ismuz\/\">Strona g\u0142\u00f3wna<\/a><\/li>\n<li class=\"page_item page-item-3335\"><a href=\"https:\/\/us.edu.pl\/instytut\/ismuz\/historia\/\">Historia<\/a><\/li>\n<li class=\"page_item page-item-3083\"><a href=\"https:\/\/us.edu.pl\/instytut\/ismuz\/piotr-matusik\/\">mgr Piotr Matusik<\/a><\/li>\n<li class=\"page_item page-item-5387\"><a href=\"https:\/\/us.edu.pl\/instytut\/ismuz\/postepowania-habilitacyjne-2\/\">Post\u0119powania habilitacyjne<\/a><\/li>\n<li class=\"page_item page-item-5644\"><a href=\"https:\/\/us.edu.pl\/instytut\/ismuz\/ewelina-bachul-cienciala\/\">Ewelina Bachul-Ciencia\u0142a<\/a><\/li>\n<li class=\"page_item page-item-4622\"><a href=\"https:\/\/us.edu.pl\/instytut\/ismuz\/4622-2\/\">#4622 (bez tytu\u0142u)<\/a><\/li>\n<li class=\"page_item page-item-5648\"><a href=\"https:\/\/us.edu.pl\/instytut\/ismuz\/5648-2\/\">#5648 (bez tytu\u0142u)<\/a><\/li>\n<li class=\"page_item page-item-3353\"><a href=\"https:\/\/us.edu.pl\/instytut\/ismuz\/wybrana-dzialalnosc-od-pazdziernika-2012-r-do-teraz\/\">Wybrana dzia\u0142alno\u015b\u0107 od pa\u017adziernika 2012 r. do teraz<\/a><\/li>\n<li class=\"page_item page-item-5658\"><a href=\"https:\/\/us.edu.pl\/instytut\/ismuz\/5658-2\/\">#5658 (bez tytu\u0142u)<\/a><\/li>\n<li class=\"page_item page-item-5403\"><a href=\"https:\/\/us.edu.pl\/instytut\/ismuz\/5403-2\/\">#5403 (bez tytu\u0142u)<\/a><\/li>\n<li class=\"page_item page-item-4380\"><a href=\"https:\/\/us.edu.pl\/instytut\/ismuz\/chor-uniwersytetu-slaskiego-harmonia\/\">Ch\u00f3r Uniwersytetu \u015al\u0105skiego \u201eHarmonia\u201d<\/a><\/li>\n<li class=\"page_item page-item-4129\"><a href=\"https:\/\/us.edu.pl\/instytut\/ismuz\/cieszynskie-kolo-naukowe-pasjonatow-audio\/\">Cieszy\u0144skie Ko\u0142o Naukowe Pasjonat\u00f3w Audio<\/a><\/li>\n<li class=\"page_item page-item-5666\"><a href=\"https:\/\/us.edu.pl\/instytut\/ismuz\/5666-2\/\">#5666 (bez tytu\u0142u)<\/a><\/li>\n<li class=\"page_item page-item-4644\"><a href=\"https:\/\/us.edu.pl\/instytut\/ismuz\/4644-2\/\">#4644 (bez tytu\u0142u)<\/a><\/li>\n<li class=\"page_item page-item-4389\"><a href=\"https:\/\/us.edu.pl\/instytut\/ismuz\/koncert-galowy-festiwalu-kultury-europejskiej-transform4europe\/\">Koncert Galowy Festiwalu Kultury Europejskiej Transform4Europe<\/a><\/li>\n<li class=\"page_item page-item-5676\"><a href=\"https:\/\/us.edu.pl\/instytut\/ismuz\/5676-2\/\">#5676 (bez tytu\u0142u)<\/a><\/li>\n<li class=\"page_item page-item-4656\"><a href=\"https:\/\/us.edu.pl\/instytut\/ismuz\/4656-2\/\">#4656 (bez tytu\u0142u)<\/a><\/li>\n<li class=\"page_item page-item-5685\"><a href=\"https:\/\/us.edu.pl\/instytut\/ismuz\/5685-2\/\">#5685 (bez tytu\u0142u)<\/a><\/li>\n<li class=\"page_item page-item-3127\"><a href=\"https:\/\/us.edu.pl\/instytut\/ismuz\/jacek-hamela\/\">dr hab. Jacek Hamela, prof. U\u015a<\/a><\/li>\n<li class=\"page_item page-item-3132\"><a href=\"https:\/\/us.edu.pl\/instytut\/ismuz\/kinga-zuchowicz-pinilla\/\">Kinga Zuchowicz-Pinilla<\/a><\/li>\n<li class=\"page_item page-item-3135\"><a href=\"https:\/\/us.edu.pl\/instytut\/ismuz\/adrian-robak\/\">Adrian Robak<\/a><\/li>\n<li class=\"page_item page-item-66\"><a href=\"https:\/\/us.edu.pl\/instytut\/ismuz\/mapa-strony\/\">Mapa strony<\/a><\/li>\n<li class=\"page_item page-item-5698\"><a href=\"https:\/\/us.edu.pl\/instytut\/ismuz\/5698-2\/\">#5698 (bez tytu\u0142u)<\/a><\/li>\n<li class=\"page_item page-item-70\"><a href=\"https:\/\/us.edu.pl\/instytut\/ismuz\/wszystko\/\">Wszystko<\/a><\/li>\n<li class=\"page_item page-item-2889\"><a href=\"https:\/\/us.edu.pl\/instytut\/ismuz\/joanna-skiba\/\">Joanna Skiba<\/a><\/li>\n<li class=\"page_item page-item-3147\"><a href=\"https:\/\/us.edu.pl\/instytut\/ismuz\/anna-kolowska\/\">dr Anna Ko\u0142owska<\/a><\/li>\n<li class=\"page_item page-item-4432\"><a href=\"https:\/\/us.edu.pl\/instytut\/ismuz\/4432-2\/\">#4432 (bez tytu\u0142u)<\/a><\/li>\n<li class=\"page_item page-item-4456\"><a href=\"https:\/\/us.edu.pl\/instytut\/ismuz\/miedzyuczelniana-inauguracja-roku-akademickiego-2023-2024\/\">Mi\u0119dzyuczelniana Inauguracja Roku Akademickiego 2023\/2024<\/a><\/li>\n<li class=\"page_item page-item-5741\"><a href=\"https:\/\/us.edu.pl\/instytut\/ismuz\/miedzynarodowy-festiwal-muzyki-im-prof-jozefa-swidra\/\">Mi\u0119dzynarodowy Festiwal Muzyki im. prof. J\u00f3zefa \u015awidra<\/a><\/li>\n<li class=\"page_item page-item-2928\"><a href=\"https:\/\/us.edu.pl\/instytut\/ismuz\/joanna-skiba-wyrozniona-w-konkursie-na-projekt-swiatecznej-kartki-chopinowskiej\/\">Joanna Skiba wyr\u00f3\u017cniona w konkursie na projekt \u015bwi\u0105tecznej kartki chopinowskiej<\/a><\/li>\n<li class=\"page_item page-item-5489\"><a href=\"https:\/\/us.edu.pl\/instytut\/ismuz\/kolo-naukowe-click-track\/\">Ko\u0142o Naukowe \u201eClick-Track\u201d<\/a><\/li>\n<li class=\"page_item page-item-4468\"><a href=\"https:\/\/us.edu.pl\/instytut\/ismuz\/4468-2\/\">#4468 (bez tytu\u0142u)<\/a><\/li>\n<li class=\"page_item page-item-134\"><a href=\"https:\/\/us.edu.pl\/instytut\/ismuz\/galeria\/\">galeria<\/a><\/li>\n<li class=\"page_item page-item-4490\"><a href=\"https:\/\/us.edu.pl\/instytut\/ismuz\/4490-2\/\">#4490 (bez tytu\u0142u)<\/a><\/li>\n<li class=\"page_item page-item-3476\"><a href=\"https:\/\/us.edu.pl\/instytut\/ismuz\/osiagniecia\/\">Osi\u0105gni\u0119cia<\/a><\/li>\n<li class=\"page_item page-item-5274\"><a href=\"https:\/\/us.edu.pl\/instytut\/ismuz\/przewody-doktorskie-w-dziedzinie-sztuki-w-dyscyplinie-sztuki-muzyczne\/\">Post\u0119powania o nadanie stopnia doktora w dziedzinie sztuki, w dyscyplinie sztuki muzyczne<\/a><\/li>\n<li class=\"page_item page-item-4772\"><a href=\"https:\/\/us.edu.pl\/instytut\/ismuz\/4772-2\/\">#4772 (bez tytu\u0142u)<\/a><\/li>\n<li class=\"page_item page-item-4517\"><a href=\"https:\/\/us.edu.pl\/instytut\/ismuz\/4517-2\/\">#4517 (bez tytu\u0142u)<\/a><\/li>\n<li class=\"page_item page-item-2219 page_item_has_children\"><a href=\"https:\/\/us.edu.pl\/instytut\/ismuz\/nauka-i-badania\/\">Nauka i badania<\/a>\n<ul class='children'>\n\t<li class=\"page_item page-item-2224\"><a href=\"https:\/\/us.edu.pl\/instytut\/ismuz\/nauka-i-badania\/indywidualna-dzialalnosc-artystyczno-badawcza\/\">Indywidualna dzia\u0142alno\u015b\u0107 artystyczno-badawcza<\/a><\/li>\n\t<li class=\"page_item page-item-2229\"><a href=\"https:\/\/us.edu.pl\/instytut\/ismuz\/nauka-i-badania\/zespoly-badawcze\/\">Zespo\u0142y badawcze<\/a><\/li>\n\t<li class=\"page_item page-item-2233\"><a href=\"https:\/\/us.edu.pl\/instytut\/ismuz\/nauka-i-badania\/przepisy-i-druki\/\">Przepisy i Druki<\/a><\/li>\n<\/ul>\n<\/li>\n<li class=\"page_item page-item-5291\"><a href=\"https:\/\/us.edu.pl\/instytut\/ismuz\/5291-2\/\">#5291 (bez tytu\u0142u)<\/a><\/li>\n<li class=\"page_item page-item-4780\"><a href=\"https:\/\/us.edu.pl\/instytut\/ismuz\/4780-2\/\">#4780 (bez tytu\u0142u)<\/a><\/li>\n<li class=\"page_item page-item-5042\"><a href=\"https:\/\/us.edu.pl\/instytut\/ismuz\/wspomnienia-czar\/\">Wspomnienia czar\u2026<\/a><\/li>\n<li class=\"page_item page-item-3507\"><a href=\"https:\/\/us.edu.pl\/instytut\/ismuz\/nagrania-i-publikacje\/\">Nagrania i publikacje<\/a><\/li>\n<li class=\"page_item page-item-4536\"><a href=\"https:\/\/us.edu.pl\/instytut\/ismuz\/4536-2\/\">#4536 (bez tytu\u0142u)<\/a><\/li>\n<li class=\"page_item page-item-4292\"><a href=\"https:\/\/us.edu.pl\/instytut\/ismuz\/kolo-naukowe-muzykow-kakofonia\/\">Ko\u0142o Naukowe Muzyk\u00f3w \u201eKakofonia\u201d<\/a><\/li>\n<li class=\"page_item page-item-4556\"><a href=\"https:\/\/us.edu.pl\/instytut\/ismuz\/4556-2\/\">#4556 (bez tytu\u0142u)<\/a><\/li>\n<li class=\"page_item page-item-2253\"><a href=\"https:\/\/us.edu.pl\/instytut\/ismuz\/malgorzata-kaniowska\/\">Ma\u0142gorzata Kaniowska<\/a><\/li>\n<li class=\"page_item page-item-3533\"><a href=\"https:\/\/us.edu.pl\/instytut\/ismuz\/kontakt-2\/\">Kontakt<\/a><\/li>\n<li class=\"page_item page-item-5074\"><a href=\"https:\/\/us.edu.pl\/instytut\/ismuz\/o-pierwszych-w-nowym-roku-osiagnieciach-studentow-instytutu-sztuk-muzycznych-slow-kilka\/\">O pierwszych w Nowym Roku osi\u0105gni\u0119ciach Student\u00f3w Instytutu Sztuk Muzycznych \u2013 s\u0142\u00f3w kilka<\/a><\/li>\n<li class=\"page_item page-item-4573\"><a href=\"https:\/\/us.edu.pl\/instytut\/ismuz\/4573-2\/\">#4573 (bez tytu\u0142u)<\/a><\/li>\n<li class=\"page_item page-item-3042\"><a href=\"https:\/\/us.edu.pl\/instytut\/ismuz\/dariusz-gorniok\/\">dr Dariusz G\u00f3rniok<\/a><\/li>\n<li class=\"page_item page-item-3047\"><a href=\"https:\/\/us.edu.pl\/instytut\/ismuz\/marcin-halat\/\">dr Marcin Ha\u0142at<\/a><\/li>\n<li class=\"page_item page-item-3048\"><a href=\"https:\/\/us.edu.pl\/instytut\/ismuz\/jakub-chojnacki\/\">mgr Jakub Chojnacki<\/a><\/li>\n<li class=\"page_item page-item-4073\"><a href=\"https:\/\/us.edu.pl\/instytut\/ismuz\/postepowania-habilitacyjne\/\">Post\u0119powania habilitacyjne w dziedzinie sztuki, w dyscyplinie sztuki muzyczne<\/a><\/li>\n<li class=\"page_item page-item-2796\"><a href=\"https:\/\/us.edu.pl\/instytut\/ismuz\/filmy-o-instytucie\/\">Filmy o instytucie<\/a><\/li>\n<li class=\"page_item page-item-4853\"><a href=\"https:\/\/us.edu.pl\/instytut\/ismuz\/4853-2\/\">#4853 (bez tytu\u0142u)<\/a><\/li>\n<li class=\"page_item page-item-5375\"><a href=\"https:\/\/us.edu.pl\/instytut\/ismuz\/publiczne-obrony-prac-doktorskich\/\">Publiczne obrony prac doktorskich<\/a><\/li>\n<li class=\"page_item page-item-189 page_item_has_children\"><a href=\"https:\/\/us.edu.pl\/instytut\/ismuz\/pracownicy\/\">Pracownicy<\/a>\n<ul class='children'>\n\t<li class=\"page_item page-item-1551\"><a href=\"https:\/\/us.edu.pl\/instytut\/ismuz\/pracownicy\/aleksandra-halat\/\">dr Aleksandra Ha\u0142at<\/a><\/li>\n\t<li class=\"page_item page-item-2576\"><a href=\"https:\/\/us.edu.pl\/instytut\/ismuz\/pracownicy\/dr-agata-holdyk\/\">dr Agata Ho\u0142dyk<\/a><\/li>\n\t<li class=\"page_item page-item-2587\"><a href=\"https:\/\/us.edu.pl\/instytut\/ismuz\/pracownicy\/prof-anna-szostak-myrczek\/\">prof. Anna Szostak-Myrczek<\/a><\/li>\n\t<li class=\"page_item page-item-1585\"><a href=\"https:\/\/us.edu.pl\/instytut\/ismuz\/pracownicy\/sabina-olbrich-szafraniec\/\">dr hab. Sabina Olbrich-Szafraniec, prof. U\u015a<\/a><\/li>\n\t<li class=\"page_item page-item-1590\"><a href=\"https:\/\/us.edu.pl\/instytut\/ismuz\/pracownicy\/adrian-robak\/\">dr Adrian Robak<\/a><\/li>\n\t<li class=\"page_item page-item-1849\"><a href=\"https:\/\/us.edu.pl\/instytut\/ismuz\/pracownicy\/dariusz-gorniok\/\">mgr Dariusz G\u00f3rniok<\/a><\/li>\n\t<li class=\"page_item page-item-1594\"><a href=\"https:\/\/us.edu.pl\/instytut\/ismuz\/pracownicy\/aleksandra-zeman\/\">dr hab. Aleksandra Zeman, prof. U\u015a<\/a><\/li>\n\t<li class=\"page_item page-item-2625\"><a href=\"https:\/\/us.edu.pl\/instytut\/ismuz\/pracownicy\/mgr-piotr-matusik\/\">mgr Piotr Matusik<\/a><\/li>\n\t<li class=\"page_item page-item-2633\"><a href=\"https:\/\/us.edu.pl\/instytut\/ismuz\/pracownicy\/mgr-magda-miska-jackowska\/\">mgr Magda Mi\u015bka-Jackowska<\/a><\/li>\n\t<li class=\"page_item page-item-2658\"><a href=\"https:\/\/us.edu.pl\/instytut\/ismuz\/pracownicy\/dr-joanna-nowicka\/\">dr Joanna Nowicka<\/a><\/li>\n\t<li class=\"page_item page-item-4708\"><a href=\"https:\/\/us.edu.pl\/instytut\/ismuz\/pracownicy\/izabella-zielecka-panek\/\">Izabella Zielecka-Panek<\/a><\/li>\n\t<li class=\"page_item page-item-1420\"><a href=\"https:\/\/us.edu.pl\/instytut\/ismuz\/pracownicy\/boguslaw-jan-bemben\/\">dr Bogus\u0142aw Jan Bemben<\/a><\/li>\n\t<li class=\"page_item page-item-1936\"><a href=\"https:\/\/us.edu.pl\/instytut\/ismuz\/pracownicy\/prof-dr-hab-michal-korzistka\/\">prof. dr hab. Micha\u0142 Korzistka<\/a><\/li>\n\t<li class=\"page_item page-item-1692\"><a href=\"https:\/\/us.edu.pl\/instytut\/ismuz\/pracownicy\/tomasz-spalinski\/\">prof. dr hab. Tomasz Spali\u0144ski<\/a><\/li>\n\t<li class=\"page_item page-item-1449\"><a href=\"https:\/\/us.edu.pl\/instytut\/ismuz\/pracownicy\/marcin\/\">dr Marcin Ha\u0142at<\/a><\/li>\n\t<li class=\"page_item page-item-3003\"><a href=\"https:\/\/us.edu.pl\/instytut\/ismuz\/pracownicy\/anna-miech\/\">dr hab. Anna Miech, prof. U\u015a<\/a><\/li>\n\t<li class=\"page_item page-item-2293\"><a href=\"https:\/\/us.edu.pl\/instytut\/ismuz\/pracownicy\/prof-dr-hab-hubert-miska\/\">prof. dr hab. Hubert Mi\u015bka<\/a><\/li>\n\t<li class=\"page_item page-item-1794\"><a href=\"https:\/\/us.edu.pl\/instytut\/ismuz\/pracownicy\/marcin-zupanski\/\">dr Marcin \u017bupa\u0144ski<\/a><\/li>\n\t<li class=\"page_item page-item-1798\"><a href=\"https:\/\/us.edu.pl\/instytut\/ismuz\/pracownicy\/krzysztof-gawlas\/\">dr hab. Krzysztof Gawlas, prof. U\u015a<\/a><\/li>\n\t<li class=\"page_item page-item-1802\"><a href=\"https:\/\/us.edu.pl\/instytut\/ismuz\/pracownicy\/karol-pyka\/\">dr hab. Karol Pyka<\/a><\/li>\n\t<li class=\"page_item page-item-1806\"><a href=\"https:\/\/us.edu.pl\/instytut\/ismuz\/pracownicy\/adam-wagner\/\">dr hab. Adam Wagner<\/a><\/li>\n\t<li class=\"page_item page-item-1559\"><a href=\"https:\/\/us.edu.pl\/instytut\/ismuz\/pracownicy\/grzegorz-niemczuk\/\">dr Grzegorz Niemczuk<\/a><\/li>\n\t<li class=\"page_item page-item-1827\"><a href=\"https:\/\/us.edu.pl\/instytut\/ismuz\/pracownicy\/bogumila-dunikowska\/\">dr hab. Bogumi\u0142a-Faustyna Maria Dunikowska prof. U\u015a<\/a><\/li>\n\t<li class=\"page_item page-item-1836\"><a href=\"https:\/\/us.edu.pl\/instytut\/ismuz\/pracownicy\/anna-kijanowska\/\">dr hab. Anna Kijanowska, prof. U\u015a<\/a><\/li>\n\t<li class=\"page_item page-item-1853\"><a href=\"https:\/\/us.edu.pl\/instytut\/ismuz\/pracownicy\/joanna-boslak-gorniok\/\">dr Joanna Bo\u015blak-G\u00f3rniok<\/a><\/li>\n\t<li class=\"page_item page-item-1860\"><a href=\"https:\/\/us.edu.pl\/instytut\/ismuz\/pracownicy\/waldemar-sutryk\/\">dr hab. Waldemar Sutryk<\/a><\/li>\n\t<li class=\"page_item page-item-1611\"><a href=\"https:\/\/us.edu.pl\/instytut\/ismuz\/pracownicy\/danuta-zon-ciuk\/\">dr Danuta Zo\u0144-Ciuk, prof. U\u015a<\/a><\/li>\n\t<li class=\"page_item page-item-1617\"><a href=\"https:\/\/us.edu.pl\/instytut\/ismuz\/pracownicy\/wojciech-waleczek\/\">prof. dr hab. Wojciech Waleczek<\/a><\/li>\n\t<li class=\"page_item page-item-1631\"><a href=\"https:\/\/us.edu.pl\/instytut\/ismuz\/pracownicy\/wojciech-golec\/\">dr hab. Wojciech Golec<\/a><\/li>\n\t<li class=\"page_item page-item-1377\"><a href=\"https:\/\/us.edu.pl\/instytut\/ismuz\/pracownicy\/urszula-mizia\/\">dr hab Urszula Mizia, prof. U\u015a<\/a><\/li>\n\t<li class=\"page_item page-item-1644\"><a href=\"https:\/\/us.edu.pl\/instytut\/ismuz\/pracownicy\/magdalena-szyndler\/\">dr hab. Magdalena Szyndler, prof. U\u015a<\/a><\/li>\n\t<li class=\"page_item page-item-1648\"><a href=\"https:\/\/us.edu.pl\/instytut\/ismuz\/pracownicy\/jakub-czekierda\/\">mgr Jakub Czekierda<\/a><\/li>\n\t<li class=\"page_item page-item-1395\"><a href=\"https:\/\/us.edu.pl\/instytut\/ismuz\/pracownicy\/joanna-glenc\/\">prof. dr hab. Joanna Glenc<\/a><\/li>\n\t<li class=\"page_item page-item-1658\"><a href=\"https:\/\/us.edu.pl\/instytut\/ismuz\/pracownicy\/wieslaw-cienciala\/\">prof. dr hab. Wies\u0142aw Ciencia\u0142a<\/a><\/li>\n\t<li class=\"page_item page-item-1412\"><a href=\"https:\/\/us.edu.pl\/instytut\/ismuz\/pracownicy\/paulina-bielesz\/\">mgr in\u017c. Paulina Bielesz<\/a><\/li>\n\t<li class=\"page_item page-item-1439\"><a href=\"https:\/\/us.edu.pl\/instytut\/ismuz\/pracownicy\/bartosz-jaskowski\/\">dr hab. Bartosz Listwan, prof. U\u015a<\/a><\/li>\n\t<li class=\"page_item page-item-1454\"><a href=\"https:\/\/us.edu.pl\/instytut\/ismuz\/pracownicy\/aleksander-lason\/\">prof. zw. dr hab. Aleksander Laso\u0144<\/a><\/li>\n\t<li class=\"page_item page-item-1719\"><a href=\"https:\/\/us.edu.pl\/instytut\/ismuz\/pracownicy\/filip-bies\/\">mgr Filip Bies<\/a><\/li>\n\t<li class=\"page_item page-item-1744\"><a href=\"https:\/\/us.edu.pl\/instytut\/ismuz\/pracownicy\/aldona-slusarz\/\">dr hab. Aldona \u015alusarz, prof. U\u015a<\/a><\/li>\n\t<li class=\"page_item page-item-1754\"><a href=\"https:\/\/us.edu.pl\/instytut\/ismuz\/pracownicy\/kinga-zuchowicz-pinilla\/\">mgr Kinga Zuchowicz-Pinilla<\/a><\/li>\n<\/ul>\n<\/li>\n<li class=\"page_item page-item-278 page_item_has_children\"><a href=\"https:\/\/us.edu.pl\/instytut\/ismuz\/dzialalnosc\/\">Dzia\u0142alno\u015b\u0107<\/a>\n<ul class='children'>\n\t<li class=\"page_item page-item-1476\"><a href=\"https:\/\/us.edu.pl\/instytut\/ismuz\/dzialalnosc\/cieszynska-orkiestra-deta-uniwersytetu-slaskiego-w-katowicach\/\">Cieszy\u0144ska Orkiestra D\u0119ta Uniwersytetu \u015al\u0105skiego w Katowicach<\/a><\/li>\n\t<li class=\"page_item page-item-1670\"><a href=\"https:\/\/us.edu.pl\/instytut\/ismuz\/dzialalnosc\/wydzialowy-zespol-folkowy-folkus\/\">Wydzia\u0142owy Zesp\u00f3\u0142 Folkowy FolkU\u015a<\/a><\/li>\n\t<li class=\"page_item page-item-983\"><a href=\"https:\/\/us.edu.pl\/instytut\/ismuz\/dzialalnosc\/kolo-artystyczne-chor-kameralny-a-piacere\/\">Ko\u0142o Artystyczne Ch\u00f3r Kameralny \u201eA piacere\u201d<\/a><\/li>\n<\/ul>\n<\/li>\n<li class=\"page_item page-item-280\"><a href=\"https:\/\/us.edu.pl\/instytut\/ismuz\/wspolpraca\/\">Wsp\u00f3\u0142praca<\/a><\/li>\n<li class=\"page_item page-item-191\"><a href=\"https:\/\/us.edu.pl\/instytut\/ismuz\/rada-naukowa\/\">Rada naukowa<\/a><\/li>\n<li class=\"page_item page-item-208\"><a href=\"https:\/\/us.edu.pl\/instytut\/ismuz\/informacje-ogolne\/\">Informacje og\u00f3lne<\/a><\/li>\n<li class=\"page_item page-item-266\"><a href=\"https:\/\/us.edu.pl\/instytut\/ismuz\/pion-naukowy\/\">Pion naukowy<\/a><\/li>\n<li class=\"page_item page-item-269\"><a href=\"https:\/\/us.edu.pl\/instytut\/ismuz\/pion-dydaktyczny\/\">Pion dydaktyczny<\/a><\/li>\n<li class=\"page_item page-item-275\"><a href=\"https:\/\/us.edu.pl\/instytut\/ismuz\/historia-i-wspolczesnosc\/\">Historia i wsp\u00f3\u0142czesno\u015b\u0107<\/a><\/li>\n<li class=\"page_item page-item-287\"><a href=\"https:\/\/us.edu.pl\/instytut\/ismuz\/kontakt\/\">Kontakt<\/a><\/li>\n<li class=\"page_item page-item-216\"><a href=\"https:\/\/us.edu.pl\/instytut\/ismuz\/prace-dyplomowe\/\">Prace dyplomowe<\/a><\/li>\n<li class=\"page_item page-item-224\"><a href=\"https:\/\/us.edu.pl\/instytut\/ismuz\/ogloszenia\/\">Og\u0142oszenia<\/a><\/li>\n<li class=\"page_item page-item-229\"><a href=\"https:\/\/us.edu.pl\/instytut\/ismuz\/strony-osobiste\/\">Strony osobiste<\/a><\/li>\n<\/ul>\n<\/div>\n<\/div>\r\n                    <\/div>\r\n                <\/div>[\/vc_column][\/vc_row]<\/p>\n","protected":false},"excerpt":{"rendered":"<p>[vc_row][vc_column][\/vc_column][\/vc_row] [&#8230;]<\/p>\n<p><a class=\"btn btn-secondary understrap-read-more-link\" href=\"https:\/\/us.edu.pl\/instytut\/ismuz\/mapa-strony\/\">Read More&#8230;<\/a><\/p>\n","protected":false},"author":29,"featured_media":0,"parent":0,"menu_order":0,"comment_status":"closed","ping_status":"closed","template":"page-templates\/sitemap-template.php","meta":{"_expiration-date-status":"saved","_expiration-date":0,"_expiration-date-type":"","_expiration-date-categories":[],"_expiration-date-options":[]},"acf":[],"_links":{"self":[{"href":"https:\/\/us.edu.pl\/instytut\/ismuz\/wp-json\/wp\/v2\/pages\/66"}],"collection":[{"href":"https:\/\/us.edu.pl\/instytut\/ismuz\/wp-json\/wp\/v2\/pages"}],"about":[{"href":"https:\/\/us.edu.pl\/instytut\/ismuz\/wp-json\/wp\/v2\/types\/page"}],"author":[{"embeddable":true,"href":"https:\/\/us.edu.pl\/instytut\/ismuz\/wp-json\/wp\/v2\/users\/29"}],"replies":[{"embeddable":true,"href":"https:\/\/us.edu.pl\/instytut\/ismuz\/wp-json\/wp\/v2\/comments?post=66"}],"version-history":[{"count":2,"href":"https:\/\/us.edu.pl\/instytut\/ismuz\/wp-json\/wp\/v2\/pages\/66\/revisions"}],"predecessor-version":[{"id":91,"href":"https:\/\/us.edu.pl\/instytut\/ismuz\/wp-json\/wp\/v2\/pages\/66\/revisions\/91"}],"wp:attachment":[{"href":"https:\/\/us.edu.pl\/instytut\/ismuz\/wp-json\/wp\/v2\/media?parent=66"}],"curies":[{"name":"wp","href":"https:\/\/api.w.org\/{rel}","templated":true}]}}