{"id":1007,"date":"2020-11-10T13:56:44","date_gmt":"2020-11-10T12:56:44","guid":{"rendered":"https:\/\/us.edu.pl\/instytut\/isp\/?page_id=1007"},"modified":"2020-11-16T12:46:23","modified_gmt":"2020-11-16T11:46:23","slug":"prof-dr-hab-elzbieta-kuraj","status":"publish","type":"page","link":"https:\/\/us.edu.pl\/instytut\/isp\/wykladowcy\/prof-dr-hab-elzbieta-kuraj\/","title":{"rendered":"Prof. dr hab. El\u017cbieta Kuraj"},"content":{"rendered":"<p>[vc_row][vc_column]\r\n                <div class=\"text-modules\">\r\n                    <div class=\"container\">\r\n                        <h3 class=\"page-title text__title\">Prof. dr hab. El\u017cbieta Kuraj<\/h3>\r\n                        <div class=\"text-modules__content\"><p>Jest absolwentk\u0105 katowickiego Wydzia\u0142u Grafiki Akademii Sztuk Pi\u0119knych w Krakowie. W 1982 roku uzyska\u0142a dyplom z wyr\u00f3\u017cnieniem w zakresie projektowania ksi\u0105\u017cki. By\u0142a wsp\u00f3\u0142za\u0142o\u017cycielk\u0105 Miejskiej Galerii Sztuki \u201eObok\u201d w Tychach, kt\u00f3r\u0105 prowadzi\u0142a w latach 1995-1999. Od 20 lat jest pracownikiem naukowo-dydaktycznym Uniwersytetu \u015al\u0105skiego w Katowicach Wydzia\u0142 Sztuki i Nauk o Edukacji w Cieszynie. W latach 2012-2016 pe\u0142ni\u0142a funkcj\u0119 wicedyrektora ds. artystyczno-naukowych w Instytucie Sztuki. W 2012 roku uzyska\u0142a tytu\u0142 naukowy Profesora. W swojej dzia\u0142alno\u015bci artystycznej anga\u017cowa\u0142a si\u0119 w organizacj\u0119 wystaw interdyscyplinarnych, wystaw malarstwa i emalii artystycznej. Wielokrotnie pe\u0142ni\u0142a funkcj\u0119 jurora w konkursach sztuki, mi\u0119dzy innymi przewodniczy\u0142a Jury 10. Mi\u0119dzynarodowego Biennale Miniatury w Cz\u0119stochowie. Od 2010 roku wsp\u00f3\u0142pracuje z Fundacj\u0105 Email Art Association we Frydlandzie nad Ostrawic\u0105 (Czechy), organizuj\u0105c sympozja i wystawy polsko-czeskie reaktywuj\u0105ce technik\u0119 emalii artystycznej w Polsce. Ma na swoim koncie 62 wystawy indywidualne i udzia\u0142 w wielu wystawach zbiorowych w Polsce i za granic\u0105 oraz ponad 20 nagr\u00f3d za tw\u00f3rczo\u015b\u0107 malarsk\u0105. Ostatni cykl prezentacji realizowanych w trzyletnim projekcie \u201eHarmonia\/dysonans\u201d obejmowa\u0142 9 wystaw indywidualnych El\u017cbiety Kuraj i Janusza Karbowniczka, zorganizowanych w galeriach i o\u015brodkach muzealnych w Polsce i Niemczech. Aktualnie \u2013 we wsp\u00f3\u0142pracy z MDSM \u2013\u00a0 w O\u015bwi\u0119cimiu realizuje projekt Pami\u0119\u0107, po\u015bwi\u0119cony 75. rocznicy zako\u0144czenia II Wojny \u015awiatowej. W projekcie tym uczestnicz\u0105 tw\u00f3rcy emalii artystycznej z 6 kraj\u00f3w europejskich. El\u017cbieta Kuraj pe\u0142ni funkcj\u0119 kuratora i wsp\u00f3\u0142organizatora spotka\u0144, sympozj\u00f3w i wystawy zamykaj\u0105cej projekt.<\/p>\n<\/div>\r\n                    <\/div>\r\n                <\/div>[\/vc_column][\/vc_row][vc_row][vc_column]            \r\n                    <div class=\"container\">\r\n                        <div class=\"gallery gallery_2\" data-images-in-row=\"2\">\r\n                            \r\n                            <div class=\"row m-0\">\r\n                                <a data-fancybox-group=\"button\" title=\"Elz\u0307bieta Kuraj- Arytmiczny-olej,akryl,100x130,2020\" data-fancybox=\"5386\" href=\"https:\/\/us.edu.pl\/instytut\/isp\/wp-content\/uploads\/sites\/46\/Nieprzypisane\/net-Elz\u0307bieta-Kuraj-Arytmiczny-olejakryl100x1302020.jpg\" class=\"gallery__item thumbnail\"\r\n                                    style=\"background-image: url(https:\/\/us.edu.pl\/instytut\/isp\/wp-content\/uploads\/sites\/46\/Nieprzypisane\/net-Elz\u0307bieta-Kuraj-Arytmiczny-olejakryl100x1302020.jpg)\"> <span class=\"d-none\">https:\/\/us.edu.pl\/instytut\/isp\/wp-content\/uploads\/sites\/46\/Nieprzypisane\/net-Elz\u0307bieta-Kuraj-Arytmiczny-olejakryl100x1302020.jpg<\/span> <\/a><a data-fancybox-group=\"button\" title=\"Elz\u0307bieta Kuraj- Konstelacje, olej, akryl, suchy pigment, 100x120,2018\" data-fancybox=\"5386\" href=\"https:\/\/us.edu.pl\/instytut\/isp\/wp-content\/uploads\/sites\/46\/Nieprzypisane\/net-Elz\u0307bieta-Kuraj-Konstelacje-olej-akryl-suchy-pigment-100x1202018.jpg\" class=\"gallery__item thumbnail\"\r\n                                    style=\"background-image: url(https:\/\/us.edu.pl\/instytut\/isp\/wp-content\/uploads\/sites\/46\/Nieprzypisane\/net-Elz\u0307bieta-Kuraj-Konstelacje-olej-akryl-suchy-pigment-100x1202018.jpg)\"> <span class=\"d-none\">https:\/\/us.edu.pl\/instytut\/isp\/wp-content\/uploads\/sites\/46\/Nieprzypisane\/net-Elz\u0307bieta-Kuraj-Konstelacje-olej-akryl-suchy-pigment-100x1202018.jpg<\/span> <\/a><a data-fancybox-group=\"button\" title=\"Elz\u0307bieta Kuraj-Repetycje II- emalia artystyczna, blacha stalowa,70x50, 2020\" data-fancybox=\"5386\" href=\"https:\/\/us.edu.pl\/instytut\/isp\/wp-content\/uploads\/sites\/46\/Nieprzypisane\/net-Elz\u0307bieta-Kuraj-Repetycje-II-emalia-artystyczna-blacha-stalowa70x50-2020.jpg\" class=\"gallery__item thumbnail\"\r\n                                    style=\"background-image: url(https:\/\/us.edu.pl\/instytut\/isp\/wp-content\/uploads\/sites\/46\/Nieprzypisane\/net-Elz\u0307bieta-Kuraj-Repetycje-II-emalia-artystyczna-blacha-stalowa70x50-2020.jpg)\"> <span class=\"d-none\">https:\/\/us.edu.pl\/instytut\/isp\/wp-content\/uploads\/sites\/46\/Nieprzypisane\/net-Elz\u0307bieta-Kuraj-Repetycje-II-emalia-artystyczna-blacha-stalowa70x50-2020.jpg<\/span> <\/a><a data-fancybox-group=\"button\" title=\"Elz\u0307bieta Kuraj- Solar, olej, akryl, 100x120, Grand Prix Pracy Roku 2016\" data-fancybox=\"5386\" href=\"https:\/\/us.edu.pl\/instytut\/isp\/wp-content\/uploads\/sites\/46\/Nieprzypisane\/net-Elz\u0307bieta-Kuraj-Solar-olej-akryl-100x120-Grand-Prix-Pracy-Roku-2016.jpg\" class=\"gallery__item thumbnail\"\r\n                                    style=\"background-image: url(https:\/\/us.edu.pl\/instytut\/isp\/wp-content\/uploads\/sites\/46\/Nieprzypisane\/net-Elz\u0307bieta-Kuraj-Solar-olej-akryl-100x120-Grand-Prix-Pracy-Roku-2016.jpg)\"> <span class=\"d-none\">https:\/\/us.edu.pl\/instytut\/isp\/wp-content\/uploads\/sites\/46\/Nieprzypisane\/net-Elz\u0307bieta-Kuraj-Solar-olej-akryl-100x120-Grand-Prix-Pracy-Roku-2016.jpg<\/span> <\/a><a data-fancybox-group=\"button\" title=\"Elz\u0307bieta Kuraj- S\u0142on\u0301ce Hellady- olej,akryl, 100x120cm, 2019\" data-fancybox=\"5386\" href=\"https:\/\/us.edu.pl\/instytut\/isp\/wp-content\/uploads\/sites\/46\/Nieprzypisane\/net-Elz\u0307bieta-Kuraj-S\u0142on\u0301ce-Hellady-olejakryl-100x120cm-2019.jpg\" class=\"gallery__item thumbnail\"\r\n                                    style=\"background-image: url(https:\/\/us.edu.pl\/instytut\/isp\/wp-content\/uploads\/sites\/46\/Nieprzypisane\/net-Elz\u0307bieta-Kuraj-S\u0142on\u0301ce-Hellady-olejakryl-100x120cm-2019.jpg)\"> <span class=\"d-none\">https:\/\/us.edu.pl\/instytut\/isp\/wp-content\/uploads\/sites\/46\/Nieprzypisane\/net-Elz\u0307bieta-Kuraj-S\u0142on\u0301ce-Hellady-olejakryl-100x120cm-2019.jpg<\/span> <\/a><a data-fancybox-group=\"button\" title=\"Elz\u0307bieta Kuraj- Repetycje I, emalia artystyczna , blacha stalowa, 70x50, 2020\" data-fancybox=\"5386\" href=\"https:\/\/us.edu.pl\/instytut\/isp\/wp-content\/uploads\/sites\/46\/Nieprzypisane\/net-Elz\u0307bieta-Kuraj-Repetycje-I-emalia-artystyczna-blacha-stalowa-70x50-2020.jpg\" class=\"gallery__item thumbnail\"\r\n                                    style=\"background-image: url(https:\/\/us.edu.pl\/instytut\/isp\/wp-content\/uploads\/sites\/46\/Nieprzypisane\/net-Elz\u0307bieta-Kuraj-Repetycje-I-emalia-artystyczna-blacha-stalowa-70x50-2020.jpg)\"> <span class=\"d-none\">https:\/\/us.edu.pl\/instytut\/isp\/wp-content\/uploads\/sites\/46\/Nieprzypisane\/net-Elz\u0307bieta-Kuraj-Repetycje-I-emalia-artystyczna-blacha-stalowa-70x50-2020.jpg<\/span> <\/a><a data-fancybox-group=\"button\" title=\"Elz\u0307bieta Kuraj- Ptaki, emalia artystyczna, blacha stalowa, 2016\" data-fancybox=\"5386\" href=\"https:\/\/us.edu.pl\/instytut\/isp\/wp-content\/uploads\/sites\/46\/Nieprzypisane\/net-Elz\u0307bieta-Kuraj-Ptaki-emalia-artystyczna-blacha-stalowa-2016.jpg\" class=\"gallery__item thumbnail\"\r\n                                    style=\"background-image: url(https:\/\/us.edu.pl\/instytut\/isp\/wp-content\/uploads\/sites\/46\/Nieprzypisane\/net-Elz\u0307bieta-Kuraj-Ptaki-emalia-artystyczna-blacha-stalowa-2016.jpg)\"> <span class=\"d-none\">https:\/\/us.edu.pl\/instytut\/isp\/wp-content\/uploads\/sites\/46\/Nieprzypisane\/net-Elz\u0307bieta-Kuraj-Ptaki-emalia-artystyczna-blacha-stalowa-2016.jpg<\/span> <\/a><a data-fancybox-group=\"button\" title=\"Elz\u0307bieta Kuraj- Promenada , olej, akryl, suchy pigment, 130x100, 2015\" data-fancybox=\"5386\" href=\"https:\/\/us.edu.pl\/instytut\/isp\/wp-content\/uploads\/sites\/46\/Nieprzypisane\/net-Elz\u0307bieta-Kuraj-Promenada-olej-akryl-suchy-pigment-130x100-2015.jpg\" class=\"gallery__item thumbnail\"\r\n                                    style=\"background-image: url(https:\/\/us.edu.pl\/instytut\/isp\/wp-content\/uploads\/sites\/46\/Nieprzypisane\/net-Elz\u0307bieta-Kuraj-Promenada-olej-akryl-suchy-pigment-130x100-2015.jpg)\"> <span class=\"d-none\">https:\/\/us.edu.pl\/instytut\/isp\/wp-content\/uploads\/sites\/46\/Nieprzypisane\/net-Elz\u0307bieta-Kuraj-Promenada-olej-akryl-suchy-pigment-130x100-2015.jpg<\/span> <\/a>\r\n                            <\/div>\r\n                    <\/div>\r\n                <\/div>[\/vc_column][\/vc_row]<\/p>","protected":false},"excerpt":{"rendered":"<p>[vc_row][vc_column][\/vc_column][\/vc_row][vc_row][vc_column][\/vc_column][\/vc_row] [&#8230;]<\/p>\n<p><a class=\"btn btn-secondary understrap-read-more-link\" href=\"https:\/\/us.edu.pl\/instytut\/isp\/wykladowcy\/prof-dr-hab-elzbieta-kuraj\/\">Read More&#8230;<\/a><\/p>\n","protected":false},"author":110,"featured_media":0,"parent":995,"menu_order":0,"comment_status":"closed","ping_status":"closed","template":"","meta":{"_expiration-date-status":"saved","_expiration-date":0,"_expiration-date-type":"","_expiration-date-categories":[],"_expiration-date-options":[]},"acf":[],"_links":{"self":[{"href":"https:\/\/us.edu.pl\/instytut\/isp\/wp-json\/wp\/v2\/pages\/1007"}],"collection":[{"href":"https:\/\/us.edu.pl\/instytut\/isp\/wp-json\/wp\/v2\/pages"}],"about":[{"href":"https:\/\/us.edu.pl\/instytut\/isp\/wp-json\/wp\/v2\/types\/page"}],"author":[{"embeddable":true,"href":"https:\/\/us.edu.pl\/instytut\/isp\/wp-json\/wp\/v2\/users\/110"}],"replies":[{"embeddable":true,"href":"https:\/\/us.edu.pl\/instytut\/isp\/wp-json\/wp\/v2\/comments?post=1007"}],"version-history":[{"count":4,"href":"https:\/\/us.edu.pl\/instytut\/isp\/wp-json\/wp\/v2\/pages\/1007\/revisions"}],"predecessor-version":[{"id":1105,"href":"https:\/\/us.edu.pl\/instytut\/isp\/wp-json\/wp\/v2\/pages\/1007\/revisions\/1105"}],"up":[{"embeddable":true,"href":"https:\/\/us.edu.pl\/instytut\/isp\/wp-json\/wp\/v2\/pages\/995"}],"wp:attachment":[{"href":"https:\/\/us.edu.pl\/instytut\/isp\/wp-json\/wp\/v2\/media?parent=1007"}],"curies":[{"name":"wp","href":"https:\/\/api.w.org\/{rel}","templated":true}]}}