{"id":1011,"date":"2020-11-10T13:59:59","date_gmt":"2020-11-10T12:59:59","guid":{"rendered":"https:\/\/us.edu.pl\/instytut\/isp\/?page_id=1011"},"modified":"2022-10-25T11:09:43","modified_gmt":"2022-10-25T09:09:43","slug":"dr-hab-ireneusz-botor","status":"publish","type":"page","link":"https:\/\/us.edu.pl\/instytut\/isp\/wykladowcy\/dr-hab-ireneusz-botor\/","title":{"rendered":"dr hab. Ireneusz Botor, prof. U\u015a"},"content":{"rendered":"<p>[vc_row][vc_column]\r\n                <div class=\"text-modules\">\r\n                    <div class=\"container\">\r\n                        <h3 class=\"page-title text__title\">dr hab. Ireneusz Botor, prof. U\u015a<\/h3>\r\n                        <div class=\"text-modules__content\"><p>Urodzony w 1956 roku. Absolwent Akademii Sztuk Pi\u0119knych im. Jana Matejki w Krakowie \u2013 Wydzia\u0142u Grafiki w Katowicach. Od 2004 pracuje na Uniwersytecie \u015al\u0105skim. Bra\u0142 udzia\u0142 w prezentacjach sztuki polskiej w muzeach na terenie Holandii i Niemiec oraz w wystawach w USA i Czechach. Laureat Br\u0105zowego Medalu w Konkursie Malarskim \u201eBielska Jesie\u0144\u201d (1984). Stypendysta Urz\u0119du Marsza\u0142kowskiego (2004). Wsp\u00f3\u0142tw\u00f3rca malarskiego zbioru \u201e\u015alady\u201d. Uczestnik fina\u0142owej wystawy \u201eBielska Jesie\u0144\u201d (2019). Zajmuje si\u0119 malarstwem freskowym we wn\u0119trzach sakralnych (fresk mokry) oraz malarstwem sztalugowym podejmuj\u0105cym tematy wsp\u00f3\u0142czesno\u015bci. Posiada autorskie realizacje malarstwa monumentalnego w Neusiedl\/Zaya w Austrii oraz w Katowicach (8 plafon\u00f3w) i w Tychach (12 plafon\u00f3w). W sztuce opr\u00f3cz aktualnej tematyki interesuj\u0105 go zagadnienia kulturowe wobec zjawisk globalizacji, jest zainteresowany r\u00f3wnie\u017c zagadnieniami wprowadzenia \u201ewarto\u015bci dodanej\u201d kultury polskiej i europejskiej. Prowadzi prace badawcze nad zastosowaniem fresku mokrego z uwzgl\u0119dnieniem percepcji cz\u0142owieka XXI w.<\/p>\n<\/div>\r\n                    <\/div>\r\n                <\/div>[\/vc_column][\/vc_row][vc_row][vc_column]            \r\n                    <div class=\"container\">\r\n                        <div class=\"gallery gallery_2\" data-images-in-row=\"2\">\r\n                            \r\n                            <div class=\"row m-0\">\r\n                                <a data-fancybox-group=\"button\" title=\"autoportret-foto-Ireneusz-Botor\" data-fancybox=\"4694\" href=\"https:\/\/us.edu.pl\/instytut\/isp\/wp-content\/uploads\/sites\/46\/Nieprzypisane\/net-autoportret-foto-Ireneusz-Botor.jpg\" class=\"gallery__item thumbnail\"\r\n                                    style=\"background-image: url(https:\/\/us.edu.pl\/instytut\/isp\/wp-content\/uploads\/sites\/46\/Nieprzypisane\/net-autoportret-foto-Ireneusz-Botor.jpg)\"> <span class=\"d-none\">https:\/\/us.edu.pl\/instytut\/isp\/wp-content\/uploads\/sites\/46\/Nieprzypisane\/net-autoportret-foto-Ireneusz-Botor.jpg<\/span> <\/a><a data-fancybox-group=\"button\" title=\"freski w kosciele pw MBCz w Katowicach. Ca\u0142os\u0301c\u0301 (1)\" data-fancybox=\"4694\" href=\"https:\/\/us.edu.pl\/instytut\/isp\/wp-content\/uploads\/sites\/46\/Nieprzypisane\/net-freski-w-kosciele-pw-MBCz-w-Katowicach.-Ca\u0142os\u0301c\u0301-1.jpg\" class=\"gallery__item thumbnail\"\r\n                                    style=\"background-image: url(https:\/\/us.edu.pl\/instytut\/isp\/wp-content\/uploads\/sites\/46\/Nieprzypisane\/net-freski-w-kosciele-pw-MBCz-w-Katowicach.-Ca\u0142os\u0301c\u0301-1.jpg)\"> <span class=\"d-none\">https:\/\/us.edu.pl\/instytut\/isp\/wp-content\/uploads\/sites\/46\/Nieprzypisane\/net-freski-w-kosciele-pw-MBCz-w-Katowicach.-Ca\u0142os\u0301c\u0301-1.jpg<\/span> <\/a><a data-fancybox-group=\"button\" title=\"freski w kosciele pw MBCz w Katowicach. Ca\u0142os\u0301c\u0301 (2)\" data-fancybox=\"4694\" href=\"https:\/\/us.edu.pl\/instytut\/isp\/wp-content\/uploads\/sites\/46\/Nieprzypisane\/net-freski-w-kosciele-pw-MBCz-w-Katowicach.-Ca\u0142os\u0301c\u0301-2.jpg\" class=\"gallery__item thumbnail\"\r\n                                    style=\"background-image: url(https:\/\/us.edu.pl\/instytut\/isp\/wp-content\/uploads\/sites\/46\/Nieprzypisane\/net-freski-w-kosciele-pw-MBCz-w-Katowicach.-Ca\u0142os\u0301c\u0301-2.jpg)\"> <span class=\"d-none\">https:\/\/us.edu.pl\/instytut\/isp\/wp-content\/uploads\/sites\/46\/Nieprzypisane\/net-freski-w-kosciele-pw-MBCz-w-Katowicach.-Ca\u0142os\u0301c\u0301-2.jpg<\/span> <\/a><a data-fancybox-group=\"button\" title=\"Ucieczka do Egiptu, al fresco, 260x260 cm\" data-fancybox=\"4694\" href=\"https:\/\/us.edu.pl\/instytut\/isp\/wp-content\/uploads\/sites\/46\/Nieprzypisane\/net-Ucieczka-do-Egiptu-al-fresco-260x260-cm.jpg\" class=\"gallery__item thumbnail\"\r\n                                    style=\"background-image: url(https:\/\/us.edu.pl\/instytut\/isp\/wp-content\/uploads\/sites\/46\/Nieprzypisane\/net-Ucieczka-do-Egiptu-al-fresco-260x260-cm.jpg)\"> <span class=\"d-none\">https:\/\/us.edu.pl\/instytut\/isp\/wp-content\/uploads\/sites\/46\/Nieprzypisane\/net-Ucieczka-do-Egiptu-al-fresco-260x260-cm.jpg<\/span> <\/a><a data-fancybox-group=\"button\" title=\"Zas\u0301lubiny, al fresco, 260x260 cm\" data-fancybox=\"4694\" href=\"https:\/\/us.edu.pl\/instytut\/isp\/wp-content\/uploads\/sites\/46\/Nieprzypisane\/net-Zas\u0301lubiny-al-fresco-260x260-cm.jpg\" class=\"gallery__item thumbnail\"\r\n                                    style=\"background-image: url(https:\/\/us.edu.pl\/instytut\/isp\/wp-content\/uploads\/sites\/46\/Nieprzypisane\/net-Zas\u0301lubiny-al-fresco-260x260-cm.jpg)\"> <span class=\"d-none\">https:\/\/us.edu.pl\/instytut\/isp\/wp-content\/uploads\/sites\/46\/Nieprzypisane\/net-Zas\u0301lubiny-al-fresco-260x260-cm.jpg<\/span> <\/a><a data-fancybox-group=\"button\" title=\"Zwiastowanie, al fresco, 260x260 cm\" data-fancybox=\"4694\" href=\"https:\/\/us.edu.pl\/instytut\/isp\/wp-content\/uploads\/sites\/46\/Nieprzypisane\/net-Zwiastowanie-al-fresco-260x260-cm.jpg\" class=\"gallery__item thumbnail\"\r\n                                    style=\"background-image: url(https:\/\/us.edu.pl\/instytut\/isp\/wp-content\/uploads\/sites\/46\/Nieprzypisane\/net-Zwiastowanie-al-fresco-260x260-cm.jpg)\"> <span class=\"d-none\">https:\/\/us.edu.pl\/instytut\/isp\/wp-content\/uploads\/sites\/46\/Nieprzypisane\/net-Zwiastowanie-al-fresco-260x260-cm.jpg<\/span> <\/a>\r\n                            <\/div>\r\n                    <\/div>\r\n                <\/div>[\/vc_column][\/vc_row]<\/p>","protected":false},"excerpt":{"rendered":"<p>[vc_row][vc_column][\/vc_column][\/vc_row][vc_row][vc_column][\/vc_column][\/vc_row] [&#8230;]<\/p>\n<p><a class=\"btn btn-secondary understrap-read-more-link\" href=\"https:\/\/us.edu.pl\/instytut\/isp\/wykladowcy\/dr-hab-ireneusz-botor\/\">Read More&#8230;<\/a><\/p>\n","protected":false},"author":110,"featured_media":0,"parent":995,"menu_order":0,"comment_status":"closed","ping_status":"closed","template":"","meta":{"_expiration-date-status":"","_expiration-date":0,"_expiration-date-type":"","_expiration-date-categories":[],"_expiration-date-options":[]},"acf":[],"_links":{"self":[{"href":"https:\/\/us.edu.pl\/instytut\/isp\/wp-json\/wp\/v2\/pages\/1011"}],"collection":[{"href":"https:\/\/us.edu.pl\/instytut\/isp\/wp-json\/wp\/v2\/pages"}],"about":[{"href":"https:\/\/us.edu.pl\/instytut\/isp\/wp-json\/wp\/v2\/types\/page"}],"author":[{"embeddable":true,"href":"https:\/\/us.edu.pl\/instytut\/isp\/wp-json\/wp\/v2\/users\/110"}],"replies":[{"embeddable":true,"href":"https:\/\/us.edu.pl\/instytut\/isp\/wp-json\/wp\/v2\/comments?post=1011"}],"version-history":[{"count":3,"href":"https:\/\/us.edu.pl\/instytut\/isp\/wp-json\/wp\/v2\/pages\/1011\/revisions"}],"predecessor-version":[{"id":2682,"href":"https:\/\/us.edu.pl\/instytut\/isp\/wp-json\/wp\/v2\/pages\/1011\/revisions\/2682"}],"up":[{"embeddable":true,"href":"https:\/\/us.edu.pl\/instytut\/isp\/wp-json\/wp\/v2\/pages\/995"}],"wp:attachment":[{"href":"https:\/\/us.edu.pl\/instytut\/isp\/wp-json\/wp\/v2\/media?parent=1011"}],"curies":[{"name":"wp","href":"https:\/\/api.w.org\/{rel}","templated":true}]}}