{"id":1013,"date":"2020-11-10T14:01:21","date_gmt":"2020-11-10T13:01:21","guid":{"rendered":"https:\/\/us.edu.pl\/instytut\/isp\/?page_id=1013"},"modified":"2020-11-17T14:50:13","modified_gmt":"2020-11-17T13:50:13","slug":"dr-katarzyna-hilszczanska","status":"publish","type":"page","link":"https:\/\/us.edu.pl\/instytut\/isp\/wykladowcy\/dr-katarzyna-hilszczanska\/","title":{"rendered":"dr Katarzyna Hilszcza\u0144ska"},"content":{"rendered":"<p>[vc_row][vc_column]\r\n                <div class=\"text-modules\">\r\n                    <div class=\"container\">\r\n                        <h3 class=\"page-title text__title\">dr Katarzyna Hilszcza\u0144ska<\/h3>\r\n                        <div class=\"text-modules__content\"><p>Nauczyciel akademicki, artystka sztuk wizualnych, absolwentka Akademii Sztuk Pi\u0119knych w Katowicach. Od 2008 roku zwi\u0105zana z Uniwersytetem \u015al\u0105skim, od 4 lat adiunkt na Wydziale Sztuki i Nauk o Edukacji. Od 2018 prowadzi Pracowni\u0119 Grafiki Konceptualnej. Bra\u0142a udzia\u0142 w wielu wystawach indywidualnych i zbiorowych, w kraju i za granic\u0105. Jej prace mo\u017cna znale\u017a\u0107 w wielu kolekcjach prywatnych. Od 2018 roku wsp\u00f3\u0142tworzy projekt artystyczny \u201eAdo Hilka\u201d, w kt\u00f3rym odnosi si\u0119 do r\u00f3\u017cnych dziedzin sztuki wsp\u00f3\u0142czesnej, od klasycznego malarstwa i grafiki, po media cyfrowe, instalacje audiowizualne, fotografie i akcje krajobrazowe. W 2019 rozpocz\u0119\u0142a prace nad projektem \u201eThe Garden of floral delights\u201d, polegaj\u0105cym na wytr\u0105caniu barwnik\u00f3w z lokalnych ro\u015blin oraz u\u017cywanie ich do tworzenia obiekt\u00f3w inspirowanych pobliskim krajobrazem. Do tej pory projekt by\u0142 realizowany w Polsce \u2013 na g\u00f3rnym \u015bl\u0105sku oraz w po\u0142udniowo-wschodniej Andaluzji (Hiszpania). Prywatnie fanka disc golfa i springer spaniela Carlosa.<\/p>\n<p>Wybrane wystawy: Taohuatan 5th International Artist Residency Exhibition (Kurume Gallery, Hefei, Chiny); Wystawa Malarstwa Wsp\u00f3\u0142czesnego \u201eBielska Jesie\u0144\u201d (BWA w Bielsku-Bia\u0142ej); Mi\u0119dzynarodowa Wystawa Grafiki (Stambu\u0142, Turcja); Mi\u0119dzynarodowe Biennale Grafiki (Guanlan, Chiny); Mi\u0119dzynarodowe Triennale Grafiki IMPRINT (Akademia Sztuk Pi\u0119knych w Warszawie i Fundacja Tadeusza Kulisiewicza); International Print Awards \u2013 Carmen Arozena (Madryt, Hiszpania); Mi\u0119dzynarodowe Biennale Grafiki (Narodowe Tajwa\u0144skie Muzeum Sztuk Pi\u0119knych); Mi\u0119dzynarodowa wystawa graficzna (Rochester Contemporary Art Center, Nowy<\/p>\n<p>Jork, USA); Mi\u0119dzynarodowa wystawa graficzna (Centro Cultural Arqitectura Universidad Autonoma de Nuevo Leon, Monterrey, Meksyk).<\/p>\n<\/div>\r\n                    <\/div>\r\n                <\/div>[\/vc_column][\/vc_row][vc_row][vc_column]            \r\n                    <div class=\"container\">\r\n                        <div class=\"gallery gallery_2\" data-images-in-row=\"2\">\r\n                            \r\n                            <div class=\"row m-0\">\r\n                                <a data-fancybox-group=\"button\" title=\"1.The Garden of floral delights, Landszaft 2, barwniki ros\u0301linne, p\u0142o\u0301tno, papier chin\u0301ski\" data-fancybox=\"6757\" href=\"https:\/\/us.edu.pl\/instytut\/isp\/wp-content\/uploads\/sites\/46\/Nieprzypisane\/1.The-Garden-of-floral-delights-Landszaft-2-barwniki-ros\u0301linne-p\u0142o\u0301tno-papier-chin\u0301ski.jpg\" class=\"gallery__item thumbnail\"\r\n                                    style=\"background-image: url(https:\/\/us.edu.pl\/instytut\/isp\/wp-content\/uploads\/sites\/46\/Nieprzypisane\/1.The-Garden-of-floral-delights-Landszaft-2-barwniki-ros\u0301linne-p\u0142o\u0301tno-papier-chin\u0301ski-1024x741.jpg)\"> <span class=\"d-none\">https:\/\/us.edu.pl\/instytut\/isp\/wp-content\/uploads\/sites\/46\/Nieprzypisane\/1.The-Garden-of-floral-delights-Landszaft-2-barwniki-ros\u0301linne-p\u0142o\u0301tno-papier-chin\u0301ski.jpg<\/span> <\/a><a data-fancybox-group=\"button\" title=\"2.pink superman.olej na p\u0142o\u0301tnie jpg\" data-fancybox=\"6757\" href=\"https:\/\/us.edu.pl\/instytut\/isp\/wp-content\/uploads\/sites\/46\/Nieprzypisane\/2.pink-superman.olej-na-p\u0142o\u0301tnie-jpg.jpg\" class=\"gallery__item thumbnail\"\r\n                                    style=\"background-image: url(https:\/\/us.edu.pl\/instytut\/isp\/wp-content\/uploads\/sites\/46\/Nieprzypisane\/2.pink-superman.olej-na-p\u0142o\u0301tnie-jpg-1024x816.jpg)\"> <span class=\"d-none\">https:\/\/us.edu.pl\/instytut\/isp\/wp-content\/uploads\/sites\/46\/Nieprzypisane\/2.pink-superman.olej-na-p\u0142o\u0301tnie-jpg.jpg<\/span> <\/a><a data-fancybox-group=\"button\" title=\"3.hilka_ado_interiors5_2017_90x55_ol_\" data-fancybox=\"6757\" href=\"https:\/\/us.edu.pl\/instytut\/isp\/wp-content\/uploads\/sites\/46\/Nieprzypisane\/3.hilka_ado_interiors5_2017_90x55_ol_.jpg\" class=\"gallery__item thumbnail\"\r\n                                    style=\"background-image: url(https:\/\/us.edu.pl\/instytut\/isp\/wp-content\/uploads\/sites\/46\/Nieprzypisane\/3.hilka_ado_interiors5_2017_90x55_ol_-1024x626.jpg)\"> <span class=\"d-none\">https:\/\/us.edu.pl\/instytut\/isp\/wp-content\/uploads\/sites\/46\/Nieprzypisane\/3.hilka_ado_interiors5_2017_90x55_ol_.jpg<\/span> <\/a><a data-fancybox-group=\"button\" title=\"4.bad afternoon.rysunek. jpg\" data-fancybox=\"6757\" href=\"https:\/\/us.edu.pl\/instytut\/isp\/wp-content\/uploads\/sites\/46\/Nieprzypisane\/4.bad-afternoon.rysunek.-jpg.jpg\" class=\"gallery__item thumbnail\"\r\n                                    style=\"background-image: url(https:\/\/us.edu.pl\/instytut\/isp\/wp-content\/uploads\/sites\/46\/Nieprzypisane\/4.bad-afternoon.rysunek.-jpg-1024x708.jpg)\"> <span class=\"d-none\">https:\/\/us.edu.pl\/instytut\/isp\/wp-content\/uploads\/sites\/46\/Nieprzypisane\/4.bad-afternoon.rysunek.-jpg.jpg<\/span> <\/a><a data-fancybox-group=\"button\" title=\"5.ecce homo. digital print jpg\" data-fancybox=\"6757\" href=\"https:\/\/us.edu.pl\/instytut\/isp\/wp-content\/uploads\/sites\/46\/Nieprzypisane\/5.ecce-homo.-digital-print-jpg.jpg\" class=\"gallery__item thumbnail\"\r\n                                    style=\"background-image: url(https:\/\/us.edu.pl\/instytut\/isp\/wp-content\/uploads\/sites\/46\/Nieprzypisane\/5.ecce-homo.-digital-print-jpg-1024x717.jpg)\"> <span class=\"d-none\">https:\/\/us.edu.pl\/instytut\/isp\/wp-content\/uploads\/sites\/46\/Nieprzypisane\/5.ecce-homo.-digital-print-jpg.jpg<\/span> <\/a><a data-fancybox-group=\"button\" title=\"6.underwater love. olej na p\u0142o\u0301tniejpg\" data-fancybox=\"6757\" href=\"https:\/\/us.edu.pl\/instytut\/isp\/wp-content\/uploads\/sites\/46\/Nieprzypisane\/6.underwater-love.-olej-na-p\u0142o\u0301tniejpg.jpg\" class=\"gallery__item thumbnail\"\r\n                                    style=\"background-image: url(https:\/\/us.edu.pl\/instytut\/isp\/wp-content\/uploads\/sites\/46\/Nieprzypisane\/6.underwater-love.-olej-na-p\u0142o\u0301tniejpg-1024x845.jpg)\"> <span class=\"d-none\">https:\/\/us.edu.pl\/instytut\/isp\/wp-content\/uploads\/sites\/46\/Nieprzypisane\/6.underwater-love.-olej-na-p\u0142o\u0301tniejpg.jpg<\/span> <\/a>\r\n                            <\/div>\r\n                    <\/div>\r\n                <\/div>[\/vc_column][\/vc_row]<\/p>","protected":false},"excerpt":{"rendered":"<p>[vc_row][vc_column][\/vc_column][\/vc_row][vc_row][vc_column][\/vc_column][\/vc_row] [&#8230;]<\/p>\n<p><a class=\"btn btn-secondary understrap-read-more-link\" href=\"https:\/\/us.edu.pl\/instytut\/isp\/wykladowcy\/dr-katarzyna-hilszczanska\/\">Read More&#8230;<\/a><\/p>\n","protected":false},"author":110,"featured_media":0,"parent":995,"menu_order":0,"comment_status":"closed","ping_status":"closed","template":"","meta":{"_expiration-date-status":"saved","_expiration-date":0,"_expiration-date-type":"","_expiration-date-categories":[],"_expiration-date-options":[]},"acf":[],"_links":{"self":[{"href":"https:\/\/us.edu.pl\/instytut\/isp\/wp-json\/wp\/v2\/pages\/1013"}],"collection":[{"href":"https:\/\/us.edu.pl\/instytut\/isp\/wp-json\/wp\/v2\/pages"}],"about":[{"href":"https:\/\/us.edu.pl\/instytut\/isp\/wp-json\/wp\/v2\/types\/page"}],"author":[{"embeddable":true,"href":"https:\/\/us.edu.pl\/instytut\/isp\/wp-json\/wp\/v2\/users\/110"}],"replies":[{"embeddable":true,"href":"https:\/\/us.edu.pl\/instytut\/isp\/wp-json\/wp\/v2\/comments?post=1013"}],"version-history":[{"count":2,"href":"https:\/\/us.edu.pl\/instytut\/isp\/wp-json\/wp\/v2\/pages\/1013\/revisions"}],"predecessor-version":[{"id":1169,"href":"https:\/\/us.edu.pl\/instytut\/isp\/wp-json\/wp\/v2\/pages\/1013\/revisions\/1169"}],"up":[{"embeddable":true,"href":"https:\/\/us.edu.pl\/instytut\/isp\/wp-json\/wp\/v2\/pages\/995"}],"wp:attachment":[{"href":"https:\/\/us.edu.pl\/instytut\/isp\/wp-json\/wp\/v2\/media?parent=1013"}],"curies":[{"name":"wp","href":"https:\/\/api.w.org\/{rel}","templated":true}]}}