{"id":1021,"date":"2020-11-10T14:12:06","date_gmt":"2020-11-10T13:12:06","guid":{"rendered":"https:\/\/us.edu.pl\/instytut\/isp\/?page_id=1021"},"modified":"2022-10-25T11:06:32","modified_gmt":"2022-10-25T09:06:32","slug":"katarzyna-gielecka-grzemska","status":"publish","type":"page","link":"https:\/\/us.edu.pl\/instytut\/isp\/wykladowcy\/katarzyna-gielecka-grzemska\/","title":{"rendered":"dr Katarzyna Gielecka-Grzemska"},"content":{"rendered":"<p>[vc_row][vc_column]\r\n                <div class=\"text-modules\">\r\n                    <div class=\"container\">\r\n                        <h3 class=\"page-title text__title\">dr Katarzyna Gielecka-Grzemska<\/h3>\r\n                        <div class=\"text-modules__content\"><p>Urodzona w Lublinie (1985). Absolwentka Akademii Sztuk Pi\u0119knych w Katowicach, gdzie w 2010 obroni\u0142a tytu\u0142 magistra w pracowni sitodruku prof. Waldemara W\u0119grzyna. Czynnie zajmuje si\u0119 grafik\u0105, g\u0142\u00f3wnie sitodrukiem. Jej grafiki to historie g\u0142\u00f3wnie o cz\u0142owieku i jego kondycji. W przedstawianych przez ni\u0105 obrazach dominuje tematyka cielesno\u015bci.<\/p>\n<p>Bierze udzia\u0142 w wystawach krajowych i zagranicznych, gdzie wystawia swoje prace artystyczne. Najnowsze sitodruki zaprezentowa\u0142a m.in. na wystawach: International Biennial Print Exhibit: R.O.C. (Tajwan, 2020); 11th Kochi Triennial Exhibition of Prints (Japonia, 2020); 7th NBC MESHTECH Tokyo International Screen Print Biennial (Tokio, 2019) gdzie otrzyma\u0142a nagrod\u0119. W swojej grafice cz\u0119sto eksperymentuje i ch\u0119tnie poszukuje nowych \u015brodk\u00f3w wyrazu. \u0141\u0105czy klasyczne techniki druku z nowymi technologiami, wykorzystuj\u0105c swoj\u0105 wiedz\u0119 i zami\u0142owania naukowe. W pracowni artystycznej korzysta m.in. z plotera laserowego czy druku 3D do tworzenia matryc graficznych, kt\u00f3re urozmaicaj\u0105 warsztat graficzny. Skupia si\u0119 tak\u017ce na ekologii i technologii druku oraz \u015brodowisku pracy grafika. Dodatkowo zajmuje si\u0119 tworzeniem grafiki stron internetowych, projektowaniem UX\/UI oraz prototypowaniem stron www i aplikacji mobilnych, wsp\u00f3\u0142pracuj\u0105c ze \u015brodowiskiem informatycznym.<\/p>\n<\/div>\r\n                    <\/div>\r\n                <\/div>[\/vc_column][\/vc_row][vc_row][vc_column]            \r\n                    <div class=\"container\">\r\n                        <div class=\"gallery gallery_2\" data-images-in-row=\"2\">\r\n                            \r\n                            <div class=\"row m-0\">\r\n                                <a data-fancybox-group=\"button\" title=\"\u201eBezsilnie\u201d, 63x90 cm, sitodruk\" data-fancybox=\"9818\" href=\"https:\/\/us.edu.pl\/instytut\/isp\/wp-content\/uploads\/sites\/46\/Nieprzypisane\/\u201eBezsilnie\u201d-63x90-cm-sitodruk.jpg\" class=\"gallery__item thumbnail\"\r\n                                    style=\"background-image: url(https:\/\/us.edu.pl\/instytut\/isp\/wp-content\/uploads\/sites\/46\/Nieprzypisane\/\u201eBezsilnie\u201d-63x90-cm-sitodruk.jpg)\"> <span class=\"d-none\">https:\/\/us.edu.pl\/instytut\/isp\/wp-content\/uploads\/sites\/46\/Nieprzypisane\/\u201eBezsilnie\u201d-63x90-cm-sitodruk.jpg<\/span> <\/a><a data-fancybox-group=\"button\" title=\"\u201ePowstaje\u0328\u201d, 63x90 cm, sitodruk\" data-fancybox=\"9818\" href=\"https:\/\/us.edu.pl\/instytut\/isp\/wp-content\/uploads\/sites\/46\/Nieprzypisane\/\u201ePowstaje\u0328\u201d-63x90-cm-sitodruk.jpg\" class=\"gallery__item thumbnail\"\r\n                                    style=\"background-image: url(https:\/\/us.edu.pl\/instytut\/isp\/wp-content\/uploads\/sites\/46\/Nieprzypisane\/\u201ePowstaje\u0328\u201d-63x90-cm-sitodruk.jpg)\"> <span class=\"d-none\">https:\/\/us.edu.pl\/instytut\/isp\/wp-content\/uploads\/sites\/46\/Nieprzypisane\/\u201ePowstaje\u0328\u201d-63x90-cm-sitodruk.jpg<\/span> <\/a><a data-fancybox-group=\"button\" title=\"\u201ePrzygasam\u201d, 63x90 cm, sitodruk\" data-fancybox=\"9818\" href=\"https:\/\/us.edu.pl\/instytut\/isp\/wp-content\/uploads\/sites\/46\/Nieprzypisane\/\u201ePrzygasam\u201d-63x90-cm-sitodruk.jpg\" class=\"gallery__item thumbnail\"\r\n                                    style=\"background-image: url(https:\/\/us.edu.pl\/instytut\/isp\/wp-content\/uploads\/sites\/46\/Nieprzypisane\/\u201ePrzygasam\u201d-63x90-cm-sitodruk.jpg)\"> <span class=\"d-none\">https:\/\/us.edu.pl\/instytut\/isp\/wp-content\/uploads\/sites\/46\/Nieprzypisane\/\u201ePrzygasam\u201d-63x90-cm-sitodruk.jpg<\/span> <\/a><a data-fancybox-group=\"button\" title=\"\u201eWyczekuja\u0328c\u201d, 63x90 cm, sitodruk\" data-fancybox=\"9818\" href=\"https:\/\/us.edu.pl\/instytut\/isp\/wp-content\/uploads\/sites\/46\/Nieprzypisane\/\u201eWyczekuja\u0328c\u201d-63x90-cm-sitodruk.jpg\" class=\"gallery__item thumbnail\"\r\n                                    style=\"background-image: url(https:\/\/us.edu.pl\/instytut\/isp\/wp-content\/uploads\/sites\/46\/Nieprzypisane\/\u201eWyczekuja\u0328c\u201d-63x90-cm-sitodruk.jpg)\"> <span class=\"d-none\">https:\/\/us.edu.pl\/instytut\/isp\/wp-content\/uploads\/sites\/46\/Nieprzypisane\/\u201eWyczekuja\u0328c\u201d-63x90-cm-sitodruk.jpg<\/span> <\/a><a data-fancybox-group=\"button\" title=\"\u201eZawieszona\u201d, 63x90 cm, sitodruk\" data-fancybox=\"9818\" href=\"https:\/\/us.edu.pl\/instytut\/isp\/wp-content\/uploads\/sites\/46\/Nieprzypisane\/\u201eZawieszona\u201d-63x90-cm-sitodruk.jpg\" class=\"gallery__item thumbnail\"\r\n                                    style=\"background-image: url(https:\/\/us.edu.pl\/instytut\/isp\/wp-content\/uploads\/sites\/46\/Nieprzypisane\/\u201eZawieszona\u201d-63x90-cm-sitodruk.jpg)\"> <span class=\"d-none\">https:\/\/us.edu.pl\/instytut\/isp\/wp-content\/uploads\/sites\/46\/Nieprzypisane\/\u201eZawieszona\u201d-63x90-cm-sitodruk.jpg<\/span> <\/a>\r\n                            <\/div>\r\n                    <\/div>\r\n                <\/div>[\/vc_column][\/vc_row]<\/p>","protected":false},"excerpt":{"rendered":"<p>[vc_row][vc_column][\/vc_column][\/vc_row][vc_row][vc_column][\/vc_column][\/vc_row] [&#8230;]<\/p>\n<p><a class=\"btn btn-secondary understrap-read-more-link\" href=\"https:\/\/us.edu.pl\/instytut\/isp\/wykladowcy\/katarzyna-gielecka-grzemska\/\">Read More&#8230;<\/a><\/p>\n","protected":false},"author":110,"featured_media":0,"parent":995,"menu_order":0,"comment_status":"closed","ping_status":"closed","template":"","meta":{"_expiration-date-status":"","_expiration-date":0,"_expiration-date-type":"","_expiration-date-categories":[],"_expiration-date-options":[]},"acf":[],"_links":{"self":[{"href":"https:\/\/us.edu.pl\/instytut\/isp\/wp-json\/wp\/v2\/pages\/1021"}],"collection":[{"href":"https:\/\/us.edu.pl\/instytut\/isp\/wp-json\/wp\/v2\/pages"}],"about":[{"href":"https:\/\/us.edu.pl\/instytut\/isp\/wp-json\/wp\/v2\/types\/page"}],"author":[{"embeddable":true,"href":"https:\/\/us.edu.pl\/instytut\/isp\/wp-json\/wp\/v2\/users\/110"}],"replies":[{"embeddable":true,"href":"https:\/\/us.edu.pl\/instytut\/isp\/wp-json\/wp\/v2\/comments?post=1021"}],"version-history":[{"count":3,"href":"https:\/\/us.edu.pl\/instytut\/isp\/wp-json\/wp\/v2\/pages\/1021\/revisions"}],"predecessor-version":[{"id":2681,"href":"https:\/\/us.edu.pl\/instytut\/isp\/wp-json\/wp\/v2\/pages\/1021\/revisions\/2681"}],"up":[{"embeddable":true,"href":"https:\/\/us.edu.pl\/instytut\/isp\/wp-json\/wp\/v2\/pages\/995"}],"wp:attachment":[{"href":"https:\/\/us.edu.pl\/instytut\/isp\/wp-json\/wp\/v2\/media?parent=1021"}],"curies":[{"name":"wp","href":"https:\/\/api.w.org\/{rel}","templated":true}]}}