{"id":1026,"date":"2020-11-10T14:15:05","date_gmt":"2020-11-10T13:15:05","guid":{"rendered":"https:\/\/us.edu.pl\/instytut\/isp\/?page_id=1026"},"modified":"2020-11-19T09:16:48","modified_gmt":"2020-11-19T08:16:48","slug":"dr-hab-jaroslaw-skutnik","status":"publish","type":"page","link":"https:\/\/us.edu.pl\/instytut\/isp\/wykladowcy\/dr-hab-jaroslaw-skutnik\/","title":{"rendered":"dr hab. Jaros\u0142aw Skutnik, prof. U\u015a"},"content":{"rendered":"<p>[vc_row][vc_column]\r\n                <div class=\"text-modules\">\r\n                    <div class=\"container\">\r\n                        <h3 class=\"page-title text__title\">dr hab. Jaros\u0142aw Skutnik, prof. U\u015a<\/h3>\r\n                        <div class=\"text-modules__content\"><p>Studiowa\u0142 na Uniwersytecie \u015al\u0105skim w Katowicach, Instytut Sztuki w Cieszynie (1985\u20131990). Dyplom w pracowni grafiki prof. Eugeniusza Delekty. W latach 1998\u20131993 studiowa\u0142 w Pa\u0144stwowej Wy\u017cszej Szkole Sztuk Plastycznych w Poznaniu \u2013 dyplom z wyr\u00f3\u017cnieniem w pracowni grafiki warsztatowej prof. Tadeusza Jackowskiego oraz pracowni rysunku prof. Jaros\u0142awa Koz\u0142owskiego<\/p>\n<p>Od 1994 pracuje w Instytucie Sztuk Plastycznych Uniwersytetu \u015al\u0105skiego w Katowicach. Obecnie prowadzi Pracowni\u0119 grafiki warsztatowej i eksperymentalnej oraz multimedi\u00f3w. W pracy artystycznej skupia si\u0119 na dzia\u0142alno\u015bci w zakresie grafiki warsztatowej, grafiki komputerowej, rysunku, malarstwa oraz instalacji. Realizuje dzia\u0142ania zwi\u0105zane z poszukiwaniem nowych form wypowiedzi graficznej. Tworzy instalacje z wykorzystaniem eksperymentalnych technik graficznych. Wychodz\u0105c od warsztatu graficznego poszukuje mo\u017cliwo\u015bci \u0142\u0105czenia tradycyjnych technik z nowymi mediami. Filozofia poszukiwa\u0144 artystycznych skupiona jest wok\u00f3\u0142 kategorii matrycy jako pierwotnej idei. Bra\u0142 udzia\u0142 w oko\u0142o stu wystawach krajowych i zagranicznych. Czynnie uprawia sztuki walki (1 dan).<\/p>\n<\/div>\r\n                    <\/div>\r\n                <\/div>[\/vc_column][\/vc_row][vc_row][vc_column]            \r\n                    <div class=\"container\">\r\n                        <div class=\"gallery gallery_2\" data-images-in-row=\"2\">\r\n                            \r\n                            <div class=\"row m-0\">\r\n                                <a data-fancybox-group=\"button\" title=\"J Skutnik_BAZYLIKA_z cyklu_LICHEN\u0301SKIE MISTAGOGIE\" data-fancybox=\"1429\" href=\"https:\/\/us.edu.pl\/instytut\/isp\/wp-content\/uploads\/sites\/46\/Nieprzypisane\/net-j_skutnik_BAZYLIKA_z-cyklu_LICHEN\u0301SKIE-MISTAGOGIE.jpg\" class=\"gallery__item thumbnail\"\r\n                                    style=\"background-image: url(https:\/\/us.edu.pl\/instytut\/isp\/wp-content\/uploads\/sites\/46\/Nieprzypisane\/net-j_skutnik_BAZYLIKA_z-cyklu_LICHEN\u0301SKIE-MISTAGOGIE.jpg)\"> <span class=\"d-none\">https:\/\/us.edu.pl\/instytut\/isp\/wp-content\/uploads\/sites\/46\/Nieprzypisane\/net-j_skutnik_BAZYLIKA_z-cyklu_LICHEN\u0301SKIE-MISTAGOGIE.jpg<\/span> <\/a><a data-fancybox-group=\"button\" title=\" J_Skutnik_RELIKT 3 z cyklu ETHNOS\" data-fancybox=\"1429\" href=\"https:\/\/us.edu.pl\/instytut\/isp\/wp-content\/uploads\/sites\/46\/Nieprzypisane\/net-J_Skutnik_RELIKT-3-z-cyklu-ETHNOS.jpg\" class=\"gallery__item thumbnail\"\r\n                                    style=\"background-image: url(https:\/\/us.edu.pl\/instytut\/isp\/wp-content\/uploads\/sites\/46\/Nieprzypisane\/net-J_Skutnik_RELIKT-3-z-cyklu-ETHNOS.jpg)\"> <span class=\"d-none\">https:\/\/us.edu.pl\/instytut\/isp\/wp-content\/uploads\/sites\/46\/Nieprzypisane\/net-J_Skutnik_RELIKT-3-z-cyklu-ETHNOS.jpg<\/span> <\/a><a data-fancybox-group=\"button\" title=\"Skutnik Jaros\u0142aw - in memoriam z cyklu EPITAFIA\" data-fancybox=\"1429\" href=\"https:\/\/us.edu.pl\/instytut\/isp\/wp-content\/uploads\/sites\/46\/Nieprzypisane\/net-Skutnik-Jaros\u0142aw-in-memoriam-z-cyklu-EPITAFIA.jpg\" class=\"gallery__item thumbnail\"\r\n                                    style=\"background-image: url(https:\/\/us.edu.pl\/instytut\/isp\/wp-content\/uploads\/sites\/46\/Nieprzypisane\/net-Skutnik-Jaros\u0142aw-in-memoriam-z-cyklu-EPITAFIA.jpg)\"> <span class=\"d-none\">https:\/\/us.edu.pl\/instytut\/isp\/wp-content\/uploads\/sites\/46\/Nieprzypisane\/net-Skutnik-Jaros\u0142aw-in-memoriam-z-cyklu-EPITAFIA.jpg<\/span> <\/a><a data-fancybox-group=\"button\" title=\"Skutnik Jaros\u0142aw _z cyklu-KLONY\" data-fancybox=\"1429\" href=\"https:\/\/us.edu.pl\/instytut\/isp\/wp-content\/uploads\/sites\/46\/Nieprzypisane\/net-Skutnik-Jaros\u0142aw-_z-cyklu-KLONY.jpg\" class=\"gallery__item thumbnail\"\r\n                                    style=\"background-image: url(https:\/\/us.edu.pl\/instytut\/isp\/wp-content\/uploads\/sites\/46\/Nieprzypisane\/net-Skutnik-Jaros\u0142aw-_z-cyklu-KLONY.jpg)\"> <span class=\"d-none\">https:\/\/us.edu.pl\/instytut\/isp\/wp-content\/uploads\/sites\/46\/Nieprzypisane\/net-Skutnik-Jaros\u0142aw-_z-cyklu-KLONY.jpg<\/span> <\/a><a data-fancybox-group=\"button\" title=\"Skutnik Jaros\u0142aw_\u0141AN-I-z-cyklu-KLONY\" data-fancybox=\"1429\" href=\"https:\/\/us.edu.pl\/instytut\/isp\/wp-content\/uploads\/sites\/46\/Nieprzypisane\/net-Skutnik-Jaros\u0142aw_\u0141AN-I-z-cyklu-KLONY.jpg\" class=\"gallery__item thumbnail\"\r\n                                    style=\"background-image: url(https:\/\/us.edu.pl\/instytut\/isp\/wp-content\/uploads\/sites\/46\/Nieprzypisane\/net-Skutnik-Jaros\u0142aw_\u0141AN-I-z-cyklu-KLONY.jpg)\"> <span class=\"d-none\">https:\/\/us.edu.pl\/instytut\/isp\/wp-content\/uploads\/sites\/46\/Nieprzypisane\/net-Skutnik-Jaros\u0142aw_\u0141AN-I-z-cyklu-KLONY.jpg<\/span> <\/a><a data-fancybox-group=\"button\" title=\" Skutnik Jaros\u0142aw_MB Z SZAT OBNAZ\u0307ONA 1 z cyklu MADONNY LICHEN\u0301SKIE\" data-fancybox=\"1429\" href=\"https:\/\/us.edu.pl\/instytut\/isp\/wp-content\/uploads\/sites\/46\/Nieprzypisane\/net-Skutnik-Jaros\u0142aw_MB-Z-SZAT-OBNAZ\u0307ONA-1-z-cyklu-MADONNY-LICHEN\u0301SKIE.jpg\" class=\"gallery__item thumbnail\"\r\n                                    style=\"background-image: url(https:\/\/us.edu.pl\/instytut\/isp\/wp-content\/uploads\/sites\/46\/Nieprzypisane\/net-Skutnik-Jaros\u0142aw_MB-Z-SZAT-OBNAZ\u0307ONA-1-z-cyklu-MADONNY-LICHEN\u0301SKIE.jpg)\"> <span class=\"d-none\">https:\/\/us.edu.pl\/instytut\/isp\/wp-content\/uploads\/sites\/46\/Nieprzypisane\/net-Skutnik-Jaros\u0142aw_MB-Z-SZAT-OBNAZ\u0307ONA-1-z-cyklu-MADONNY-LICHEN\u0301SKIE.jpg<\/span> <\/a><a data-fancybox-group=\"button\" title=\"Skutnik Jaros\u0142aw_pole dzie\u0328kczynne\" data-fancybox=\"1429\" href=\"https:\/\/us.edu.pl\/instytut\/isp\/wp-content\/uploads\/sites\/46\/Nieprzypisane\/net-Skutnik-Jaros\u0142aw_pole-dzie\u0328kczynne.jpg\" class=\"gallery__item thumbnail\"\r\n                                    style=\"background-image: url(https:\/\/us.edu.pl\/instytut\/isp\/wp-content\/uploads\/sites\/46\/Nieprzypisane\/net-Skutnik-Jaros\u0142aw_pole-dzie\u0328kczynne.jpg)\"> <span class=\"d-none\">https:\/\/us.edu.pl\/instytut\/isp\/wp-content\/uploads\/sites\/46\/Nieprzypisane\/net-Skutnik-Jaros\u0142aw_pole-dzie\u0328kczynne.jpg<\/span> <\/a>\r\n                            <\/div>\r\n                    <\/div>\r\n                <\/div>[\/vc_column][\/vc_row]<\/p>","protected":false},"excerpt":{"rendered":"<p>[vc_row][vc_column][\/vc_column][\/vc_row][vc_row][vc_column][\/vc_column][\/vc_row] [&#8230;]<\/p>\n<p><a class=\"btn btn-secondary understrap-read-more-link\" href=\"https:\/\/us.edu.pl\/instytut\/isp\/wykladowcy\/dr-hab-jaroslaw-skutnik\/\">Read More&#8230;<\/a><\/p>\n","protected":false},"author":110,"featured_media":0,"parent":995,"menu_order":0,"comment_status":"closed","ping_status":"closed","template":"","meta":{"_expiration-date-status":"saved","_expiration-date":0,"_expiration-date-type":"","_expiration-date-categories":[],"_expiration-date-options":[]},"acf":[],"_links":{"self":[{"href":"https:\/\/us.edu.pl\/instytut\/isp\/wp-json\/wp\/v2\/pages\/1026"}],"collection":[{"href":"https:\/\/us.edu.pl\/instytut\/isp\/wp-json\/wp\/v2\/pages"}],"about":[{"href":"https:\/\/us.edu.pl\/instytut\/isp\/wp-json\/wp\/v2\/types\/page"}],"author":[{"embeddable":true,"href":"https:\/\/us.edu.pl\/instytut\/isp\/wp-json\/wp\/v2\/users\/110"}],"replies":[{"embeddable":true,"href":"https:\/\/us.edu.pl\/instytut\/isp\/wp-json\/wp\/v2\/comments?post=1026"}],"version-history":[{"count":3,"href":"https:\/\/us.edu.pl\/instytut\/isp\/wp-json\/wp\/v2\/pages\/1026\/revisions"}],"predecessor-version":[{"id":1266,"href":"https:\/\/us.edu.pl\/instytut\/isp\/wp-json\/wp\/v2\/pages\/1026\/revisions\/1266"}],"up":[{"embeddable":true,"href":"https:\/\/us.edu.pl\/instytut\/isp\/wp-json\/wp\/v2\/pages\/995"}],"wp:attachment":[{"href":"https:\/\/us.edu.pl\/instytut\/isp\/wp-json\/wp\/v2\/media?parent=1026"}],"curies":[{"name":"wp","href":"https:\/\/api.w.org\/{rel}","templated":true}]}}