{"id":1028,"date":"2020-11-10T14:16:27","date_gmt":"2020-11-10T13:16:27","guid":{"rendered":"https:\/\/us.edu.pl\/instytut\/isp\/?page_id=1028"},"modified":"2020-11-10T14:16:27","modified_gmt":"2020-11-10T13:16:27","slug":"dr-katarzyna-handzlik","status":"publish","type":"page","link":"https:\/\/us.edu.pl\/instytut\/isp\/wykladowcy\/dr-katarzyna-handzlik\/","title":{"rendered":"dr Katarzyna Handzlik"},"content":{"rendered":"<p>[vc_row][vc_column]\r\n                <div class=\"text-modules\">\r\n                    <div class=\"container\">\r\n                        <h3 class=\"page-title text__title\">dr Katarzyna Handzlik<\/h3>\r\n                        <div class=\"text-modules__content\"><p>Absolwentka Wydzia\u0142u Ceramiki i Szk\u0142a wroc\u0142awskiej Akademii Sztuk Pi\u0119knych, gdzie uzyska\u0142a r\u00f3wnie\u017c tytu\u0142 doktora sztuki. Zawodowo zwi\u0105zana z Uniwersytetem \u015al\u0105skim, prowadzi autorsk\u0105 Pracowni\u0119 Sztuki Przedmiotu w Instytucie Sztuk Plastycznych. Jej tw\u00f3rczo\u015b\u0107 skupiona jest wok\u00f3\u0142 dzia\u0142a\u0144 przestrzennych, asambla\u017cu oraz ready-mades, zajmuje si\u0119 ponadto kola\u017cem i ma\u0142\u0105 form\u0105 graficzn\u0105, w szczeg\u00f3lno\u015bci ekslibrisem. Autorka kilkudziesi\u0119ciu wystaw indywidualnych w Polsce, Wielkiej Brytanii i Finlandii, uczestniczy\u0142a w wielu prezentacjach mi\u0119dzynarodowych w Europie, Azji i Ameryce P\u00f3\u0142nocnej.<\/p>\n<p>Jest cz\u0142onkiem Zwi\u0105zku Polskich Artyst\u00f3w Plastyk\u00f3w oraz Deutsche Exlibris Gesellschaft. Laureatka nagrody \u201eOscarU\u015b\u201d w kategorii artysta (2016) przyznawanej przez student\u00f3w Uniwersytetu \u015al\u0105skiego.<\/p>\n<\/div>\r\n                    <\/div>\r\n                <\/div>[\/vc_column][\/vc_row]<\/p>","protected":false},"excerpt":{"rendered":"<p>[vc_row][vc_column][\/vc_column][\/vc_row] [&#8230;]<\/p>\n<p><a class=\"btn btn-secondary understrap-read-more-link\" href=\"https:\/\/us.edu.pl\/instytut\/isp\/wykladowcy\/dr-katarzyna-handzlik\/\">Read More&#8230;<\/a><\/p>\n","protected":false},"author":110,"featured_media":0,"parent":995,"menu_order":0,"comment_status":"closed","ping_status":"closed","template":"","meta":{"_expiration-date-status":"saved","_expiration-date":0,"_expiration-date-type":"","_expiration-date-categories":[],"_expiration-date-options":[]},"acf":[],"_links":{"self":[{"href":"https:\/\/us.edu.pl\/instytut\/isp\/wp-json\/wp\/v2\/pages\/1028"}],"collection":[{"href":"https:\/\/us.edu.pl\/instytut\/isp\/wp-json\/wp\/v2\/pages"}],"about":[{"href":"https:\/\/us.edu.pl\/instytut\/isp\/wp-json\/wp\/v2\/types\/page"}],"author":[{"embeddable":true,"href":"https:\/\/us.edu.pl\/instytut\/isp\/wp-json\/wp\/v2\/users\/110"}],"replies":[{"embeddable":true,"href":"https:\/\/us.edu.pl\/instytut\/isp\/wp-json\/wp\/v2\/comments?post=1028"}],"version-history":[{"count":1,"href":"https:\/\/us.edu.pl\/instytut\/isp\/wp-json\/wp\/v2\/pages\/1028\/revisions"}],"predecessor-version":[{"id":1029,"href":"https:\/\/us.edu.pl\/instytut\/isp\/wp-json\/wp\/v2\/pages\/1028\/revisions\/1029"}],"up":[{"embeddable":true,"href":"https:\/\/us.edu.pl\/instytut\/isp\/wp-json\/wp\/v2\/pages\/995"}],"wp:attachment":[{"href":"https:\/\/us.edu.pl\/instytut\/isp\/wp-json\/wp\/v2\/media?parent=1028"}],"curies":[{"name":"wp","href":"https:\/\/api.w.org\/{rel}","templated":true}]}}