{"id":1032,"date":"2020-11-10T14:19:52","date_gmt":"2020-11-10T13:19:52","guid":{"rendered":"https:\/\/us.edu.pl\/instytut\/isp\/?page_id=1032"},"modified":"2022-10-25T11:10:59","modified_gmt":"2022-10-25T09:10:59","slug":"dr-hab-adam-molenda","status":"publish","type":"page","link":"https:\/\/us.edu.pl\/instytut\/isp\/wykladowcy\/dr-hab-adam-molenda\/","title":{"rendered":"dr hab. Adam Molenda, prof. U\u015a"},"content":{"rendered":"<p>[vc_row][vc_column]\r\n                <div class=\"text-modules\">\r\n                    <div class=\"container\">\r\n                        <h3 class=\"page-title text__title\">dr hab. Adam Molenda, prof. U\u015a<\/h3>\r\n                        <div class=\"text-modules__content\"><p>Urodzony w1964 w Wodzis\u0142awiu \u015al\u0105skim\/Pszowie. Absolwent Uniwersytetu \u015al\u0105skiego w Katowicach i Akademii Sztuk Pi\u0119knych w Krakowie. Doktorat i habilitacj\u0119 zrealizowa\u0142 na Wydziale Malarstwa ASP w Krakowie.<\/p>\n<p>Koncentruje uwag\u0119 na rozpatrywaniu naturalnego, pierwotnego, zwi\u0105zku malarstwa, tej specyficznej, a w niekt\u00f3rych przejawach bardzo hermetycznej rzeczywisto\u015bci, z ludzkim \u017cyciem. M\u00f3wi\u0105c dok\u0142adniej: zwi\u0105zku malarstwa z tym fragmentem \u017cycia, w kt\u00f3rym stawia si\u0119 najwa\u017cniejsze pytania dotycz\u0105ce naszej egzystencji, z fragmentem, kt\u00f3ry mo\u017cna okre\u015bli\u0107 jako sfer\u0119 \u017cycia duchowego. Jednym z najwa\u017cniejszych problem\u00f3w jakie sobie stawia w pracy malarskiej jest pytanie o mo\u017cliwo\u015b\u0107 pokazania realnego istnienia, szczeg\u00f3lnie mo\u017cliwo\u015b\u0107 ujawnienia wygl\u0105du pewnego rodzaju byt\u00f3w, kt\u00f3re mo\u017cna okre\u015bli\u0107 mianem subtelnych. Jest to rozwa\u017canie relacji mi\u0119dzy obrazem a istnieniem. Zastanawianie si\u0119 nad zwi\u0105zkami malarstwa ze sprawami byt\u00f3w egzystuj\u0105cych na r\u00f3\u017cnych poziomach. Jest \u015bwiadomy blisko\u015bci pewnych idei spirytualistycznych, kt\u00f3re g\u0142osz\u0105, jak to sformu\u0142owa\u0142 Nowosielski, \u201ebezwarunkow\u0105 transcendencj\u0119 pierwiastk\u00f3w i byt\u00f3w \u00bbduchowych\u00ab w stosunku do spraw cia\u0142a i materii, wi\u0119cej &#8211; ich absolutn\u0105 od materii separacj\u0119\u201d [J. Nowosielski, Mi\u0119dzy Kaab\u0105 a Parthenonem, w: Inno\u015b\u0107 prawos\u0142awia, Bia\u0142ystok 1998, s.178].<\/p>\n<p>Jego zainteresowania malarskie s\u0105 ulokowane w tradycji, kt\u00f3r\u0105 uwa\u017ca za wsp\u00f3lne dziedzictwo ca\u0142ej Europy i kt\u00f3rej odpryski odnajduje w r\u00f3\u017cnych punktach i momentach tzw. \u015bwiata Zachodu. Te problemy pr\u00f3buje rozpatrywa\u0107 i pokazywa\u0107.<\/p>\n<p><a href=\"https:\/\/www.youtube.com\/channel\/UCyI9f-HJ776XTDLwOjWCPvw\">https:\/\/www.youtube.com\/channel\/UCyI9f-HJ776XTDLwOjWCPvw<\/a><\/p>\n<\/div>\r\n                    <\/div>\r\n                <\/div>[\/vc_column][\/vc_row][vc_row][vc_column]            \r\n                    <div class=\"container\">\r\n                        <div class=\"gallery gallery_2\" data-images-in-row=\"2\">\r\n                            \r\n                            <div class=\"row m-0\">\r\n                                <a data-fancybox-group=\"button\" title=\"szalas\" data-fancybox=\"7627\" href=\"https:\/\/us.edu.pl\/instytut\/isp\/wp-content\/uploads\/sites\/46\/Nieprzypisane\/net_szalas.jpg\" class=\"gallery__item thumbnail\"\r\n                                    style=\"background-image: url(https:\/\/us.edu.pl\/instytut\/isp\/wp-content\/uploads\/sites\/46\/Nieprzypisane\/net_szalas.jpg)\"> <span class=\"d-none\">https:\/\/us.edu.pl\/instytut\/isp\/wp-content\/uploads\/sites\/46\/Nieprzypisane\/net_szalas.jpg<\/span> <\/a><a data-fancybox-group=\"button\" title=\"porwanie europy\" data-fancybox=\"7627\" href=\"https:\/\/us.edu.pl\/instytut\/isp\/wp-content\/uploads\/sites\/46\/Nieprzypisane\/net_porwanie_europy.jpg\" class=\"gallery__item thumbnail\"\r\n                                    style=\"background-image: url(https:\/\/us.edu.pl\/instytut\/isp\/wp-content\/uploads\/sites\/46\/Nieprzypisane\/net_porwanie_europy.jpg)\"> <span class=\"d-none\">https:\/\/us.edu.pl\/instytut\/isp\/wp-content\/uploads\/sites\/46\/Nieprzypisane\/net_porwanie_europy.jpg<\/span> <\/a><a data-fancybox-group=\"button\" title=\"egzystenc polowiczna\" data-fancybox=\"7627\" href=\"https:\/\/us.edu.pl\/instytut\/isp\/wp-content\/uploads\/sites\/46\/Nieprzypisane\/net_egzystenc_polowiczna_2.jpg\" class=\"gallery__item thumbnail\"\r\n                                    style=\"background-image: url(https:\/\/us.edu.pl\/instytut\/isp\/wp-content\/uploads\/sites\/46\/Nieprzypisane\/net_egzystenc_polowiczna_2.jpg)\"> <span class=\"d-none\">https:\/\/us.edu.pl\/instytut\/isp\/wp-content\/uploads\/sites\/46\/Nieprzypisane\/net_egzystenc_polowiczna_2.jpg<\/span> <\/a><a data-fancybox-group=\"button\" title=\"byty subtelne\" data-fancybox=\"7627\" href=\"https:\/\/us.edu.pl\/instytut\/isp\/wp-content\/uploads\/sites\/46\/Nieprzypisane\/net_byty_subtelne.jpg\" class=\"gallery__item thumbnail\"\r\n                                    style=\"background-image: url(https:\/\/us.edu.pl\/instytut\/isp\/wp-content\/uploads\/sites\/46\/Nieprzypisane\/net_byty_subtelne.jpg)\"> <span class=\"d-none\">https:\/\/us.edu.pl\/instytut\/isp\/wp-content\/uploads\/sites\/46\/Nieprzypisane\/net_byty_subtelne.jpg<\/span> <\/a><a data-fancybox-group=\"button\" title=\"wenecja\" data-fancybox=\"7627\" href=\"https:\/\/us.edu.pl\/instytut\/isp\/wp-content\/uploads\/sites\/46\/Nieprzypisane\/net-wenecja.jpg\" class=\"gallery__item thumbnail\"\r\n                                    style=\"background-image: url(https:\/\/us.edu.pl\/instytut\/isp\/wp-content\/uploads\/sites\/46\/Nieprzypisane\/net-wenecja.jpg)\"> <span class=\"d-none\">https:\/\/us.edu.pl\/instytut\/isp\/wp-content\/uploads\/sites\/46\/Nieprzypisane\/net-wenecja.jpg<\/span> <\/a>\r\n                            <\/div>\r\n                    <\/div>\r\n                <\/div>[\/vc_column][\/vc_row]<\/p>","protected":false},"excerpt":{"rendered":"<p>[vc_row][vc_column][\/vc_column][\/vc_row][vc_row][vc_column][\/vc_column][\/vc_row] [&#8230;]<\/p>\n<p><a class=\"btn btn-secondary understrap-read-more-link\" href=\"https:\/\/us.edu.pl\/instytut\/isp\/wykladowcy\/dr-hab-adam-molenda\/\">Read More&#8230;<\/a><\/p>\n","protected":false},"author":110,"featured_media":0,"parent":995,"menu_order":0,"comment_status":"closed","ping_status":"closed","template":"","meta":{"_expiration-date-status":"","_expiration-date":0,"_expiration-date-type":"","_expiration-date-categories":[],"_expiration-date-options":[]},"acf":[],"_links":{"self":[{"href":"https:\/\/us.edu.pl\/instytut\/isp\/wp-json\/wp\/v2\/pages\/1032"}],"collection":[{"href":"https:\/\/us.edu.pl\/instytut\/isp\/wp-json\/wp\/v2\/pages"}],"about":[{"href":"https:\/\/us.edu.pl\/instytut\/isp\/wp-json\/wp\/v2\/types\/page"}],"author":[{"embeddable":true,"href":"https:\/\/us.edu.pl\/instytut\/isp\/wp-json\/wp\/v2\/users\/110"}],"replies":[{"embeddable":true,"href":"https:\/\/us.edu.pl\/instytut\/isp\/wp-json\/wp\/v2\/comments?post=1032"}],"version-history":[{"count":7,"href":"https:\/\/us.edu.pl\/instytut\/isp\/wp-json\/wp\/v2\/pages\/1032\/revisions"}],"predecessor-version":[{"id":2683,"href":"https:\/\/us.edu.pl\/instytut\/isp\/wp-json\/wp\/v2\/pages\/1032\/revisions\/2683"}],"up":[{"embeddable":true,"href":"https:\/\/us.edu.pl\/instytut\/isp\/wp-json\/wp\/v2\/pages\/995"}],"wp:attachment":[{"href":"https:\/\/us.edu.pl\/instytut\/isp\/wp-json\/wp\/v2\/media?parent=1032"}],"curies":[{"name":"wp","href":"https:\/\/api.w.org\/{rel}","templated":true}]}}