{"id":1034,"date":"2020-11-10T14:20:39","date_gmt":"2020-11-10T13:20:39","guid":{"rendered":"https:\/\/us.edu.pl\/instytut\/isp\/?page_id=1034"},"modified":"2020-11-18T15:01:59","modified_gmt":"2020-11-18T14:01:59","slug":"prof-us-dr-hab-katarzyna-pyka","status":"publish","type":"page","link":"https:\/\/us.edu.pl\/instytut\/isp\/wykladowcy\/prof-us-dr-hab-katarzyna-pyka\/","title":{"rendered":"dr hab. Katarzyna Pyka, prof. U\u015a"},"content":{"rendered":"<p>[vc_row][vc_column]\r\n                <div class=\"text-modules\">\r\n                    <div class=\"container\">\r\n                        <h3 class=\"page-title text__title\">dr hab. Katarzyna Pyka, prof. U\u015a<\/h3>\r\n                        <div class=\"text-modules__content\"><p>Uko\u0144czy\u0142a studia z wyr\u00f3\u017cnieniem w Instytucie Sztuki Uniwersytetu \u015al\u0105skiego w Katowicach (2000) realizuj\u0105c dyplom z grafiki artystycznej oraz rysunku. W 2002 uko\u0144czy\u0142a r\u00f3wnie\u017c studia podyplomowe na Akademii Sztuk Pi\u0119knych we Wroc\u0142awiu realizuj\u0105c prac\u0119 dyplomow\u0105 z zakresu witra\u017cu w pracowni prof. Ryszarda Wi\u0119ckowskiego. W 2006 zrealizowa\u0142a doktorat w dziedzinie sztuk plastycznych (dyscyplina sztuki pi\u0119kne). W 2007 uzyska\u0142a stypendium Ministra Kultury i Dziedzictwa Narodowego. Stopie\u0144 doktora habilitowanego w dziedzinie sztuk plastycznych, w dyscyplinie sztuk projektowych uzyska\u0142a na Akademii Sztuk Pi\u0119knych we Wroc\u0142awiu w (2013). Zajmuje si\u0119 szk\u0142em artystycznym oraz grafik\u0105 cyfrow\u0105. Swoje prace prezentowa\u0142a na dwudziestu indywidualnych wystawach oraz na ponad stu wystawach zbiorowych w kraju i zagranic\u0105. W 2002 rozpocz\u0119\u0142a prac\u0119 na Macierzystej Uczelni, prowadz\u0105c Pracowni\u0119 Rysunku. W 2007 zainicjowa\u0142a powstanie w Instytucie Sztuki pracowni Witra\u017cu i Szk\u0142a Artystycznego, gdzie studenci Edukacji Artystycznej realizuj\u0105 prace z zakresu szk\u0142a artystycznego i unikatowego, a dla student\u00f3w Grafiki prowadzone s\u0105 zaj\u0119cia fakultatywne. Pracownia ta umo\u017cliwia realizacje szk\u0142a w r\u00f3\u017cnych technikach pocz\u0105wszy od klasycznego witra\u017cu, a\u017c po wsp\u00f3\u0142czesne dzia\u0142ania id\u0105ce w kierunku instalacji z wykorzystaniem element\u00f3w szklanych.<\/p>\n<\/div>\r\n                    <\/div>\r\n                <\/div>[\/vc_column][\/vc_row][vc_row][vc_column]            \r\n                    <div class=\"container\">\r\n                        <div class=\"gallery gallery_2\" data-images-in-row=\"2\">\r\n                            \r\n                            <div class=\"row m-0\">\r\n                                <a data-fancybox-group=\"button\" title=\"Manuscript1\" data-fancybox=\"6218\" href=\"https:\/\/us.edu.pl\/instytut\/isp\/wp-content\/uploads\/sites\/46\/Nieprzypisane\/net-Manuscript1.jpg\" class=\"gallery__item thumbnail\"\r\n                                    style=\"background-image: url(https:\/\/us.edu.pl\/instytut\/isp\/wp-content\/uploads\/sites\/46\/Nieprzypisane\/net-Manuscript1.jpg)\"> <span class=\"d-none\">https:\/\/us.edu.pl\/instytut\/isp\/wp-content\/uploads\/sites\/46\/Nieprzypisane\/net-Manuscript1.jpg<\/span> <\/a><a data-fancybox-group=\"button\" title=\"Manuscript2\" data-fancybox=\"6218\" href=\"https:\/\/us.edu.pl\/instytut\/isp\/wp-content\/uploads\/sites\/46\/Nieprzypisane\/net-Manuscript2.jpg\" class=\"gallery__item thumbnail\"\r\n                                    style=\"background-image: url(https:\/\/us.edu.pl\/instytut\/isp\/wp-content\/uploads\/sites\/46\/Nieprzypisane\/net-Manuscript2.jpg)\"> <span class=\"d-none\">https:\/\/us.edu.pl\/instytut\/isp\/wp-content\/uploads\/sites\/46\/Nieprzypisane\/net-Manuscript2.jpg<\/span> <\/a><a data-fancybox-group=\"button\" title=\"od\u0142amki_III_2018\" data-fancybox=\"6218\" href=\"https:\/\/us.edu.pl\/instytut\/isp\/wp-content\/uploads\/sites\/46\/Nieprzypisane\/net-od\u0142amki_III_2018.jpg\" class=\"gallery__item thumbnail\"\r\n                                    style=\"background-image: url(https:\/\/us.edu.pl\/instytut\/isp\/wp-content\/uploads\/sites\/46\/Nieprzypisane\/net-od\u0142amki_III_2018.jpg)\"> <span class=\"d-none\">https:\/\/us.edu.pl\/instytut\/isp\/wp-content\/uploads\/sites\/46\/Nieprzypisane\/net-od\u0142amki_III_2018.jpg<\/span> <\/a><a data-fancybox-group=\"button\" title=\"Pyka Katarzyna_wewna\u0328trz_II_2-3\" data-fancybox=\"6218\" href=\"https:\/\/us.edu.pl\/instytut\/isp\/wp-content\/uploads\/sites\/46\/Nieprzypisane\/net-pyka_katarzyna_wewna\u0328trz_II_2-3.jpg\" class=\"gallery__item thumbnail\"\r\n                                    style=\"background-image: url(https:\/\/us.edu.pl\/instytut\/isp\/wp-content\/uploads\/sites\/46\/Nieprzypisane\/net-pyka_katarzyna_wewna\u0328trz_II_2-3.jpg)\"> <span class=\"d-none\">https:\/\/us.edu.pl\/instytut\/isp\/wp-content\/uploads\/sites\/46\/Nieprzypisane\/net-pyka_katarzyna_wewna\u0328trz_II_2-3.jpg<\/span> <\/a><a data-fancybox-group=\"button\" title=\"Pyka Katarzyna_wewna\u0328trz_II_2-5\" data-fancybox=\"6218\" href=\"https:\/\/us.edu.pl\/instytut\/isp\/wp-content\/uploads\/sites\/46\/Nieprzypisane\/net-pyka_katarzyna_wewna\u0328trz_II_2-5.jpg\" class=\"gallery__item thumbnail\"\r\n                                    style=\"background-image: url(https:\/\/us.edu.pl\/instytut\/isp\/wp-content\/uploads\/sites\/46\/Nieprzypisane\/net-pyka_katarzyna_wewna\u0328trz_II_2-5.jpg)\"> <span class=\"d-none\">https:\/\/us.edu.pl\/instytut\/isp\/wp-content\/uploads\/sites\/46\/Nieprzypisane\/net-pyka_katarzyna_wewna\u0328trz_II_2-5.jpg<\/span> <\/a><a data-fancybox-group=\"button\" title=\"silesian_lineage_1_pyka\" data-fancybox=\"6218\" href=\"https:\/\/us.edu.pl\/instytut\/isp\/wp-content\/uploads\/sites\/46\/Nieprzypisane\/net-silesian_lineage_1_pyka.jpg\" class=\"gallery__item thumbnail\"\r\n                                    style=\"background-image: url(https:\/\/us.edu.pl\/instytut\/isp\/wp-content\/uploads\/sites\/46\/Nieprzypisane\/net-silesian_lineage_1_pyka.jpg)\"> <span class=\"d-none\">https:\/\/us.edu.pl\/instytut\/isp\/wp-content\/uploads\/sites\/46\/Nieprzypisane\/net-silesian_lineage_1_pyka.jpg<\/span> <\/a><a data-fancybox-group=\"button\" title=\"silesian_lineage_pyka\" data-fancybox=\"6218\" href=\"https:\/\/us.edu.pl\/instytut\/isp\/wp-content\/uploads\/sites\/46\/Nieprzypisane\/net-silesian_lineage_pyka.jpg\" class=\"gallery__item thumbnail\"\r\n                                    style=\"background-image: url(https:\/\/us.edu.pl\/instytut\/isp\/wp-content\/uploads\/sites\/46\/Nieprzypisane\/net-silesian_lineage_pyka.jpg)\"> <span class=\"d-none\">https:\/\/us.edu.pl\/instytut\/isp\/wp-content\/uploads\/sites\/46\/Nieprzypisane\/net-silesian_lineage_pyka.jpg<\/span> <\/a>\r\n                            <\/div>\r\n                    <\/div>\r\n                <\/div>[\/vc_column][\/vc_row]<\/p>","protected":false},"excerpt":{"rendered":"<p>[vc_row][vc_column][\/vc_column][\/vc_row][vc_row][vc_column][\/vc_column][\/vc_row] [&#8230;]<\/p>\n<p><a class=\"btn btn-secondary understrap-read-more-link\" href=\"https:\/\/us.edu.pl\/instytut\/isp\/wykladowcy\/prof-us-dr-hab-katarzyna-pyka\/\">Read More&#8230;<\/a><\/p>\n","protected":false},"author":110,"featured_media":0,"parent":995,"menu_order":0,"comment_status":"closed","ping_status":"closed","template":"","meta":{"_expiration-date-status":"saved","_expiration-date":0,"_expiration-date-type":"","_expiration-date-categories":[],"_expiration-date-options":[]},"acf":[],"_links":{"self":[{"href":"https:\/\/us.edu.pl\/instytut\/isp\/wp-json\/wp\/v2\/pages\/1034"}],"collection":[{"href":"https:\/\/us.edu.pl\/instytut\/isp\/wp-json\/wp\/v2\/pages"}],"about":[{"href":"https:\/\/us.edu.pl\/instytut\/isp\/wp-json\/wp\/v2\/types\/page"}],"author":[{"embeddable":true,"href":"https:\/\/us.edu.pl\/instytut\/isp\/wp-json\/wp\/v2\/users\/110"}],"replies":[{"embeddable":true,"href":"https:\/\/us.edu.pl\/instytut\/isp\/wp-json\/wp\/v2\/comments?post=1034"}],"version-history":[{"count":4,"href":"https:\/\/us.edu.pl\/instytut\/isp\/wp-json\/wp\/v2\/pages\/1034\/revisions"}],"predecessor-version":[{"id":1263,"href":"https:\/\/us.edu.pl\/instytut\/isp\/wp-json\/wp\/v2\/pages\/1034\/revisions\/1263"}],"up":[{"embeddable":true,"href":"https:\/\/us.edu.pl\/instytut\/isp\/wp-json\/wp\/v2\/pages\/995"}],"wp:attachment":[{"href":"https:\/\/us.edu.pl\/instytut\/isp\/wp-json\/wp\/v2\/media?parent=1034"}],"curies":[{"name":"wp","href":"https:\/\/api.w.org\/{rel}","templated":true}]}}