{"id":1044,"date":"2020-11-10T14:26:59","date_gmt":"2020-11-10T13:26:59","guid":{"rendered":"https:\/\/us.edu.pl\/instytut\/isp\/?page_id=1044"},"modified":"2020-11-18T14:59:24","modified_gmt":"2020-11-18T13:59:24","slug":"prof-us-dr-hab-adam-czech","status":"publish","type":"page","link":"https:\/\/us.edu.pl\/instytut\/isp\/wykladowcy\/prof-us-dr-hab-adam-czech\/","title":{"rendered":"dr hab. Adam Czech, prof. U\u015a"},"content":{"rendered":"<p>[vc_row][vc_column]\r\n                <div class=\"text-modules\">\r\n                    <div class=\"container\">\r\n                        <h3 class=\"page-title text__title\">dr hab. Adam Czech, prof. U\u015a<\/h3>\r\n                        <div class=\"text-modules__content\"><p>W1996 uko\u0144czy\u0142 Pa\u0144stwowe Liceum Sztuk Plastycznych w Katowicach. Nast\u0119pnie w latach 1996-2001 studiowa\u0142 w Instytucie Sztuki Uniwersytetu \u015al\u0105skiego w Cieszynie. Dyplom z wyr\u00f3\u017cnieniem uzyska\u0142 w Katedrze Grafiki w pracowni prof. Eugeniusza Delekty. Od 2004 pracuje w macierzystej uczelni. Jest opiekunem Studenckiego Ko\u0142a Artystyczno-Naukowego Litograf\u00f3w \u201eKurant\u201d. W 2007 zrealizowa\u0142 przew\u00f3d doktorski, w 2014 przew\u00f3d habilitacyjny.<\/p>\n<p>Swoje prace prezentowa\u0142 na oko\u0142o 40 wystawach indywidualnych oraz ponad 400 zbiorowych w kraju i za granic\u0105. Jest laureatem wielu nagr\u00f3d i wyr\u00f3\u017cnie\u0144 w konkursach og\u00f3lnopolskich i mi\u0119dzynarodowych. By\u0142 organizatorem wielu wystaw studenckich na terenie Uniwersytetu \u015al\u0105skiego oraz poza nim, pomys\u0142odawc\u0105 konkurs\u00f3w graficznych, skierowanych nie tylko do student\u00f3w, ale i uczni\u00f3w szk\u00f3\u0142 \u015brednich. Bra\u0142 udzia\u0142 w pracach jury w konkursach uczelnianych, og\u00f3lnopolskich. Wsp\u00f3\u0142organizowa\u0142 studenckie wyjazdy plenerowe oraz warsztaty graficzne.<\/p>\n<p>Autor w pracy tw\u00f3rczej poszukuje zwi\u0105zk\u00f3w warsztatu graficznego i nowych rozwi\u0105za\u0144 poligraficznych, ich wzajemnych korelacji. Eksperymenty graficzne wesp\u00f3\u0142 ze stosowaniem technologii poligraficznych wyzwalaj\u0105 ch\u0119ci poznawcze, pozwalaj\u0105 na do\u015bwiadczanie, stwarzaj\u0105c metody przyczyniaj\u0105ce si\u0119 do wzbogacenia warsztatu pracy. Wykorzystywane materia\u0142y graficzne oraz technologie z zakresu poligrafii staj\u0105 si\u0119 w konsekwencji asumptem do powstania autorskich dzie\u0142 graficznych. Nie bez znaczenia jest podejmowana tematyka grafik, zakorzeniona w kulturze staro\u017cytnej Grecji. Drugi w\u0105tek tw\u00f3rczych poszukiwa\u0144 artystycznych, bada\u0144 wizualnych wi\u0105\u017ce si\u0119 z problematyk\u0105 spotkania: z wybranymi, znacz\u0105cymi miejscami: bliskimi, znanymi lub dopiero poznawanymi. Poszukiwanie warto\u015bci, zakotwiczonych w konkretnych miejscach \u2013 architekturze, pejza\u017cu to jeden z mo\u017cliwych tor\u00f3w artystycznych woja\u017cy.<\/p>\n<\/div>\r\n                    <\/div>\r\n                <\/div>[\/vc_column][\/vc_row][vc_row][vc_column]            \r\n                    <div class=\"container\">\r\n                        <div class=\"gallery gallery_2\" data-images-in-row=\"2\">\r\n                            \r\n                            <div class=\"row m-0\">\r\n                                <a data-fancybox-group=\"button\" title=\"ADAM CZECH_Kolejowa wiez\u0307a cis\u0301nien\u0301 Szopienice_algrafia_54X36cm_2019\" data-fancybox=\"8380\" href=\"https:\/\/us.edu.pl\/instytut\/isp\/wp-content\/uploads\/sites\/46\/Nieprzypisane\/net-ADAM-CZECH_Kolejowa-wiez\u0307a-cis\u0301nien\u0301-Szopienice_algrafia_54X36cm_2019.jpg\" class=\"gallery__item thumbnail\"\r\n                                    style=\"background-image: url(https:\/\/us.edu.pl\/instytut\/isp\/wp-content\/uploads\/sites\/46\/Nieprzypisane\/net-ADAM-CZECH_Kolejowa-wiez\u0307a-cis\u0301nien\u0301-Szopienice_algrafia_54X36cm_2019.jpg)\"> <span class=\"d-none\">https:\/\/us.edu.pl\/instytut\/isp\/wp-content\/uploads\/sites\/46\/Nieprzypisane\/net-ADAM-CZECH_Kolejowa-wiez\u0307a-cis\u0301nien\u0301-Szopienice_algrafia_54X36cm_2019.jpg<\/span> <\/a><a data-fancybox-group=\"button\" title=\"ADAM CZECH_Wiez\u0307a cis\u0301nien\u0301 Uthemann_algrafia_54X36cm_2019\" data-fancybox=\"8380\" href=\"https:\/\/us.edu.pl\/instytut\/isp\/wp-content\/uploads\/sites\/46\/Nieprzypisane\/net-ADAM-CZECH_Wiez\u0307a-cis\u0301nien\u0301-Uthemann_algrafia_54X36cm_2019.jpg\" class=\"gallery__item thumbnail\"\r\n                                    style=\"background-image: url(https:\/\/us.edu.pl\/instytut\/isp\/wp-content\/uploads\/sites\/46\/Nieprzypisane\/net-ADAM-CZECH_Wiez\u0307a-cis\u0301nien\u0301-Uthemann_algrafia_54X36cm_2019.jpg)\"> <span class=\"d-none\">https:\/\/us.edu.pl\/instytut\/isp\/wp-content\/uploads\/sites\/46\/Nieprzypisane\/net-ADAM-CZECH_Wiez\u0307a-cis\u0301nien\u0301-Uthemann_algrafia_54X36cm_2019.jpg<\/span> <\/a><a data-fancybox-group=\"button\" title=\"ADAM CZECH_Minds map 6 - SHELTER - plans\" data-fancybox=\"8380\" href=\"https:\/\/us.edu.pl\/instytut\/isp\/wp-content\/uploads\/sites\/46\/Nieprzypisane\/net-ADAM-CZECH_Minds-map-6-SHELTER-plans.jpg\" class=\"gallery__item thumbnail\"\r\n                                    style=\"background-image: url(https:\/\/us.edu.pl\/instytut\/isp\/wp-content\/uploads\/sites\/46\/Nieprzypisane\/net-ADAM-CZECH_Minds-map-6-SHELTER-plans-1024x953.jpg)\"> <span class=\"d-none\">https:\/\/us.edu.pl\/instytut\/isp\/wp-content\/uploads\/sites\/46\/Nieprzypisane\/net-ADAM-CZECH_Minds-map-6-SHELTER-plans.jpg<\/span> <\/a><a data-fancybox-group=\"button\" title=\"ADAM-CZECH_Minds-map-4-Cyprus-at-south\" data-fancybox=\"8380\" href=\"https:\/\/us.edu.pl\/instytut\/isp\/wp-content\/uploads\/sites\/46\/Nieprzypisane\/net-ADAM-CZECH_Minds-map-4-Cyprus-at-south.jpg\" class=\"gallery__item thumbnail\"\r\n                                    style=\"background-image: url(https:\/\/us.edu.pl\/instytut\/isp\/wp-content\/uploads\/sites\/46\/Nieprzypisane\/net-ADAM-CZECH_Minds-map-4-Cyprus-at-south.jpg)\"> <span class=\"d-none\">https:\/\/us.edu.pl\/instytut\/isp\/wp-content\/uploads\/sites\/46\/Nieprzypisane\/net-ADAM-CZECH_Minds-map-4-Cyprus-at-south.jpg<\/span> <\/a><a data-fancybox-group=\"button\" title=\"ADAM-CZECH_Minds-map-3-monday-Grigorienko\" data-fancybox=\"8380\" href=\"https:\/\/us.edu.pl\/instytut\/isp\/wp-content\/uploads\/sites\/46\/Nieprzypisane\/net-ADAM-CZECH_Minds-map-3-monday-Grigorienko.jpg\" class=\"gallery__item thumbnail\"\r\n                                    style=\"background-image: url(https:\/\/us.edu.pl\/instytut\/isp\/wp-content\/uploads\/sites\/46\/Nieprzypisane\/net-ADAM-CZECH_Minds-map-3-monday-Grigorienko.jpg)\"> <span class=\"d-none\">https:\/\/us.edu.pl\/instytut\/isp\/wp-content\/uploads\/sites\/46\/Nieprzypisane\/net-ADAM-CZECH_Minds-map-3-monday-Grigorienko.jpg<\/span> <\/a><a data-fancybox-group=\"button\" title=\"ADAM-CZECH_Minds-map-2-wednesday\" data-fancybox=\"8380\" href=\"https:\/\/us.edu.pl\/instytut\/isp\/wp-content\/uploads\/sites\/46\/Nieprzypisane\/net-ADAM-CZECH_Minds-map-2-wednesday.jpg\" class=\"gallery__item thumbnail\"\r\n                                    style=\"background-image: url(https:\/\/us.edu.pl\/instytut\/isp\/wp-content\/uploads\/sites\/46\/Nieprzypisane\/net-ADAM-CZECH_Minds-map-2-wednesday.jpg)\"> <span class=\"d-none\">https:\/\/us.edu.pl\/instytut\/isp\/wp-content\/uploads\/sites\/46\/Nieprzypisane\/net-ADAM-CZECH_Minds-map-2-wednesday.jpg<\/span> <\/a><a data-fancybox-group=\"button\" title=\"ADAM-CZECH_Minds-map-1-friday-grenade_2020_80x60-cm_algraphy\" data-fancybox=\"8380\" href=\"https:\/\/us.edu.pl\/instytut\/isp\/wp-content\/uploads\/sites\/46\/Nieprzypisane\/net-ADAM-CZECH_Minds-map-1-friday-grenade_2020_80x60-cm_algraphy.jpg\" class=\"gallery__item thumbnail\"\r\n                                    style=\"background-image: url(https:\/\/us.edu.pl\/instytut\/isp\/wp-content\/uploads\/sites\/46\/Nieprzypisane\/net-ADAM-CZECH_Minds-map-1-friday-grenade_2020_80x60-cm_algraphy.jpg)\"> <span class=\"d-none\">https:\/\/us.edu.pl\/instytut\/isp\/wp-content\/uploads\/sites\/46\/Nieprzypisane\/net-ADAM-CZECH_Minds-map-1-friday-grenade_2020_80x60-cm_algraphy.jpg<\/span> <\/a>\r\n                            <\/div>\r\n                    <\/div>\r\n                <\/div>[\/vc_column][\/vc_row]<\/p>","protected":false},"excerpt":{"rendered":"<p>[vc_row][vc_column][\/vc_column][\/vc_row][vc_row][vc_column][\/vc_column][\/vc_row] [&#8230;]<\/p>\n<p><a class=\"btn btn-secondary understrap-read-more-link\" href=\"https:\/\/us.edu.pl\/instytut\/isp\/wykladowcy\/prof-us-dr-hab-adam-czech\/\">Read More&#8230;<\/a><\/p>\n","protected":false},"author":110,"featured_media":0,"parent":995,"menu_order":0,"comment_status":"closed","ping_status":"closed","template":"","meta":{"_expiration-date-status":"saved","_expiration-date":0,"_expiration-date-type":"","_expiration-date-categories":[],"_expiration-date-options":[]},"acf":[],"_links":{"self":[{"href":"https:\/\/us.edu.pl\/instytut\/isp\/wp-json\/wp\/v2\/pages\/1044"}],"collection":[{"href":"https:\/\/us.edu.pl\/instytut\/isp\/wp-json\/wp\/v2\/pages"}],"about":[{"href":"https:\/\/us.edu.pl\/instytut\/isp\/wp-json\/wp\/v2\/types\/page"}],"author":[{"embeddable":true,"href":"https:\/\/us.edu.pl\/instytut\/isp\/wp-json\/wp\/v2\/users\/110"}],"replies":[{"embeddable":true,"href":"https:\/\/us.edu.pl\/instytut\/isp\/wp-json\/wp\/v2\/comments?post=1044"}],"version-history":[{"count":4,"href":"https:\/\/us.edu.pl\/instytut\/isp\/wp-json\/wp\/v2\/pages\/1044\/revisions"}],"predecessor-version":[{"id":1259,"href":"https:\/\/us.edu.pl\/instytut\/isp\/wp-json\/wp\/v2\/pages\/1044\/revisions\/1259"}],"up":[{"embeddable":true,"href":"https:\/\/us.edu.pl\/instytut\/isp\/wp-json\/wp\/v2\/pages\/995"}],"wp:attachment":[{"href":"https:\/\/us.edu.pl\/instytut\/isp\/wp-json\/wp\/v2\/media?parent=1044"}],"curies":[{"name":"wp","href":"https:\/\/api.w.org\/{rel}","templated":true}]}}