{"id":1048,"date":"2020-11-10T14:29:13","date_gmt":"2020-11-10T13:29:13","guid":{"rendered":"https:\/\/us.edu.pl\/instytut\/isp\/?page_id=1048"},"modified":"2020-11-16T12:25:54","modified_gmt":"2020-11-16T11:25:54","slug":"prof-dr-hab-andrzej-szarek","status":"publish","type":"page","link":"https:\/\/us.edu.pl\/instytut\/isp\/wykladowcy\/prof-dr-hab-andrzej-szarek\/","title":{"rendered":"Prof. dr hab. Andrzej Szarek"},"content":{"rendered":"<p>[vc_row][vc_column]\r\n                <div class=\"text-modules\">\r\n                    <div class=\"container\">\r\n                        <h3 class=\"page-title text__title\">Prof. dr hab. Andrzej Szarek<\/h3>\r\n                        <div class=\"text-modules__content\"><p>Urodzony w Nowym S\u0105czu (1958). Uko\u0144czy\u0142 PLSP im. Antoniego Kenara w Zakopanem (1979). W latach 1980-1985 studiowa\u0142 na Wydziale Rze\u017aby w Akademii Sztuk Pi\u0119knych w Warszawie. W 1985 otrzyma\u0142 dyplom z wyr\u00f3\u017cnieniem w Pracowni Rze\u017aby prof. Jana Kucza. W 2005 otrzyma\u0142 tytu\u0142 naukowy Profesora (dziedzina sztuki pi\u0119kne). W latach 1985-1990 prezentowa\u0142 rze\u017aby z grup\u0105 \u201e&#8230;kim jeste\u015b\u201d. W latach 2000-2008 by\u0142 cz\u0142onkiem Rady Artystycznej Centrum Rze\u017aby Polskiej w Oro\u0144sku. W 1996-2011 pracownik Wy\u017cszej Szkole Biznesu \u2013 National Louis University w Nowym S\u0105czu. Wyk\u0142ada na Uniwersytecie \u015al\u0105skim w Katowicach. Artystyczny opiekun Nowos\u0105deckiej Ma\u0142ej Galerii. Szef Rady Programowej BWA Sok\u00f3\u0142 w Nowym S\u0105czu. Uprawia rze\u017ab\u0119, rysunek happening, plakat. Zrealizowa\u0142 ponad 50 wystaw indywidualnych i ponad 70 happening\u00f3w i akcji artystycznych. Bra\u0142 udzia\u0142 w ponad 100 wystawach zbiorowych w kraju i za granic\u0105.<\/p>\n<\/div>\r\n                    <\/div>\r\n                <\/div>[\/vc_column][\/vc_row][vc_row][vc_column]            \r\n                    <div class=\"container\">\r\n                        <div class=\"gallery gallery_2\" data-images-in-row=\"2\">\r\n                            \r\n                            <div class=\"row m-0\">\r\n                                <a data-fancybox-group=\"button\" title=\"SPECIFIC PACIFIC 2020 drewno z dna Pacyfiku, mosia\u0328dz\" data-fancybox=\"7445\" href=\"https:\/\/us.edu.pl\/instytut\/isp\/wp-content\/uploads\/sites\/46\/Nieprzypisane\/net-SPECIFIC-PACIFIC-2020-drewno-z-dna-Pacyfiku-mosia\u0328dz.jpg\" class=\"gallery__item thumbnail\"\r\n                                    style=\"background-image: url(https:\/\/us.edu.pl\/instytut\/isp\/wp-content\/uploads\/sites\/46\/Nieprzypisane\/net-SPECIFIC-PACIFIC-2020-drewno-z-dna-Pacyfiku-mosia\u0328dz.jpg)\"> <span class=\"d-none\">https:\/\/us.edu.pl\/instytut\/isp\/wp-content\/uploads\/sites\/46\/Nieprzypisane\/net-SPECIFIC-PACIFIC-2020-drewno-z-dna-Pacyfiku-mosia\u0328dz.jpg<\/span> <\/a><a data-fancybox-group=\"button\" title=\"Andrzej Szarek Zdje\u0328cie portretowe\" data-fancybox=\"7445\" href=\"https:\/\/us.edu.pl\/instytut\/isp\/wp-content\/uploads\/sites\/46\/Nieprzypisane\/net-Andrzej-Szarek-Zdje\u0328cie-portretowe.jpg\" class=\"gallery__item thumbnail\"\r\n                                    style=\"background-image: url(https:\/\/us.edu.pl\/instytut\/isp\/wp-content\/uploads\/sites\/46\/Nieprzypisane\/net-Andrzej-Szarek-Zdje\u0328cie-portretowe.jpg)\"> <span class=\"d-none\">https:\/\/us.edu.pl\/instytut\/isp\/wp-content\/uploads\/sites\/46\/Nieprzypisane\/net-Andrzej-Szarek-Zdje\u0328cie-portretowe.jpg<\/span> <\/a><a data-fancybox-group=\"button\" title=\"Z\u0142otocia\u0328g 2019\" data-fancybox=\"7445\" href=\"https:\/\/us.edu.pl\/instytut\/isp\/wp-content\/uploads\/sites\/46\/Nieprzypisane\/net-Z\u0142otocia\u0328g-2019.jpg\" class=\"gallery__item thumbnail\"\r\n                                    style=\"background-image: url(https:\/\/us.edu.pl\/instytut\/isp\/wp-content\/uploads\/sites\/46\/Nieprzypisane\/net-Z\u0142otocia\u0328g-2019.jpg)\"> <span class=\"d-none\">https:\/\/us.edu.pl\/instytut\/isp\/wp-content\/uploads\/sites\/46\/Nieprzypisane\/net-Z\u0142otocia\u0328g-2019.jpg<\/span> <\/a><a data-fancybox-group=\"button\" title=\"KAPLICZKA WSZYSTKICH WIERNYCH 2019,metal drewno.\" data-fancybox=\"7445\" href=\"https:\/\/us.edu.pl\/instytut\/isp\/wp-content\/uploads\/sites\/46\/Nieprzypisane\/net-KAPLICZKA-WSZYSTKICH-WIERNYCH-2019metal-drewno..jpg\" class=\"gallery__item thumbnail\"\r\n                                    style=\"background-image: url(https:\/\/us.edu.pl\/instytut\/isp\/wp-content\/uploads\/sites\/46\/Nieprzypisane\/net-KAPLICZKA-WSZYSTKICH-WIERNYCH-2019metal-drewno..jpg)\"> <span class=\"d-none\">https:\/\/us.edu.pl\/instytut\/isp\/wp-content\/uploads\/sites\/46\/Nieprzypisane\/net-KAPLICZKA-WSZYSTKICH-WIERNYCH-2019metal-drewno..jpg<\/span> <\/a><a data-fancybox-group=\"button\" title=\"KATEDRA NOWY SACZ 2018\" data-fancybox=\"7445\" href=\"https:\/\/us.edu.pl\/instytut\/isp\/wp-content\/uploads\/sites\/46\/Nieprzypisane\/net-KATEDRA-NOWY-SACZ-2018.jpg\" class=\"gallery__item thumbnail\"\r\n                                    style=\"background-image: url(https:\/\/us.edu.pl\/instytut\/isp\/wp-content\/uploads\/sites\/46\/Nieprzypisane\/net-KATEDRA-NOWY-SACZ-2018.jpg)\"> <span class=\"d-none\">https:\/\/us.edu.pl\/instytut\/isp\/wp-content\/uploads\/sites\/46\/Nieprzypisane\/net-KATEDRA-NOWY-SACZ-2018.jpg<\/span> <\/a><a data-fancybox-group=\"button\" title=\"NIELOT, 2018 granit, mosia\u0328dz.\" data-fancybox=\"7445\" href=\"https:\/\/us.edu.pl\/instytut\/isp\/wp-content\/uploads\/sites\/46\/Nieprzypisane\/net-NIELOT-2018-granit-mosia\u0328dz..jpg\" class=\"gallery__item thumbnail\"\r\n                                    style=\"background-image: url(https:\/\/us.edu.pl\/instytut\/isp\/wp-content\/uploads\/sites\/46\/Nieprzypisane\/net-NIELOT-2018-granit-mosia\u0328dz..jpg)\"> <span class=\"d-none\">https:\/\/us.edu.pl\/instytut\/isp\/wp-content\/uploads\/sites\/46\/Nieprzypisane\/net-NIELOT-2018-granit-mosia\u0328dz..jpg<\/span> <\/a><a data-fancybox-group=\"button\" title=\"OPOKA , Granit 2018.\" data-fancybox=\"7445\" href=\"https:\/\/us.edu.pl\/instytut\/isp\/wp-content\/uploads\/sites\/46\/Nieprzypisane\/net-OPOKA-Granit-2018..jpg\" class=\"gallery__item thumbnail\"\r\n                                    style=\"background-image: url(https:\/\/us.edu.pl\/instytut\/isp\/wp-content\/uploads\/sites\/46\/Nieprzypisane\/net-OPOKA-Granit-2018..jpg)\"> <span class=\"d-none\">https:\/\/us.edu.pl\/instytut\/isp\/wp-content\/uploads\/sites\/46\/Nieprzypisane\/net-OPOKA-Granit-2018..jpg<\/span> <\/a><a data-fancybox-group=\"button\" title=\"PEJZARZ DOG\u0141E\u0328BNY , metal drewno2018\" data-fancybox=\"7445\" href=\"https:\/\/us.edu.pl\/instytut\/isp\/wp-content\/uploads\/sites\/46\/Nieprzypisane\/net-PEJZARZ-DOG\u0141E\u0328BNY-metal-drewno2018.jpg\" class=\"gallery__item thumbnail\"\r\n                                    style=\"background-image: url(https:\/\/us.edu.pl\/instytut\/isp\/wp-content\/uploads\/sites\/46\/Nieprzypisane\/net-PEJZARZ-DOG\u0141E\u0328BNY-metal-drewno2018-1024x808.jpg)\"> <span class=\"d-none\">https:\/\/us.edu.pl\/instytut\/isp\/wp-content\/uploads\/sites\/46\/Nieprzypisane\/net-PEJZARZ-DOG\u0141E\u0328BNY-metal-drewno2018.jpg<\/span> <\/a><a data-fancybox-group=\"button\" title=\"Quarantine 2020 aluminium, cynk, mosia\u0328dz\" data-fancybox=\"7445\" href=\"https:\/\/us.edu.pl\/instytut\/isp\/wp-content\/uploads\/sites\/46\/Nieprzypisane\/net-Quarantine-2020-aluminium-cynk-mosia\u0328dz.jpg\" class=\"gallery__item thumbnail\"\r\n                                    style=\"background-image: url(https:\/\/us.edu.pl\/instytut\/isp\/wp-content\/uploads\/sites\/46\/Nieprzypisane\/net-Quarantine-2020-aluminium-cynk-mosia\u0328dz.jpg)\"> <span class=\"d-none\">https:\/\/us.edu.pl\/instytut\/isp\/wp-content\/uploads\/sites\/46\/Nieprzypisane\/net-Quarantine-2020-aluminium-cynk-mosia\u0328dz.jpg<\/span> <\/a><a data-fancybox-group=\"button\" title=\"SERCE 2018, granit,metal .\" data-fancybox=\"7445\" href=\"https:\/\/us.edu.pl\/instytut\/isp\/wp-content\/uploads\/sites\/46\/Nieprzypisane\/net-SERCE-2018-granitmetal-..jpg\" class=\"gallery__item thumbnail\"\r\n                                    style=\"background-image: url(https:\/\/us.edu.pl\/instytut\/isp\/wp-content\/uploads\/sites\/46\/Nieprzypisane\/net-SERCE-2018-granitmetal-..jpg)\"> <span class=\"d-none\">https:\/\/us.edu.pl\/instytut\/isp\/wp-content\/uploads\/sites\/46\/Nieprzypisane\/net-SERCE-2018-granitmetal-..jpg<\/span> <\/a>\r\n                            <\/div>\r\n                    <\/div>\r\n                <\/div>[\/vc_column][\/vc_row]<\/p>","protected":false},"excerpt":{"rendered":"<p>[vc_row][vc_column][\/vc_column][\/vc_row][vc_row][vc_column][\/vc_column][\/vc_row] [&#8230;]<\/p>\n<p><a class=\"btn btn-secondary understrap-read-more-link\" href=\"https:\/\/us.edu.pl\/instytut\/isp\/wykladowcy\/prof-dr-hab-andrzej-szarek\/\">Read More&#8230;<\/a><\/p>\n","protected":false},"author":110,"featured_media":0,"parent":995,"menu_order":0,"comment_status":"closed","ping_status":"closed","template":"","meta":{"_expiration-date-status":"saved","_expiration-date":0,"_expiration-date-type":"","_expiration-date-categories":[],"_expiration-date-options":[]},"acf":[],"_links":{"self":[{"href":"https:\/\/us.edu.pl\/instytut\/isp\/wp-json\/wp\/v2\/pages\/1048"}],"collection":[{"href":"https:\/\/us.edu.pl\/instytut\/isp\/wp-json\/wp\/v2\/pages"}],"about":[{"href":"https:\/\/us.edu.pl\/instytut\/isp\/wp-json\/wp\/v2\/types\/page"}],"author":[{"embeddable":true,"href":"https:\/\/us.edu.pl\/instytut\/isp\/wp-json\/wp\/v2\/users\/110"}],"replies":[{"embeddable":true,"href":"https:\/\/us.edu.pl\/instytut\/isp\/wp-json\/wp\/v2\/comments?post=1048"}],"version-history":[{"count":2,"href":"https:\/\/us.edu.pl\/instytut\/isp\/wp-json\/wp\/v2\/pages\/1048\/revisions"}],"predecessor-version":[{"id":1088,"href":"https:\/\/us.edu.pl\/instytut\/isp\/wp-json\/wp\/v2\/pages\/1048\/revisions\/1088"}],"up":[{"embeddable":true,"href":"https:\/\/us.edu.pl\/instytut\/isp\/wp-json\/wp\/v2\/pages\/995"}],"wp:attachment":[{"href":"https:\/\/us.edu.pl\/instytut\/isp\/wp-json\/wp\/v2\/media?parent=1048"}],"curies":[{"name":"wp","href":"https:\/\/api.w.org\/{rel}","templated":true}]}}